{"id":43,"date":"2009-05-30T21:17:16","date_gmt":"2009-05-31T02:17:16","guid":{"rendered":"http:\/\/blog.espol.edu.ec\/dalvguti\/?page_id=43"},"modified":"2010-08-01T17:28:28","modified_gmt":"2010-08-01T22:28:28","slug":"home","status":"publish","type":"page","link":"https:\/\/blog.espol.edu.ec\/dalvguti\/","title":{"rendered":"PRINCIPAL"},"content":{"rendered":"<p><a href=\"http:\/\/www.blog.espol.edu.ec\/dalvguti\"><img decoding=\"async\" class=\"aligncenter\" src=\"http:\/\/espanolconeduardo.tripod.com\/sitebuildercontent\/sitebuilderpictures\/bienvenido.gif\" alt=\"\" \/><\/a><\/p>\n<p><a href=\"http:\/\/blog.espol.edu.ec\/dalvguti\"><img decoding=\"async\" class=\"aligncenter\" src=\"http:\/\/generadores.subirimagenes.com\/saludadorweb\/saludador.php?saludador=0&amp;mensaje=DG100Programas\" border=\"0\" alt=\"subir imagenes\" \/><\/a><\/p>\n<p>Bienvenid@ a mi blog, soy estudiante de la FIEC mi carrera Ing. en Ciencias Computacionales, especializaci\u00f3n Sistemas Multimedia.<\/p>\n<p>Este blog esta hecho con el fin de aprender y ense\u00f1ar a la vez, es decir mi blog se tratar\u00e1 b\u00e1sicamente sobre tutoriales de muchos temas, yo ense\u00f1o a la vez que aprendo.<\/p>\n<p>Habr\u00e1n varias categorias entre las cuales estar\u00e1n:<\/p>\n<p><a href=\"http:\/\/blog.espol.edu.ec\/dalvguti\/tutoriales\/\"><img decoding=\"async\" src=\"http:\/\/s3.subirimagenes.com:81\/privadas\/previo\/thump_518905633807572560468750.png\" border=\"0\" alt=\"subir imagenes\" \/><\/a><\/p>\n<p><a href=\"http:\/\/blog.espol.edu.ec\/dalvguti\/videos\/\"><img decoding=\"async\" src=\"http:\/\/s3.subirimagenes.com:81\/privadas\/previo\/thump_518907633807573934531250.png\" border=\"0\" alt=\"subir imagenes\" \/><\/a><\/p>\n<p><a href=\"http:\/\/blog.espol.edu.ec\/dalvguti\/programas\/\"><img decoding=\"async\" src=\"http:\/\/s3.subirimagenes.com:81\/privadas\/previo\/thump_518906633807573470156250.png\" border=\"0\" alt=\"subir imagenes\" \/><\/a><\/p>\n<p><a href=\"http:\/\/blog.espol.edu.ec\/dalvguti\/encuesta-de-la-semana\/\"><img decoding=\"async\" src=\"http:\/\/s3.subirimagenes.com:81\/privadas\/previo\/thump_518908633807574276875000.png\" border=\"0\" alt=\"subir imagenes\" \/><\/a><\/p>\n<p><a href=\"http:\/\/blog.espol.edu.ec\/dalvguti\/entretenimiento\/\"><img decoding=\"async\" src=\"http:\/\/s3.subirimagenes.com:81\/privadas\/previo\/thump_518909633807574702187500.png\" border=\"0\" alt=\"subir imagenes\" \/><\/a><\/p>\n<p>Espero se sientan a gusto en mi blog y que comenten, a medida que pase el tiempo ir\u00e9 a\u00f1adiendo m\u00e1s entradas y m\u00e1s categorias.<\/p>\n<p>A donde ir ahora?<br \/>\n<a href=\"http:\/\/www.gif-animados.net\/gifs\/flechas2.gif\"><img loading=\"lazy\" decoding=\"async\" class=\"alignleft\" style=\"border: 0pt none\" src=\"http:\/\/www.gif-animados.net\/gifs\/flechas2.gif\" border=\"0\" alt=\"subir imagenes\" width=\"41\" height=\"81\" \/><\/a><\/p>\n<p style=\"text-align: justify\"><span style=\"color: #0000ff\">Del lado superior derecho se encuentra en mapa del sitio en donde estan todas las p\u00e1ginas que tiene este blog, para acceder da click en el que desees<\/span><\/p>\n<p style=\"text-align: center\"><a href=\"http:\/\/www.gif-animados.net\/gifs\/ract2.gif\"><img loading=\"lazy\" decoding=\"async\" class=\"aligncenter\" style=\"border: 0pt none\" src=\"http:\/\/www.gif-animados.net\/gifs\/ract2.gif\" border=\"0\" alt=\"subir imagenes\" width=\"167\" height=\"53\" \/><\/a><\/p>\n<h2><strong><span style=\"color: #ff0000\">Este chat solo esta disponible en esta pagina principal.<\/span><\/strong><\/h2>\n<p><object classid=\"clsid:d27cdb6e-ae6d-11cf-96b8-444553540000\" width=\"540\" height=\"405\"><param name=\"data\" value=\"http:\/\/www.xatech.com\/web_gear\/chat\/chat.swf\" \/><param name=\"name\" value=\"chat\" \/><param name=\"align\" value=\"middle\" \/><param name=\"flashvars\" value=\"id=60922202\" \/><param name=\"src\" value=\"http:\/\/www.xatech.com\/web_gear\/chat\/chat.swf\" \/><param name=\"quality\" value=\"high\" \/><embed type=\"application\/x-shockwave-flash\" width=\"540\" height=\"405\" src=\"http:\/\/www.xatech.com\/web_gear\/chat\/chat.swf\" flashvars=\"id=60922202\"><\/embed><\/object><\/p>\n<h1 style=\"text-align: center\"><span style=\"color: #ff6600\">DEJA TU COMENTARIO ABAJO<\/span><\/h1>\n<p style=\"text-align: center\"><a href=\"www.blog.espol.edu.ec\/dalvguti\"><img decoding=\"async\" class=\"aligncenter\" src=\"http:\/\/i184.photobucket.com\/albums\/x79\/pixvirtual\/im\/142\/ok.gif\" border=\"0\" alt=\"\" \/><\/a><\/p>\n","protected":false},"excerpt":{"rendered":"<p>Bienvenid@ a mi blog, soy estudiante de la FIEC mi carrera Ing. en Ciencias Computacionales, especializaci\u00f3n Sistemas Multimedia. Este blog esta hecho con el fin de aprender y ense\u00f1ar a la vez, es decir mi blog se tratar\u00e1 b\u00e1sicamente sobre tutoriales de muchos temas, yo ense\u00f1o a la vez que aprendo. Habr\u00e1n varias categorias entre [&hellip;]<\/p>\n","protected":false},"author":1636,"featured_media":0,"parent":0,"menu_order":0,"comment_status":"open","ping_status":"open","template":"","meta":{"footnotes":""},"class_list":["post-43","page","type-page","status-publish","hentry"],"_links":{"self":[{"href":"https:\/\/blog.espol.edu.ec\/dalvguti\/wp-json\/wp\/v2\/pages\/43","targetHints":{"allow":["GET"]}}],"collection":[{"href":"https:\/\/blog.espol.edu.ec\/dalvguti\/wp-json\/wp\/v2\/pages"}],"about":[{"href":"https:\/\/blog.espol.edu.ec\/dalvguti\/wp-json\/wp\/v2\/types\/page"}],"author":[{"embeddable":true,"href":"https:\/\/blog.espol.edu.ec\/dalvguti\/wp-json\/wp\/v2\/users\/1636"}],"replies":[{"embeddable":true,"href":"https:\/\/blog.espol.edu.ec\/dalvguti\/wp-json\/wp\/v2\/comments?post=43"}],"version-history":[{"count":24,"href":"https:\/\/blog.espol.edu.ec\/dalvguti\/wp-json\/wp\/v2\/pages\/43\/revisions"}],"predecessor-version":[{"id":279,"href":"https:\/\/blog.espol.edu.ec\/dalvguti\/wp-json\/wp\/v2\/pages\/43\/revisions\/279"}],"wp:attachment":[{"href":"https:\/\/blog.espol.edu.ec\/dalvguti\/wp-json\/wp\/v2\/media?parent=43"}],"curies":[{"name":"wp","href":"https:\/\/api.w.org\/{rel}","templated":true}]}}