{"id":26,"date":"2012-01-24T14:56:00","date_gmt":"2012-01-24T19:56:00","guid":{"rendered":"http:\/\/blog.espol.edu.ec\/damaland\/?page_id=26"},"modified":"2012-01-24T14:58:43","modified_gmt":"2012-01-24T19:58:43","slug":"animales","status":"publish","type":"page","link":"https:\/\/blog.espol.edu.ec\/damaland\/animales\/","title":{"rendered":"PANDA Y KOALA"},"content":{"rendered":"<p>EL OSO PANDA<\/p>\n<p><a href=\"http:\/\/blog.espol.edu.ec\/damaland\/files\/2012\/01\/Especie-en-peligro-de-extinci\u00f3n.jpg\"><img loading=\"lazy\" decoding=\"async\" class=\"aligncenter size-medium wp-image-27\" src=\"http:\/\/blog.espol.edu.ec\/damaland\/files\/2012\/01\/Especie-en-peligro-de-extinci\u00f3n-300x239.jpg\" alt=\"\" width=\"300\" height=\"239\" srcset=\"https:\/\/blog.espol.edu.ec\/damaland\/files\/2012\/01\/Especie-en-peligro-de-extinci\u00f3n-300x239.jpg 300w, https:\/\/blog.espol.edu.ec\/damaland\/files\/2012\/01\/Especie-en-peligro-de-extinci\u00f3n.jpg 400w\" sizes=\"auto, (max-width: 300px) 100vw, 300px\" \/><\/a><\/p>\n<p>El oso panda o panda gigante (Ailuropoda melanoleuca) es una especie de mam\u00edfero del orden Carnivora y, aunque hay una gran controversia al respecto, los \u00faltimos estudios de su ADN lo engloban entre los miembros de la familia de los osos (Ursidae), siendo el oso de anteojos su pariente m\u00e1s cercano, si bien este pertenece a la subfamilia de los tremarctinos. Por otro lado, el panda rojo pertenece a una familia propia e independiente; Ailuridae. Nativo de China central, el panda gigante habita en regiones monta\u00f1osas como Sichuan y el T\u00edbet, hasta una altura de 3500 msnm.<\/p>\n<p>Est\u00e1 en peligro de extinci\u00f3n; la especie est\u00e1 muy localizada. Con 1600 viviendo en las selvas y 188 en cautiverio (estad\u00edsticas 2004 - 2005), reportes demuestran que la cifra de pandas viviendo en libertad va en aumento.2 El oso panda es el s\u00edmbolo de WWF (Fondo mundial para la protecci\u00f3n de la naturaleza) desde 1961.<\/p>\n<p>El principal alimento del panda es el bamb\u00fa (en torno al 99% de su dieta), aunque tambi\u00e9n se alimenta de frutos, peque\u00f1os mam\u00edferos, peces, e insectos.3 Es un buen trepador, aunque rara vez se le ve en los \u00e1rboles. Se adapta a la cautividad y gracias a su pelaje soporta f\u00e1cilmente las condiciones invernales de su h\u00e1bitat.<\/p>\n<p>&nbsp;<iframe loading=\"lazy\" width=\"420\" height=\"315\" src=\"http:\/\/www.youtube.com\/embed\/KnVcfeduK5U\" frameborder=\"0\" allowfullscreen><\/iframe><\/p>\n<p>EL KOALA<br \/>\nEl koala (o, menos frecuente, coala) (Phascolarctos cinereus) es una especie de marsupial diprotodonto de la familia Phascolarctidae, arbor\u00edcola cuyo aspecto recuerda al de un oso de peluche, con h\u00e1bitos tranquilos, parecidos a los de un perezoso.<br \/>\nEl koala alcanza una longitud corporal de 76 cm; el cuerpo es rechoncho y est\u00e1 cubierto de pelo suave y de color marr\u00f3n gris\u00e1ceo. La cabeza es grande y redonda, y tiene unas orejas peludas, grandes y redondeadas.<br \/>\nLas poblaciones de koalas s\u00f3lo pueden extenderse si se encuentran en el h\u00e1bitat adecuado. Este incluir\u00eda los \u00e1rboles preferidos por los koalas (principalmente eucaliptos, pero tambi\u00e9n otros), que deben crecer asociados en cierto modo sobre un suelo adecuado, adem\u00e1s de suficientes precipitaciones. Adem\u00e1s, debe haber otros koalas viviendo en las proximidades.<br \/>\n<iframe loading=\"lazy\" width=\"420\" height=\"315\" src=\"http:\/\/www.youtube.com\/embed\/SmKKLy3T0UI\" frameborder=\"0\" allowfullscreen><\/iframe><\/p>\n","protected":false},"excerpt":{"rendered":"<p>EL OSO PANDA El oso panda o panda gigante (Ailuropoda melanoleuca) es una especie de mam\u00edfero del orden Carnivora y, aunque hay una gran controversia al respecto, los \u00faltimos estudios de su ADN lo engloban entre los miembros de la familia de los osos (Ursidae), siendo el oso de anteojos su pariente m\u00e1s cercano, si [&hellip;]<\/p>\n","protected":false},"author":7145,"featured_media":0,"parent":0,"menu_order":0,"comment_status":"open","ping_status":"open","template":"","meta":{"footnotes":""},"class_list":["post-26","page","type-page","status-publish","hentry"],"_links":{"self":[{"href":"https:\/\/blog.espol.edu.ec\/damaland\/wp-json\/wp\/v2\/pages\/26","targetHints":{"allow":["GET"]}}],"collection":[{"href":"https:\/\/blog.espol.edu.ec\/damaland\/wp-json\/wp\/v2\/pages"}],"about":[{"href":"https:\/\/blog.espol.edu.ec\/damaland\/wp-json\/wp\/v2\/types\/page"}],"author":[{"embeddable":true,"href":"https:\/\/blog.espol.edu.ec\/damaland\/wp-json\/wp\/v2\/users\/7145"}],"replies":[{"embeddable":true,"href":"https:\/\/blog.espol.edu.ec\/damaland\/wp-json\/wp\/v2\/comments?post=26"}],"version-history":[{"count":2,"href":"https:\/\/blog.espol.edu.ec\/damaland\/wp-json\/wp\/v2\/pages\/26\/revisions"}],"predecessor-version":[{"id":31,"href":"https:\/\/blog.espol.edu.ec\/damaland\/wp-json\/wp\/v2\/pages\/26\/revisions\/31"}],"wp:attachment":[{"href":"https:\/\/blog.espol.edu.ec\/damaland\/wp-json\/wp\/v2\/media?parent=26"}],"curies":[{"name":"wp","href":"https:\/\/api.w.org\/{rel}","templated":true}]}}