{"id":39,"date":"2012-01-24T18:09:48","date_gmt":"2012-01-24T23:09:48","guid":{"rendered":"http:\/\/blog.espol.edu.ec\/damaland\/?page_id=39"},"modified":"2012-01-25T13:31:09","modified_gmt":"2012-01-25T18:31:09","slug":"gorila-y-condor","status":"publish","type":"page","link":"https:\/\/blog.espol.edu.ec\/damaland\/gorila-y-condor\/","title":{"rendered":"GORILA Y CONDOR"},"content":{"rendered":"<p>GORILA<br \/>\nLos gorilas son un g\u00e9nero en peligro de extinci\u00f3n, y sus especies han sido blanco de cazadores furtivos durante mucho tiempo. Las amenazas a la supervivencia de los gorilas incluyen la destrucci\u00f3n de su h\u00e1bitat y la cacer\u00eda. Esta \u00faltima se ha incrementado con los conflictos armados en los pa\u00edses en que habita, y un creciente inter\u00e9s en zonas afluentes por las \u00abcarnes ex\u00f3ticas\u00bb.<br \/>\n<a href=\"http:\/\/blog.espol.edu.ec\/damaland\/files\/2012\/01\/images-2.jpg\"><img loading=\"lazy\" decoding=\"async\" class=\"aligncenter size-full wp-image-40\" src=\"http:\/\/blog.espol.edu.ec\/damaland\/files\/2012\/01\/images-2.jpg\" alt=\"\" width=\"254\" height=\"198\" \/><\/a><\/p>\n<p>Los gorilas se desplazan generalmente a cuatro patas. Sus extremidades anteriores son m\u00e1s alargadas que las posteriores y se asemejan a brazos, aunque son utilizadas tambi\u00e9n como punto de apoyo al caminar. Los machos miden entre 1,65 y 1,75 m de altura, y pesan entre 140 y 200 kg. Las hembras pesan aproximadamente la mitad que los machos. Aun as\u00ed, un gorila obeso en cautividad ha alcanzado los 270 kg. La estructura facial del gorila se conoce como de \u00abmand\u00edbula protuberante\u00bb, pues la mand\u00edbula es mucho mayor que el maxilar.<br \/>\nla vida sexual de los gorilas essimilar a las de los humanos porque porcrean un solo hijo u orangutang.<br \/>\n<a href=\"http:\/\/blog.espol.edu.ec\/damaland\/files\/2012\/01\/images1.jpg\"><img loading=\"lazy\" decoding=\"async\" class=\"aligncenter size-full wp-image-41\" src=\"http:\/\/blog.espol.edu.ec\/damaland\/files\/2012\/01\/images1.jpg\" alt=\"\" width=\"259\" height=\"194\" \/><\/a>Este es el animal que mas se aseneja al hombre.<br \/>\n<iframe loading=\"lazy\" width=\"420\" height=\"315\" src=\"http:\/\/www.youtube.com\/embed\/uEwtZ2KngSs\" frameborder=\"0\" allowfullscreen><\/iframe><br \/>\n EL CONDOR<br \/>\nCondor<br \/>\nVultur gryphus, llamado com\u00fanmente c\u00f3ndor andino, c\u00f3ndor de los Andes, o simplemente c\u00f3ndor (del quechua kuntur) es una especie de la familia Cathartidae del orden de aves accipitriformes. Habita en Sudam\u00e9rica, en la cordillera de los Andes, cordilleras pr\u00f3ximas a ella, sierras del centro de la Argentina, y en las costas adyacentes de los oc\u00e9anos Pac\u00edfico y Atl\u00e1ntico. Es el ave no marina de mayor envergadura del Planeta..<br \/>\n<a href=\"http:\/\/blog.espol.edu.ec\/damaland\/files\/2012\/01\/THG.jpg\"><img loading=\"lazy\" decoding=\"async\" src=\"http:\/\/blog.espol.edu.ec\/damaland\/files\/2012\/01\/THG.jpg\" alt=\"\" width=\"267\" height=\"189\" class=\"aligncenter size-full wp-image-43\" \/><\/a><br \/>\nEs un ave grande y negra, con plumas blancas alrededor del cuello y en partes de las alas. La cabeza carece de plumas y es de color rojo, pudiendo cambiar de tonalidad de acuerdo al estado emocional del ave. A diferencia de la mayor parte de las aves de presa, el macho es mayor que la hembra.<br \/>\n<a href=\"http:\/\/blog.espol.edu.ec\/damaland\/files\/2012\/01\/images-5.jpg\"><img loading=\"lazy\" decoding=\"async\" src=\"http:\/\/blog.espol.edu.ec\/damaland\/files\/2012\/01\/images-5.jpg\" alt=\"\" width=\"257\" height=\"196\" class=\"aligncenter size-full wp-image-42\" \/><\/a><br \/>\nEs un ave carro\u00f1era. Alcanza la madurez sexual a los 5 o 6 a\u00f1os y anida entre los 1000 y 5000 msnm, generalmente en formaciones rocosas inaccesibles. Posee una tasa de reproducci\u00f3n muy baja y se espera que al menos ponga un huevo cada dos a\u00f1os. Es una de las aves m\u00e1s longevas, pudiendo alcanzar la edad de 50 a\u00f1os.<br \/>\n<iframe loading=\"lazy\" width=\"420\" height=\"315\" src=\"http:\/\/www.youtube.com\/embed\/Azu9Lawt2i8\" frameborder=\"0\" allowfullscreen><\/iframe><\/p>\n","protected":false},"excerpt":{"rendered":"<p>GORILA Los gorilas son un g\u00e9nero en peligro de extinci\u00f3n, y sus especies han sido blanco de cazadores furtivos durante mucho tiempo. Las amenazas a la supervivencia de los gorilas incluyen la destrucci\u00f3n de su h\u00e1bitat y la cacer\u00eda. Esta \u00faltima se ha incrementado con los conflictos armados en los pa\u00edses en que habita, y [&hellip;]<\/p>\n","protected":false},"author":7145,"featured_media":0,"parent":0,"menu_order":0,"comment_status":"open","ping_status":"open","template":"","meta":{"footnotes":""},"class_list":["post-39","page","type-page","status-publish","hentry"],"_links":{"self":[{"href":"https:\/\/blog.espol.edu.ec\/damaland\/wp-json\/wp\/v2\/pages\/39","targetHints":{"allow":["GET"]}}],"collection":[{"href":"https:\/\/blog.espol.edu.ec\/damaland\/wp-json\/wp\/v2\/pages"}],"about":[{"href":"https:\/\/blog.espol.edu.ec\/damaland\/wp-json\/wp\/v2\/types\/page"}],"author":[{"embeddable":true,"href":"https:\/\/blog.espol.edu.ec\/damaland\/wp-json\/wp\/v2\/users\/7145"}],"replies":[{"embeddable":true,"href":"https:\/\/blog.espol.edu.ec\/damaland\/wp-json\/wp\/v2\/comments?post=39"}],"version-history":[{"count":2,"href":"https:\/\/blog.espol.edu.ec\/damaland\/wp-json\/wp\/v2\/pages\/39\/revisions"}],"predecessor-version":[{"id":58,"href":"https:\/\/blog.espol.edu.ec\/damaland\/wp-json\/wp\/v2\/pages\/39\/revisions\/58"}],"wp:attachment":[{"href":"https:\/\/blog.espol.edu.ec\/damaland\/wp-json\/wp\/v2\/media?parent=39"}],"curies":[{"name":"wp","href":"https:\/\/api.w.org\/{rel}","templated":true}]}}