{"id":47,"date":"2012-01-24T18:21:40","date_gmt":"2012-01-24T23:21:40","guid":{"rendered":"http:\/\/blog.espol.edu.ec\/damaland\/?page_id=47"},"modified":"2012-01-24T18:21:40","modified_gmt":"2012-01-24T23:21:40","slug":"tigre-blanco-y-lince","status":"publish","type":"page","link":"https:\/\/blog.espol.edu.ec\/damaland\/tigre-blanco-y-lince\/","title":{"rendered":"TIGRE BLANCO Y LINCE"},"content":{"rendered":"<p>TIGRES BLANCOS<br \/>\nLos tigres blancos son espec\u00edmenes individuales del tigre ordinario (Panthera tigris)  con una condici\u00f3n gen\u00e9tica que casi elimina el pigmento en la piel normalmente naranja, aunque las rayas negras no se ven afectadas. Esto ocurre cuando un tigre hereda dos copias del gen recesivo  para la coloraci\u00f3n p\u00e1lida: nariz rosa, ojos color azul hielo, y piel de color blanca crema con rayas negras, grises o de color chocolate (Existe otra condici\u00f3n gen\u00e9tica que tambi\u00e9n produce rayas p\u00e1lidas; los tigres de este tipo son llamados \u00abblancanieves\u00bb).<br \/>\n<a href=\"http:\/\/blog.espol.edu.ec\/damaland\/files\/2012\/01\/250px-White_Tiger.jpg\"><img loading=\"lazy\" decoding=\"async\" src=\"http:\/\/blog.espol.edu.ec\/damaland\/files\/2012\/01\/250px-White_Tiger.jpg\" alt=\"\" width=\"250\" height=\"157\" class=\"aligncenter size-full wp-image-48\" \/><\/a><br \/>\nLos tigres blancos no constituyen una subespecie separada y son f\u00e9rtiles con los tigres naranjas, aunque todas las cr\u00edas resultantes ser\u00e1n heterocigotos por el gen recesivo, y su piel ser\u00e1 naranja. La \u00fanica excepci\u00f3n ser\u00eda si el progenitor naranja fuese tambi\u00e9n un tigre heterocigoto con gen recesivo para coloraci\u00f3n p\u00e1lida, lo que le dar\u00eda un 50% de posibilidades de ser doblemente recesivo para blanco o heterocigoto para naranja.<br \/>\n<a href=\"http:\/\/blog.espol.edu.ec\/damaland\/files\/2012\/01\/imagesG.jpg\"><img loading=\"lazy\" decoding=\"async\" src=\"http:\/\/blog.espol.edu.ec\/damaland\/files\/2012\/01\/imagesG.jpg\" alt=\"\" width=\"266\" height=\"189\" class=\"aligncenter size-full wp-image-49\" \/><\/a><br \/>\nLa alimentaci\u00f3n del tigre blanco consiste de mam\u00edferos grandes; como ciervos, cerdos salvajes , vacas y otros. En tiempo de escasez come todo animal que encuentre; desde lagartijas, ranas e insectos hasta monos y elefantes j\u00f3venes y algunas serpientes. Se le registra de tambi\u00e9n comer aves, peces, y otros f\u00e9lidos, c\u00e1nidos y hasta osos.<br \/>\n<iframe loading=\"lazy\" width=\"420\" height=\"315\" src=\"http:\/\/www.youtube.com\/embed\/ZFVfB4Tnf-M\" frameborder=\"0\" allowfullscreen><\/iframe><br \/>\nLynx es un g\u00e9nero de mam\u00edferos carn\u00edvoros de la familia Felidae vulgarmente conocidos como linces. Se conocen cuatro especies caracterizadas por su tama\u00f1o medio, fuertes patas, largas orejas, cola corta y cuerpo m\u00e1s o menos moteado.<br \/>\nLINCE<br \/>\nTodas las especies habitan exclusivamente en el Hemisferio Norte, en Eurasia y Norteam\u00e9rica (de donde parecen ser originarios). El llamado lince africano (Caracal caracal), que habita en \u00c1frica y gran parte de Asia Central y Occidental, es en realidad un felino escasamente emparentado que guarda algunas semejanzas externas con los representantes del g\u00e9nero Lynx fruto de la convergencia evolutiva, como son su cola, excepcionalmente corta (poco m\u00e1s que un simple mu\u00f1\u00f3n), y sus grandes orejas, coronadas por largos penachos de pelo negro en la punta que sirven para incrementar su ya de por s\u00ed gran audici\u00f3n. Tambi\u00e9n existen unos caracter\u00edsticos mechones de pelo largo en las mejillas.<br \/>\n<a href=\"http:\/\/blog.espol.edu.ec\/damaland\/files\/2012\/01\/AW.jpg\"><img loading=\"lazy\" decoding=\"async\" src=\"http:\/\/blog.espol.edu.ec\/damaland\/files\/2012\/01\/AW.jpg\" alt=\"\" width=\"289\" height=\"174\" class=\"aligncenter size-full wp-image-50\" \/><\/a><br \/>\nEl pelaje posee diferentes tonalidades seg\u00fan la especie y la subespecie de la que se trate. Los linces canadiense y euroasi\u00e1tico oscilan entre el pardo y el amarillento, desarrollando un pelaje m\u00e1s largo y gris\u00e1ceo en invierno. El lince ib\u00e9rico es de color pardo mientras que el lince rojo, como su nombre indica, posee un manto pardo - rojizo. Las cuatro especies poseen manchas y rayas cuya densidad var\u00eda seg\u00fan los individuos. Por lo general, los animales m\u00e1s intensamente moteados son los que viven m\u00e1s al sur. La especie m\u00e1s grande es la euroasi\u00e1tica, que puede llegar a alcanzar los 30 kg de peso, y la m\u00e1s peque\u00f1a la ib\u00e9rica, que raramente llega a los 20 kg<br \/>\n<a href=\"http:\/\/blog.espol.edu.ec\/damaland\/files\/2012\/01\/TDF.jpg\"><img loading=\"lazy\" decoding=\"async\" src=\"http:\/\/blog.espol.edu.ec\/damaland\/files\/2012\/01\/TDF.jpg\" alt=\"\" width=\"259\" height=\"194\" class=\"aligncenter size-full wp-image-51\" \/><\/a><br \/>\nSe trata de animales preferentemente forestales. El lince ib\u00e9rico habita en bosques de tipo mediterr\u00e1neo, mientras que el euroasi\u00e1tico y el canadiense alternan los de con\u00edferas y hoja caduca. Tambi\u00e9n pueden habitar en zonas m\u00e1s despejadas, como la tundra. El lince rojo es com\u00fan tanto en bosques como en las grandes llanuras y \u00e1reas de matorral del centro y oeste de Norteam\u00e9rica. Las presas m\u00e1s comunes son los lagomorfos y roedores de cierto tama\u00f1o, a las que se a\u00f1aden de forma m\u00e1s ocasional aves y ungulados de peque\u00f1o tama\u00f1o, como corzos y cr\u00edas de ciervos y muflones. Los peque\u00f1os carn\u00edvoros, entre los que se incluye el gato mont\u00e9s, tampoco escapan a su depredaci\u00f3n.<br \/>\n[editar] Estado de conservaci\u00f3n<br \/>\n<iframe loading=\"lazy\" width=\"420\" height=\"315\" src=\"http:\/\/www.youtube.com\/embed\/Ztzq6zaeb0o\" frameborder=\"0\" allowfullscreen><\/iframe><\/p>\n","protected":false},"excerpt":{"rendered":"<p>TIGRES BLANCOS Los tigres blancos son espec\u00edmenes individuales del tigre ordinario (Panthera tigris) con una condici\u00f3n gen\u00e9tica que casi elimina el pigmento en la piel normalmente naranja, aunque las rayas negras no se ven afectadas. Esto ocurre cuando un tigre hereda dos copias del gen recesivo para la coloraci\u00f3n p\u00e1lida: nariz rosa, ojos color azul [&hellip;]<\/p>\n","protected":false},"author":7145,"featured_media":0,"parent":0,"menu_order":0,"comment_status":"open","ping_status":"open","template":"","meta":{"footnotes":""},"class_list":["post-47","page","type-page","status-publish","hentry"],"_links":{"self":[{"href":"https:\/\/blog.espol.edu.ec\/damaland\/wp-json\/wp\/v2\/pages\/47","targetHints":{"allow":["GET"]}}],"collection":[{"href":"https:\/\/blog.espol.edu.ec\/damaland\/wp-json\/wp\/v2\/pages"}],"about":[{"href":"https:\/\/blog.espol.edu.ec\/damaland\/wp-json\/wp\/v2\/types\/page"}],"author":[{"embeddable":true,"href":"https:\/\/blog.espol.edu.ec\/damaland\/wp-json\/wp\/v2\/users\/7145"}],"replies":[{"embeddable":true,"href":"https:\/\/blog.espol.edu.ec\/damaland\/wp-json\/wp\/v2\/comments?post=47"}],"version-history":[{"count":1,"href":"https:\/\/blog.espol.edu.ec\/damaland\/wp-json\/wp\/v2\/pages\/47\/revisions"}],"predecessor-version":[{"id":52,"href":"https:\/\/blog.espol.edu.ec\/damaland\/wp-json\/wp\/v2\/pages\/47\/revisions\/52"}],"wp:attachment":[{"href":"https:\/\/blog.espol.edu.ec\/damaland\/wp-json\/wp\/v2\/media?parent=47"}],"curies":[{"name":"wp","href":"https:\/\/api.w.org\/{rel}","templated":true}]}}