{"id":2,"date":"2013-11-04T20:43:09","date_gmt":"2013-11-05T01:43:09","guid":{"rendered":"http:\/\/blog.espol.edu.ec\/danadiaz\/?page_id=2"},"modified":"2013-11-17T13:48:03","modified_gmt":"2013-11-17T18:48:03","slug":"inicio","status":"publish","type":"page","link":"https:\/\/blog.espol.edu.ec\/danadiaz\/","title":{"rendered":"Inicio"},"content":{"rendered":"<p><a href=\"http:\/\/blog.espol.edu.ec\/danadiaz\/files\/2013\/11\/minecraftworld-955075.jpeg\"><img loading=\"lazy\" decoding=\"async\" class=\"alignnone size-large wp-image-32\" alt=\"imagen principal\" src=\"http:\/\/blog.espol.edu.ec\/danadiaz\/files\/2013\/11\/minecraftworld-955075-1024x576.jpeg\" width=\"1024\" height=\"576\" srcset=\"https:\/\/blog.espol.edu.ec\/danadiaz\/files\/2013\/11\/minecraftworld-955075-1024x576.jpeg 1024w, https:\/\/blog.espol.edu.ec\/danadiaz\/files\/2013\/11\/minecraftworld-955075-300x168.jpeg 300w, https:\/\/blog.espol.edu.ec\/danadiaz\/files\/2013\/11\/minecraftworld-955075.jpeg 1920w\" sizes=\"auto, (max-width: 1024px) 100vw, 1024px\" \/><\/a>En esta imagen se puede ver un fragmento del mundo de Minecraft<\/p>\n<p>El objetivo principal del blog es desarollar temas relacionados a Minecraft, incluyendo los diferentes elementos que lo componen y su desarollo, ademas de mencionar maneras creativas de usarlos y de aplicarlos en otros elementos de minecraft,.<\/p>\n<p>Principalmente voy a tratar temas sobre las modificaciones no oficiales de minecraft FTB (feed the beast) la versi\u00f3n Unleashed 1.1.6 \u00a0y tambi\u00e9n la versi\u00f3n no oficial de technic, tekkit lite, sin embargo cabe recalcar que estas versiones son aumentos a la versi\u00f3n cl\u00e1sica ya existente y que es muy probable que la informaci\u00f3n revisada aqu\u00ed sea \u00fatil para aquellos que prefieren la versi\u00f3n cl\u00e1sica de minecraft de todos modos tengo pensado especificar en la entrada al respecto de la disponibilidad de los bloques o entidades en cada uno de los paquetes de modificaciones populares que conozco y si estos est\u00e1n incluidos en las versiones cl\u00e1sicas.<\/p>\n","protected":false},"excerpt":{"rendered":"<p>En esta imagen se puede ver un fragmento del mundo de Minecraft El objetivo principal del blog es desarollar temas relacionados a Minecraft, incluyendo los diferentes elementos que lo componen y su desarollo, ademas de mencionar maneras creativas de usarlos y de aplicarlos en otros elementos de minecraft,. Principalmente voy a tratar temas sobre las &hellip; <\/p>\n<p><a class=\"more-link btn\" href=\"https:\/\/blog.espol.edu.ec\/danadiaz\/\">Seguir leyendo<\/a><\/p>\n","protected":false},"author":8814,"featured_media":0,"parent":0,"menu_order":0,"comment_status":"open","ping_status":"closed","template":"","meta":{"footnotes":""},"class_list":["post-2","page","type-page","status-publish","hentry","nodate","item-wrap"],"_links":{"self":[{"href":"https:\/\/blog.espol.edu.ec\/danadiaz\/wp-json\/wp\/v2\/pages\/2","targetHints":{"allow":["GET"]}}],"collection":[{"href":"https:\/\/blog.espol.edu.ec\/danadiaz\/wp-json\/wp\/v2\/pages"}],"about":[{"href":"https:\/\/blog.espol.edu.ec\/danadiaz\/wp-json\/wp\/v2\/types\/page"}],"author":[{"embeddable":true,"href":"https:\/\/blog.espol.edu.ec\/danadiaz\/wp-json\/wp\/v2\/users\/8814"}],"replies":[{"embeddable":true,"href":"https:\/\/blog.espol.edu.ec\/danadiaz\/wp-json\/wp\/v2\/comments?post=2"}],"version-history":[{"count":8,"href":"https:\/\/blog.espol.edu.ec\/danadiaz\/wp-json\/wp\/v2\/pages\/2\/revisions"}],"predecessor-version":[{"id":87,"href":"https:\/\/blog.espol.edu.ec\/danadiaz\/wp-json\/wp\/v2\/pages\/2\/revisions\/87"}],"wp:attachment":[{"href":"https:\/\/blog.espol.edu.ec\/danadiaz\/wp-json\/wp\/v2\/media?parent=2"}],"curies":[{"name":"wp","href":"https:\/\/api.w.org\/{rel}","templated":true}]}}