{"id":26,"date":"2016-10-26T14:55:08","date_gmt":"2016-10-26T14:55:08","guid":{"rendered":"http:\/\/blog.espol.edu.ec\/danielgarcia\/?page_id=26"},"modified":"2016-10-26T14:55:08","modified_gmt":"2016-10-26T14:55:08","slug":"origen-del-futbol","status":"publish","type":"page","link":"https:\/\/blog.espol.edu.ec\/danielgarcia\/origen-del-futbol\/","title":{"rendered":"Origen del f\u00fatbol"},"content":{"rendered":"<p>A finales de la Edad Media y siglos posteriores se desarrollaron en las islas brit\u00e1nicas y zonas aleda\u00f1as distintos juegos de equipo, a los cuales se los conoc\u00eda como c\u00f3digos de f\u00fatbol. Estos c\u00f3digos se fueron unificando con el paso del tiempo, pero fue en la segunda mitad del siglo XVII cuando se dieron las primeras grandes unificaciones del f\u00fatbol, las cuales dieron origen al f\u00fatbol de rugby, al f\u00fatbol americano, al f\u00fatbol australiano, etc., y al deporte que hoy se conoce en gran parte del mundo como f\u00fatbol a secas.<br \/>\nEn otras zonas del mundo tambi\u00e9n se practicaban juegos en los que una pelota era impulsada con los pies. Entre ellas pueden mencionarse las Reducciones Jesu\u00edticas de la zona guaran\u00ed, m\u00e1s espec\u00edficamente en la de San Ignacio Min\u00ed en el siglo XVII, en la regi\u00f3n que ahora se conoce como Misiones. El jesuita espa\u00f1ol Jos\u00e9 Manuel Peram\u00e1s escribi\u00f3 en su libro De vita et moribus tredecim virorum paraguaycorum: \u00abSol\u00edan tambi\u00e9n jugar con un bal\u00f3n, que, a\u00fan siendo de goma llena, era tan ligero y r\u00e1pido que, cada vez que lo golpeaban, segu\u00eda rebotando alg\u00fan tiempo, sin pararse, impulsado por su propio peso. No lanzaban la pelota con la mano, como nosotros, sino con la parte superior del pie desnudo, pas\u00e1ndola y recibi\u00e9ndola con gran agilidad y precisi\u00f3n\u00bb.<br \/>\nLos primeros c\u00f3digos brit\u00e1nicos se caracterizaban por tener pocas reglas y por su extrema violencia. Uno de los m\u00e1s populares fue el f\u00fatbol de carnaval. Por dicha raz\u00f3n el f\u00fatbol de carnaval fue prohibido en Inglaterra por decreto del rey Eduardo III y permaneci\u00f3 prohibido durante 500 a\u00f1os. El f\u00fatbol de carnaval no fue el \u00fanico c\u00f3digo de la \u00e9poca; de hecho existieron otros c\u00f3digos m\u00e1s organizados, menos violentos e incluso que se desarrollaron fuera de las islas brit\u00e1nicas. Uno de los juegos m\u00e1s conocidos fue el calcio florentino, originario de la ciudad de Florencia, Italia. Este deporte influenci\u00f3 en varios aspectos al f\u00fatbol actual, no s\u00f3lo por sus reglas, sino tambi\u00e9n por el ambiente de fiesta en que se jugaban estos encuentros.<\/p>\n","protected":false},"excerpt":{"rendered":"<p>A finales de la Edad Media y siglos posteriores se desarrollaron en las islas brit\u00e1nicas y zonas aleda\u00f1as distintos juegos de equipo, a los cuales se los conoc\u00eda como c\u00f3digos de f\u00fatbol. Estos c\u00f3digos se fueron unificando con el paso del tiempo, pero fue en la segunda mitad del siglo XVII cuando se dieron las [&hellip;]<\/p>\n","protected":false},"author":10615,"featured_media":0,"parent":0,"menu_order":0,"comment_status":"closed","ping_status":"closed","template":"","meta":{"footnotes":""},"class_list":["post-26","page","type-page","status-publish","hentry"],"_links":{"self":[{"href":"https:\/\/blog.espol.edu.ec\/danielgarcia\/wp-json\/wp\/v2\/pages\/26","targetHints":{"allow":["GET"]}}],"collection":[{"href":"https:\/\/blog.espol.edu.ec\/danielgarcia\/wp-json\/wp\/v2\/pages"}],"about":[{"href":"https:\/\/blog.espol.edu.ec\/danielgarcia\/wp-json\/wp\/v2\/types\/page"}],"author":[{"embeddable":true,"href":"https:\/\/blog.espol.edu.ec\/danielgarcia\/wp-json\/wp\/v2\/users\/10615"}],"replies":[{"embeddable":true,"href":"https:\/\/blog.espol.edu.ec\/danielgarcia\/wp-json\/wp\/v2\/comments?post=26"}],"version-history":[{"count":1,"href":"https:\/\/blog.espol.edu.ec\/danielgarcia\/wp-json\/wp\/v2\/pages\/26\/revisions"}],"predecessor-version":[{"id":27,"href":"https:\/\/blog.espol.edu.ec\/danielgarcia\/wp-json\/wp\/v2\/pages\/26\/revisions\/27"}],"wp:attachment":[{"href":"https:\/\/blog.espol.edu.ec\/danielgarcia\/wp-json\/wp\/v2\/media?parent=26"}],"curies":[{"name":"wp","href":"https:\/\/api.w.org\/{rel}","templated":true}]}}