{"id":28,"date":"2016-10-26T15:01:39","date_gmt":"2016-10-26T15:01:39","guid":{"rendered":"http:\/\/blog.espol.edu.ec\/danielgarcia\/?page_id=28"},"modified":"2016-10-26T15:01:39","modified_gmt":"2016-10-26T15:01:39","slug":"mision-y-vision-del-blog","status":"publish","type":"page","link":"https:\/\/blog.espol.edu.ec\/danielgarcia\/mision-y-vision-del-blog\/","title":{"rendered":"Misi\u00f3n y visi\u00f3n del blog"},"content":{"rendered":"<p>La misi\u00f3n de esta p\u00e1gina es informar a nuestros visitantes sobre las \u00faltimas noticias y datos curiosos de este deporte que nos apasiona llamado f\u00fatbol.<\/p>\n<p>La visi\u00f3n es llegar\u00a0a ser una de los blogs con mayor credibilidad con datos certeros y comprobados.<\/p>\n","protected":false},"excerpt":{"rendered":"<p>La misi\u00f3n de esta p\u00e1gina es informar a nuestros visitantes sobre las \u00faltimas noticias y datos curiosos de este deporte que nos apasiona llamado f\u00fatbol. La visi\u00f3n es llegar\u00a0a ser una de los blogs con mayor credibilidad con datos certeros y comprobados.<\/p>\n","protected":false},"author":10615,"featured_media":0,"parent":0,"menu_order":0,"comment_status":"closed","ping_status":"closed","template":"","meta":{"footnotes":""},"class_list":["post-28","page","type-page","status-publish","hentry"],"_links":{"self":[{"href":"https:\/\/blog.espol.edu.ec\/danielgarcia\/wp-json\/wp\/v2\/pages\/28","targetHints":{"allow":["GET"]}}],"collection":[{"href":"https:\/\/blog.espol.edu.ec\/danielgarcia\/wp-json\/wp\/v2\/pages"}],"about":[{"href":"https:\/\/blog.espol.edu.ec\/danielgarcia\/wp-json\/wp\/v2\/types\/page"}],"author":[{"embeddable":true,"href":"https:\/\/blog.espol.edu.ec\/danielgarcia\/wp-json\/wp\/v2\/users\/10615"}],"replies":[{"embeddable":true,"href":"https:\/\/blog.espol.edu.ec\/danielgarcia\/wp-json\/wp\/v2\/comments?post=28"}],"version-history":[{"count":1,"href":"https:\/\/blog.espol.edu.ec\/danielgarcia\/wp-json\/wp\/v2\/pages\/28\/revisions"}],"predecessor-version":[{"id":29,"href":"https:\/\/blog.espol.edu.ec\/danielgarcia\/wp-json\/wp\/v2\/pages\/28\/revisions\/29"}],"wp:attachment":[{"href":"https:\/\/blog.espol.edu.ec\/danielgarcia\/wp-json\/wp\/v2\/media?parent=28"}],"curies":[{"name":"wp","href":"https:\/\/api.w.org\/{rel}","templated":true}]}}