{"id":2,"date":"2010-06-08T15:28:59","date_gmt":"2010-06-08T15:28:59","guid":{"rendered":""},"modified":"2013-05-24T21:19:09","modified_gmt":"2013-05-25T02:19:09","slug":"about","status":"publish","type":"page","link":"https:\/\/blog.espol.edu.ec\/davalbar\/","title":{"rendered":"Introducci\u00f3n al blog"},"content":{"rendered":"<p><a href=\"http:\/\/blog.espol.edu.ec\/davalbar\/files\/2010\/06\/atrapado.jpg\"><img loading=\"lazy\" decoding=\"async\" class=\"alignleft size-thumbnail wp-image-87\" src=\"http:\/\/blog.espol.edu.ec\/davalbar\/files\/2010\/06\/atrapado-150x150.jpg\" alt=\"\" width=\"150\" height=\"150\" \/><\/a>Saludos. bienvenidos sean a mi blog, aqui escr\u00edbo lo que pienso, acerca de la realidad, lo que se tambi\u00e9n, lo que podr\u00eda ser, tambien posteo a veces de mis bandas preferidas o cualquier cosa, mas o menos como un blog personal, espero les guste.<br \/>\nPor cierto si se ve vac\u00edo es porque esta es la introducci\u00f3n, aca no habr\u00e1 nada, todo lo que tienen que hacer es ir a las categor\u00edas arriba en la cinta de categor\u00edas o pueden entrar directamente a las entradas en la nube de etiquetas<\/p>\n<form id=\"vozme_form_d41d8cd98f00b204e9800998ecf8427e\" method=\"post\" name=\"vozme_form_d41d8cd98f00b204e9800998ecf8427e\" target=\"d41d8cd98f00b204e9800998ecf8427e\" action=\"http:\/\/vozme.com\/text2voice.php\"><input name=\"text\" type=\"hidden\" value=\"Introducci\u00f3n al blog. Saludos. bienvenidos sean a mi blog, aqui escr\u00edbo lo que pienso, acerca de la realidad, lo que se tambi\u00e9n, lo que podr\u00eda ser, tambien posteo a veces de mis bandas preferidas o cualquier cosa, mas o menos como un blog personal, espero les guste.\nPor cierto si se ve vac\u00edo es porque esta es la introducci\u00f3n, aca no habr\u00e1 nada, todo lo que tienen que hacer es ir a las categor\u00edas arriba en la cinta de categor\u00edas o pueden entrar directamente a las entradas en la nube de etiquetas\n\" \/><input name=\"lang\" type=\"hidden\" value=\"es\" \/><input name=\"gn\" type=\"hidden\" value=\"ml\" \/><input type=\"hidden\" id=\"interface\" name=\"interface\" value=\"full\" \/>\n\t\t\t<div style=\"text-align:left;\">\n\t\t\t\n\t\t\t\t<input style=\"float:left;\" type=\"image\" width=\"40\" height=\"40\" src=\"http:\/\/blog.espol.edu.ec\/davalbar\/wp-content\/plugins\/vozme\/img\/megaphone40x40w.gif\" alt=\"Escucha este post\" onclick=\"window.open('', 'd41d8cd98f00b204e9800998ecf8427e', 'width=600,height=370,scrollbars=yes,location=yes,menubar=yes,resizable=yes,status=yes,toolbar=yes');\">\n\t\t\t\t<div style=\"margin-left:48px; text-align:left;\"><a style=\"font-size:12px;\" href=\"javascript:void(0);\" onclick=\"window.open('', 'd41d8cd98f00b204e9800998ecf8427e', 'width=600,height=370,scrollbars=yes,location=yes,menubar=yes,resizable=yes,status=yes,toolbar=yes'); document.getElementById('vozme_form_d41d8cd98f00b204e9800998ecf8427e').submit();\">Escucha<br\/>este post<\/a><\/div>\n\t\t\t<\/div><\/form>","protected":false},"excerpt":{"rendered":"<p>Saludos. bienvenidos sean a mi blog, aqui escr\u00edbo lo que pienso, acerca de la realidad, lo que se tambi\u00e9n, lo que podr\u00eda ser, tambien posteo a veces de mis bandas preferidas o cualquier cosa, mas o menos como un blog personal, espero les guste. Por cierto si se ve vac\u00edo es porque esta es la [&hellip;]<\/p>\n","protected":false},"author":4546,"featured_media":0,"parent":0,"menu_order":0,"comment_status":"open","ping_status":"open","template":"","meta":{"footnotes":""},"class_list":["post-2","page","type-page","status-publish","hentry"],"_links":{"self":[{"href":"https:\/\/blog.espol.edu.ec\/davalbar\/wp-json\/wp\/v2\/pages\/2","targetHints":{"allow":["GET"]}}],"collection":[{"href":"https:\/\/blog.espol.edu.ec\/davalbar\/wp-json\/wp\/v2\/pages"}],"about":[{"href":"https:\/\/blog.espol.edu.ec\/davalbar\/wp-json\/wp\/v2\/types\/page"}],"author":[{"embeddable":true,"href":"https:\/\/blog.espol.edu.ec\/davalbar\/wp-json\/wp\/v2\/users\/4546"}],"replies":[{"embeddable":true,"href":"https:\/\/blog.espol.edu.ec\/davalbar\/wp-json\/wp\/v2\/comments?post=2"}],"version-history":[{"count":45,"href":"https:\/\/blog.espol.edu.ec\/davalbar\/wp-json\/wp\/v2\/pages\/2\/revisions"}],"predecessor-version":[{"id":343,"href":"https:\/\/blog.espol.edu.ec\/davalbar\/wp-json\/wp\/v2\/pages\/2\/revisions\/343"}],"wp:attachment":[{"href":"https:\/\/blog.espol.edu.ec\/davalbar\/wp-json\/wp\/v2\/media?parent=2"}],"curies":[{"name":"wp","href":"https:\/\/api.w.org\/{rel}","templated":true}]}}