{"id":51,"date":"2016-10-24T23:43:11","date_gmt":"2016-10-24T23:43:11","guid":{"rendered":"http:\/\/blog.espol.edu.ec\/davidrobles\/?page_id=51"},"modified":"2016-10-24T23:43:11","modified_gmt":"2016-10-24T23:43:11","slug":"conor-y-su-historia-de-amor","status":"publish","type":"page","link":"https:\/\/blog.espol.edu.ec\/davidrobles\/conor-y-su-historia-de-amor\/","title":{"rendered":"Conor y su historia de amor"},"content":{"rendered":"<p>&nbsp;<\/p>\n<p><img loading=\"lazy\" decoding=\"async\" class=\"aligncenter  wp-image-52\" src=\"http:\/\/blog.espol.edu.ec\/davidrobles\/files\/2016\/10\/macl.jpg\" alt=\"macl\" width=\"372\" height=\"279\" \/><\/p>\n<p>En sus inicios, <strong>Conor McGregor<\/strong> no contaba con las facilidades que posee ahora. Muchos a\u00f1os antes de llegar a la <strong><span class=\"caps\">UFC<\/span><\/strong>, el peleador irland\u00e9s apenas ten\u00eda dinero para vivir. Pero, a pesar de eso, su novia de toda la vida confi\u00f3 en sus posibilidades de convertirse en campe\u00f3n mundial.<\/p>\n<p>\u201cHemos estado juntos por m\u00e1s de ocho a\u00f1os, viv\u00edamos en Irlanda, a 30 kil\u00f3metros de Dubl\u00edn, en un departamento de renta con el sueldo de desempleado de 188 euros. No ten\u00eda empleo porque pasaba todo mi tiempo en el gimnasio\u201d, dijo <strong>Conor McGregor<\/strong>, quien gan\u00f3 el t\u00edtulo pluma de la <strong><span class=\"caps\">UFC<\/span><\/strong> tras noquear a Jos\u00e9 Aldo.<\/p>\n<p>\u201cYo cre\u00eda en que pod\u00eda ser el campe\u00f3n y ella tambi\u00e9n. Confi\u00f3 en m\u00ed a pesar de la falta de dinero. Siempre trat\u00f3 de hacer que comiera bien, que siguiera mi r\u00e9gimen diario. Cuando llegaba a casa despu\u00e9s de un exhausto d\u00eda de entrenamiento, me dec\u00eda: \u2018Conor, est\u00e1 bien, t\u00fa puedes hacerlo\u2019\u201d, agreg\u00f3 <strong>Conor McGregor<\/strong>.<\/p>\n<p>El pr\u00f3ximo 5 de marzo, <strong>Conor McGregor<\/strong> podr\u00eda convertirse en el primer peleador en poseer dos cinturones de la <strong><span class=\"caps\">UFC<\/span><\/strong> al mismo tiempo. \u2018The Notorius\u2019 se enfrentar\u00e1 a Rafael dos Anjos por el cintur\u00f3n ligero de la compa\u00f1\u00eda, en el <strong><span class=\"caps\">UFC<\/span><\/strong> 196 de Las Vegas. Y, como siempre, Dee Devlin lo estar\u00e1 alentando desde la primera fila.<\/p>\n<p>&nbsp;<\/p>\n","protected":false},"excerpt":{"rendered":"<p>&nbsp; En sus inicios, Conor McGregor no contaba con las facilidades que posee ahora. Muchos a\u00f1os antes de llegar a la UFC, el peleador irland\u00e9s apenas ten\u00eda dinero para vivir. Pero, a pesar de eso, su novia de toda la vida confi\u00f3 en sus posibilidades de convertirse en campe\u00f3n mundial. \u201cHemos estado juntos por m\u00e1s &hellip; <\/p>\n<p><a class=\"more-link btn\" href=\"https:\/\/blog.espol.edu.ec\/davidrobles\/conor-y-su-historia-de-amor\/\">Seguir leyendo<\/a><\/p>\n","protected":false},"author":10555,"featured_media":0,"parent":0,"menu_order":0,"comment_status":"closed","ping_status":"closed","template":"","meta":{"footnotes":""},"class_list":["post-51","page","type-page","status-publish","hentry","nodate","item-wrap"],"_links":{"self":[{"href":"https:\/\/blog.espol.edu.ec\/davidrobles\/wp-json\/wp\/v2\/pages\/51","targetHints":{"allow":["GET"]}}],"collection":[{"href":"https:\/\/blog.espol.edu.ec\/davidrobles\/wp-json\/wp\/v2\/pages"}],"about":[{"href":"https:\/\/blog.espol.edu.ec\/davidrobles\/wp-json\/wp\/v2\/types\/page"}],"author":[{"embeddable":true,"href":"https:\/\/blog.espol.edu.ec\/davidrobles\/wp-json\/wp\/v2\/users\/10555"}],"replies":[{"embeddable":true,"href":"https:\/\/blog.espol.edu.ec\/davidrobles\/wp-json\/wp\/v2\/comments?post=51"}],"version-history":[{"count":1,"href":"https:\/\/blog.espol.edu.ec\/davidrobles\/wp-json\/wp\/v2\/pages\/51\/revisions"}],"predecessor-version":[{"id":53,"href":"https:\/\/blog.espol.edu.ec\/davidrobles\/wp-json\/wp\/v2\/pages\/51\/revisions\/53"}],"wp:attachment":[{"href":"https:\/\/blog.espol.edu.ec\/davidrobles\/wp-json\/wp\/v2\/media?parent=51"}],"curies":[{"name":"wp","href":"https:\/\/api.w.org\/{rel}","templated":true}]}}