{"id":2,"date":"2012-06-05T17:05:00","date_gmt":"2012-06-05T17:05:00","guid":{"rendered":"http:\/\/blog.espol.edu.ec\/davidteran\/?page_id=2"},"modified":"2020-05-03T18:14:21","modified_gmt":"2020-05-03T18:14:21","slug":"guias-de-lectura","status":"publish","type":"page","link":"https:\/\/blog.espol.edu.ec\/davidteran\/guias-de-lectura\/","title":{"rendered":"Contenido Te\u00f3rico"},"content":{"rendered":"<p>Las gu\u00edas son res\u00famenes del componente te\u00f3rico, con ejemplos y animaciones, basado en la bibliogr\u00e1fica, que permiten al estudiante repasar los contenidos previo a la realizaci\u00f3n de ejercicios propuestos.<\/p>\n","protected":false},"excerpt":{"rendered":"<p>Las gu\u00edas son res\u00famenes del componente te\u00f3rico, con ejemplos y animaciones, basado en la bibliogr\u00e1fica, que permiten al estudiante repasar los contenidos previo a la realizaci\u00f3n de ejercicios propuestos.<\/p>\n","protected":false},"author":7499,"featured_media":0,"parent":0,"menu_order":1,"comment_status":"open","ping_status":"closed","template":"sidebar-page.php","meta":{"footnotes":""},"class_list":["post-2","page","type-page","status-publish","hentry"],"_links":{"self":[{"href":"https:\/\/blog.espol.edu.ec\/davidteran\/wp-json\/wp\/v2\/pages\/2","targetHints":{"allow":["GET"]}}],"collection":[{"href":"https:\/\/blog.espol.edu.ec\/davidteran\/wp-json\/wp\/v2\/pages"}],"about":[{"href":"https:\/\/blog.espol.edu.ec\/davidteran\/wp-json\/wp\/v2\/types\/page"}],"author":[{"embeddable":true,"href":"https:\/\/blog.espol.edu.ec\/davidteran\/wp-json\/wp\/v2\/users\/7499"}],"replies":[{"embeddable":true,"href":"https:\/\/blog.espol.edu.ec\/davidteran\/wp-json\/wp\/v2\/comments?post=2"}],"version-history":[{"count":5,"href":"https:\/\/blog.espol.edu.ec\/davidteran\/wp-json\/wp\/v2\/pages\/2\/revisions"}],"predecessor-version":[{"id":971,"href":"https:\/\/blog.espol.edu.ec\/davidteran\/wp-json\/wp\/v2\/pages\/2\/revisions\/971"}],"wp:attachment":[{"href":"https:\/\/blog.espol.edu.ec\/davidteran\/wp-json\/wp\/v2\/media?parent=2"}],"curies":[{"name":"wp","href":"https:\/\/api.w.org\/{rel}","templated":true}]}}