{"id":76,"date":"2020-04-08T02:19:47","date_gmt":"2020-04-08T02:19:47","guid":{"rendered":"http:\/\/blog.espol.edu.ec\/davidteran\/?page_id=76"},"modified":"2020-05-06T05:39:15","modified_gmt":"2020-05-06T05:39:15","slug":"divergencia-y-rotacional-de-un-campo-vectorial","status":"publish","type":"page","link":"https:\/\/blog.espol.edu.ec\/davidteran\/guias-de-lectura\/funciones-vectoriales\/divergencia-y-rotacional-de-un-campo-vectorial\/","title":{"rendered":"4.6. Divergencia y Rotacional de un Campo vectorial"},"content":{"rendered":"<p><div class='dropshadowboxes-container ' style='width:auto;'>\r\n                            <div class='dropshadowboxes-drop-shadow dropshadowboxes-rounded-corners dropshadowboxes-inside-and-outside-shadow dropshadowboxes-lifted-both dropshadowboxes-effect-default' style=' border: 1px solid #dddddd; height:; background-color:#ffffff;    '>\r\n                            Definici\u00f3n 4.6.1. Divergencia de un campo vectorial\r\n                            <\/div>\r\n                        <\/div><br \/>\nSea <span class=\"wp-katex-eq\" data-display=\"false\">\\vec{F} : U \\subset \\mathbb{R}^{n} \\rightarrow \\mathbb{R}^{n}<\/span> un campo vectorial diferenciable, la divergencia de <span class=\"wp-katex-eq\" data-display=\"false\">\\vec{F}<\/span> es el valor escalar:<br \/>\n<span class=\"wp-katex-eq\" data-display=\"false\">div F= \\nabla \\cdot \\vec{F} = \\left( \\frac{\\partial}{\\partial x_{1}} ,\\frac{\\partial}{\\partial x_{2}} , \\cdots ,\\frac{\\partial}{\\partial x_{n}} \\right)\\cdot \\left( F_{1},F_{2} , \\cdots , F_{n} \\right)<\/span><br \/>\n<span class=\"wp-katex-eq\" data-display=\"false\">div F = \\frac{\\partial F_{1}}{\\partial x_{1}} + \\frac{\\partial F_{2}}{\\partial x_{2}} + \\cdots + \\frac{\\partial F_{n}}{\\partial x_{n}}<\/span><\/p>\n<div id=\"attachment_718\" style=\"width: 570px\" class=\"wp-caption alignnone\"><a href=\"http:\/\/blog.espol.edu.ec\/davidteran\/files\/2020\/04\/Figura_4_6_1.gif\"><img loading=\"lazy\" decoding=\"async\" aria-describedby=\"caption-attachment-718\" class=\"size-full wp-image-718\" src=\"http:\/\/blog.espol.edu.ec\/davidteran\/files\/2020\/04\/Figura_4_6_1.gif\" alt=\"\" width=\"560\" height=\"420\" \/><\/a><p id=\"caption-attachment-718\" class=\"wp-caption-text\">Figura 4.6.1. Divergencia de un campo vectorial en cada punto.<\/p><\/div>\n<p>De manera informal, entendamos el <em><b>flujo de un campo vectorial sobre una curva<\/b><\/em>\u00a0como la \"cantidad de flechas\" del campo vectorial que <em>salen<\/em> menos la cantidad de flechas que <em>entran<\/em>\u00a0en la curva y que para medir flujo requerimos del vector Normal unitario.<\/p>\n<p>Para el caso de <span class=\"wp-katex-eq\" data-display=\"false\">n=2<\/span>, la divergencia representa el flujo por unidad de \u00e1rea (cuando el \u00e1rea tiende a cero) que experimenta el campo vectorial en cada punto, ver Figura 4.6.2.<br \/>\nPara el caso de <span class=\"wp-katex-eq\" data-display=\"false\">n=3<\/span>, la divergencia representa el flujo por unidad de volumen (cuando el volumen tiende a cero) que experimenta el campo vectorial en cada punto.<\/p>\n<div id=\"attachment_719\" style=\"width: 570px\" class=\"wp-caption alignnone\"><a href=\"http:\/\/blog.espol.edu.ec\/davidteran\/files\/2020\/04\/Figura_4_6_2.gif\"><img loading=\"lazy\" decoding=\"async\" aria-describedby=\"caption-attachment-719\" class=\"size-full wp-image-719\" src=\"http:\/\/blog.espol.edu.ec\/davidteran\/files\/2020\/04\/Figura_4_6_2.gif\" alt=\"\" width=\"560\" height=\"420\" \/><\/a><p id=\"caption-attachment-719\" class=\"wp-caption-text\">Figura 4.6.2. Sea A una regi\u00f3n en el plano alrededor de un punto, la divergencia de un campo vectorial en ese punto se puede entender como el l\u00edmite cuando un A tiende a cero, de la raz\u00f3n entre el flujo a trav\u00e9s de A y el \u00e1rea encerrada por A.<\/p><\/div>\n<div class='dropshadowboxes-container ' style='width:auto;'>\r\n                            <div class='dropshadowboxes-drop-shadow dropshadowboxes-rounded-corners dropshadowboxes-inside-and-outside-shadow dropshadowboxes-lifted-both dropshadowboxes-effect-default' style=' border: 1px solid #dddddd; height:; background-color:#ffffff;    '>\r\n                            Definici\u00f3n 4.6.2. Rotacional de un Campo vectorial\r\n                            <\/div>\r\n                        <\/div>\n<p>Sea <span class=\"wp-katex-eq\" data-display=\"false\">\\vec{F} : U \\subset \\mathbb{R}^{3} \\rightarrow \\mathbb{R}^{3} \\mid \\vec{F}= \\left[ M,N, P \\right] <\/span> un campo vectorial diferenciable, el rotacional de <span class=\"wp-katex-eq\" data-display=\"false\">\\vec{F}<\/span> es el campo vectorial:<br \/>\n<span class=\"wp-katex-eq\" data-display=\"false\">rot F= \\nabla \\times \\vec{F} = \\begin{vmatrix} \\mathbf{i} &amp; \\mathbf{j} &amp; \\mathbf{z} \\\\ \\frac{\\partial}{\\partial x} &amp; \\frac{\\partial}{\\partial y} &amp; \\frac{\\partial}{\\partial z} \\\\ M &amp; N &amp; P \\end{vmatrix}<\/span><br \/>\n<span class=\"wp-katex-eq\" data-display=\"false\">rot F= \\nabla \\times \\vec{F} = \\left[ \\frac{\\partial P}{\\partial y}-\\frac{\\partial N}{\\partial z},- \\left ( \\frac{\\partial P}{\\partial x}-\\frac{\\partial M}{\\partial z} \\right ), \\frac{\\partial N}{\\partial x}-\\frac{\\partial M}{\\partial y} \\right]<\/span><\/p>\n<div id=\"attachment_737\" style=\"width: 570px\" class=\"wp-caption alignnone\"><a href=\"http:\/\/blog.espol.edu.ec\/davidteran\/files\/2020\/04\/Figura_4_6_3.gif\"><img loading=\"lazy\" decoding=\"async\" aria-describedby=\"caption-attachment-737\" class=\"size-full wp-image-737\" src=\"http:\/\/blog.espol.edu.ec\/davidteran\/files\/2020\/04\/Figura_4_6_3.gif\" alt=\"\" width=\"560\" height=\"420\" \/><\/a><p id=\"caption-attachment-737\" class=\"wp-caption-text\">Figura 4.6.3. El rotacional de un campo vectorial asocia un vector a cada punto donde esta definido el campo.<\/p><\/div>\n<p>De manera informal, entendamos la\u00a0<em><b>circulaci\u00f3n (o trabajo) de un campo vectorial sobre una curva<\/b><\/em>\u00a0como la suma de las \"proyecciones tangentes\" de las flechas del campo vectorial que sobre la curva\u00a0y que para medir circulaci\u00f3n requerimos proyectar sobre del vector Tangente unitario.<\/p>\n<p>Cada componente del vector rotacional representa la circulaci\u00f3n por unidad de \u00e1rea (cuando el \u00e1rea tiende a cero) que experimenta el campo vectorial en cada punto, ver Figura 4.6.4.<\/p>\n<div id=\"attachment_742\" style=\"width: 570px\" class=\"wp-caption alignnone\"><a href=\"http:\/\/blog.espol.edu.ec\/davidteran\/files\/2020\/04\/Figura_4_6_4a.gif\"><img loading=\"lazy\" decoding=\"async\" aria-describedby=\"caption-attachment-742\" class=\"size-full wp-image-742\" src=\"http:\/\/blog.espol.edu.ec\/davidteran\/files\/2020\/04\/Figura_4_6_4a.gif\" alt=\"\" width=\"560\" height=\"420\" \/><\/a><p id=\"caption-attachment-742\" class=\"wp-caption-text\">Figura 4.6.4. Cada componente del vector rotacional es la circulaci\u00f3n por unidad de \u00e1rea (cuando el \u00e1rea tiende a cero); se considera \u00e1reas cuyos vectores normales apunten en direcci\u00f3n de cada eje.<\/p><\/div>\n<p>&nbsp;<\/p>\n<hr \/>\n\n<table id=\"tablepress-4\" class=\"tablepress tablepress-id-4\">\n<tbody class=\"row-striping row-hover\">\n<tr class=\"row-1\">\n\t<td class=\"column-1\"><a href=\"http:\/\/blog.espol.edu.ec\/davidteran\/guias-de-lectura\/funciones-vectoriales\/parametrizaciones-de-trayectorias\/\">4.1. Parametrizaciones de trayectorias<\/a><\/td>\n<\/tr>\n<tr class=\"row-2\">\n\t<td class=\"column-1\"><a href=\"http:\/\/blog.espol.edu.ec\/davidteran\/guias-de-lectura\/funciones-vectoriales\/velocidad-rapidez-aceleracion\/\">4.2.Velocidad, rapidez y aceleraci\u00f3n de una curva<\/a><\/td>\n<\/tr>\n<tr class=\"row-3\">\n\t<td class=\"column-1\"><a href=\"http:\/\/blog.espol.edu.ec\/davidteran\/guias-de-lectura\/funciones-vectoriales\/vector-tangencial-normal-y-binormal\/\">4.3. Vector Tangencial, Normal y Binormal, Planos asociados y componentes de la aceleraci\u00f3n.<\/a><\/td>\n<\/tr>\n<tr class=\"row-4\">\n\t<td class=\"column-1\"><a href=\"http:\/\/blog.espol.edu.ec\/davidteran\/guias-de-lectura\/funciones-vectoriales\/longitud-de-arco-curvatura-y-torsion-de-curvas\/\">4.4. Longitud de arco, curvatura y torsi\u00f3n de curvas<\/a><\/td>\n<\/tr>\n<tr class=\"row-5\">\n\t<td class=\"column-1\"><a href=\"http:\/\/blog.espol.edu.ec\/davidteran\/guias-de-lectura\/funciones-vectoriales\/longitud-de-arco-curvatura-y-torsion-de-curvas\/reparametrizaciones-respecto-a-la-longitud-de-arco\/\">4.4.1. Reparametrizaciones respecto a la longitud de arco<\/a><\/td>\n<\/tr>\n<tr class=\"row-6\">\n\t<td class=\"column-1\"><a href=\"http:\/\/blog.espol.edu.ec\/davidteran\/guias-de-lectura\/funciones-vectoriales\/funciones-vectoriales-de-variable-vectorial\/\">4.5. Funciones vectoriales de variable vectorial<\/a><\/td>\n<\/tr>\n<tr class=\"row-7\">\n\t<td class=\"column-1\"><a href=\"http:\/\/blog.espol.edu.ec\/davidteran\/guias-de-lectura\/funciones-vectoriales\/divergencia-y-rotacional-de-un-campo-vectorial\/\">4.6. Divergencia y Rotacional de un campo vectorial<\/a><\/td>\n<\/tr>\n<\/tbody>\n<\/table>\n\n","protected":false},"excerpt":{"rendered":"<p>Sea un campo vectorial diferenciable, la divergencia de es el valor escalar: De manera informal, entendamos el flujo de un campo vectorial sobre una curva\u00a0como la \"cantidad de flechas\" del campo vectorial que salen menos la cantidad de flechas que &hellip; <a href=\"https:\/\/blog.espol.edu.ec\/davidteran\/guias-de-lectura\/funciones-vectoriales\/divergencia-y-rotacional-de-un-campo-vectorial\/\">Sigue leyendo <span class=\"meta-nav\">&rarr;<\/span><\/a><\/p>\n","protected":false},"author":7499,"featured_media":0,"parent":62,"menu_order":6,"comment_status":"closed","ping_status":"closed","template":"sidebar-page.php","meta":{"footnotes":""},"class_list":["post-76","page","type-page","status-publish","hentry"],"_links":{"self":[{"href":"https:\/\/blog.espol.edu.ec\/davidteran\/wp-json\/wp\/v2\/pages\/76","targetHints":{"allow":["GET"]}}],"collection":[{"href":"https:\/\/blog.espol.edu.ec\/davidteran\/wp-json\/wp\/v2\/pages"}],"about":[{"href":"https:\/\/blog.espol.edu.ec\/davidteran\/wp-json\/wp\/v2\/types\/page"}],"author":[{"embeddable":true,"href":"https:\/\/blog.espol.edu.ec\/davidteran\/wp-json\/wp\/v2\/users\/7499"}],"replies":[{"embeddable":true,"href":"https:\/\/blog.espol.edu.ec\/davidteran\/wp-json\/wp\/v2\/comments?post=76"}],"version-history":[{"count":61,"href":"https:\/\/blog.espol.edu.ec\/davidteran\/wp-json\/wp\/v2\/pages\/76\/revisions"}],"predecessor-version":[{"id":1049,"href":"https:\/\/blog.espol.edu.ec\/davidteran\/wp-json\/wp\/v2\/pages\/76\/revisions\/1049"}],"up":[{"embeddable":true,"href":"https:\/\/blog.espol.edu.ec\/davidteran\/wp-json\/wp\/v2\/pages\/62"}],"wp:attachment":[{"href":"https:\/\/blog.espol.edu.ec\/davidteran\/wp-json\/wp\/v2\/media?parent=76"}],"curies":[{"name":"wp","href":"https:\/\/api.w.org\/{rel}","templated":true}]}}