{"id":102,"date":"2009-06-27T01:49:27","date_gmt":"2009-06-27T05:49:27","guid":{"rendered":"http:\/\/blog.espol.edu.ec\/davidvaca\/?page_id=102"},"modified":"2009-07-01T20:24:20","modified_gmt":"2009-07-02T00:24:20","slug":"diapositivas","status":"publish","type":"page","link":"https:\/\/blog.espol.edu.ec\/davidvaca\/diapositivas\/","title":{"rendered":"Diapositivas...!!!"},"content":{"rendered":"<p>En esta p\u00e1gina encontrar\u00e1s diapositivas divertidas que te har\u00e1n reir un poco, desc\u00e1rgalas y compartelas con tus amigos.... estos archivos ppt llegan a uds gracias a <a title=\"Humor, ocio y diversi\u00f3n en formato Power Point\" href=\"http:\/\/www.diapositivas,com\" target=\"_blank\">diapositivas.com<\/a> que son de libre acceso, encontrar\u00e1s de varios g\u00e9neros, pero aqui solo de comedia por obvias razones.... disfrutalas!!!<\/p>\n<div id=\"__ss_1601186\" style=\"width: 425px;text-align: left\"><a title=\"Esposa Vengativa Diapositivas\" href=\"http:\/\/www.slideshare.net\/seahawk_91\/esposa-vengativa-diapositivas?type=powerpoint\">Esposa Vengativa Diapositivas<\/a><object width=\"425\" height=\"355\" data=\"http:\/\/static.slidesharecdn.com\/swf\/ssplayer2.swf?doc=esposa-vengativa-diapositivas-090617225443-phpapp01&amp;stripped_title=esposa-vengativa-diapositivas\" type=\"application\/x-shockwave-flash\"><param name=\"src\" value=\"http:\/\/static.slidesharecdn.com\/swf\/ssplayer2.swf?doc=esposa-vengativa-diapositivas-090617225443-phpapp01&amp;stripped_title=esposa-vengativa-diapositivas\" \/><\/object><\/p>\n<div style=\"font-size: 11px;font-family: tahoma,arial;height: 26px;padding-top: 2px\">View more <a href=\"http:\/\/www.slideshare.net\/\">documents<\/a> from <a href=\"http:\/\/www.slideshare.net\/seahawk_91\">First Last<\/a>.<\/div>\n<\/div>\n<div id=\"__ss_1601187\" style=\"width: 425px;text-align: left\"><a title=\"Por El Olor Diapositivas\" href=\"http:\/\/www.slideshare.net\/seahawk_91\/por-el-olor-diapositivas?type=powerpoint\">Por El Olor Diapositivas<\/a><object width=\"425\" height=\"355\" data=\"http:\/\/static.slidesharecdn.com\/swf\/ssplayer2.swf?doc=por-el-olor-diapositivas-090617225436-phpapp01&amp;stripped_title=por-el-olor-diapositivas\" type=\"application\/x-shockwave-flash\"><param name=\"src\" value=\"http:\/\/static.slidesharecdn.com\/swf\/ssplayer2.swf?doc=por-el-olor-diapositivas-090617225436-phpapp01&amp;stripped_title=por-el-olor-diapositivas\" \/><\/object><\/p>\n<div style=\"font-size: 11px;font-family: tahoma,arial;height: 26px;padding-top: 2px\">View more <a href=\"http:\/\/www.slideshare.net\/\">documents<\/a> from <a href=\"http:\/\/www.slideshare.net\/seahawk_91\">First Last<\/a>.<\/div>\n<\/div>\n<div id=\"__ss_1649945\" style=\"width: 425px;text-align: left\"><a title=\"Graffitis\" href=\"http:\/\/www.slideshare.net\/seahawk_91\/graffitis-1649945?type=powerpoint\">Graffitis<\/a><object width=\"425\" height=\"355\" data=\"http:\/\/static.slidesharecdn.com\/swf\/ssplayer2.swf?doc=graffitis-090627220547-phpapp02&amp;stripped_title=graffitis-1649945\" type=\"application\/x-shockwave-flash\"><param name=\"src\" value=\"http:\/\/static.slidesharecdn.com\/swf\/ssplayer2.swf?doc=graffitis-090627220547-phpapp02&amp;stripped_title=graffitis-1649945\" \/><\/object><\/p>\n<div style=\"font-size: 11px;font-family: tahoma,arial;height: 26px;padding-top: 2px\">View more <a href=\"http:\/\/www.slideshare.net\/\">documents<\/a> from <a href=\"http:\/\/www.slideshare.net\/seahawk_91\">First Last<\/a>.<\/div>\n<\/div>\n<div id=\"__ss_1649946\" style=\"width: 425px;text-align: left\"><a title=\"Guindos Mexican\" href=\"http:\/\/www.slideshare.net\/seahawk_91\/guindos-mexican?type=presentation\">Guindos Mexican<\/a><object width=\"425\" height=\"355\" data=\"http:\/\/static.slidesharecdn.com\/swf\/ssplayer2.swf?doc=guindos-mexican-090627220538-phpapp02&amp;stripped_title=guindos-mexican\" type=\"application\/x-shockwave-flash\"><param name=\"src\" value=\"http:\/\/static.slidesharecdn.com\/swf\/ssplayer2.swf?doc=guindos-mexican-090627220538-phpapp02&amp;stripped_title=guindos-mexican\" \/><\/object><\/p>\n<div style=\"font-size: 11px;font-family: tahoma,arial;height: 26px;padding-top: 2px\">View more <a href=\"http:\/\/www.slideshare.net\/\">documents<\/a> from <a href=\"http:\/\/www.slideshare.net\/seahawk_91\">First Last<\/a>.<\/div>\n<\/div>\n<div id=\"__ss_1649948\" style=\"width: 425px;text-align: left\"><a title=\"Suegra Diapositivas\" href=\"http:\/\/www.slideshare.net\/seahawk_91\/suegra-diapositivas?type=powerpoint\">Suegra Diapositivas<\/a><object width=\"425\" height=\"355\" data=\"http:\/\/static.slidesharecdn.com\/swf\/ssplayer2.swf?doc=suegra-diapositivas-090627220532-phpapp02&amp;stripped_title=suegra-diapositivas\" type=\"application\/x-shockwave-flash\"><param name=\"src\" value=\"http:\/\/static.slidesharecdn.com\/swf\/ssplayer2.swf?doc=suegra-diapositivas-090627220532-phpapp02&amp;stripped_title=suegra-diapositivas\" \/><\/object><\/p>\n<div style=\"font-size: 11px;font-family: tahoma,arial;height: 26px;padding-top: 2px\">View more <a href=\"http:\/\/www.slideshare.net\/\">documents<\/a> from <a href=\"http:\/\/www.slideshare.net\/seahawk_91\">First Last<\/a>.<\/div>\n<\/div>\n","protected":false},"excerpt":{"rendered":"<p>En esta p\u00e1gina encontrar\u00e1s diapositivas divertidas que te har\u00e1n reir un poco, desc\u00e1rgalas y compartelas con tus amigos.... estos archivos ppt llegan a uds gracias a diapositivas.com que son de libre acceso, encontrar\u00e1s de varios g\u00e9neros, pero aqui solo de comedia por obvias razones.... disfrutalas!!! Esposa Vengativa Diapositivas View more documents from First Last. Por [&hellip;]<\/p>\n","protected":false},"author":1648,"featured_media":0,"parent":0,"menu_order":0,"comment_status":"open","ping_status":"open","template":"","meta":{"footnotes":""},"class_list":["post-102","page","type-page","status-publish","hentry"],"_links":{"self":[{"href":"https:\/\/blog.espol.edu.ec\/davidvaca\/wp-json\/wp\/v2\/pages\/102","targetHints":{"allow":["GET"]}}],"collection":[{"href":"https:\/\/blog.espol.edu.ec\/davidvaca\/wp-json\/wp\/v2\/pages"}],"about":[{"href":"https:\/\/blog.espol.edu.ec\/davidvaca\/wp-json\/wp\/v2\/types\/page"}],"author":[{"embeddable":true,"href":"https:\/\/blog.espol.edu.ec\/davidvaca\/wp-json\/wp\/v2\/users\/1648"}],"replies":[{"embeddable":true,"href":"https:\/\/blog.espol.edu.ec\/davidvaca\/wp-json\/wp\/v2\/comments?post=102"}],"version-history":[{"count":7,"href":"https:\/\/blog.espol.edu.ec\/davidvaca\/wp-json\/wp\/v2\/pages\/102\/revisions"}],"predecessor-version":[{"id":104,"href":"https:\/\/blog.espol.edu.ec\/davidvaca\/wp-json\/wp\/v2\/pages\/102\/revisions\/104"}],"wp:attachment":[{"href":"https:\/\/blog.espol.edu.ec\/davidvaca\/wp-json\/wp\/v2\/media?parent=102"}],"curies":[{"name":"wp","href":"https:\/\/api.w.org\/{rel}","templated":true}]}}