{"id":10,"date":"2014-10-30T12:57:28","date_gmt":"2014-10-30T12:57:28","guid":{"rendered":"http:\/\/blog.espol.edu.ec\/dayachan\/?page_id=10"},"modified":"2014-11-05T20:44:02","modified_gmt":"2014-11-05T20:44:02","slug":"mi-primer-power-point","status":"publish","type":"page","link":"https:\/\/blog.espol.edu.ec\/dayachan\/mi-primer-power-point\/","title":{"rendered":"Slides"},"content":{"rendered":"<div style=\"margin-bottom: 5px\"><strong>Diccionario de Econom\u00eda:<\/strong><\/div>\n<div style=\"margin-bottom: 5px\">*Recientemente encontr\u00e9 este documento y me parece realmente \u00fatil para todos aquellos que sentimos afinidad por esta carrera (estudio Negocios) o para cualquiera que desee enriquecer sus conocimientos.*<\/div>\n<p><iframe loading=\"lazy\" src=\"\/\/www.slideshare.net\/slideshow\/embed_code\/8620840\" width=\"477\" height=\"510\" frameborder=\"0\" allowfullscreen=\"allowfullscreen\"> <\/iframe><\/p>\n<div style=\"margin-bottom: 5px\"><strong> <a title=\"Diccionario de economia Carlos E. Rodriguez\" href=\"\/\/www.slideshare.net\/equipouvm2011\/diccionario-de-economia-carlos-e-rodriguez\" target=\"_blank\">Diccionario de economia Carlos E. Rodriguez<\/a> <\/strong> from <strong><a href=\"\/\/www.slideshare.net\/equipouvm2011\" target=\"_blank\">EquipoUVM ABOGADOS<\/a><\/strong><\/div>\n<div style=\"margin-bottom: 5px\"><\/div>\n<div style=\"margin-bottom: 5px\"><\/div>\n<div style=\"margin-bottom: 5px\"><strong>Pol\u00edticas del curso:<\/strong><\/div>\n<p><iframe loading=\"lazy\" src=\"\/\/www.slideshare.net\/slideshow\/embed_code\/21731777\" width=\"425\" height=\"355\" frameborder=\"0\" allowfullscreen=\"allowfullscreen\"> <\/iframe><\/p>\n<div style=\"margin-bottom: 5px\"><strong> <a title=\"Pol\u00edticas curso herramientas 2013\" href=\"\/\/www.slideshare.net\/HugoAlfredo\/polticas-curso-herramientas-2013\" target=\"_blank\">Pol\u00edticas curso herramientas 2013<\/a> <\/strong> from <strong><a href=\"\/\/www.slideshare.net\/HugoAlfredo\" target=\"_blank\">Alfredo Alvarez<\/a><\/strong><\/div>\n","protected":false},"excerpt":{"rendered":"<p>Diccionario de Econom\u00eda: *Recientemente encontr\u00e9 este documento y me parece realmente \u00fatil para todos aquellos que sentimos afinidad por esta carrera (estudio Negocios) o para cualquiera que desee enriquecer sus conocimientos.* Diccionario de economia Carlos E. Rodriguez from EquipoUVM ABOGADOS Pol\u00edticas del curso: Pol\u00edticas curso herramientas 2013 from Alfredo Alvarez<\/p>\n","protected":false},"author":9335,"featured_media":0,"parent":0,"menu_order":0,"comment_status":"open","ping_status":"open","template":"","meta":{"footnotes":""},"class_list":["post-10","page","type-page","status-publish","hentry"],"_links":{"self":[{"href":"https:\/\/blog.espol.edu.ec\/dayachan\/wp-json\/wp\/v2\/pages\/10","targetHints":{"allow":["GET"]}}],"collection":[{"href":"https:\/\/blog.espol.edu.ec\/dayachan\/wp-json\/wp\/v2\/pages"}],"about":[{"href":"https:\/\/blog.espol.edu.ec\/dayachan\/wp-json\/wp\/v2\/types\/page"}],"author":[{"embeddable":true,"href":"https:\/\/blog.espol.edu.ec\/dayachan\/wp-json\/wp\/v2\/users\/9335"}],"replies":[{"embeddable":true,"href":"https:\/\/blog.espol.edu.ec\/dayachan\/wp-json\/wp\/v2\/comments?post=10"}],"version-history":[{"count":12,"href":"https:\/\/blog.espol.edu.ec\/dayachan\/wp-json\/wp\/v2\/pages\/10\/revisions"}],"predecessor-version":[{"id":65,"href":"https:\/\/blog.espol.edu.ec\/dayachan\/wp-json\/wp\/v2\/pages\/10\/revisions\/65"}],"wp:attachment":[{"href":"https:\/\/blog.espol.edu.ec\/dayachan\/wp-json\/wp\/v2\/media?parent=10"}],"curies":[{"name":"wp","href":"https:\/\/api.w.org\/{rel}","templated":true}]}}