{"id":26,"date":"2014-10-30T21:01:33","date_gmt":"2014-10-30T21:01:33","guid":{"rendered":"http:\/\/blog.espol.edu.ec\/dayachan\/?page_id=26"},"modified":"2014-11-04T13:04:29","modified_gmt":"2014-11-04T13:04:29","slug":"politecnicos","status":"publish","type":"page","link":"https:\/\/blog.espol.edu.ec\/dayachan\/politecnicos\/","title":{"rendered":"Polit\u00e9cnicos"},"content":{"rendered":"<p>No se si muchos lo sepan, pero en nuestra universidad ya es posible realizar las pruebas que permitan detectar el mortal virus del \u00e9bola, suponiendo que un caso se llegara a presentar en el pa\u00eds. Creo que esto constituye un gran logro para nuestra instituci\u00f3n! Felicitaciones al profesor Washington C\u00e1rdenas, quien lider\u00f3 el equipo que llev\u00f3 a cabo la investigaci\u00f3n.<br \/>\nM\u00e1s info aqui--&gt; <a href=\"http:\/\/www.ecuavisa.com\/articulo\/noticias\/nacional\/85924-espol-ya-posible-realizar-pruebas-detectar-ebola\" target=\"_blank\">http:\/\/www.ecuavisa.com\/articulo\/noticias\/nacional\/85924-espol-ya-posible-realizar-pruebas-detectar-ebola<\/a><\/p>\n","protected":false},"excerpt":{"rendered":"<p>No se si muchos lo sepan, pero en nuestra universidad ya es posible realizar las pruebas que permitan detectar el mortal virus del \u00e9bola, suponiendo que un caso se llegara a presentar en el pa\u00eds. Creo que esto constituye un gran logro para nuestra instituci\u00f3n! Felicitaciones al profesor Washington C\u00e1rdenas, quien lider\u00f3 el equipo que [&hellip;]<\/p>\n","protected":false},"author":9335,"featured_media":0,"parent":0,"menu_order":0,"comment_status":"open","ping_status":"closed","template":"","meta":{"footnotes":""},"class_list":["post-26","page","type-page","status-publish","hentry"],"_links":{"self":[{"href":"https:\/\/blog.espol.edu.ec\/dayachan\/wp-json\/wp\/v2\/pages\/26","targetHints":{"allow":["GET"]}}],"collection":[{"href":"https:\/\/blog.espol.edu.ec\/dayachan\/wp-json\/wp\/v2\/pages"}],"about":[{"href":"https:\/\/blog.espol.edu.ec\/dayachan\/wp-json\/wp\/v2\/types\/page"}],"author":[{"embeddable":true,"href":"https:\/\/blog.espol.edu.ec\/dayachan\/wp-json\/wp\/v2\/users\/9335"}],"replies":[{"embeddable":true,"href":"https:\/\/blog.espol.edu.ec\/dayachan\/wp-json\/wp\/v2\/comments?post=26"}],"version-history":[{"count":7,"href":"https:\/\/blog.espol.edu.ec\/dayachan\/wp-json\/wp\/v2\/pages\/26\/revisions"}],"predecessor-version":[{"id":42,"href":"https:\/\/blog.espol.edu.ec\/dayachan\/wp-json\/wp\/v2\/pages\/26\/revisions\/42"}],"wp:attachment":[{"href":"https:\/\/blog.espol.edu.ec\/dayachan\/wp-json\/wp\/v2\/media?parent=26"}],"curies":[{"name":"wp","href":"https:\/\/api.w.org\/{rel}","templated":true}]}}