{"id":40,"date":"2014-11-04T13:03:14","date_gmt":"2014-11-04T13:03:14","guid":{"rendered":"http:\/\/blog.espol.edu.ec\/dayachan\/?page_id=40"},"modified":"2014-11-05T21:33:52","modified_gmt":"2014-11-05T21:33:52","slug":"mi-primer-hipervinculo","status":"publish","type":"page","link":"https:\/\/blog.espol.edu.ec\/dayachan\/mi-primer-hipervinculo\/","title":{"rendered":"Descargas"},"content":{"rendered":"<p><strong>Pdfs gratis:<\/strong><\/p>\n<p>Chicos la verdad es que tengo una gran cantidad de pdfs y me encantar\u00eda publicar todos los links pero por el momento empezar\u00e9 con lo que yo considero mi Top 10:<\/p>\n<p>*Tuve fallas t\u00e9cnicas con Doctor Sue\u00f1o, as\u00ed que agregar\u00e9 el link cuando lo recupere \ud83d\ude42<\/p>\n<p>1.- <a href=\"http:\/\/https:\/\/www.dropbox.com\/s\/m56c9nn7j3hc4sy\/Lolita.pdf?dl=0\" target=\"_blank\">Lolita- Vladimir Nabokov<\/a><\/p>\n<p>2.- <a href=\"http:\/\/https:\/\/www.dropbox.com\/s\/kgz7odr8rx8357w\/Diario%20de%20una%20Pasion.pdf?dl=0\" target=\"_blank\">Diario de una pasi\u00f3n- Nicholas Sparks<\/a><\/p>\n<p>3.- <a href=\"http:\/\/https:\/\/www.dropbox.com\/s\/md6el38cjmz0cmm\/El%20resplandor.doc?dl=0\" target=\"_blank\">El Resplandor- Stephen King<\/a><\/p>\n<p>4.- Doctor Sue\u00f1o- Stephen King<\/p>\n<p>5.- <a href=\"http:\/\/https:\/\/www.dropbox.com\/s\/qyvtcno7l3tbe2f\/El%20Retrato%20De%20Dorian%20Gray.pdf?dl=0\" target=\"_blank\">El retrato de Dorian Gray- Oscar Wilde<\/a><\/p>\n<p>6.- <a href=\"http:\/\/https:\/\/www.dropbox.com\/s\/b1rx9f0e22e1csz\/Julio%20Verne%20-%20Veinte%20mil%20leguas%20de%20viaje%20submarino.pdf?dl=0\" target=\"_blank\">Veinte mil leguas de viaje submarino- Julio Verne<\/a><\/p>\n<p>7.- <a href=\"http:\/\/https:\/\/www.dropbox.com\/s\/gmhtyjmtb4f89pl\/La%20Dama%20De%20Las%20Camelias.pdf?dl=0\" target=\"_blank\">La Dama de las Camelias- Alejandro Dumas<\/a><\/p>\n<p>8.- <a href=\"http:\/\/https:\/\/www.dropbox.com\/s\/v9g2gj1dx9n342l\/La%20Isla%20Misteriosa.pdf?dl=0\" target=\"_blank\">La isla misteriosa- Julio Verne<\/a><\/p>\n<p>9.- <a href=\"http:\/\/https:\/\/www.dropbox.com\/s\/kv9s1ogn19kfirn\/1.%20Divergente.pdf?dl=0\" target=\"_blank\">Divergente- Veronica Roth<\/a><\/p>\n<p>10.- <a href=\"http:\/\/https:\/\/www.dropbox.com\/s\/zr6ppafoypixony\/The%20Fault%20in%20our%20Stars%20-%20John%20Green.pdf?dl=0\" target=\"_blank\">Bajo la misma estrella- John Green<\/a><\/p>\n<p>&nbsp;<\/p>\n<p>&nbsp;<\/p>\n<p>&nbsp;<\/p>\n","protected":false},"excerpt":{"rendered":"<p>Pdfs gratis: Chicos la verdad es que tengo una gran cantidad de pdfs y me encantar\u00eda publicar todos los links pero por el momento empezar\u00e9 con lo que yo considero mi Top 10: *Tuve fallas t\u00e9cnicas con Doctor Sue\u00f1o, as\u00ed que agregar\u00e9 el link cuando lo recupere \ud83d\ude42 1.- Lolita- Vladimir Nabokov 2.- Diario de [&hellip;]<\/p>\n","protected":false},"author":9335,"featured_media":0,"parent":0,"menu_order":0,"comment_status":"open","ping_status":"open","template":"","meta":{"footnotes":""},"class_list":["post-40","page","type-page","status-publish","hentry"],"_links":{"self":[{"href":"https:\/\/blog.espol.edu.ec\/dayachan\/wp-json\/wp\/v2\/pages\/40","targetHints":{"allow":["GET"]}}],"collection":[{"href":"https:\/\/blog.espol.edu.ec\/dayachan\/wp-json\/wp\/v2\/pages"}],"about":[{"href":"https:\/\/blog.espol.edu.ec\/dayachan\/wp-json\/wp\/v2\/types\/page"}],"author":[{"embeddable":true,"href":"https:\/\/blog.espol.edu.ec\/dayachan\/wp-json\/wp\/v2\/users\/9335"}],"replies":[{"embeddable":true,"href":"https:\/\/blog.espol.edu.ec\/dayachan\/wp-json\/wp\/v2\/comments?post=40"}],"version-history":[{"count":6,"href":"https:\/\/blog.espol.edu.ec\/dayachan\/wp-json\/wp\/v2\/pages\/40\/revisions"}],"predecessor-version":[{"id":75,"href":"https:\/\/blog.espol.edu.ec\/dayachan\/wp-json\/wp\/v2\/pages\/40\/revisions\/75"}],"wp:attachment":[{"href":"https:\/\/blog.espol.edu.ec\/dayachan\/wp-json\/wp\/v2\/media?parent=40"}],"curies":[{"name":"wp","href":"https:\/\/api.w.org\/{rel}","templated":true}]}}