{"id":48,"date":"2014-11-04T13:23:30","date_gmt":"2014-11-04T13:23:30","guid":{"rendered":"http:\/\/blog.espol.edu.ec\/dayachan\/?page_id=48"},"modified":"2014-11-11T03:42:51","modified_gmt":"2014-11-11T03:42:51","slug":"sobre-la-autora","status":"publish","type":"page","link":"https:\/\/blog.espol.edu.ec\/dayachan\/sobre-la-autora\/","title":{"rendered":"Sobre La Autora :)"},"content":{"rendered":"<p>Y dos mini videos para que me vean porque no encuentro manera de cambiar el avatar en este tema:<\/p>\n<p><iframe loading=\"lazy\" src=\"\/\/www.youtube.com\/embed\/3VgvoyBmK-s\" width=\"420\" height=\"315\" frameborder=\"0\" allowfullscreen=\"allowfullscreen\"><\/iframe><br \/>\n<iframe loading=\"lazy\" src=\"\/\/www.youtube.com\/embed\/-LiPtq2tEHo\" width=\"420\" height=\"315\" frameborder=\"0\" allowfullscreen=\"allowfullscreen\"><\/iframe><br \/>\n<strong>Una peque\u00f1a presentaci\u00f3n acerca de mi (con las \u00fanicas fotos buenas que consegu\u00ed de cuando estaba en el cole) :<\/strong><\/p>\n<p><iframe loading=\"lazy\" src=\"\/\/www.slideshare.net\/slideshow\/embed_code\/40934669\" width=\"425\" height=\"355\" frameborder=\"0\" allowfullscreen=\"allowfullscreen\"> <\/iframe><\/p>\n<div style=\"margin-bottom: 5px\"><strong> <a title=\"Chancay Soledispa Dayanna\" href=\"\/\/www.slideshare.net\/dayanachancay1\/chancay-soledispa-dayanna\" target=\"_blank\">Chancay Soledispa Dayanna<\/a> <\/strong> from <strong><a href=\"\/\/www.slideshare.net\/dayanachancay1\" target=\"_blank\">Dayana Chancay Soledispa<\/a><\/strong><\/div>\n<div style=\"margin-bottom: 5px\"><\/div>\n","protected":false},"excerpt":{"rendered":"<p>Y dos mini videos para que me vean porque no encuentro manera de cambiar el avatar en este tema: Una peque\u00f1a presentaci\u00f3n acerca de mi (con las \u00fanicas fotos buenas que consegu\u00ed de cuando estaba en el cole) : Chancay Soledispa Dayanna from Dayana Chancay Soledispa<\/p>\n","protected":false},"author":9335,"featured_media":0,"parent":0,"menu_order":0,"comment_status":"open","ping_status":"open","template":"","meta":{"footnotes":""},"class_list":["post-48","page","type-page","status-publish","hentry"],"_links":{"self":[{"href":"https:\/\/blog.espol.edu.ec\/dayachan\/wp-json\/wp\/v2\/pages\/48","targetHints":{"allow":["GET"]}}],"collection":[{"href":"https:\/\/blog.espol.edu.ec\/dayachan\/wp-json\/wp\/v2\/pages"}],"about":[{"href":"https:\/\/blog.espol.edu.ec\/dayachan\/wp-json\/wp\/v2\/types\/page"}],"author":[{"embeddable":true,"href":"https:\/\/blog.espol.edu.ec\/dayachan\/wp-json\/wp\/v2\/users\/9335"}],"replies":[{"embeddable":true,"href":"https:\/\/blog.espol.edu.ec\/dayachan\/wp-json\/wp\/v2\/comments?post=48"}],"version-history":[{"count":5,"href":"https:\/\/blog.espol.edu.ec\/dayachan\/wp-json\/wp\/v2\/pages\/48\/revisions"}],"predecessor-version":[{"id":89,"href":"https:\/\/blog.espol.edu.ec\/dayachan\/wp-json\/wp\/v2\/pages\/48\/revisions\/89"}],"wp:attachment":[{"href":"https:\/\/blog.espol.edu.ec\/dayachan\/wp-json\/wp\/v2\/media?parent=48"}],"curies":[{"name":"wp","href":"https:\/\/api.w.org\/{rel}","templated":true}]}}