{"id":41,"date":"2012-06-27T15:52:57","date_gmt":"2012-06-27T15:52:57","guid":{"rendered":"http:\/\/blog.espol.edu.ec\/dborella\/?page_id=41"},"modified":"2012-07-09T19:16:37","modified_gmt":"2012-07-09T19:16:37","slug":"alimentacion-y-cultura","status":"publish","type":"page","link":"https:\/\/blog.espol.edu.ec\/dborella\/alimentacion-y-cultura\/","title":{"rendered":"Alimentaci\u00f3n y cultura"},"content":{"rendered":"<p><iframe loading=\"lazy\" title=\"Hungry Planet\" width=\"500\" height=\"375\" src=\"https:\/\/www.youtube.com\/embed\/osSpWbmEYF4?feature=oembed\" frameborder=\"0\" allow=\"accelerometer; autoplay; clipboard-write; encrypted-media; gyroscope; picture-in-picture; web-share\" referrerpolicy=\"strict-origin-when-cross-origin\" allowfullscreen><\/iframe><\/p>\n<p>30 Familias, 24 pa\u00edses, 600 alimentos y un libro extraordinario llamado Hungry Planet: What The World Eats escrito por el fot\u00f3grafo Peter Menzel  y el escritor D\u2019Aluisio, en el libro se cuentan historias de como la gente se alimenta en 24 pa\u00edses alrededor del mundo basados en una detallada investigaci\u00f3n y una excelente fotograf\u00eda.<\/p>\n","protected":false},"excerpt":{"rendered":"<p>30 Familias, 24 pa\u00edses, 600 alimentos y un libro extraordinario llamado Hungry Planet: What The World Eats escrito por el fot\u00f3grafo Peter Menzel y el escritor D\u2019Aluisio, en el libro se cuentan historias de como la gente se alimenta en 24 pa\u00edses alrededor del mundo basados en una detallada investigaci\u00f3n y una excelente fotograf\u00eda.<\/p>\n","protected":false},"author":7573,"featured_media":0,"parent":0,"menu_order":0,"comment_status":"open","ping_status":"open","template":"","meta":{"footnotes":""},"class_list":["post-41","page","type-page","status-publish","hentry"],"_links":{"self":[{"href":"https:\/\/blog.espol.edu.ec\/dborella\/wp-json\/wp\/v2\/pages\/41","targetHints":{"allow":["GET"]}}],"collection":[{"href":"https:\/\/blog.espol.edu.ec\/dborella\/wp-json\/wp\/v2\/pages"}],"about":[{"href":"https:\/\/blog.espol.edu.ec\/dborella\/wp-json\/wp\/v2\/types\/page"}],"author":[{"embeddable":true,"href":"https:\/\/blog.espol.edu.ec\/dborella\/wp-json\/wp\/v2\/users\/7573"}],"replies":[{"embeddable":true,"href":"https:\/\/blog.espol.edu.ec\/dborella\/wp-json\/wp\/v2\/comments?post=41"}],"version-history":[{"count":11,"href":"https:\/\/blog.espol.edu.ec\/dborella\/wp-json\/wp\/v2\/pages\/41\/revisions"}],"predecessor-version":[{"id":44,"href":"https:\/\/blog.espol.edu.ec\/dborella\/wp-json\/wp\/v2\/pages\/41\/revisions\/44"}],"wp:attachment":[{"href":"https:\/\/blog.espol.edu.ec\/dborella\/wp-json\/wp\/v2\/media?parent=41"}],"curies":[{"name":"wp","href":"https:\/\/api.w.org\/{rel}","templated":true}]}}