{"id":53,"date":"2012-06-27T16:11:40","date_gmt":"2012-06-27T16:11:40","guid":{"rendered":"http:\/\/blog.espol.edu.ec\/dborella\/?page_id=53"},"modified":"2012-07-09T19:55:48","modified_gmt":"2012-07-09T19:55:48","slug":"nutricion-y-desarrollo-cerebral","status":"publish","type":"page","link":"https:\/\/blog.espol.edu.ec\/dborella\/nutricion-y-desarrollo-cerebral\/","title":{"rendered":"Nutrici\u00f3n y desarrollo cerebral"},"content":{"rendered":"<p><iframe loading=\"lazy\" src=\"http:\/\/www.youtube.com\/embed\/2MQfn2jhkOo\" frameborder=\"0\" width=\"420\" height=\"315\"><\/iframe><\/p>\n<p>\u00a0Durante su primer a\u00f1o de vida, el beb\u00e9 triplica el peso que tuvo al nacer, pero a partir de all\u00ed sube lentamente. Un proceso similar ocurre con la estatura.<\/p>\n<p>Sin embargo, a partir del primer a\u00f1o y hasta el resto de su ni\u00f1ez, el beb\u00e9 pasa a trav\u00e9s de un desarrollo cognoscitivo y motor determinante, por o que la ingesti\u00f3n adecuada de nutrientes es esencial.<\/p>\n<p><img loading=\"lazy\" decoding=\"async\" src=\"http:\/\/www.deguate.com\/salud\/images\/comidabebe.jpg\" alt=\"\" width=\"160\" height=\"116\" align=\"left\" border=\"0\" \/><\/p>\n<p>Sus hijos tiene requerimientos nutricionales \u00fanicos para apoyar el crecimiento y los cambios en el desarrollo de las funciones de su cuerpo, muy distintos a los adultos, ya que aquellos tienen una tasa metab\u00f3lica m\u00e1s alta, y atraviesan cambios incluso ambientales (por ejemplo, pasa de la cuna a gatear por el suelo).<\/p>\n<p>La nutrici\u00f3n es muy importante durante este per\u00edodo temprano, ya que su impacto tiene consecuencias duraderas en la salud y el desarrollo posteriores. En ocasiones, debido a que los padres no conocen la importancia de una buena nutrici\u00f3n, los ni\u00f1os no adquieren su m\u00e1ximo desarrollo f\u00edsico y cognoscitivo.<\/p>\n<p>El desarrollo del cerebro es m\u00e1s susceptible a la nutrici\u00f3n en el beb\u00e9 que se encuentra entre la mitad de la gestaci\u00f3n y los dos a\u00f1os de edad.<\/p>\n<p>La desnutrici\u00f3n en sus primeras etapas de vida sufren a menudo deficiencias cognoscitivas y de comportamientos que se mantienen el resto de su vida, como un desarrollo de motricidad fina y de habla m\u00e1s lentos, coeficientes intelectuales m\u00e1s reducido y menor rendimiento escolar.<\/p>\n<p>&nbsp;<\/p>\n","protected":false},"excerpt":{"rendered":"<p>\u00a0Durante su primer a\u00f1o de vida, el beb\u00e9 triplica el peso que tuvo al nacer, pero a partir de all\u00ed sube lentamente. Un proceso similar ocurre con la estatura. Sin embargo, a partir del primer a\u00f1o y hasta el resto de su ni\u00f1ez, el beb\u00e9 pasa a trav\u00e9s de un desarrollo cognoscitivo y motor determinante, [&hellip;]<\/p>\n","protected":false},"author":7573,"featured_media":0,"parent":0,"menu_order":0,"comment_status":"open","ping_status":"open","template":"","meta":{"footnotes":""},"class_list":["post-53","page","type-page","status-publish","hentry"],"_links":{"self":[{"href":"https:\/\/blog.espol.edu.ec\/dborella\/wp-json\/wp\/v2\/pages\/53","targetHints":{"allow":["GET"]}}],"collection":[{"href":"https:\/\/blog.espol.edu.ec\/dborella\/wp-json\/wp\/v2\/pages"}],"about":[{"href":"https:\/\/blog.espol.edu.ec\/dborella\/wp-json\/wp\/v2\/types\/page"}],"author":[{"embeddable":true,"href":"https:\/\/blog.espol.edu.ec\/dborella\/wp-json\/wp\/v2\/users\/7573"}],"replies":[{"embeddable":true,"href":"https:\/\/blog.espol.edu.ec\/dborella\/wp-json\/wp\/v2\/comments?post=53"}],"version-history":[{"count":6,"href":"https:\/\/blog.espol.edu.ec\/dborella\/wp-json\/wp\/v2\/pages\/53\/revisions"}],"predecessor-version":[{"id":141,"href":"https:\/\/blog.espol.edu.ec\/dborella\/wp-json\/wp\/v2\/pages\/53\/revisions\/141"}],"wp:attachment":[{"href":"https:\/\/blog.espol.edu.ec\/dborella\/wp-json\/wp\/v2\/media?parent=53"}],"curies":[{"name":"wp","href":"https:\/\/api.w.org\/{rel}","templated":true}]}}