{"id":91,"date":"2012-07-09T18:09:14","date_gmt":"2012-07-09T18:09:14","guid":{"rendered":"http:\/\/blog.espol.edu.ec\/dborella\/?page_id=91"},"modified":"2012-07-09T19:10:28","modified_gmt":"2012-07-09T19:10:28","slug":"nutricion-cardiovascular","status":"publish","type":"page","link":"https:\/\/blog.espol.edu.ec\/dborella\/nutricion-cardiovascular\/","title":{"rendered":"Nutrici\u00f3n cardiovascular"},"content":{"rendered":"<div style=\"width: 427px\">\n<p><strong><a title=\"Nutrici\u00f3n en pacientes cardiovasculares\" href=\"http:\/\/www.slideshare.net\/casadelcorazon\/4-nutricin-en-pacientes-cardiovasculares\" target=\"_blank\">Nutrici\u00f3n en pacientes cardiovasculares<\/a><\/strong> <iframe loading=\"lazy\" src=\"http:\/\/www.slideshare.net\/slideshow\/embed_code\/4005843\" frameborder=\"0\" width=\"427\" height=\"356\"><\/iframe><\/p>\n<div style=\"padding: 5px 0 12px\">View more PowerPoint from <a href=\"http:\/\/www.slideshare.net\/casadelcorazon\" target=\"_blank\">Casa del Coraz\u00f3n<\/a><\/div>\n<\/div>\n<p>\u00bfQU\u00c9 PAPEL JUEGAN LAS GRASAS EN LA SANGRE?<\/p>\n<p>La enfermedad cardiovascular (angina, infarto de miocardio, ictus cerebral) es la complicaci\u00f3n cl\u00ednica de la arterioesclerosis (formaci\u00f3n de placas en las arterias). Es la principal causa de mortalidad en el mundo desarrollado.<\/p>\n<p><img decoding=\"async\" src=\"http:\/\/www.saludalia.com\/Saludalia\/servlets\/contenido\/Catalogo\/Nutricion\/comida\/postres\/postre3.jpg\" alt=\"\" align=\"left\" hspace=\"10\" vspace=\"10\" \/><\/p>\n<p>Los principales factores de riesgo de enfermedad cardiovascular son:<br \/>\n\u25a0La hiperlipidemia: el exceso de colesterol y\/o triglic\u00e9ridos.<br \/>\n\u25a0La hipertensi\u00f3n arterial.<br \/>\n\u25a0La diabetes mellitus.<br \/>\n\u25a0La obesidad.<br \/>\n\u25a0El tabaquismo.<\/p>\n<p>Dicho esto, es f\u00e1cil comprender que unos h\u00e1bitos de vida saludables, especialmente una dieta adecuada, disminuyen el riesgo cardiovascular.<\/p>\n<p>La relaci\u00f3n existente entre la nutrici\u00f3n y el desarrollo de arterioesclerosis se sustenta principalmente en la influencia de la dieta sobre el metabolismo de los l\u00edpidos (grasas).<br \/>\n\u25a0El exceso de colesterol total en sangre, un aumento del colesterol LDL (el malo) y un descenso del HDL(el bueno) aumentan el riesgo de enfermedad cardiovascular. Se recomienda mantener el colesterol total en cifras inferiores a 200 mg\/dl y el colesterol HDL (cHDL) por encima de 35 mg\/dl. La fracci\u00f3n del colesterol que m\u00e1s hay que vigilar es el LDL-colesterol (cLDL).<br \/>\n\u25a0Para un individuo sin factores de riesgo asociados, se recomienda que tenga el colesterol por debajo de 160 mg\/dl.<br \/>\n\u25a0En personas con 2 o m\u00e1s factores de riesgo asociados se recomiendan cifras inferiores a 130 mg\/dl.<br \/>\n\u25a0Los pacientes que ya han tenido una complicaci\u00f3n cardiovascular, como por ejemplo una angina de pech,o no deben tener valores de cLDL por encima de 100 mg\/dl.<br \/>\n\u25a0Las cifras de triglic\u00e9ridos hay que mantenerlas por debajo de 200mg\/dl.<\/p>\n","protected":false},"excerpt":{"rendered":"<p>Nutrici\u00f3n en pacientes cardiovasculares View more PowerPoint from Casa del Coraz\u00f3n \u00bfQU\u00c9 PAPEL JUEGAN LAS GRASAS EN LA SANGRE? La enfermedad cardiovascular (angina, infarto de miocardio, ictus cerebral) es la complicaci\u00f3n cl\u00ednica de la arterioesclerosis (formaci\u00f3n de placas en las arterias). Es la principal causa de mortalidad en el mundo desarrollado. Los principales factores de [&hellip;]<\/p>\n","protected":false},"author":7573,"featured_media":0,"parent":0,"menu_order":0,"comment_status":"open","ping_status":"open","template":"","meta":{"footnotes":""},"class_list":["post-91","page","type-page","status-publish","hentry"],"_links":{"self":[{"href":"https:\/\/blog.espol.edu.ec\/dborella\/wp-json\/wp\/v2\/pages\/91","targetHints":{"allow":["GET"]}}],"collection":[{"href":"https:\/\/blog.espol.edu.ec\/dborella\/wp-json\/wp\/v2\/pages"}],"about":[{"href":"https:\/\/blog.espol.edu.ec\/dborella\/wp-json\/wp\/v2\/types\/page"}],"author":[{"embeddable":true,"href":"https:\/\/blog.espol.edu.ec\/dborella\/wp-json\/wp\/v2\/users\/7573"}],"replies":[{"embeddable":true,"href":"https:\/\/blog.espol.edu.ec\/dborella\/wp-json\/wp\/v2\/comments?post=91"}],"version-history":[{"count":5,"href":"https:\/\/blog.espol.edu.ec\/dborella\/wp-json\/wp\/v2\/pages\/91\/revisions"}],"predecessor-version":[{"id":121,"href":"https:\/\/blog.espol.edu.ec\/dborella\/wp-json\/wp\/v2\/pages\/91\/revisions\/121"}],"wp:attachment":[{"href":"https:\/\/blog.espol.edu.ec\/dborella\/wp-json\/wp\/v2\/media?parent=91"}],"curies":[{"name":"wp","href":"https:\/\/api.w.org\/{rel}","templated":true}]}}