{"id":38,"date":"2014-11-09T22:25:09","date_gmt":"2014-11-09T22:25:09","guid":{"rendered":"http:\/\/blog.espol.edu.ec\/dbustos\/?page_id=38"},"modified":"2014-11-11T04:07:00","modified_gmt":"2014-11-11T04:07:00","slug":"nuevos-lanzamientos-xbox-one","status":"publish","type":"page","link":"https:\/\/blog.espol.edu.ec\/dbustos\/nuevos-lanzamientos-xbox-one\/","title":{"rendered":"Xbox One (Nuevos lanzamientos)"},"content":{"rendered":"<p><strong>Batman: Arkham Knight<\/strong><\/p>\n<p>Batman: Arkham Knight es un videojuego por lanzarse de acci\u00f3n-aventura desarrollado por Rocksteady Studios y lanzado por Warner Bros. Interactive Entertainment para las consolas PlayStation 4 y Xbox One y Microsoft Windows. Basado en el superh\u00e9roe de DC Comics Batman, es el sucesor del videojuego de 2013 Batman: Arkham Origins, y el cuarto juego principal en la serie Batman: Arkham. Kevin Conroy una vez m\u00e1s ser\u00e1 la voz de Batman. Est\u00e1 programado para ser lanzado a nivel mundial el 2 de junio de 2015.<\/p>\n<p>La trama principal del juego se desarrolla un a\u00f1o despu\u00e9s de la de Batman: Arkham City y sigue a Batman, en la cumbre de su habilidad, ya que se enfrenta al supervillano El Espantap\u00e1jaros, que ha vuelto para unirse a los enemigos de Batman en un plan para matar por fin al Caballero Oscuro.<\/p>\n<p><a href=\"http:\/\/blog.espol.edu.ec\/dbustos\/files\/2014\/11\/images-15.jpg\"><img loading=\"lazy\" decoding=\"async\" src=\"http:\/\/blog.espol.edu.ec\/dbustos\/files\/2014\/11\/images-15.jpg\" alt=\"images (1)\" width=\"300\" height=\"168\" class=\"alignnone size-full wp-image-151\" \/><\/a><\/p>\n<p><a href=\"http:\/\/blog.espol.edu.ec\/dbustos\/files\/2014\/11\/images-23.jpg\"><img loading=\"lazy\" decoding=\"async\" src=\"http:\/\/blog.espol.edu.ec\/dbustos\/files\/2014\/11\/images-23.jpg\" alt=\"images (2)\" width=\"300\" height=\"168\" class=\"alignnone size-medium wp-image-152\" \/><\/a><\/p>\n<p><a href=\"http:\/\/blog.espol.edu.ec\/dbustos\/files\/2014\/11\/images-3.jpg\"><img loading=\"lazy\" decoding=\"async\" src=\"http:\/\/blog.espol.edu.ec\/dbustos\/files\/2014\/11\/images-3-300x150.jpg\" alt=\"images (3)\" width=\"300\" height=\"150\" class=\"alignnone size-medium wp-image-153\" srcset=\"https:\/\/blog.espol.edu.ec\/dbustos\/files\/2014\/11\/images-3-300x150.jpg 300w, https:\/\/blog.espol.edu.ec\/dbustos\/files\/2014\/11\/images-3.jpg 318w\" sizes=\"auto, (max-width: 300px) 100vw, 300px\" \/><\/a><\/p>\n<p><a href=\"http:\/\/blog.espol.edu.ec\/dbustos\/files\/2014\/11\/images11.jpg\"><img loading=\"lazy\" decoding=\"async\" src=\"http:\/\/blog.espol.edu.ec\/dbustos\/files\/2014\/11\/images11.jpg\" alt=\"images\" width=\"299\" height=\"168\" class=\"alignnone size-medium wp-image-154\" \/><\/a><\/p>\n<p><iframe loading=\"lazy\" width=\"560\" height=\"315\" src=\"\/\/www.youtube.com\/embed\/wsf78BS9VE0\" frameborder=\"0\" allowfullscreen><\/iframe><\/p>\n<p><strong>FIFA 15<\/strong><\/p>\n<p>FIFA 15 es un videojuego de f\u00fatbol desarrollado por EA Canada y publicado por EA Sports. Es el 22.\u00ba de la serie y sal\u00edo a la venta el 23 de septiembre en Am\u00e9rica del Norte y el 25 de septiembre en Europa para Windows y consolas de la s\u00e9ptima generaci\u00f3n Xbox 360, PlayStation 3, Wii y Wii U; y de octava generaci\u00f3n PlayStation 4, Xbox One, PlayStation Vita y Nintendo 3DS. En cuanto al motor, cuenta con el Ignite engine para PlayStation 4, Xbox One y PC; mientras que para PlayStation 3 y Xbox 360 mantiene el Impact engine. Igual que las versiones anteriores, FIFA 15 ser\u00e1 el competidor de PES 2015.<\/p>\n<p><a href=\"http:\/\/blog.espol.edu.ec\/dbustos\/files\/2014\/11\/1024871_screenhi_930x524_MantoManBattles_Napoli_vs_ACMilan.jpg\"><img loading=\"lazy\" decoding=\"async\" src=\"http:\/\/blog.espol.edu.ec\/dbustos\/files\/2014\/11\/1024871_screenhi_930x524_MantoManBattles_Napoli_vs_ACMilan-300x169.jpg\" alt=\"1024871_screenhi_930x524_MantoManBattles_Napoli_vs_ACMilan\" width=\"300\" height=\"169\" class=\"alignnone size-medium wp-image-156\" srcset=\"https:\/\/blog.espol.edu.ec\/dbustos\/files\/2014\/11\/1024871_screenhi_930x524_MantoManBattles_Napoli_vs_ACMilan-300x169.jpg 300w, https:\/\/blog.espol.edu.ec\/dbustos\/files\/2014\/11\/1024871_screenhi_930x524_MantoManBattles_Napoli_vs_ACMilan.jpg 930w\" sizes=\"auto, (max-width: 300px) 100vw, 300px\" \/><\/a><\/p>\n<p><a href=\"http:\/\/blog.espol.edu.ec\/dbustos\/files\/2014\/11\/descarga11.jpg\"><img loading=\"lazy\" decoding=\"async\" src=\"http:\/\/blog.espol.edu.ec\/dbustos\/files\/2014\/11\/descarga11.jpg\" alt=\"descarga\" width=\"300\" height=\"168\" class=\"alignnone size-medium wp-image-157\" \/><\/a><\/p>\n<p><a href=\"http:\/\/blog.espol.edu.ec\/dbustos\/files\/2014\/11\/images-4.jpg\"><img loading=\"lazy\" decoding=\"async\" src=\"http:\/\/blog.espol.edu.ec\/dbustos\/files\/2014\/11\/images-4.jpg\" alt=\"images (4)\" width=\"297\" height=\"170\" class=\"alignnone size-medium wp-image-158\" \/><\/a><\/p>\n<p><a href=\"http:\/\/blog.espol.edu.ec\/dbustos\/files\/2014\/11\/maxresdefault.jpg\"><img loading=\"lazy\" decoding=\"async\" src=\"http:\/\/blog.espol.edu.ec\/dbustos\/files\/2014\/11\/maxresdefault-300x168.jpg\" alt=\"maxresdefault\" width=\"300\" height=\"168\" class=\"alignnone size-medium wp-image-159\" srcset=\"https:\/\/blog.espol.edu.ec\/dbustos\/files\/2014\/11\/maxresdefault-300x168.jpg 300w, https:\/\/blog.espol.edu.ec\/dbustos\/files\/2014\/11\/maxresdefault-1024x576.jpg 1024w, https:\/\/blog.espol.edu.ec\/dbustos\/files\/2014\/11\/maxresdefault.jpg 1920w\" sizes=\"auto, (max-width: 300px) 100vw, 300px\" \/><\/a><\/p>\n<p><iframe loading=\"lazy\" width=\"560\" height=\"315\" src=\"\/\/www.youtube.com\/embed\/TnTYVT6lwBc\" frameborder=\"0\" allowfullscreen><\/iframe><\/p>\n<p><strong>The Evil Within<\/strong><\/p>\n<p>The Evil Within es un videojuego de survival horror desarrollado por Tango Gameworks y distribuido por Bethesda Softworks. Fue lanzado para Microsoft Windows, PlayStation 3, Xbox 360, PlayStation 4 y Xbox One el 14 de octubre del 2014.<br \/>\nEl detective Sebastian Castellanos y dos de sus compa\u00f1eros acuden apresuradamente a un Hospital de la ciudad tras recibir el aviso de que algo terrible ha ocurrido.<br \/>\nTratando de encontrar una respuesta a lo ocurrido, Sebastian y sus compa\u00f1eros acceden a la sala de control para visionar las c\u00e1maras de seguridad. Sin embargo lo que ven escapa a su comprensi\u00f3n, los videos les convierten en testigos de la extra\u00f1a muerte de sus compa\u00f1eros polic\u00edas, cuando uno tras otro son atacados por un ser sobrenatural. Es entonces cuando Sebastian es tambi\u00e9n atacado por ese ser y pierde el conocimiento. Para cuando despierte ya nada ser\u00e1 igual...<\/p>\n<p><a href=\"http:\/\/blog.espol.edu.ec\/dbustos\/files\/2014\/11\/descarga-14.jpg\"><img loading=\"lazy\" decoding=\"async\" src=\"http:\/\/blog.espol.edu.ec\/dbustos\/files\/2014\/11\/descarga-14.jpg\" alt=\"descarga (1)\" width=\"284\" height=\"177\" class=\"alignnone size-full wp-image-160\" \/><\/a><\/p>\n<p><a href=\"http:\/\/blog.espol.edu.ec\/dbustos\/files\/2014\/11\/images-16.jpg\"><img loading=\"lazy\" decoding=\"async\" src=\"http:\/\/blog.espol.edu.ec\/dbustos\/files\/2014\/11\/images-16.jpg\" alt=\"images (1)\" width=\"300\" height=\"168\" class=\"alignnone size-medium wp-image-161\" \/><\/a><\/p>\n<p><a href=\"http:\/\/blog.espol.edu.ec\/dbustos\/files\/2014\/11\/images-24.jpg\"><img loading=\"lazy\" decoding=\"async\" src=\"http:\/\/blog.espol.edu.ec\/dbustos\/files\/2014\/11\/images-24.jpg\" alt=\"images (2)\" width=\"281\" height=\"179\" class=\"alignnone size-medium wp-image-162\" \/><\/a><\/p>\n<p><a href=\"http:\/\/blog.espol.edu.ec\/dbustos\/files\/2014\/11\/images12.jpg\"><img loading=\"lazy\" decoding=\"async\" src=\"http:\/\/blog.espol.edu.ec\/dbustos\/files\/2014\/11\/images12.jpg\" alt=\"images\" width=\"300\" height=\"168\" class=\"alignnone size-medium wp-image-163\" \/><\/a><\/p>\n<p><iframe loading=\"lazy\" width=\"560\" height=\"315\" src=\"\/\/www.youtube.com\/embed\/nxlo67zhOWc\" frameborder=\"0\" allowfullscreen><\/iframe><\/p>\n","protected":false},"excerpt":{"rendered":"<p>Batman: Arkham Knight Batman: Arkham Knight es un videojuego por lanzarse de acci\u00f3n-aventura desarrollado por Rocksteady Studios y lanzado por Warner Bros. Interactive Entertainment para las consolas PlayStation 4 y Xbox One y Microsoft Windows. Basado en el superh\u00e9roe de DC Comics Batman, es el sucesor del videojuego de 2013 Batman: Arkham Origins, y el [&hellip;]<\/p>\n","protected":false},"author":9417,"featured_media":0,"parent":0,"menu_order":0,"comment_status":"open","ping_status":"open","template":"","meta":{"footnotes":""},"class_list":["post-38","page","type-page","status-publish","hentry"],"_links":{"self":[{"href":"https:\/\/blog.espol.edu.ec\/dbustos\/wp-json\/wp\/v2\/pages\/38","targetHints":{"allow":["GET"]}}],"collection":[{"href":"https:\/\/blog.espol.edu.ec\/dbustos\/wp-json\/wp\/v2\/pages"}],"about":[{"href":"https:\/\/blog.espol.edu.ec\/dbustos\/wp-json\/wp\/v2\/types\/page"}],"author":[{"embeddable":true,"href":"https:\/\/blog.espol.edu.ec\/dbustos\/wp-json\/wp\/v2\/users\/9417"}],"replies":[{"embeddable":true,"href":"https:\/\/blog.espol.edu.ec\/dbustos\/wp-json\/wp\/v2\/comments?post=38"}],"version-history":[{"count":4,"href":"https:\/\/blog.espol.edu.ec\/dbustos\/wp-json\/wp\/v2\/pages\/38\/revisions"}],"predecessor-version":[{"id":164,"href":"https:\/\/blog.espol.edu.ec\/dbustos\/wp-json\/wp\/v2\/pages\/38\/revisions\/164"}],"wp:attachment":[{"href":"https:\/\/blog.espol.edu.ec\/dbustos\/wp-json\/wp\/v2\/media?parent=38"}],"curies":[{"name":"wp","href":"https:\/\/api.w.org\/{rel}","templated":true}]}}