{"id":42,"date":"2014-11-09T22:26:23","date_gmt":"2014-11-09T22:26:23","guid":{"rendered":"http:\/\/blog.espol.edu.ec\/dbustos\/?page_id=42"},"modified":"2014-11-11T03:46:51","modified_gmt":"2014-11-11T03:46:51","slug":"xbox-360-mejores-juegos","status":"publish","type":"page","link":"https:\/\/blog.espol.edu.ec\/dbustos\/xbox-360-mejores-juegos\/","title":{"rendered":"Xbox 360 (Mejores juegos)"},"content":{"rendered":"<p><strong>Bioshock Infinite<\/strong><\/p>\n<p>La caratula del juego dice: Tr\u00e1enos a la chica, salda la deuda. Es el a\u00f1o 1912, endeudado hasta no poder m\u00e1s, Booker DeWitt tiene una \u00fanica oportunidad para saldar todas sus deudas, simplemente salvar a una chica, Elizabeth, una misteriosa chica prisionera desde peque\u00f1a en la ciudad en los aires, Columbia. \u00danicamente pueden confiar entre ellos, deber\u00e1n pasar por varias pruebas para poder sobrevivir, con el paso del tiempo se van descubriendo oscuros misterios. <\/p>\n<p><a href=\"http:\/\/blog.espol.edu.ec\/dbustos\/files\/2014\/11\/2522521-vf_bioshockinfinite_clashintheclouds_ql.jpg\"><img loading=\"lazy\" decoding=\"async\" src=\"http:\/\/blog.espol.edu.ec\/dbustos\/files\/2014\/11\/2522521-vf_bioshockinfinite_clashintheclouds_ql-300x168.jpg\" alt=\"2522521-vf_bioshockinfinite_clashintheclouds_ql\" width=\"300\" height=\"168\" class=\"alignnone size-medium wp-image-130\" srcset=\"https:\/\/blog.espol.edu.ec\/dbustos\/files\/2014\/11\/2522521-vf_bioshockinfinite_clashintheclouds_ql-300x168.jpg 300w, https:\/\/blog.espol.edu.ec\/dbustos\/files\/2014\/11\/2522521-vf_bioshockinfinite_clashintheclouds_ql-1024x576.jpg 1024w, https:\/\/blog.espol.edu.ec\/dbustos\/files\/2014\/11\/2522521-vf_bioshockinfinite_clashintheclouds_ql.jpg 1280w\" sizes=\"auto, (max-width: 300px) 100vw, 300px\" \/><\/a><\/p>\n<p><a href=\"http:\/\/blog.espol.edu.ec\/dbustos\/files\/2014\/11\/descarga8.jpg\"><img loading=\"lazy\" decoding=\"async\" src=\"http:\/\/blog.espol.edu.ec\/dbustos\/files\/2014\/11\/descarga8.jpg\" alt=\"descarga\" width=\"300\" height=\"168\" class=\"alignnone size-medium wp-image-131\" \/><\/a><\/p>\n<p><a href=\"http:\/\/blog.espol.edu.ec\/dbustos\/files\/2014\/11\/images-11.jpg\"><img loading=\"lazy\" decoding=\"async\" src=\"http:\/\/blog.espol.edu.ec\/dbustos\/files\/2014\/11\/images-11.jpg\" alt=\"images (1)\" width=\"300\" height=\"168\" class=\"alignnone size-medium wp-image-132\" \/><\/a><\/p>\n<p><a href=\"http:\/\/blog.espol.edu.ec\/dbustos\/files\/2014\/11\/images7.jpg\"><img loading=\"lazy\" decoding=\"async\" src=\"http:\/\/blog.espol.edu.ec\/dbustos\/files\/2014\/11\/images7.jpg\" alt=\"images\" width=\"300\" height=\"168\" class=\"alignnone size-medium wp-image-133\" \/><\/a><\/p>\n<p><iframe loading=\"lazy\" width=\"560\" height=\"315\" src=\"\/\/www.youtube.com\/embed\/31-NAkq8YEY\" frameborder=\"0\" allowfullscreen><\/iframe><\/p>\n<p><strong>Gears of War 3<\/strong><\/p>\n<p>Con lo que ha sucedido en las anteriores entregas, el grupo Delta, conformado por Marcus Fenix, Dominic Santiago, Cole, Baird, Anya y el ultimo de los sobrevivientes de un grupo de hermanos, deber\u00e1n vencer a los drones, pero no solo eso, tambi\u00e9n a un nuevo tipo de par\u00e1sito conocido como Locust. Es un juego en tercera persona y una trama muy llamativa. Sin ninguna duda, Gears of War 3 es uno de los mejores juegos que ha salido para esta consola y para esta generaci\u00f3n de videojuegos. <\/p>\n<p><a href=\"http:\/\/blog.espol.edu.ec\/dbustos\/files\/2014\/11\/descarga-12.jpg\"><img loading=\"lazy\" decoding=\"async\" src=\"http:\/\/blog.espol.edu.ec\/dbustos\/files\/2014\/11\/descarga-12.jpg\" alt=\"descarga (1)\" width=\"284\" height=\"177\" class=\"alignnone size-full wp-image-134\" \/><\/a><\/p>\n<p><a href=\"http:\/\/blog.espol.edu.ec\/dbustos\/files\/2014\/11\/images-12.jpg\"><img loading=\"lazy\" decoding=\"async\" src=\"http:\/\/blog.espol.edu.ec\/dbustos\/files\/2014\/11\/images-12.jpg\" alt=\"images (1)\" width=\"299\" height=\"169\" class=\"alignnone size-medium wp-image-135\" \/><\/a><\/p>\n<p><a href=\"http:\/\/blog.espol.edu.ec\/dbustos\/files\/2014\/11\/images-2.jpg\"><img loading=\"lazy\" decoding=\"async\" src=\"http:\/\/blog.espol.edu.ec\/dbustos\/files\/2014\/11\/images-2-300x163.jpg\" alt=\"images (2)\" width=\"300\" height=\"163\" class=\"alignnone size-medium wp-image-136\" srcset=\"https:\/\/blog.espol.edu.ec\/dbustos\/files\/2014\/11\/images-2-300x163.jpg 300w, https:\/\/blog.espol.edu.ec\/dbustos\/files\/2014\/11\/images-2.jpg 304w\" sizes=\"auto, (max-width: 300px) 100vw, 300px\" \/><\/a><\/p>\n<p><a href=\"http:\/\/blog.espol.edu.ec\/dbustos\/files\/2014\/11\/images8.jpg\"><img loading=\"lazy\" decoding=\"async\" src=\"http:\/\/blog.espol.edu.ec\/dbustos\/files\/2014\/11\/images8.jpg\" alt=\"images\" width=\"300\" height=\"168\" class=\"alignnone size-medium wp-image-137\" \/><\/a><\/p>\n<p><iframe loading=\"lazy\" width=\"560\" height=\"315\" src=\"\/\/www.youtube.com\/embed\/n7Te5fcnrUA\" frameborder=\"0\" allowfullscreen><\/iframe><\/p>\n<p><strong>Halo 4<\/strong><\/p>\n<p>Halo 4 es un videojuego de disparos en primera persona desarrollado por la filial 343 Industries y distribuido por Microsoft Studios para la videoconsola Xbox 360. Fue anunciado en Electronic Entertainment Expo de 2011 en la conferencia de prensa de Microsoft. Seg\u00fan el presentador de la conferencia, Halo 4 es el primero de una nueva trilog\u00eda de juegos dentro de la serie Halo. El juego contin\u00faa tiempo despu\u00e9s del final de Halo 3, y marca el regreso del Jefe Maestro como personaje jugable. Cortana tambi\u00e9n aparecer\u00e1 en el juego.<\/p>\n<p><a href=\"http:\/\/blog.espol.edu.ec\/dbustos\/files\/2014\/11\/descarga9.jpg\"><img loading=\"lazy\" decoding=\"async\" src=\"http:\/\/blog.espol.edu.ec\/dbustos\/files\/2014\/11\/descarga9.jpg\" alt=\"descarga\" width=\"300\" height=\"168\" class=\"alignnone size-full wp-image-138\" \/><\/a><\/p>\n<p><a href=\"http:\/\/blog.espol.edu.ec\/dbustos\/files\/2014\/11\/images-13.jpg\"><img loading=\"lazy\" decoding=\"async\" src=\"http:\/\/blog.espol.edu.ec\/dbustos\/files\/2014\/11\/images-13.jpg\" alt=\"images (1)\" width=\"299\" height=\"169\" class=\"alignnone size-medium wp-image-139\" \/><\/a><\/p>\n<p><a href=\"http:\/\/blog.espol.edu.ec\/dbustos\/files\/2014\/11\/images-21.jpg\"><img loading=\"lazy\" decoding=\"async\" src=\"http:\/\/blog.espol.edu.ec\/dbustos\/files\/2014\/11\/images-21.jpg\" alt=\"images (2)\" width=\"300\" height=\"168\" class=\"alignnone size-medium wp-image-140\" \/><\/a><\/p>\n<p><a href=\"http:\/\/blog.espol.edu.ec\/dbustos\/files\/2014\/11\/images9.jpg\"><img loading=\"lazy\" decoding=\"async\" src=\"http:\/\/blog.espol.edu.ec\/dbustos\/files\/2014\/11\/images9.jpg\" alt=\"images\" width=\"300\" height=\"168\" class=\"alignnone size-medium wp-image-141\" \/><\/a><\/p>\n<p><iframe loading=\"lazy\" width=\"560\" height=\"315\" src=\"\/\/www.youtube.com\/embed\/ulLDTPJ_sWo\" frameborder=\"0\" allowfullscreen><\/iframe><\/p>\n<p><strong>Red Dead Redemption<\/strong><\/p>\n<p>La historia empieza cuando los agentes federales amenazan a la familia del exconvicto John Marston. Los federales fuerzan a que Marston de caza a los que alguna vez fueron los llam\u00f3 \"camaradas\". Este juego es en tercera persona, ambientado en el medio oeste. Tiene un aspecto similar a GTA, pero ambientado en otra \u00e9poca, con otras armas y diferentes escenarios. Red Dead Redemption cuenta con la versi\u00f3n Undead Nightmare, donde el mundo se ve acechado por zombies debido a una maldici\u00f3n, se lo puede obtener v\u00eda internet, comprando el CD por separado o comprando Red Dead Redemption Game of the year edition. Es uno de los mejores juegos de la generaci\u00f3n, definitivamente vale la pena comprarlo.<\/p>\n<p><a href=\"http:\/\/blog.espol.edu.ec\/dbustos\/files\/2014\/11\/descarga-13.jpg\"><img loading=\"lazy\" decoding=\"async\" src=\"http:\/\/blog.espol.edu.ec\/dbustos\/files\/2014\/11\/descarga-13.jpg\" alt=\"descarga (1)\" width=\"284\" height=\"177\" class=\"alignnone size-full wp-image-143\" \/><\/a><\/p>\n<p><a href=\"http:\/\/blog.espol.edu.ec\/dbustos\/files\/2014\/11\/images-14.jpg\"><img loading=\"lazy\" decoding=\"async\" src=\"http:\/\/blog.espol.edu.ec\/dbustos\/files\/2014\/11\/images-14.jpg\" alt=\"images (1)\" width=\"300\" height=\"168\" class=\"alignnone size-medium wp-image-144\" \/><\/a><\/p>\n<p><a href=\"http:\/\/blog.espol.edu.ec\/dbustos\/files\/2014\/11\/images-22.jpg\"><img loading=\"lazy\" decoding=\"async\" src=\"http:\/\/blog.espol.edu.ec\/dbustos\/files\/2014\/11\/images-22.jpg\" alt=\"images (2)\" width=\"300\" height=\"168\" class=\"alignnone size-medium wp-image-145\" \/><\/a><\/p>\n<p><a href=\"http:\/\/blog.espol.edu.ec\/dbustos\/files\/2014\/11\/images10.jpg\"><img loading=\"lazy\" decoding=\"async\" src=\"http:\/\/blog.espol.edu.ec\/dbustos\/files\/2014\/11\/images10.jpg\" alt=\"images\" width=\"284\" height=\"177\" class=\"alignnone size-medium wp-image-146\" \/><\/a><\/p>\n<p><iframe loading=\"lazy\" width=\"560\" height=\"315\" src=\"\/\/www.youtube.com\/embed\/jzTDlDRe7R4\" frameborder=\"0\" allowfullscreen><\/iframe><\/p>\n","protected":false},"excerpt":{"rendered":"<p>Bioshock Infinite La caratula del juego dice: Tr\u00e1enos a la chica, salda la deuda. Es el a\u00f1o 1912, endeudado hasta no poder m\u00e1s, Booker DeWitt tiene una \u00fanica oportunidad para saldar todas sus deudas, simplemente salvar a una chica, Elizabeth, una misteriosa chica prisionera desde peque\u00f1a en la ciudad en los aires, Columbia. \u00danicamente pueden [&hellip;]<\/p>\n","protected":false},"author":9417,"featured_media":0,"parent":0,"menu_order":0,"comment_status":"open","ping_status":"open","template":"","meta":{"footnotes":""},"class_list":["post-42","page","type-page","status-publish","hentry"],"_links":{"self":[{"href":"https:\/\/blog.espol.edu.ec\/dbustos\/wp-json\/wp\/v2\/pages\/42","targetHints":{"allow":["GET"]}}],"collection":[{"href":"https:\/\/blog.espol.edu.ec\/dbustos\/wp-json\/wp\/v2\/pages"}],"about":[{"href":"https:\/\/blog.espol.edu.ec\/dbustos\/wp-json\/wp\/v2\/types\/page"}],"author":[{"embeddable":true,"href":"https:\/\/blog.espol.edu.ec\/dbustos\/wp-json\/wp\/v2\/users\/9417"}],"replies":[{"embeddable":true,"href":"https:\/\/blog.espol.edu.ec\/dbustos\/wp-json\/wp\/v2\/comments?post=42"}],"version-history":[{"count":4,"href":"https:\/\/blog.espol.edu.ec\/dbustos\/wp-json\/wp\/v2\/pages\/42\/revisions"}],"predecessor-version":[{"id":147,"href":"https:\/\/blog.espol.edu.ec\/dbustos\/wp-json\/wp\/v2\/pages\/42\/revisions\/147"}],"wp:attachment":[{"href":"https:\/\/blog.espol.edu.ec\/dbustos\/wp-json\/wp\/v2\/media?parent=42"}],"curies":[{"name":"wp","href":"https:\/\/api.w.org\/{rel}","templated":true}]}}