{"id":44,"date":"2014-11-09T22:26:44","date_gmt":"2014-11-09T22:26:44","guid":{"rendered":"http:\/\/blog.espol.edu.ec\/dbustos\/?page_id=44"},"modified":"2014-11-10T00:17:54","modified_gmt":"2014-11-10T00:17:54","slug":"play-station-4","status":"publish","type":"page","link":"https:\/\/blog.espol.edu.ec\/dbustos\/play-station-4\/","title":{"rendered":"PlayStation 4"},"content":{"rendered":"<p>PlayStation 4 es para aquellos jugadores que quieren embarcarse en incre\u00edbles viajes por nuevos mundos de juego y formar parte de una comunidad de juego estrechamente conectada. Con una destacada colecci\u00f3n de juegos ya disponible y muchos m\u00e1s en desarrollo, PS4 es el mejor lugar para jugar a los mejores t\u00edtulos e innovadores juegos independientes.<\/p>\n<p>\u00a1A tan solo 399.99 euros!<\/p>\n<p>M\u00e1s informaci\u00f3n <a href=\"http:\/\/es.playstation.com\/ps4\/\" target=\"_blank\">aqu\u00ed<\/a>.<\/p>\n<p><a href=\"http:\/\/blog.espol.edu.ec\/dbustos\/files\/2014\/11\/PlayStation-4-llega-el-15-de-noviembre.jpg\"><img loading=\"lazy\" decoding=\"async\" src=\"http:\/\/blog.espol.edu.ec\/dbustos\/files\/2014\/11\/PlayStation-4-llega-el-15-de-noviembre-300x169.jpg\" alt=\"PlayStation-4-llega-el-15-de-noviembre\" width=\"300\" height=\"169\" class=\"alignnone size-medium wp-image-77\" srcset=\"https:\/\/blog.espol.edu.ec\/dbustos\/files\/2014\/11\/PlayStation-4-llega-el-15-de-noviembre-300x169.jpg 300w, https:\/\/blog.espol.edu.ec\/dbustos\/files\/2014\/11\/PlayStation-4-llega-el-15-de-noviembre.jpg 640w\" sizes=\"auto, (max-width: 300px) 100vw, 300px\" \/><\/a><\/p>\n","protected":false},"excerpt":{"rendered":"<p>PlayStation 4 es para aquellos jugadores que quieren embarcarse en incre\u00edbles viajes por nuevos mundos de juego y formar parte de una comunidad de juego estrechamente conectada. Con una destacada colecci\u00f3n de juegos ya disponible y muchos m\u00e1s en desarrollo, PS4 es el mejor lugar para jugar a los mejores t\u00edtulos e innovadores juegos independientes. [&hellip;]<\/p>\n","protected":false},"author":9417,"featured_media":0,"parent":0,"menu_order":0,"comment_status":"open","ping_status":"open","template":"","meta":{"footnotes":""},"class_list":["post-44","page","type-page","status-publish","hentry"],"_links":{"self":[{"href":"https:\/\/blog.espol.edu.ec\/dbustos\/wp-json\/wp\/v2\/pages\/44","targetHints":{"allow":["GET"]}}],"collection":[{"href":"https:\/\/blog.espol.edu.ec\/dbustos\/wp-json\/wp\/v2\/pages"}],"about":[{"href":"https:\/\/blog.espol.edu.ec\/dbustos\/wp-json\/wp\/v2\/types\/page"}],"author":[{"embeddable":true,"href":"https:\/\/blog.espol.edu.ec\/dbustos\/wp-json\/wp\/v2\/users\/9417"}],"replies":[{"embeddable":true,"href":"https:\/\/blog.espol.edu.ec\/dbustos\/wp-json\/wp\/v2\/comments?post=44"}],"version-history":[{"count":5,"href":"https:\/\/blog.espol.edu.ec\/dbustos\/wp-json\/wp\/v2\/pages\/44\/revisions"}],"predecessor-version":[{"id":79,"href":"https:\/\/blog.espol.edu.ec\/dbustos\/wp-json\/wp\/v2\/pages\/44\/revisions\/79"}],"wp:attachment":[{"href":"https:\/\/blog.espol.edu.ec\/dbustos\/wp-json\/wp\/v2\/media?parent=44"}],"curies":[{"name":"wp","href":"https:\/\/api.w.org\/{rel}","templated":true}]}}