{"id":46,"date":"2014-11-09T22:27:12","date_gmt":"2014-11-09T22:27:12","guid":{"rendered":"http:\/\/blog.espol.edu.ec\/dbustos\/?page_id=46"},"modified":"2014-11-11T02:55:19","modified_gmt":"2014-11-11T02:55:19","slug":"play-station-4-nuevos-lanzamientos","status":"publish","type":"page","link":"https:\/\/blog.espol.edu.ec\/dbustos\/play-station-4-nuevos-lanzamientos\/","title":{"rendered":"PlayStation 4 (Nuevos lanzamientos)"},"content":{"rendered":"<p><strong>Diablo III<\/strong><\/p>\n<p>Diablo III es un videojuego de rol de acci\u00f3n, desarrollado por Blizzard Entertainment. Es la continuaci\u00f3n de Diablo II y la tercera parte de la serie Diablo. Su tema central es la fantas\u00eda oscura y terror\u00edfica. Diablo III tiene un estilo similar a su predecesor, Diablo II. mientras que mantiene muy pocos elementos del Diablo original. Diablo III se enfoca en el juego cooperativo o en equipo. En el modo cooperativo multijugador las partidas tendr\u00e1n una capacidad m\u00e1xima de 4 jugadores, a diferencia que en Diablo II eran 8.<\/p>\n<p><a href=\"http:\/\/blog.espol.edu.ec\/dbustos\/files\/2014\/11\/images.jpg\"><img loading=\"lazy\" decoding=\"async\" src=\"http:\/\/blog.espol.edu.ec\/dbustos\/files\/2014\/11\/images.jpg\" alt=\"images\" width=\"300\" height=\"168\" class=\"alignnone size-full wp-image-81\" \/><\/a><\/p>\n<p><iframe loading=\"lazy\" width=\"560\" height=\"315\" src=\"\/\/www.youtube.com\/embed\/bckCJC6ZiCQ\" frameborder=\"0\" allowfullscreen><\/iframe><br \/>\n<strong>Metro Redux<\/strong><\/p>\n<p>Metro Redux es un remasterizado de las 2 anteriores entregas, Metro Last Light y Metro 2033.<br \/>\nEl protagonista es el joven Artyom, un soldado ruso que se ve inmerso en una odisea postapocal\u00edptica que tiene lugar en Mosc\u00fa. Despu\u00e9s de una tragedia nuclear dicha zona ha quedado completamente desolada, y los escasos supervivientes se han visto obligados a vivir encerrados en la l\u00ednea de Metro de la ciudad... la cual muestra un aspecto desangelado.<br \/>\nLa pobreza, las guerras internas, la depresi\u00f3n social y la escasez de alimentos y recursos son la norma habitual de la rutina de cada hombre y mujer que se da cita en la aventura. Y lo peor de todo es que sobre la superficie arrasada las cosas son a\u00fan peores, ya que adem\u00e1s de la mortal radiaci\u00f3n un peligro mayor acecha sobre la misma: los Oscuros. Estas bestias \u00fanicamente parecen vivir para dar caza de forma feroz a los escasos seres humanos que siguen con vida, siendo un aut\u00e9ntico suicidio pasear por la superficie sin un buen arsenal a cuestas.<\/p>\n<p><a href=\"http:\/\/www.3djuegos.com\/juegos\/analisis\/18949\/0\/metro-redux\/\" target=\"_blank\">Seguir leyendo.<\/a><\/p>\n<p><a href=\"http:\/\/blog.espol.edu.ec\/dbustos\/files\/2014\/11\/descarga1.jpg\"><img loading=\"lazy\" decoding=\"async\" src=\"http:\/\/blog.espol.edu.ec\/dbustos\/files\/2014\/11\/descarga1.jpg\" alt=\"descarga\" width=\"282\" height=\"179\" class=\"alignnone size-full wp-image-82\" \/><\/a><\/p>\n<p><iframe loading=\"lazy\" width=\"560\" height=\"315\" src=\"\/\/www.youtube.com\/embed\/eKrf97qljs4\" frameborder=\"0\" allowfullscreen><\/iframe><\/p>\n<p><strong>InFamous: Second Son<\/strong><\/p>\n<p>En las calles de Seattle, Estados Unidos, se encuentran graffitis, luces de ne\u00f3n y neblina. PlayStation 4 ha dado vida a uno de los mejores juegos de la nueva generaci\u00f3n de videojuegos, nada m\u00e1s y nada menos que InFamous: second son. Es la mayor producci\u00f3n de Sucker Punch que nos incluye varias cosas, entre ellos, el frenes\u00ed.<\/p>\n<p><a href=\"http:\/\/blog.espol.edu.ec\/dbustos\/files\/2014\/11\/images1.jpg\"><img loading=\"lazy\" decoding=\"async\" src=\"http:\/\/blog.espol.edu.ec\/dbustos\/files\/2014\/11\/images1-300x156.jpg\" alt=\"images\" width=\"300\" height=\"156\" class=\"alignnone size-medium wp-image-88\" srcset=\"https:\/\/blog.espol.edu.ec\/dbustos\/files\/2014\/11\/images1-300x156.jpg 300w, https:\/\/blog.espol.edu.ec\/dbustos\/files\/2014\/11\/images1.jpg 310w\" sizes=\"auto, (max-width: 300px) 100vw, 300px\" \/><\/a><\/p>\n<p><iframe loading=\"lazy\" width=\"560\" height=\"315\" src=\"\/\/www.youtube.com\/embed\/MlNfJvFnzc8\" frameborder=\"0\" allowfullscreen><\/iframe><\/p>\n","protected":false},"excerpt":{"rendered":"<p>Diablo III Diablo III es un videojuego de rol de acci\u00f3n, desarrollado por Blizzard Entertainment. Es la continuaci\u00f3n de Diablo II y la tercera parte de la serie Diablo. Su tema central es la fantas\u00eda oscura y terror\u00edfica. Diablo III tiene un estilo similar a su predecesor, Diablo II. mientras que mantiene muy pocos elementos [&hellip;]<\/p>\n","protected":false},"author":9417,"featured_media":0,"parent":0,"menu_order":0,"comment_status":"open","ping_status":"open","template":"","meta":{"footnotes":""},"class_list":["post-46","page","type-page","status-publish","hentry"],"_links":{"self":[{"href":"https:\/\/blog.espol.edu.ec\/dbustos\/wp-json\/wp\/v2\/pages\/46","targetHints":{"allow":["GET"]}}],"collection":[{"href":"https:\/\/blog.espol.edu.ec\/dbustos\/wp-json\/wp\/v2\/pages"}],"about":[{"href":"https:\/\/blog.espol.edu.ec\/dbustos\/wp-json\/wp\/v2\/types\/page"}],"author":[{"embeddable":true,"href":"https:\/\/blog.espol.edu.ec\/dbustos\/wp-json\/wp\/v2\/users\/9417"}],"replies":[{"embeddable":true,"href":"https:\/\/blog.espol.edu.ec\/dbustos\/wp-json\/wp\/v2\/comments?post=46"}],"version-history":[{"count":5,"href":"https:\/\/blog.espol.edu.ec\/dbustos\/wp-json\/wp\/v2\/pages\/46\/revisions"}],"predecessor-version":[{"id":125,"href":"https:\/\/blog.espol.edu.ec\/dbustos\/wp-json\/wp\/v2\/pages\/46\/revisions\/125"}],"wp:attachment":[{"href":"https:\/\/blog.espol.edu.ec\/dbustos\/wp-json\/wp\/v2\/media?parent=46"}],"curies":[{"name":"wp","href":"https:\/\/api.w.org\/{rel}","templated":true}]}}