{"id":48,"date":"2014-11-09T22:27:33","date_gmt":"2014-11-09T22:27:33","guid":{"rendered":"http:\/\/blog.espol.edu.ec\/dbustos\/?page_id=48"},"modified":"2014-11-10T01:57:52","modified_gmt":"2014-11-10T01:57:52","slug":"nintendo-wii","status":"publish","type":"page","link":"https:\/\/blog.espol.edu.ec\/dbustos\/nintendo-wii\/","title":{"rendered":"Nintendo Wii"},"content":{"rendered":"<p>La consola Nintendo Wii fue la m\u00e1s exitosa, en ventas, de su generaci\u00f3n, ya que tra\u00eda consigo buenos juegos y tambi\u00e9n incluy\u00f3 el Wii Remote y el Nunchuck, para asi dar mayor jugabilidad. Juegos como Super Smash Bros Brawl, New Super Mario World, Mario Kart, entre otros, fueron los que llevaron a la Nintendo Wii a ocupar el lugar en el que estuvo alguna vez, sin mencionar su compatibilidad con juegos de la generaci\u00f3n anterior, como lo es la Nintendo Game Cube. <\/p>\n<p><a href=\"http:\/\/blog.espol.edu.ec\/dbustos\/files\/2014\/11\/descarga3.jpg\"><img loading=\"lazy\" decoding=\"async\" src=\"http:\/\/blog.espol.edu.ec\/dbustos\/files\/2014\/11\/descarga3.jpg\" alt=\"descarga\" width=\"257\" height=\"196\" class=\"alignnone size-full wp-image-91\" \/><\/a><\/p>\n","protected":false},"excerpt":{"rendered":"<p>La consola Nintendo Wii fue la m\u00e1s exitosa, en ventas, de su generaci\u00f3n, ya que tra\u00eda consigo buenos juegos y tambi\u00e9n incluy\u00f3 el Wii Remote y el Nunchuck, para asi dar mayor jugabilidad. Juegos como Super Smash Bros Brawl, New Super Mario World, Mario Kart, entre otros, fueron los que llevaron a la Nintendo Wii [&hellip;]<\/p>\n","protected":false},"author":9417,"featured_media":0,"parent":0,"menu_order":0,"comment_status":"open","ping_status":"open","template":"","meta":{"footnotes":""},"class_list":["post-48","page","type-page","status-publish","hentry"],"_links":{"self":[{"href":"https:\/\/blog.espol.edu.ec\/dbustos\/wp-json\/wp\/v2\/pages\/48","targetHints":{"allow":["GET"]}}],"collection":[{"href":"https:\/\/blog.espol.edu.ec\/dbustos\/wp-json\/wp\/v2\/pages"}],"about":[{"href":"https:\/\/blog.espol.edu.ec\/dbustos\/wp-json\/wp\/v2\/types\/page"}],"author":[{"embeddable":true,"href":"https:\/\/blog.espol.edu.ec\/dbustos\/wp-json\/wp\/v2\/users\/9417"}],"replies":[{"embeddable":true,"href":"https:\/\/blog.espol.edu.ec\/dbustos\/wp-json\/wp\/v2\/comments?post=48"}],"version-history":[{"count":3,"href":"https:\/\/blog.espol.edu.ec\/dbustos\/wp-json\/wp\/v2\/pages\/48\/revisions"}],"predecessor-version":[{"id":92,"href":"https:\/\/blog.espol.edu.ec\/dbustos\/wp-json\/wp\/v2\/pages\/48\/revisions\/92"}],"wp:attachment":[{"href":"https:\/\/blog.espol.edu.ec\/dbustos\/wp-json\/wp\/v2\/media?parent=48"}],"curies":[{"name":"wp","href":"https:\/\/api.w.org\/{rel}","templated":true}]}}