{"id":50,"date":"2014-11-09T22:29:32","date_gmt":"2014-11-09T22:29:32","guid":{"rendered":"http:\/\/blog.espol.edu.ec\/dbustos\/?page_id=50"},"modified":"2014-11-10T05:28:50","modified_gmt":"2014-11-10T05:28:50","slug":"nintendo-wii-mejores-juegos","status":"publish","type":"page","link":"https:\/\/blog.espol.edu.ec\/dbustos\/nintendo-wii-mejores-juegos\/","title":{"rendered":"Nintendo Wii (Mejores juegos)"},"content":{"rendered":"<p><strong>Super Mario Galaxy 2<\/strong><\/p>\n<p>Super Mario Galaxy 2 es un juego para Nintendo Wii, donde volveremos a ver al carism\u00e1tico fontanero en una nueva aventura. En esta edici\u00f3n se podr\u00e1 jugar con Mario y Yoshi, como en algunas versiones anteriores de Mario Bros. Es la continuaci\u00f3n de Super Mario Galaxy, pero a diferencia de este, Super Mario Galaxy 2 tendr\u00e1 algunas modificaciones. El fin de este juego es conseguir Power Stars para as\u00ed poder derrotar a Bowser y salvar a la princesa Peach. \u00a1Un juego muy divertido y para todas las edades!<\/p>\n<p>Tras su lanzamiento, Super Mario Galaxy 2 recibi\u00f3 cr\u00edticas positivas, y ha sido calificado como uno de los mejores juegos seg\u00fan sitios como Metacritic y GameRankings. El juego es uno de los m\u00e1s vendidos de la consola con 6,36 millones de copias mundiales<\/p>\n<p>M\u00e1s informaci\u00f3n <a href=\"http:\/\/www.supermariogalaxy.com\/es\/\" target=\"_blank\">aqu\u00ed<\/a>.<\/p>\n<p><a href=\"http:\/\/blog.espol.edu.ec\/dbustos\/files\/2014\/11\/descarga4.jpg\"><img loading=\"lazy\" decoding=\"async\" src=\"http:\/\/blog.espol.edu.ec\/dbustos\/files\/2014\/11\/descarga4.jpg\" alt=\"descarga\" width=\"297\" height=\"170\" class=\"alignnone size-full wp-image-97\" \/><\/a><\/p>\n<p><iframe loading=\"lazy\" width=\"560\" height=\"315\" src=\"\/\/www.youtube.com\/embed\/eDX_fY3wDM0\" frameborder=\"0\" allowfullscreen><\/iframe><\/p>\n<p><strong>Mario Kart Wii<\/strong><\/p>\n<p>Mario Kart Wii es la 6ta entrega de Nintendo de esta saga. El juego simplemente se trata de carreras con go karts usando a Mario y a personajes del mundo de Mario Bros, asi como su hermano, Luigi, a la princesa Peach, Daisy, Wario, Waluigi, Donkey Kong, entre otros personajes emblem\u00e1ticos de la serie. La novedad de este juego es que no solo se usaran karts, si no que tambi\u00e9n se utilizar\u00e1n motocicletas. Este es un buen juego para disfrutarlo entre amigos o en familia. 100 % recomendado.<\/p>\n<p><a href=\"http:\/\/blog.espol.edu.ec\/dbustos\/files\/2014\/11\/images2.jpg\"><img loading=\"lazy\" decoding=\"async\" src=\"http:\/\/blog.espol.edu.ec\/dbustos\/files\/2014\/11\/images2.jpg\" alt=\"images\" width=\"251\" height=\"201\" class=\"alignnone size-full wp-image-99\" \/><\/a><\/p>\n<p><iframe loading=\"lazy\" width=\"560\" height=\"315\" src=\"\/\/www.youtube.com\/embed\/PAMIIFOxsJc\" frameborder=\"0\" allowfullscreen><\/iframe><\/p>\n<p><strong>Super Smash Bros Brawl<\/strong><\/p>\n<p>Super Smash Bros Brawl es el tercer juego de la saga de Super Smash Bros, el primer juego fue Super Smash Bros para Nintendo 64 y el segundo fue Super Smash Bros Melee para Nintendo Game Cube. Lo especial que tiene este Smash en diferencia de los otros dos, sin contar la mejora notable en los gr\u00e1ficos, es que se han incluido personajes que no son de Nintendo, los cuales son Solid Snake, de Metal Gear Solid,  Sonic de la serie Sonic the Hedgehog.<br \/>\nEl objetivo principal de este juego es ser el ultimo de pie en una batalla de hasta 4 jugadores por partida, ya sea que se agote la vida de los dem\u00e1s participantes por caer fuera de la plataforma de juego, o ser el que mayor veces haya expulsado de la pantalla a sus oponentes en el tiempo que se ha dado. Tambi\u00e9n a diferencia de las otras 2 entregas anteriores, este juego tiene modo historia, donde se podr\u00e1n desbloquear nuevos personajes. <\/p>\n<p><a href=\"http:\/\/blog.espol.edu.ec\/dbustos\/files\/2014\/11\/descarga5.jpg\"><img loading=\"lazy\" decoding=\"async\" src=\"http:\/\/blog.espol.edu.ec\/dbustos\/files\/2014\/11\/descarga5.jpg\" alt=\"descarga\" width=\"259\" height=\"194\" class=\"alignnone size-full wp-image-100\" \/><\/a><\/p>\n<p><a href=\"http:\/\/blog.espol.edu.ec\/dbustos\/files\/2014\/11\/images3.jpg\"><img loading=\"lazy\" decoding=\"async\" src=\"http:\/\/blog.espol.edu.ec\/dbustos\/files\/2014\/11\/images3-300x152.jpg\" alt=\"images\" width=\"300\" height=\"152\" class=\"alignnone size-medium wp-image-101\" srcset=\"https:\/\/blog.espol.edu.ec\/dbustos\/files\/2014\/11\/images3-300x152.jpg 300w, https:\/\/blog.espol.edu.ec\/dbustos\/files\/2014\/11\/images3.jpg 315w\" sizes=\"auto, (max-width: 300px) 100vw, 300px\" \/><\/a><\/p>\n<p><iframe loading=\"lazy\" width=\"560\" height=\"315\" src=\"\/\/www.youtube.com\/embed\/PbetJKOQB7k\" frameborder=\"0\" allowfullscreen><\/iframe><\/p>\n<p><strong>The Legend of Zelda: Skyward Sword<\/strong><\/p>\n<p>The Legend of Zelda: Skyward Sword es un juego para Nintendo Wii, donde solo se podr\u00e1 jugar \u00fanicamente usando el <a href=\"http:\/\/en.wikipedia.org\/wiki\/Wii_MotionPlus#mediaviewer\/File:Wiimote-with-Motionplus-Attach.jpg\" target=\"_blank\">Wii Motion Plus<\/a>.<br \/>\nLa historia es el comienzo de todos los The Legend of Zelda. Nos cuenta como el personaje principal que puede tener nuestro nombre, o como se lo conoce en Super Smash Bros, Link, se convierte en el h\u00e9roe legendario, el origen de la Master Sword y por qu\u00e9 siempre habr\u00e1 un nuevo h\u00e9roe en las diferentes \u00e9pocas. Un juego muy bueno para los amantes de la acci\u00f3n-aventura. Y m\u00e1s a\u00fan para los fan\u00e1ticos de Zelda.<\/p>\n<p><a href=\"http:\/\/blog.espol.edu.ec\/dbustos\/files\/2014\/11\/the-legend-of-zelda-skyward-sword-_1.jpg\"><img loading=\"lazy\" decoding=\"async\" src=\"http:\/\/blog.espol.edu.ec\/dbustos\/files\/2014\/11\/the-legend-of-zelda-skyward-sword-_1-300x168.jpg\" alt=\"the-legend-of-zelda-skyward-sword-_1\" width=\"300\" height=\"168\" class=\"alignnone size-medium wp-image-102\" srcset=\"https:\/\/blog.espol.edu.ec\/dbustos\/files\/2014\/11\/the-legend-of-zelda-skyward-sword-_1-300x168.jpg 300w, https:\/\/blog.espol.edu.ec\/dbustos\/files\/2014\/11\/the-legend-of-zelda-skyward-sword-_1-1024x575.jpg 1024w, https:\/\/blog.espol.edu.ec\/dbustos\/files\/2014\/11\/the-legend-of-zelda-skyward-sword-_1.jpg 1280w\" sizes=\"auto, (max-width: 300px) 100vw, 300px\" \/><\/a><\/p>\n<p><a href=\"http:\/\/blog.espol.edu.ec\/dbustos\/files\/2014\/11\/Zelda-Skyward-Sword-001.jpg\"><img loading=\"lazy\" decoding=\"async\" src=\"http:\/\/blog.espol.edu.ec\/dbustos\/files\/2014\/11\/Zelda-Skyward-Sword-001-300x168.jpg\" alt=\"Zelda-Skyward-Sword-001\" width=\"300\" height=\"168\" class=\"alignnone size-medium wp-image-103\" srcset=\"https:\/\/blog.espol.edu.ec\/dbustos\/files\/2014\/11\/Zelda-Skyward-Sword-001-300x168.jpg 300w, https:\/\/blog.espol.edu.ec\/dbustos\/files\/2014\/11\/Zelda-Skyward-Sword-001.jpg 480w\" sizes=\"auto, (max-width: 300px) 100vw, 300px\" \/><\/a><\/p>\n<p><iframe loading=\"lazy\" width=\"560\" height=\"315\" src=\"\/\/www.youtube.com\/embed\/8Zm1tLH1Oks\" frameborder=\"0\" allowfullscreen><\/iframe><\/p>\n","protected":false},"excerpt":{"rendered":"<p>Super Mario Galaxy 2 Super Mario Galaxy 2 es un juego para Nintendo Wii, donde volveremos a ver al carism\u00e1tico fontanero en una nueva aventura. En esta edici\u00f3n se podr\u00e1 jugar con Mario y Yoshi, como en algunas versiones anteriores de Mario Bros. Es la continuaci\u00f3n de Super Mario Galaxy, pero a diferencia de este, [&hellip;]<\/p>\n","protected":false},"author":9417,"featured_media":0,"parent":0,"menu_order":0,"comment_status":"open","ping_status":"open","template":"","meta":{"footnotes":""},"class_list":["post-50","page","type-page","status-publish","hentry"],"_links":{"self":[{"href":"https:\/\/blog.espol.edu.ec\/dbustos\/wp-json\/wp\/v2\/pages\/50","targetHints":{"allow":["GET"]}}],"collection":[{"href":"https:\/\/blog.espol.edu.ec\/dbustos\/wp-json\/wp\/v2\/pages"}],"about":[{"href":"https:\/\/blog.espol.edu.ec\/dbustos\/wp-json\/wp\/v2\/types\/page"}],"author":[{"embeddable":true,"href":"https:\/\/blog.espol.edu.ec\/dbustos\/wp-json\/wp\/v2\/users\/9417"}],"replies":[{"embeddable":true,"href":"https:\/\/blog.espol.edu.ec\/dbustos\/wp-json\/wp\/v2\/comments?post=50"}],"version-history":[{"count":4,"href":"https:\/\/blog.espol.edu.ec\/dbustos\/wp-json\/wp\/v2\/pages\/50\/revisions"}],"predecessor-version":[{"id":104,"href":"https:\/\/blog.espol.edu.ec\/dbustos\/wp-json\/wp\/v2\/pages\/50\/revisions\/104"}],"wp:attachment":[{"href":"https:\/\/blog.espol.edu.ec\/dbustos\/wp-json\/wp\/v2\/media?parent=50"}],"curies":[{"name":"wp","href":"https:\/\/api.w.org\/{rel}","templated":true}]}}