{"id":54,"date":"2014-11-09T22:30:10","date_gmt":"2014-11-09T22:30:10","guid":{"rendered":"http:\/\/blog.espol.edu.ec\/dbustos\/?page_id=54"},"modified":"2014-11-11T02:53:07","modified_gmt":"2014-11-11T02:53:07","slug":"nintendo-wii-u-nuevos-lanzamientos","status":"publish","type":"page","link":"https:\/\/blog.espol.edu.ec\/dbustos\/nintendo-wii-u-nuevos-lanzamientos\/","title":{"rendered":"Nintendo Wii U (Nuevos lanzamientos)"},"content":{"rendered":"<p><strong>Mario Kart 8<\/strong><\/p>\n<p>Mario Kart 8 es una de las nuevas entregas de Nintendo para su consola de la \u00faltima generaci\u00f3n. \u00c9ste t\u00edtulo tiene varias novedades en comparaci\u00f3n con sus predecesores, ya que en este Mario Kart se puede usar un parapente cuando se est\u00e9 volando por los cielos, pero no solo eso, tambi\u00e9n se han agregado descargas, por lo tanto ahora ser\u00e1 posible jugar con Link, de The Legend of Zelda, en Mario Kart.<br \/>\nMario Kart 8 llega a Wii U el 30 de mayo y lleva la serie a una nueva dimensi\u00f3n gracias a las carreras antigravedad, el emocionante juego online y la posibilidad de compartir tus mejores momentos en las carreras con el mundo entero.<\/p>\n<p><a href=\"http:\/\/blog.espol.edu.ec\/dbustos\/files\/2014\/11\/descarga6.jpg\"><img loading=\"lazy\" decoding=\"async\" src=\"http:\/\/blog.espol.edu.ec\/dbustos\/files\/2014\/11\/descarga6.jpg\" alt=\"descarga\" width=\"300\" height=\"168\" class=\"alignnone size-full wp-image-106\" \/><\/a><\/p>\n<p><a href=\"http:\/\/blog.espol.edu.ec\/dbustos\/files\/2014\/11\/images4.jpg\"><img loading=\"lazy\" decoding=\"async\" src=\"http:\/\/blog.espol.edu.ec\/dbustos\/files\/2014\/11\/images4.jpg\" alt=\"images\" width=\"300\" height=\"168\" class=\"alignnone size-medium wp-image-107\" \/><\/a><\/p>\n<p><a href=\"http:\/\/blog.espol.edu.ec\/dbustos\/files\/2014\/11\/link.jpg\"><img loading=\"lazy\" decoding=\"async\" src=\"http:\/\/blog.espol.edu.ec\/dbustos\/files\/2014\/11\/link-300x168.jpg\" alt=\"link\" width=\"300\" height=\"168\" class=\"alignnone size-medium wp-image-108\" srcset=\"https:\/\/blog.espol.edu.ec\/dbustos\/files\/2014\/11\/link-300x168.jpg 300w, https:\/\/blog.espol.edu.ec\/dbustos\/files\/2014\/11\/link.jpg 636w\" sizes=\"auto, (max-width: 300px) 100vw, 300px\" \/><\/a><\/p>\n<p><a href=\"http:\/\/blog.espol.edu.ec\/dbustos\/files\/2014\/11\/Mario-KArt-8.jpg\"><img loading=\"lazy\" decoding=\"async\" src=\"http:\/\/blog.espol.edu.ec\/dbustos\/files\/2014\/11\/Mario-KArt-8-300x168.jpg\" alt=\"Mario-KArt-8\" width=\"300\" height=\"168\" class=\"alignnone size-medium wp-image-109\" srcset=\"https:\/\/blog.espol.edu.ec\/dbustos\/files\/2014\/11\/Mario-KArt-8-300x168.jpg 300w, https:\/\/blog.espol.edu.ec\/dbustos\/files\/2014\/11\/Mario-KArt-8-1024x576.jpg 1024w, https:\/\/blog.espol.edu.ec\/dbustos\/files\/2014\/11\/Mario-KArt-8.jpg 1500w\" sizes=\"auto, (max-width: 300px) 100vw, 300px\" \/><\/a><\/p>\n<p><iframe loading=\"lazy\" width=\"560\" height=\"315\" src=\"\/\/www.youtube.com\/embed\/NA6CAgv6p6g\" frameborder=\"0\" allowfullscreen><\/iframe><\/p>\n<p><strong>Super Mario 3D World<\/strong><\/p>\n<p>Super Mario 3D World es la nueva entrega de Nintendo con el divertido personaje de Mario. En este juego, a diferencia de los anteriores Super Mario, se podr\u00e1 no solo ser Mario o Luigi, tambi\u00e9n se podr\u00e1 escoger ser la princesa Peach y Toad. Esto no es toda la innovaci\u00f3n de \u00e9sta nueva entrega, sino, tambi\u00e9n se podr\u00e1 usar nuevos items, como lo es el item que har\u00e1 de cualquier personaje un gato. El enemigo principal ser\u00e1 Bowser, y tendr\u00e1s que vencerlo para poder terminar el juego.<br \/>\nM\u00e1s informaci\u00f3n acerca de la historia, multijugador, etc, en la p\u00e1gina oficial de<a href=\"https:\/\/www.nintendo.es\/Juegos\/Wii-U\/SUPER-MARIO-3D-WORLD-765385.html\" target=\"_blank\"> Nintendo<\/a>.<\/p>\n<p><a href=\"http:\/\/blog.espol.edu.ec\/dbustos\/files\/2014\/11\/descarga-11.jpg\"><img loading=\"lazy\" decoding=\"async\" src=\"http:\/\/blog.espol.edu.ec\/dbustos\/files\/2014\/11\/descarga-11.jpg\" alt=\"descarga (1)\" width=\"294\" height=\"172\" class=\"alignnone size-full wp-image-110\" \/><\/a><\/p>\n<p><a href=\"http:\/\/blog.espol.edu.ec\/dbustos\/files\/2014\/11\/images-1.jpg\"><img loading=\"lazy\" decoding=\"async\" src=\"http:\/\/blog.espol.edu.ec\/dbustos\/files\/2014\/11\/images-1.jpg\" alt=\"images (1)\" width=\"251\" height=\"201\" class=\"alignnone size-medium wp-image-111\" \/><\/a><\/p>\n<p><a href=\"http:\/\/blog.espol.edu.ec\/dbustos\/files\/2014\/11\/images5.jpg\"><img loading=\"lazy\" decoding=\"async\" src=\"http:\/\/blog.espol.edu.ec\/dbustos\/files\/2014\/11\/images5.jpg\" alt=\"images\" width=\"300\" height=\"168\" class=\"alignnone size-medium wp-image-112\" \/><\/a><\/p>\n<p><a href=\"http:\/\/blog.espol.edu.ec\/dbustos\/files\/2014\/11\/wiiusupermarioscrn03e3.jpg\"><img loading=\"lazy\" decoding=\"async\" src=\"http:\/\/blog.espol.edu.ec\/dbustos\/files\/2014\/11\/wiiusupermarioscrn03e3-300x168.jpg\" alt=\"wiiusupermarioscrn03e3\" width=\"300\" height=\"168\" class=\"alignnone size-medium wp-image-113\" srcset=\"https:\/\/blog.espol.edu.ec\/dbustos\/files\/2014\/11\/wiiusupermarioscrn03e3-300x168.jpg 300w, https:\/\/blog.espol.edu.ec\/dbustos\/files\/2014\/11\/wiiusupermarioscrn03e3.jpg 619w\" sizes=\"auto, (max-width: 300px) 100vw, 300px\" \/><\/a><\/p>\n<p><iframe loading=\"lazy\" width=\"560\" height=\"315\" src=\"\/\/www.youtube.com\/embed\/PwwjcfgTksU\" frameborder=\"0\" allowfullscreen><\/iframe><\/p>\n<p><strong>Super Smash Bros Wii U<\/strong><\/p>\n<p>Por ahora no se tiene mucha informaci\u00f3n acerca de esta nueva entrega de Super Smash Bros, pero lo que si se tiene seguro es que habr\u00e1n diversos y nuevos personajes, como lo son Megaman, Charizard (por si solo, a diferencia de Super Smash Bros Brawl, que se ve como Pokemon Trainer.) tambi\u00e9n estar\u00e1 Mewtwo, Lucario y Pacman!.<br \/>\nSu fecha de lanzamiento, seg\u00fan la p\u00e1gina oficial ser\u00e1 el 28\/11\/2014.<br \/>\nM\u00e1s informaci\u00f3n acerca de los personajes, visita la <a href=\"http:\/\/www.smashbros.com\/es\/\" target=\"_blank\">p\u00e1gina oficial<\/a>.<\/p>\n<p><a href=\"http:\/\/blog.espol.edu.ec\/dbustos\/files\/2014\/11\/630x.jpg\"><img loading=\"lazy\" decoding=\"async\" src=\"http:\/\/blog.espol.edu.ec\/dbustos\/files\/2014\/11\/630x-300x168.jpg\" alt=\"630x\" width=\"300\" height=\"168\" class=\"alignnone size-medium wp-image-115\" srcset=\"https:\/\/blog.espol.edu.ec\/dbustos\/files\/2014\/11\/630x-300x168.jpg 300w, https:\/\/blog.espol.edu.ec\/dbustos\/files\/2014\/11\/630x.jpg 630w\" sizes=\"auto, (max-width: 300px) 100vw, 300px\" \/><\/a><br \/>\n<a href=\"http:\/\/blog.espol.edu.ec\/dbustos\/files\/2014\/11\/descarga7.jpg\"><img loading=\"lazy\" decoding=\"async\" src=\"http:\/\/blog.espol.edu.ec\/dbustos\/files\/2014\/11\/descarga7.jpg\" alt=\"descarga\" width=\"298\" height=\"169\" class=\"alignnone size-medium wp-image-116\" \/><\/a><br \/>\n<a href=\"http:\/\/blog.espol.edu.ec\/dbustos\/files\/2014\/11\/WiiU_SmashBros_scrnNew02_06_E3.jpg\"><img loading=\"lazy\" decoding=\"async\" src=\"http:\/\/blog.espol.edu.ec\/dbustos\/files\/2014\/11\/WiiU_SmashBros_scrnNew02_06_E3-300x168.jpg\" alt=\"WiiU_SmashBros_scrnNew02_06_E3\" width=\"300\" height=\"168\" class=\"alignnone size-medium wp-image-117\" srcset=\"https:\/\/blog.espol.edu.ec\/dbustos\/files\/2014\/11\/WiiU_SmashBros_scrnNew02_06_E3-300x168.jpg 300w, https:\/\/blog.espol.edu.ec\/dbustos\/files\/2014\/11\/WiiU_SmashBros_scrnNew02_06_E3-1024x576.jpg 1024w, https:\/\/blog.espol.edu.ec\/dbustos\/files\/2014\/11\/WiiU_SmashBros_scrnNew02_06_E3.jpg 1280w\" sizes=\"auto, (max-width: 300px) 100vw, 300px\" \/><\/a><br \/>\n<a href=\"http:\/\/blog.espol.edu.ec\/dbustos\/files\/2014\/11\/zlCfzSCqgRoNzlmoU0-656x3691.jpg\"><img loading=\"lazy\" decoding=\"async\" src=\"http:\/\/blog.espol.edu.ec\/dbustos\/files\/2014\/11\/zlCfzSCqgRoNzlmoU0-656x3691-300x133.jpg\" alt=\"zlCfzSCqgRoNzlmoU0-656x3691\" width=\"300\" height=\"133\" class=\"alignnone size-medium wp-image-118\" srcset=\"https:\/\/blog.espol.edu.ec\/dbustos\/files\/2014\/11\/zlCfzSCqgRoNzlmoU0-656x3691-300x133.jpg 300w, https:\/\/blog.espol.edu.ec\/dbustos\/files\/2014\/11\/zlCfzSCqgRoNzlmoU0-656x3691.jpg 625w\" sizes=\"auto, (max-width: 300px) 100vw, 300px\" \/><\/a><\/p>\n<p><iframe loading=\"lazy\" width=\"560\" height=\"315\" src=\"\/\/www.youtube.com\/embed\/JV5nH1kToa8\" frameborder=\"0\" allowfullscreen><\/iframe><\/p>\n<p><strong>Zelda Hyrule Warriors<\/strong><\/p>\n<p>Esta nueva entrega no tiene ning\u00fan tipo de relaci\u00f3n con The Legend of Zelda, m\u00e1s bien es un <a href=\"http:\/\/es.wikipedia.org\/wiki\/Serie_derivada\" target=\"_blank\">spin-off <\/a>de la serie <a href=\"http:\/\/es.wikipedia.org\/wiki\/Dynasty_Warriors\">Dynasty Warriors<\/a>. Se agrega un nuevo personaje, Lana, una hechicera. A diferencia de lo que nos tiene acostumbrados La Leyenda de Zelda, en este juegos no habr\u00e1n puzzles, m\u00e1s bien, lo \u00fanico que se tendr\u00e1 que hacer es completar misiones derrotando enemigos de Zelda. Un buen juego para pasar el rato, y compatible en modo multijugador.<\/p>\n<p><a href=\"http:\/\/blog.espol.edu.ec\/dbustos\/files\/2014\/11\/2538375-hyrule1.jpg\"><img loading=\"lazy\" decoding=\"async\" src=\"http:\/\/blog.espol.edu.ec\/dbustos\/files\/2014\/11\/2538375-hyrule1-300x168.jpg\" alt=\"2538375-hyrule1\" width=\"300\" height=\"168\" class=\"alignnone size-medium wp-image-120\" srcset=\"https:\/\/blog.espol.edu.ec\/dbustos\/files\/2014\/11\/2538375-hyrule1-300x168.jpg 300w, https:\/\/blog.espol.edu.ec\/dbustos\/files\/2014\/11\/2538375-hyrule1.jpg 800w\" sizes=\"auto, (max-width: 300px) 100vw, 300px\" \/><\/a><\/p>\n<p><a href=\"http:\/\/blog.espol.edu.ec\/dbustos\/files\/2014\/11\/gal_42.jpg\"><img loading=\"lazy\" decoding=\"async\" src=\"http:\/\/blog.espol.edu.ec\/dbustos\/files\/2014\/11\/gal_42-300x168.jpg\" alt=\"gal_42\" width=\"300\" height=\"168\" class=\"alignnone size-medium wp-image-121\" srcset=\"https:\/\/blog.espol.edu.ec\/dbustos\/files\/2014\/11\/gal_42-300x168.jpg 300w, https:\/\/blog.espol.edu.ec\/dbustos\/files\/2014\/11\/gal_42.jpg 800w\" sizes=\"auto, (max-width: 300px) 100vw, 300px\" \/><\/a><\/p>\n<p><a href=\"http:\/\/blog.espol.edu.ec\/dbustos\/files\/2014\/11\/hyrule_warriors_lana.jpg\"><img loading=\"lazy\" decoding=\"async\" src=\"http:\/\/blog.espol.edu.ec\/dbustos\/files\/2014\/11\/hyrule_warriors_lana-300x168.jpg\" alt=\"hyrule_warriors_lana\" width=\"300\" height=\"168\" class=\"alignnone size-medium wp-image-122\" srcset=\"https:\/\/blog.espol.edu.ec\/dbustos\/files\/2014\/11\/hyrule_warriors_lana-300x168.jpg 300w, https:\/\/blog.espol.edu.ec\/dbustos\/files\/2014\/11\/hyrule_warriors_lana.jpg 636w\" sizes=\"auto, (max-width: 300px) 100vw, 300px\" \/><\/a><\/p>\n<p><a href=\"http:\/\/blog.espol.edu.ec\/dbustos\/files\/2014\/11\/images6.jpg\"><img loading=\"lazy\" decoding=\"async\" src=\"http:\/\/blog.espol.edu.ec\/dbustos\/files\/2014\/11\/images6.jpg\" alt=\"images\" width=\"300\" height=\"168\" class=\"alignnone size-medium wp-image-123\" \/><\/a><\/p>\n<p><iframe loading=\"lazy\" width=\"560\" height=\"315\" src=\"\/\/www.youtube.com\/embed\/z107NbGUIOk\" frameborder=\"0\" allowfullscreen><\/iframe><\/p>\n","protected":false},"excerpt":{"rendered":"<p>Mario Kart 8 Mario Kart 8 es una de las nuevas entregas de Nintendo para su consola de la \u00faltima generaci\u00f3n. \u00c9ste t\u00edtulo tiene varias novedades en comparaci\u00f3n con sus predecesores, ya que en este Mario Kart se puede usar un parapente cuando se est\u00e9 volando por los cielos, pero no solo eso, tambi\u00e9n se [&hellip;]<\/p>\n","protected":false},"author":9417,"featured_media":0,"parent":0,"menu_order":0,"comment_status":"open","ping_status":"open","template":"","meta":{"footnotes":""},"class_list":["post-54","page","type-page","status-publish","hentry"],"_links":{"self":[{"href":"https:\/\/blog.espol.edu.ec\/dbustos\/wp-json\/wp\/v2\/pages\/54","targetHints":{"allow":["GET"]}}],"collection":[{"href":"https:\/\/blog.espol.edu.ec\/dbustos\/wp-json\/wp\/v2\/pages"}],"about":[{"href":"https:\/\/blog.espol.edu.ec\/dbustos\/wp-json\/wp\/v2\/types\/page"}],"author":[{"embeddable":true,"href":"https:\/\/blog.espol.edu.ec\/dbustos\/wp-json\/wp\/v2\/users\/9417"}],"replies":[{"embeddable":true,"href":"https:\/\/blog.espol.edu.ec\/dbustos\/wp-json\/wp\/v2\/comments?post=54"}],"version-history":[{"count":5,"href":"https:\/\/blog.espol.edu.ec\/dbustos\/wp-json\/wp\/v2\/pages\/54\/revisions"}],"predecessor-version":[{"id":124,"href":"https:\/\/blog.espol.edu.ec\/dbustos\/wp-json\/wp\/v2\/pages\/54\/revisions\/124"}],"wp:attachment":[{"href":"https:\/\/blog.espol.edu.ec\/dbustos\/wp-json\/wp\/v2\/media?parent=54"}],"curies":[{"name":"wp","href":"https:\/\/api.w.org\/{rel}","templated":true}]}}