{"id":58,"date":"2014-11-09T22:30:49","date_gmt":"2014-11-09T22:30:49","guid":{"rendered":"http:\/\/blog.espol.edu.ec\/dbustos\/?page_id=58"},"modified":"2014-11-10T00:41:12","modified_gmt":"2014-11-10T00:41:12","slug":"play-station-3-mejores-juegos","status":"publish","type":"page","link":"https:\/\/blog.espol.edu.ec\/dbustos\/play-station-3-mejores-juegos\/","title":{"rendered":"PlayStation 3 (Mejores juegos)"},"content":{"rendered":"<p><strong>God of War 3<\/strong><\/p>\n<p>God of War 3 es la quinta entrega de la saga God of War, y el juego sucesor a God of War y God of War 2. \u00c9ste juego solo est\u00e1 disponible para la <a href=\"http:\/\/es.playstation.com\/ps3\/\" title=\"PS3\" target=\"_blank\">Play Station 3.<\/a><\/p>\n<p>Este juego tiene cierta similitud con sus predecesores. La vista del juego es en 3ra persona, es decir, se juega viendo atr\u00e1s del personaje y no en los ojos de \u00e9l. El jugador controla a Kratos, personaje principal, en una especie de mix entre combate normal y Quick time event. Las armas principales de Kratos son un par de cuchillas de doble cadena conocida como las Espadas del exilio (inicialmente la Hojas de Atenea); mientras el juego progresa, Kratos adquiere nuevas armas: Las garras de Hades, los Cestus de Nemea y el l\u00e1tigo de N\u00e9mesis. <\/p>\n<p>\u00a1Un gran juego para PS3!<\/p>\n<p><a href=\"http:\/\/blog.espol.edu.ec\/dbustos\/files\/2014\/11\/descarga-1.jpg\"><img loading=\"lazy\" decoding=\"async\" src=\"http:\/\/blog.espol.edu.ec\/dbustos\/files\/2014\/11\/descarga-1.jpg\" alt=\"descarga (1)\" width=\"300\" height=\"168\" class=\"alignnone size-full wp-image-66\" \/><\/a><\/p>\n<p><iframe loading=\"lazy\" width=\"560\" height=\"315\" src=\"\/\/www.youtube.com\/embed\/Hiieqlgbn2c\" frameborder=\"0\" allowfullscreen><\/iframe><\/p>\n<p><strong>GTA V<\/strong><\/p>\n<p>GTA V o Grand Theft Auto 5, es la nueva entrega de Rockstar Games. Es un videojuego de acci\u00f3n-aventura, en un mundo completamente abierto, donde el jugador podr\u00e1 hacer varias misiones, as\u00ed como misiones secundarias que tienen o no relaci\u00f3n con la historia principal o as\u00ed mismo con personajes principales o secundarios. GTA V est\u00e1 ambientado en la ciudad de Los Santos, una parodia de Los \u00c1ngeles, California. Es el primer juego de la saga GTA donde se podr\u00e1n ser tres personajes en un mismo juego, los cuales son: Franklin Clinton, un ladr\u00f3n que reci\u00e9n est\u00e1 empezando en el negocio, Michael De Santa, un ex-ladr\u00f3n que quedo en cierto tipo de libertad por haber delatado a sus ex-compa\u00f1eros de crimen y finalmente Trevor Philips, un ex-compa\u00f1ero de Michael, que ahora se dedica al desarrollo y distribuci\u00f3n de \"meth\". Un gran juego, pero eso s\u00ed, para mayores de 18 a\u00f1os.<\/p>\n<p><a href=\"http:\/\/blog.espol.edu.ec\/dbustos\/files\/2014\/11\/618KXe8k7gL._SY300_.jpg\"><img loading=\"lazy\" decoding=\"async\" src=\"http:\/\/blog.espol.edu.ec\/dbustos\/files\/2014\/11\/618KXe8k7gL._SY300_.jpg\" alt=\"618KXe8k7gL._SY300_\" width=\"274\" height=\"184\" class=\"alignnone size-full wp-image-71\" \/><\/a><\/p>\n<p><iframe loading=\"lazy\" width=\"560\" height=\"315\" src=\"\/\/www.youtube.com\/embed\/eLvzEUN0W2c\" frameborder=\"0\" allowfullscreen><\/iframe><\/p>\n<p><strong>The Last of Us<\/strong><\/p>\n<p>The Last of Us es un videojuego \u00fanicamente dise\u00f1ado y distribuido para Play Station 3 y para  Play Station 4. Es un juego tipo <a href=\"http:\/\/es.wikipedia.org\/wiki\/Survival_horror\" title=\"Survival horror\" target=\"_blank\">survival-horror<\/a>. La historia trata acerca de Joel, un padre soltero residente en la ciudad de Austin, Texas, junto con su hija Sarah, de doce a\u00f1os. Un d\u00eda el mundo empieza a caer en caos, causado por un hongo que hace a los humanos unos monstruos tipo zombie. Sarah es herida de gravedad por un soldado y fallece en los brazos de su padre. M\u00e1s tarde el grupo Luci\u00e9rnaga envia a Joel a buscar a Ellie, una ni\u00f1a que es inmune al par\u00e1sito... La historia es completamente envolvente y es mejor dejarlo aqu\u00ed, para que ustedes puedan \"vivir\" la historia. Un gran juego con un impactante final.<\/p>\n<p><a href=\"http:\/\/blog.espol.edu.ec\/dbustos\/files\/2014\/11\/descarga.jpg\"><img loading=\"lazy\" decoding=\"async\" src=\"http:\/\/blog.espol.edu.ec\/dbustos\/files\/2014\/11\/descarga.jpg\" alt=\"descarga\" width=\"300\" height=\"168\" class=\"alignnone size-full wp-image-72\" \/><\/a> <\/p>\n<p><iframe loading=\"lazy\" width=\"560\" height=\"315\" src=\"\/\/www.youtube.com\/embed\/snrhm3BW7CI\" frameborder=\"0\" allowfullscreen><\/iframe><\/p>\n","protected":false},"excerpt":{"rendered":"<p>God of War 3 God of War 3 es la quinta entrega de la saga God of War, y el juego sucesor a God of War y God of War 2. \u00c9ste juego solo est\u00e1 disponible para la Play Station 3. Este juego tiene cierta similitud con sus predecesores. La vista del juego es en [&hellip;]<\/p>\n","protected":false},"author":9417,"featured_media":0,"parent":0,"menu_order":0,"comment_status":"open","ping_status":"open","template":"","meta":{"footnotes":""},"class_list":["post-58","page","type-page","status-publish","hentry"],"_links":{"self":[{"href":"https:\/\/blog.espol.edu.ec\/dbustos\/wp-json\/wp\/v2\/pages\/58","targetHints":{"allow":["GET"]}}],"collection":[{"href":"https:\/\/blog.espol.edu.ec\/dbustos\/wp-json\/wp\/v2\/pages"}],"about":[{"href":"https:\/\/blog.espol.edu.ec\/dbustos\/wp-json\/wp\/v2\/types\/page"}],"author":[{"embeddable":true,"href":"https:\/\/blog.espol.edu.ec\/dbustos\/wp-json\/wp\/v2\/users\/9417"}],"replies":[{"embeddable":true,"href":"https:\/\/blog.espol.edu.ec\/dbustos\/wp-json\/wp\/v2\/comments?post=58"}],"version-history":[{"count":6,"href":"https:\/\/blog.espol.edu.ec\/dbustos\/wp-json\/wp\/v2\/pages\/58\/revisions"}],"predecessor-version":[{"id":84,"href":"https:\/\/blog.espol.edu.ec\/dbustos\/wp-json\/wp\/v2\/pages\/58\/revisions\/84"}],"wp:attachment":[{"href":"https:\/\/blog.espol.edu.ec\/dbustos\/wp-json\/wp\/v2\/media?parent=58"}],"curies":[{"name":"wp","href":"https:\/\/api.w.org\/{rel}","templated":true}]}}