{"id":46,"date":"2014-06-10T15:35:16","date_gmt":"2014-06-10T15:35:16","guid":{"rendered":"http:\/\/blog.espol.edu.ec\/dcaiza\/?page_id=46"},"modified":"2014-06-10T15:35:16","modified_gmt":"2014-06-10T15:35:16","slug":"lenguaje-comun","status":"publish","type":"page","link":"https:\/\/blog.espol.edu.ec\/dcaiza\/lenguaje-comun\/","title":{"rendered":"Lenguaje comun"},"content":{"rendered":"<h1><strong><em>Nomenclatura comun en el deporte<\/em><\/strong><\/h1>\n<p style=\"color: #252525\"><i>Dieta Paleo<\/i>: dieta que se recomienda realizar a los deportistas de Crossfit con el objetivo de mejorar su rendimiento. Se basa en la ingesta de carnes, verduras y frutas y la eliminaci\u00f3n de almidones y az\u00facar, colorantes y conservantes, enlatados, etc.<\/p>\n<p style=\"color: #252525\"><i>Box<\/i>: Lugar de entrenamiento en donde se pr\u00e0cica Crossfit.<\/p>\n<p style=\"color: #252525\"><i>WOD<\/i>: Es el entrenamiento que se realiza cada d\u00eda. Cambia diariamente y nunca es el mismo.<\/p>\n<p style=\"color: #252525\"><i>As RX D<\/i>: Quiere decir que el deportista ha hecho el WOD seg\u00fan el peso y modalidad indicada.<\/p>\n<p style=\"color: #252525\"><i>Scaled<\/i>: significa que el WOD fue adaptado para una persona en particular con un peso u modalidad m\u00e1s sencilla.<\/p>\n<p style=\"color: #252525\"><i>Rm<\/i>: Es la mayor cantidad de peso que el deportista puede levantar en un ejercicio espec\u00edfico. 1rm: Mayor cantidad de peso en una repetici\u00f3n \/ 5rm: Mayor cantidad de peso en cinco repeticiones.<\/p>\n<p style=\"color: #252525\"><i>Hook Grip<\/i>: Agarre de pesas en el cual se coloca el dedo gordo alrededor de la barra, pisando con el \u00edndice y el mayor el mismo con el objetivo de evitar la ca\u00edda de la barra.<\/p>\n<p style=\"color: #252525\"><i>Kettlebell(kb)<\/i>: Pesa de origen ruso en forma de bola que tiene una manija para agarrar. Existen de diferentes pesos y se utilizan para distintos ejercicios como por ejemplo: Swings, Snatch con brazo, Farmer\u2019s Carry, etc.<\/p>\n<p style=\"color: #252525\"><i>D.U<\/i>: manera de saltar la soga en la cual la cuerda pasa dos veces por debajo de los pies en un mismo salto.<\/p>\n<p style=\"color: #252525\"><i>HSPU<\/i>: Hand stand push up. Ejercicio que se realiza haciendo una vertical contra la pared y una flexi\u00f3n de brazos hasta que la cabeza toque el suelo y se vuelve a la posici\u00f3n original.<\/p>\n<p style=\"color: #252525\"><i>OHS<\/i>: Over head squat. Sentadilla realizada mientras los brazos sostienen con un agarre amplio la barra por encima de la cabeza.<\/p>\n<p style=\"color: #252525\"><i>T2B<\/i>: Toes to bar. El deportista se cuelga de una barra y hace llegar las puntas de los pies a la barra.<\/p>\n<p style=\"color: #252525\"><i>Burpees<\/i>:\u00a0Caida controlada donde la posicion inicial es de pie, se realiza un caida controlada hasta que el pecho tope el piso luego se levanta extendiendo la cadera y se termina brincando<\/p>\n<p style=\"color: #252525\"><img decoding=\"async\" src=\"http:\/\/3.bp.blogspot.com\/-q4ENqYp87rI\/U4xub3Z-YmI\/AAAAAAAABuw\/I-4CBxGiymY\/s1600\/burpee-516x312.png\" alt=\"\" \/><\/p>\n<p>&amp;nbsp<\/p>\n","protected":false},"excerpt":{"rendered":"<p>Nomenclatura comun en el deporte Dieta Paleo: dieta que se recomienda realizar a los deportistas de Crossfit con el objetivo de mejorar su rendimiento. Se basa en la ingesta de carnes, verduras y frutas y la eliminaci\u00f3n de almidones y az\u00facar, colorantes y conservantes, enlatados, etc. Box: Lugar de entrenamiento en donde se pr\u00e0cica Crossfit. [&hellip;]<\/p>\n","protected":false},"author":9080,"featured_media":0,"parent":0,"menu_order":0,"comment_status":"open","ping_status":"open","template":"","meta":{"footnotes":""},"class_list":["post-46","page","type-page","status-publish","hentry"],"_links":{"self":[{"href":"https:\/\/blog.espol.edu.ec\/dcaiza\/wp-json\/wp\/v2\/pages\/46","targetHints":{"allow":["GET"]}}],"collection":[{"href":"https:\/\/blog.espol.edu.ec\/dcaiza\/wp-json\/wp\/v2\/pages"}],"about":[{"href":"https:\/\/blog.espol.edu.ec\/dcaiza\/wp-json\/wp\/v2\/types\/page"}],"author":[{"embeddable":true,"href":"https:\/\/blog.espol.edu.ec\/dcaiza\/wp-json\/wp\/v2\/users\/9080"}],"replies":[{"embeddable":true,"href":"https:\/\/blog.espol.edu.ec\/dcaiza\/wp-json\/wp\/v2\/comments?post=46"}],"version-history":[{"count":1,"href":"https:\/\/blog.espol.edu.ec\/dcaiza\/wp-json\/wp\/v2\/pages\/46\/revisions"}],"predecessor-version":[{"id":49,"href":"https:\/\/blog.espol.edu.ec\/dcaiza\/wp-json\/wp\/v2\/pages\/46\/revisions\/49"}],"wp:attachment":[{"href":"https:\/\/blog.espol.edu.ec\/dcaiza\/wp-json\/wp\/v2\/media?parent=46"}],"curies":[{"name":"wp","href":"https:\/\/api.w.org\/{rel}","templated":true}]}}