{"id":2,"date":"2014-05-22T13:07:48","date_gmt":"2014-05-22T13:07:48","guid":{"rendered":"http:\/\/blog.espol.edu.ec\/dcalero\/?page_id=2"},"modified":"2014-07-07T23:33:13","modified_gmt":"2014-07-07T23:33:13","slug":"pagina-ejemplo","status":"publish","type":"page","link":"https:\/\/blog.espol.edu.ec\/dcalero\/pagina-ejemplo\/","title":{"rendered":"DORAMAS COREANOS"},"content":{"rendered":"<p>Los doramas coreanos en la actualidad son muy conocidos por adolescentes tanto hombres como mujeres,en ocasiones personas mayores. Quienes buscan ver otros tipos de dramas a parte de esos t\u00edpicos dramas latinos que repiten la misma historia de siempre.<br \/>\nA partir de estos doramas en los cuales act\u00faan integrantes de bandas de K-POP, es que llegan estos grupos a obtener una mayor audiencia y una mayor cantidad de fans.<br \/>\nAqu\u00ed podremos ver una lista de los mejores doramas que conozco y que se los recomiendo:<\/p>\n<p>1. <a href=\"http:\/\/es.drama.wikia.com\/wiki\/Boys_Before_Flowers\" target=\"_blank\">Boys Before Flowers \/ Casi El Paraiso \/ Los Chicos Son Mejores Que Las Flores<\/a><\/p>\n<p><a href=\"http:\/\/blog.espol.edu.ec\/dcalero\/files\/2014\/05\/boys-over-flowers.jpg\"><img loading=\"lazy\" decoding=\"async\" src=\"http:\/\/blog.espol.edu.ec\/dcalero\/files\/2014\/05\/boys-over-flowers-300x196.jpg\" alt=\"boys over flowers\" width=\"300\" height=\"196\" class=\"aligncenter size-medium wp-image-98\" srcset=\"https:\/\/blog.espol.edu.ec\/dcalero\/files\/2014\/05\/boys-over-flowers-300x196.jpg 300w, https:\/\/blog.espol.edu.ec\/dcalero\/files\/2014\/05\/boys-over-flowers.jpg 621w\" sizes=\"auto, (max-width: 300px) 100vw, 300px\" \/><\/a><\/p>\n<p>Genero: Comedia-Romance-Escolar.<br \/>\nEpisodios: 25.<br \/>\nEs una divertida e intensa historia, de Geum Jan Di una chica pobre que dentra a la escuela Shin Hwa, una escuela para ''Chicos Ricos''. En donde a Jan Di le cuesta encajar, pero ya que es una chica tenas y con una fuerte personalidad logra superar todos los obstaculos que le pone Goo Joon Pyo el heredero de Shin Hwa quien a pasar el tiempo se enamora de Jan Di, pero el no es correspondido ya que a ella le gusta el tranquilo Yoon Ji Ho amigo de la infancia de Joon Pyo. \u00bf Aquien eligira?.<\/p>\n<p>2. <a href=\"http:\/\/es.drama.wikia.com\/wiki\/Playful_Kiss\" target=\"_blank\">Playful Kiss<\/a><\/p>\n<p><a href=\"http:\/\/blog.espol.edu.ec\/dcalero\/files\/2014\/05\/Playful-Kiss.jpg\"><img loading=\"lazy\" decoding=\"async\" src=\"http:\/\/blog.espol.edu.ec\/dcalero\/files\/2014\/05\/Playful-Kiss.jpg\" alt=\"Playful-Kiss\" width=\"300\" height=\"300\" class=\"aligncenter size-full wp-image-95\" srcset=\"https:\/\/blog.espol.edu.ec\/dcalero\/files\/2014\/05\/Playful-Kiss.jpg 300w, https:\/\/blog.espol.edu.ec\/dcalero\/files\/2014\/05\/Playful-Kiss-150x150.jpg 150w\" sizes=\"auto, (max-width: 300px) 100vw, 300px\" \/><\/a><\/p>\n<p>Genero: Comedia- Romance-Escolar.<br \/>\nEpisodios: 16 + 7 especiales.<br \/>\nTrata sobre la historia de Oh Ha Ni una estudiante que esta enamorada de un chico arrogante, egocentico y engreido pero con un hermoso corazon. Oh Ha Ni termina viviendo en la casa de los padres de Baek Seung Jo, ya que casualmente sus padres eran amigos.<\/p>\n<p>3. <a href=\"http:\/\/es.drama.wikia.com\/wiki\/Heartstrings\" target=\"_blank\">Heartstrings \/ Cuerdas Del Corazon<\/a><\/p>\n<p><a href=\"http:\/\/blog.espol.edu.ec\/dcalero\/files\/2014\/05\/heartstrings.jpg\"><img loading=\"lazy\" decoding=\"async\" src=\"http:\/\/blog.espol.edu.ec\/dcalero\/files\/2014\/05\/heartstrings-300x225.jpg\" alt=\"heartstrings\" width=\"300\" height=\"225\" class=\"aligncenter size-medium wp-image-92\" srcset=\"https:\/\/blog.espol.edu.ec\/dcalero\/files\/2014\/05\/heartstrings-300x225.jpg 300w, https:\/\/blog.espol.edu.ec\/dcalero\/files\/2014\/05\/heartstrings.jpg 800w\" sizes=\"auto, (max-width: 300px) 100vw, 300px\" \/><\/a><\/p>\n<p>Genero: Romance-Comedia-Escolar.<br \/>\nEpisodios: 15.<br \/>\nEs la historia de unos univeristarios que asiaten al Instituto de lkmkpkopas Artes de Se\u00fal.<br \/>\nQue se concen ya que Lee Kyu Won, una estudiante de musica tradicional, necesita reunir denero para su profesora y necesita que la banda The Stupid se presente para cantar.<br \/>\nPero el lider Lee Shin no llega y Kyu Won debe cantar. Luego hacen una competencia The Stupid conta musica tradicional y el que pierde tendra que servirle al ganador.<\/p>\n<p>4.<a href=\"http:\/\/es.drama.wikia.com\/wiki\/Lie_To_Me\" target=\"_blank\"> Lie to me \/ Mienteme<\/a><\/p>\n<p><a href=\"http:\/\/blog.espol.edu.ec\/dcalero\/files\/2014\/05\/Lie-to-Me.jpg\"><img loading=\"lazy\" decoding=\"async\" src=\"http:\/\/blog.espol.edu.ec\/dcalero\/files\/2014\/05\/Lie-to-Me-300x225.jpg\" alt=\"Lie-to-Me\" width=\"300\" height=\"225\" class=\"aligncenter size-medium wp-image-93\" srcset=\"https:\/\/blog.espol.edu.ec\/dcalero\/files\/2014\/05\/Lie-to-Me-300x225.jpg 300w, https:\/\/blog.espol.edu.ec\/dcalero\/files\/2014\/05\/Lie-to-Me.jpg 400w\" sizes=\"auto, (max-width: 300px) 100vw, 300px\" \/><\/a><\/p>\n<p>Episodios: 16.<br \/>\nGenero: Comedia-Romance<br \/>\nGong Ah Jung y Hyun Gi Joon mienten sobre su supuesto matrimonio; lo cual, con el tiempo, crear\u00e1 todas las condiciones para que se enamoren mutuamente.<\/p>\n<p>5. <a href=\"http:\/\/es.drama.wikia.com\/wiki\/Personal_Taste\" target=\"_blank\">Personal Taste \/ Preferencias Personales<\/a><\/p>\n<p><a href=\"http:\/\/blog.espol.edu.ec\/dcalero\/files\/2014\/05\/personal-taste.jpg\"><img loading=\"lazy\" decoding=\"async\" src=\"http:\/\/blog.espol.edu.ec\/dcalero\/files\/2014\/05\/personal-taste.jpg\" alt=\"personal taste\" width=\"255\" height=\"198\" class=\"aligncenter size-full wp-image-94\" \/><\/a><\/p>\n<p>Genero: Romance-Comedia.<br \/>\nEpisodios: 16.<br \/>\nPark Gae In es una buena chica, bondadosa e inocente, hija de un arquitecto famoso.Jeon Jin Ho es un arquitecto que necesita conocer a fondo la casa de Gae In por lo que se hace pasar po gay para dentrar a la casa de Gae In. Pero poco a poco se empieza a enamorar de la due\u00f1a de la casa y se siente confundido.<br \/>\n\u00bfcomo solucionara el problema? \u00bf Le dira la verdad a Gae In?<\/p>\n<p>6. <a href=\"http:\/\/es.drama.wikia.com\/wiki\/You're_Beautiful\" target=\"_blank\">You're beautiful \/ Eres Hermosa<\/a><\/p>\n<p><a href=\"http:\/\/blog.espol.edu.ec\/dcalero\/files\/2014\/05\/you-are-beautiful.jpg\"><img loading=\"lazy\" decoding=\"async\" src=\"http:\/\/blog.espol.edu.ec\/dcalero\/files\/2014\/05\/you-are-beautiful-300x169.jpg\" alt=\"you-are-beautiful\" width=\"300\" height=\"169\" class=\"aligncenter size-medium wp-image-99\" srcset=\"https:\/\/blog.espol.edu.ec\/dcalero\/files\/2014\/05\/you-are-beautiful-300x169.jpg 300w, https:\/\/blog.espol.edu.ec\/dcalero\/files\/2014\/05\/you-are-beautiful.jpg 800w\" sizes=\"auto, (max-width: 300px) 100vw, 300px\" \/><\/a><\/p>\n<p>Genero: Comedia-Romance-Musica.<br \/>\nEpisodios: 16.<br \/>\nGo Mi Nyu es una ''Hermana'' en un convento que se debe hacer pasar por su hermano, ya que son muy parecidos y tiene una voz hermosa. Pero el lider de la banda Hwang Tae Kyung se entera de que era una chica y poco a poco la empieza a cuidad y a enamorarse de Mi Nyu.<br \/>\nGo Mi Nyu es una inocente chica y Tae Kyung es un arrogante chico.<\/p>\n<p>7. <a href=\"http:\/\/es.drama.wikia.com\/wiki\/Shining_Inheritance\" target=\"_blank\">Shining Inheritance \/ Sorpresa del destino<\/a><\/p>\n<p><a href=\"http:\/\/blog.espol.edu.ec\/dcalero\/files\/2014\/05\/sorpresas-del-destino.jpg\"><img loading=\"lazy\" decoding=\"async\" src=\"http:\/\/blog.espol.edu.ec\/dcalero\/files\/2014\/05\/sorpresas-del-destino-300x199.jpg\" alt=\"sorpresas del destino\" width=\"300\" height=\"199\" class=\"aligncenter size-medium wp-image-97\" srcset=\"https:\/\/blog.espol.edu.ec\/dcalero\/files\/2014\/05\/sorpresas-del-destino-300x199.jpg 300w, https:\/\/blog.espol.edu.ec\/dcalero\/files\/2014\/05\/sorpresas-del-destino.jpg 716w\" sizes=\"auto, (max-width: 300px) 100vw, 300px\" \/><\/a><\/p>\n<p>Episodios: 28.<br \/>\nGenero: Comedia- Romance.<br \/>\nGo Eun Sung es una chica de buen coraz\u00f3n que tiene todo, una familia feliz y rica. Pero su madrastra Baek Sung Hee al morir su padre le roba todas las propiedades y la fuerza a arregl\u00e1rselas por s\u00ed misma mientras cuida de su hermano autista, Eun Woo, pero de repente este desaparece sin dejar rastro. Cuando la due\u00f1a de una empresa de alimentos, Jang Sook Ja, sufre un accidente y no puede recordar qui\u00e9n es, Eun Sung la recoge sin saber que ella es abuela de Sun Woo Hwan, el culpable de que Eun Sung no pudiera ver por \u00faltima vez a su padre, tras intercambiarse las maletas en el aeropuerto y el jugara con ella para que pudiera recuperar la maleta y sin mas tambien es el culpable de que ella no pudiera comunicarse con su hermano el dia que el desaparece . Por otro lado est\u00e1 su amigo, Jun Se, enamorado de ella, y por otra su hermanastra, Seung Mi, enamorada de Sun Woo Hwan desde la juventud.<br \/>\nSun Woo Hwan es un chico desinteresado en la empresa de su abuela, el desea que en el momento del muerte de su abuela al ser el unico heredero desaparecer la compa\u00f1ia y construir un campo de golf, Al escuchar esto la abuela lo desehereda y deja como a su unica beneficiaria a Go Eun Sun.<\/p>\n<p>Sun Woo Hwan se llena de odio hacia Go Eun Sun pero a la vez de muchos sentimientos que haran que cambien su forma de pensar.<\/p>\n<p>8. <a href=\"http:\/\/es.drama.wikia.com\/wiki\/Flower_Boy_Ramyun_Shop\" target=\"_blank\">Flower Boy Ramyun Shop<\/a><\/p>\n<p><a href=\"http:\/\/blog.espol.edu.ec\/dcalero\/files\/2014\/05\/flower.jpg\"><img loading=\"lazy\" decoding=\"async\" src=\"http:\/\/blog.espol.edu.ec\/dcalero\/files\/2014\/05\/flower-300x161.jpg\" alt=\"flower\" width=\"300\" height=\"161\" class=\"aligncenter size-medium wp-image-90\" srcset=\"https:\/\/blog.espol.edu.ec\/dcalero\/files\/2014\/05\/flower-300x161.jpg 300w, https:\/\/blog.espol.edu.ec\/dcalero\/files\/2014\/05\/flower.jpg 623w\" sizes=\"auto, (max-width: 300px) 100vw, 300px\" \/><\/a><\/p>\n<p>Episodios: 16.<br \/>\nGenero: Comedia- Romance<br \/>\nang Eun Bi es una estudiante de universitaria prepar\u00e1ndose para su examen de servicio civil, con el sue\u00f1o de ser una maestra de secundaria. Ella accidentalmente se encuentra con Cha Chi Soo, un arrogante hijo del conglomerado de alimentos m\u00e1s grande de Corea. Cha Chi Soo parece fr\u00edo, seguro y fascina a las mujeres con su brillante sonrisa. Ambos terminan trabajando en una tienda de ramen regentado por el psomnoliento Choi Kang Hyuk, un famoso chef japon\u00e9s. \u00bfA qui\u00e9n elegir\u00e1 Yang Eun Bi?<\/p>\n<p>9. <a href=\"http:\/\/es.drama.wikia.com\/wiki\/Goong\" target=\"_blank\">Goong \/ Educando a la princesa<\/a><\/p>\n<p><a href=\"http:\/\/blog.espol.edu.ec\/dcalero\/files\/2014\/05\/goong.jpg\"><img loading=\"lazy\" decoding=\"async\" src=\"http:\/\/blog.espol.edu.ec\/dcalero\/files\/2014\/05\/goong-300x171.jpg\" alt=\"goong\" width=\"300\" height=\"171\" class=\"aligncenter size-medium wp-image-91\" srcset=\"https:\/\/blog.espol.edu.ec\/dcalero\/files\/2014\/05\/goong-300x171.jpg 300w, https:\/\/blog.espol.edu.ec\/dcalero\/files\/2014\/05\/goong.jpg 400w\" sizes=\"auto, (max-width: 300px) 100vw, 300px\" \/><\/a><\/p>\n<p>Episodios: 24 + especial<br \/>\nGenero: Comedia- Romance<br \/>\nShin Chae Kyung, una chica espontanea, so\u00f1adora, fuerte, a veces un poco infantil pero con un espiritu dulce. La novia hab\u00eda sido prometida al pr\u00f3ximo pr\u00edncipe heredero por el Viejo Rey, el abuelo de Lee Shin; para su sorpresa los dos estan estudiando en el mismo instituto pero no se llevan muy bien, ademas el Principe Heredero Lee Shin tiene una novia en secreto Min Hyo Rin (Song Ji Hyo) a la que le pidio matrimonio, esta lo rechazo para seguir su sue\u00f1o de convertirse en una bailarina, asi que Lee Shin decide aceptar el matrimonio arreglado por su abuelo.<\/p>\n<p>10. <a href=\"http:\/\/es.drama.wikia.com\/wiki\/Secret_Garden\" target=\"_blank\">Secret Garden \/ Jardin Secreto<\/a><\/p>\n<p><a href=\"http:\/\/blog.espol.edu.ec\/dcalero\/files\/2014\/05\/secret.jpg\"><img loading=\"lazy\" decoding=\"async\" src=\"http:\/\/blog.espol.edu.ec\/dcalero\/files\/2014\/05\/secret-300x159.jpg\" alt=\"secret\" width=\"300\" height=\"159\" class=\"aligncenter size-medium wp-image-96\" srcset=\"https:\/\/blog.espol.edu.ec\/dcalero\/files\/2014\/05\/secret-300x159.jpg 300w, https:\/\/blog.espol.edu.ec\/dcalero\/files\/2014\/05\/secret.jpg 600w\" sizes=\"auto, (max-width: 300px) 100vw, 300px\" \/><\/a><\/p>\n<p>Genero: Comedia-Fantasia-Romance.<br \/>\nEpisodios: 20.<br \/>\nEs la historiade un excentrico director ejecutivo llamado Kim Joo Won de buena aparienci y perfecta reputacion. Gil Ra Im es una humilde doble de accion, Ellos dos se conocen por una confucion, ya que Joo Won estaba buscando a una actriz parecida a Ra Im. Por distintos motivo se mantiene viendo y luego cambian de cuerpo misteriosamente y magicamente. \u00bfPoque habran cambiado de cuerpo?.<\/p>\n","protected":false},"excerpt":{"rendered":"<p>Los doramas coreanos en la actualidad son muy conocidos por adolescentes tanto hombres como mujeres,en ocasiones personas mayores. Quienes buscan ver otros tipos de dramas a parte de esos t\u00edpicos dramas latinos que repiten la misma historia de siempre. A partir de estos doramas en los cuales act\u00faan integrantes de bandas de K-POP, es que [&hellip;]<\/p>\n","protected":false},"author":9082,"featured_media":0,"parent":0,"menu_order":0,"comment_status":"open","ping_status":"open","template":"","meta":{"footnotes":""},"class_list":["post-2","page","type-page","status-publish","hentry"],"_links":{"self":[{"href":"https:\/\/blog.espol.edu.ec\/dcalero\/wp-json\/wp\/v2\/pages\/2","targetHints":{"allow":["GET"]}}],"collection":[{"href":"https:\/\/blog.espol.edu.ec\/dcalero\/wp-json\/wp\/v2\/pages"}],"about":[{"href":"https:\/\/blog.espol.edu.ec\/dcalero\/wp-json\/wp\/v2\/types\/page"}],"author":[{"embeddable":true,"href":"https:\/\/blog.espol.edu.ec\/dcalero\/wp-json\/wp\/v2\/users\/9082"}],"replies":[{"embeddable":true,"href":"https:\/\/blog.espol.edu.ec\/dcalero\/wp-json\/wp\/v2\/comments?post=2"}],"version-history":[{"count":5,"href":"https:\/\/blog.espol.edu.ec\/dcalero\/wp-json\/wp\/v2\/pages\/2\/revisions"}],"predecessor-version":[{"id":100,"href":"https:\/\/blog.espol.edu.ec\/dcalero\/wp-json\/wp\/v2\/pages\/2\/revisions\/100"}],"wp:attachment":[{"href":"https:\/\/blog.espol.edu.ec\/dcalero\/wp-json\/wp\/v2\/media?parent=2"}],"curies":[{"name":"wp","href":"https:\/\/api.w.org\/{rel}","templated":true}]}}