{"id":31,"date":"2014-05-28T23:32:03","date_gmt":"2014-05-28T23:32:03","guid":{"rendered":"http:\/\/blog.espol.edu.ec\/dcalero\/?page_id=31"},"modified":"2014-05-29T00:57:30","modified_gmt":"2014-05-29T00:57:30","slug":"imagenes-con-mensajes","status":"publish","type":"page","link":"https:\/\/blog.espol.edu.ec\/dcalero\/imagenes-con-mensajes\/","title":{"rendered":"IM\u00c1GENES CON MENSAJES"},"content":{"rendered":"<p>En estas im\u00e1genes podr\u00e1n leer mensajes, frases trascendentales dichas en doramas o en las letras de videos musicales<br \/>\n<a href=\"http:\/\/blog.espol.edu.ec\/dcalero\/files\/2014\/05\/4.jpg\"><img loading=\"lazy\" decoding=\"async\" src=\"http:\/\/blog.espol.edu.ec\/dcalero\/files\/2014\/05\/4-300x158.jpg\" alt=\"4\" width=\"300\" height=\"158\" class=\"alignnone size-medium wp-image-32\" srcset=\"https:\/\/blog.espol.edu.ec\/dcalero\/files\/2014\/05\/4-300x158.jpg 300w, https:\/\/blog.espol.edu.ec\/dcalero\/files\/2014\/05\/4.jpg 640w\" sizes=\"auto, (max-width: 300px) 100vw, 300px\" \/><\/a><\/p>\n<p><a href=\"http:\/\/blog.espol.edu.ec\/dcalero\/files\/2014\/05\/5.jpg\"><img loading=\"lazy\" decoding=\"async\" src=\"http:\/\/blog.espol.edu.ec\/dcalero\/files\/2014\/05\/5-300x158.jpg\" alt=\"5\" width=\"300\" height=\"158\" class=\"alignnone size-medium wp-image-33\" srcset=\"https:\/\/blog.espol.edu.ec\/dcalero\/files\/2014\/05\/5-300x158.jpg 300w, https:\/\/blog.espol.edu.ec\/dcalero\/files\/2014\/05\/5.jpg 640w\" sizes=\"auto, (max-width: 300px) 100vw, 300px\" \/><\/a><\/p>\n<p><a href=\"http:\/\/blog.espol.edu.ec\/dcalero\/files\/2014\/05\/6.jpg\"><img loading=\"lazy\" decoding=\"async\" src=\"http:\/\/blog.espol.edu.ec\/dcalero\/files\/2014\/05\/6-300x158.jpg\" alt=\"6\" width=\"300\" height=\"158\" class=\"alignnone size-medium wp-image-34\" srcset=\"https:\/\/blog.espol.edu.ec\/dcalero\/files\/2014\/05\/6-300x158.jpg 300w, https:\/\/blog.espol.edu.ec\/dcalero\/files\/2014\/05\/6.jpg 640w\" sizes=\"auto, (max-width: 300px) 100vw, 300px\" \/><\/a><\/p>\n<p><a href=\"http:\/\/blog.espol.edu.ec\/dcalero\/files\/2014\/05\/7.jpg\"><img loading=\"lazy\" decoding=\"async\" src=\"http:\/\/blog.espol.edu.ec\/dcalero\/files\/2014\/05\/7-300x158.jpg\" alt=\"7\" width=\"300\" height=\"158\" class=\"alignnone size-medium wp-image-35\" srcset=\"https:\/\/blog.espol.edu.ec\/dcalero\/files\/2014\/05\/7-300x158.jpg 300w, https:\/\/blog.espol.edu.ec\/dcalero\/files\/2014\/05\/7.jpg 640w\" sizes=\"auto, (max-width: 300px) 100vw, 300px\" \/><\/a><\/p>\n<p><a href=\"http:\/\/blog.espol.edu.ec\/dcalero\/files\/2014\/05\/8.jpg\"><img loading=\"lazy\" decoding=\"async\" src=\"http:\/\/blog.espol.edu.ec\/dcalero\/files\/2014\/05\/8-300x158.jpg\" alt=\"8\" width=\"300\" height=\"158\" class=\"alignnone size-medium wp-image-36\" srcset=\"https:\/\/blog.espol.edu.ec\/dcalero\/files\/2014\/05\/8-300x158.jpg 300w, https:\/\/blog.espol.edu.ec\/dcalero\/files\/2014\/05\/8.jpg 640w\" sizes=\"auto, (max-width: 300px) 100vw, 300px\" \/><\/a><\/p>\n<p><a href=\"http:\/\/blog.espol.edu.ec\/dcalero\/files\/2014\/05\/9.jpg\"><img loading=\"lazy\" decoding=\"async\" src=\"http:\/\/blog.espol.edu.ec\/dcalero\/files\/2014\/05\/9-300x158.jpg\" alt=\"9\" width=\"300\" height=\"158\" class=\"alignnone size-medium wp-image-37\" srcset=\"https:\/\/blog.espol.edu.ec\/dcalero\/files\/2014\/05\/9-300x158.jpg 300w, https:\/\/blog.espol.edu.ec\/dcalero\/files\/2014\/05\/9.jpg 640w\" sizes=\"auto, (max-width: 300px) 100vw, 300px\" \/><\/a><\/p>\n<p><a href=\"http:\/\/blog.espol.edu.ec\/dcalero\/files\/2014\/05\/10.jpg\"><img loading=\"lazy\" decoding=\"async\" src=\"http:\/\/blog.espol.edu.ec\/dcalero\/files\/2014\/05\/10-300x158.jpg\" alt=\"10\" width=\"300\" height=\"158\" class=\"alignnone size-medium wp-image-38\" srcset=\"https:\/\/blog.espol.edu.ec\/dcalero\/files\/2014\/05\/10-300x158.jpg 300w, https:\/\/blog.espol.edu.ec\/dcalero\/files\/2014\/05\/10.jpg 640w\" sizes=\"auto, (max-width: 300px) 100vw, 300px\" \/><\/a><\/p>\n<p><a href=\"http:\/\/blog.espol.edu.ec\/dcalero\/files\/2014\/05\/11.jpg\"><img loading=\"lazy\" decoding=\"async\" src=\"http:\/\/blog.espol.edu.ec\/dcalero\/files\/2014\/05\/11-300x158.jpg\" alt=\"11\" width=\"300\" height=\"158\" class=\"alignnone size-medium wp-image-39\" srcset=\"https:\/\/blog.espol.edu.ec\/dcalero\/files\/2014\/05\/11-300x158.jpg 300w, https:\/\/blog.espol.edu.ec\/dcalero\/files\/2014\/05\/11.jpg 640w\" sizes=\"auto, (max-width: 300px) 100vw, 300px\" \/><\/a><\/p>\n<p><a href=\"http:\/\/blog.espol.edu.ec\/dcalero\/files\/2014\/05\/12.jpg\"><img loading=\"lazy\" decoding=\"async\" src=\"http:\/\/blog.espol.edu.ec\/dcalero\/files\/2014\/05\/12-300x158.jpg\" alt=\"12\" width=\"300\" height=\"158\" class=\"alignnone size-medium wp-image-40\" srcset=\"https:\/\/blog.espol.edu.ec\/dcalero\/files\/2014\/05\/12-300x158.jpg 300w, https:\/\/blog.espol.edu.ec\/dcalero\/files\/2014\/05\/12.jpg 640w\" sizes=\"auto, (max-width: 300px) 100vw, 300px\" \/><\/a><\/p>\n<p><a href=\"http:\/\/blog.espol.edu.ec\/dcalero\/files\/2014\/05\/13.jpg\"><img loading=\"lazy\" decoding=\"async\" src=\"http:\/\/blog.espol.edu.ec\/dcalero\/files\/2014\/05\/13-300x158.jpg\" alt=\"13\" width=\"300\" height=\"158\" class=\"alignnone size-medium wp-image-41\" srcset=\"https:\/\/blog.espol.edu.ec\/dcalero\/files\/2014\/05\/13-300x158.jpg 300w, https:\/\/blog.espol.edu.ec\/dcalero\/files\/2014\/05\/13.jpg 640w\" sizes=\"auto, (max-width: 300px) 100vw, 300px\" \/><\/a><\/p>\n<p><a href=\"http:\/\/blog.espol.edu.ec\/dcalero\/files\/2014\/05\/14.jpg\"><img loading=\"lazy\" decoding=\"async\" src=\"http:\/\/blog.espol.edu.ec\/dcalero\/files\/2014\/05\/14-300x158.jpg\" alt=\"14\" width=\"300\" height=\"158\" class=\"alignnone size-medium wp-image-42\" srcset=\"https:\/\/blog.espol.edu.ec\/dcalero\/files\/2014\/05\/14-300x158.jpg 300w, https:\/\/blog.espol.edu.ec\/dcalero\/files\/2014\/05\/14.jpg 640w\" sizes=\"auto, (max-width: 300px) 100vw, 300px\" \/><\/a><\/p>\n<p><a href=\"http:\/\/blog.espol.edu.ec\/dcalero\/files\/2014\/05\/15.jpg\"><img loading=\"lazy\" decoding=\"async\" src=\"http:\/\/blog.espol.edu.ec\/dcalero\/files\/2014\/05\/15-300x158.jpg\" alt=\"15\" width=\"300\" height=\"158\" class=\"alignnone size-medium wp-image-43\" srcset=\"https:\/\/blog.espol.edu.ec\/dcalero\/files\/2014\/05\/15-300x158.jpg 300w, https:\/\/blog.espol.edu.ec\/dcalero\/files\/2014\/05\/15.jpg 640w\" sizes=\"auto, (max-width: 300px) 100vw, 300px\" \/><\/a><\/p>\n<p><a href=\"http:\/\/blog.espol.edu.ec\/dcalero\/files\/2014\/05\/16.jpg\"><img loading=\"lazy\" decoding=\"async\" src=\"http:\/\/blog.espol.edu.ec\/dcalero\/files\/2014\/05\/16-300x158.jpg\" alt=\"16\" width=\"300\" height=\"158\" class=\"alignnone size-medium wp-image-44\" srcset=\"https:\/\/blog.espol.edu.ec\/dcalero\/files\/2014\/05\/16-300x158.jpg 300w, https:\/\/blog.espol.edu.ec\/dcalero\/files\/2014\/05\/16.jpg 640w\" sizes=\"auto, (max-width: 300px) 100vw, 300px\" \/><\/a><\/p>\n<p><a href=\"http:\/\/blog.espol.edu.ec\/dcalero\/files\/2014\/05\/17.jpg\"><img loading=\"lazy\" decoding=\"async\" src=\"http:\/\/blog.espol.edu.ec\/dcalero\/files\/2014\/05\/17-300x158.jpg\" alt=\"17\" width=\"300\" height=\"158\" class=\"alignnone size-medium wp-image-45\" srcset=\"https:\/\/blog.espol.edu.ec\/dcalero\/files\/2014\/05\/17-300x158.jpg 300w, https:\/\/blog.espol.edu.ec\/dcalero\/files\/2014\/05\/17.jpg 640w\" sizes=\"auto, (max-width: 300px) 100vw, 300px\" \/><\/a><\/p>\n<p><a href=\"http:\/\/blog.espol.edu.ec\/dcalero\/files\/2014\/05\/18.jpg\"><img loading=\"lazy\" decoding=\"async\" src=\"http:\/\/blog.espol.edu.ec\/dcalero\/files\/2014\/05\/18-300x158.jpg\" alt=\"18\" width=\"300\" height=\"158\" class=\"alignnone size-medium wp-image-46\" srcset=\"https:\/\/blog.espol.edu.ec\/dcalero\/files\/2014\/05\/18-300x158.jpg 300w, https:\/\/blog.espol.edu.ec\/dcalero\/files\/2014\/05\/18.jpg 640w\" sizes=\"auto, (max-width: 300px) 100vw, 300px\" \/><\/a><\/p>\n<p><a href=\"http:\/\/blog.espol.edu.ec\/dcalero\/files\/2014\/05\/19.jpg\"><img loading=\"lazy\" decoding=\"async\" src=\"http:\/\/blog.espol.edu.ec\/dcalero\/files\/2014\/05\/19-300x158.jpg\" alt=\"19\" width=\"300\" height=\"158\" class=\"alignnone size-medium wp-image-47\" srcset=\"https:\/\/blog.espol.edu.ec\/dcalero\/files\/2014\/05\/19-300x158.jpg 300w, https:\/\/blog.espol.edu.ec\/dcalero\/files\/2014\/05\/19.jpg 640w\" sizes=\"auto, (max-width: 300px) 100vw, 300px\" \/><\/a><\/p>\n<p><a href=\"http:\/\/blog.espol.edu.ec\/dcalero\/files\/2014\/05\/2.jpg\"><img loading=\"lazy\" decoding=\"async\" src=\"http:\/\/blog.espol.edu.ec\/dcalero\/files\/2014\/05\/2-300x159.jpg\" alt=\"2\" width=\"300\" height=\"159\" class=\"alignnone size-medium wp-image-48\" srcset=\"https:\/\/blog.espol.edu.ec\/dcalero\/files\/2014\/05\/2-300x159.jpg 300w, https:\/\/blog.espol.edu.ec\/dcalero\/files\/2014\/05\/2-1024x542.jpg 1024w, https:\/\/blog.espol.edu.ec\/dcalero\/files\/2014\/05\/2.jpg 1322w\" sizes=\"auto, (max-width: 300px) 100vw, 300px\" \/><\/a><\/p>\n<p><a href=\"http:\/\/blog.espol.edu.ec\/dcalero\/files\/2014\/05\/3.jpg\"><img loading=\"lazy\" decoding=\"async\" src=\"http:\/\/blog.espol.edu.ec\/dcalero\/files\/2014\/05\/3-300x158.jpg\" alt=\"3\" width=\"300\" height=\"158\" class=\"alignnone size-medium wp-image-49\" srcset=\"https:\/\/blog.espol.edu.ec\/dcalero\/files\/2014\/05\/3-300x158.jpg 300w, https:\/\/blog.espol.edu.ec\/dcalero\/files\/2014\/05\/3.jpg 640w\" sizes=\"auto, (max-width: 300px) 100vw, 300px\" \/><\/a><\/p>\n","protected":false},"excerpt":{"rendered":"<p>En estas im\u00e1genes podr\u00e1n leer mensajes, frases trascendentales dichas en doramas o en las letras de videos musicales<\/p>\n","protected":false},"author":9082,"featured_media":0,"parent":0,"menu_order":0,"comment_status":"open","ping_status":"open","template":"","meta":{"footnotes":""},"class_list":["post-31","page","type-page","status-publish","hentry"],"_links":{"self":[{"href":"https:\/\/blog.espol.edu.ec\/dcalero\/wp-json\/wp\/v2\/pages\/31","targetHints":{"allow":["GET"]}}],"collection":[{"href":"https:\/\/blog.espol.edu.ec\/dcalero\/wp-json\/wp\/v2\/pages"}],"about":[{"href":"https:\/\/blog.espol.edu.ec\/dcalero\/wp-json\/wp\/v2\/types\/page"}],"author":[{"embeddable":true,"href":"https:\/\/blog.espol.edu.ec\/dcalero\/wp-json\/wp\/v2\/users\/9082"}],"replies":[{"embeddable":true,"href":"https:\/\/blog.espol.edu.ec\/dcalero\/wp-json\/wp\/v2\/comments?post=31"}],"version-history":[{"count":4,"href":"https:\/\/blog.espol.edu.ec\/dcalero\/wp-json\/wp\/v2\/pages\/31\/revisions"}],"predecessor-version":[{"id":66,"href":"https:\/\/blog.espol.edu.ec\/dcalero\/wp-json\/wp\/v2\/pages\/31\/revisions\/66"}],"wp:attachment":[{"href":"https:\/\/blog.espol.edu.ec\/dcalero\/wp-json\/wp\/v2\/media?parent=31"}],"curies":[{"name":"wp","href":"https:\/\/api.w.org\/{rel}","templated":true}]}}