{"id":15,"date":"2014-10-31T20:01:00","date_gmt":"2014-10-31T20:01:00","guid":{"rendered":"http:\/\/blog.espol.edu.ec\/ddtorres\/?page_id=15"},"modified":"2014-11-09T04:23:30","modified_gmt":"2014-11-09T04:23:30","slug":"mi-primer-hipervinculo","status":"publish","type":"page","link":"https:\/\/blog.espol.edu.ec\/ddtorres\/mi-primer-hipervinculo\/","title":{"rendered":"Los mejores libros"},"content":{"rendered":"<ol>\n<li><span style=\"color: #4d2121\"><b>L<span style=\"color: #4d2121\">a Biblia<\/span><\/b>.<\/span><\/li>\n<li><span style=\"color: #4d2121\"><b>Cien a\u00f1os de soledad<\/b>, de Gabriel Garc\u00eda M\u00e1rquez.<\/span><\/li>\n<li><span style=\"color: #4d2121\"><b>El se\u00f1or de los anillos<\/b> (Trilog\u00eda), de J. R. R. Tolkien.<\/span><\/li>\n<li><span style=\"color: #4d2121\"><strong>Harry Potter<\/strong> (Saga)\u00a0de J.K. Rowling<\/span><\/li>\n<li><span style=\"color: #4d2121\"><b>1984<\/b>, de George Orwell.<\/span><\/li>\n<li><span style=\"color: #4d2121\"><b>El c\u00f3digo Da Vinci<\/b>, de Dan Brown.<\/span><\/li>\n<li><span style=\"color: #4d2121\"><strong>Hush Hush,\u00a0<\/strong>Becca Fitzpatrick<\/span><\/li>\n<li><span style=\"color: #4d2121\"><b>El amor en los tiempos del c\u00f3lera<\/b>, de Gabriel Garc\u00eda M\u00e1rquez.<\/span><\/li>\n<li><span style=\"color: #4d2121\"><b>Diario<\/b>, de Ana Frank.<\/span><\/li>\n<li><span style=\"color: #4d2121\"><b>Orgullo y prejuicio<\/b>, de Jane Austen.<\/span><\/li>\n<li><span style=\"color: #4d2121\"><b>Crimen y castigo<\/b>, de Fi\u00f3dor Dostoyevski.<\/span><\/li>\n<li><span style=\"color: #4d2121\"><b>Lolita<\/b>, de Vladimir Nabokov.<\/span><\/li>\n<li><span style=\"color: #4d2121\"><b>Ulises<\/b>, de James Joyce.<\/span><\/li>\n<li><span style=\"color: #4d2121\"><b>Madame Bovary<\/b>, de Gustave Flaubert.<\/span><\/li>\n<li><span style=\"color: #4d2121\"><strong>Fallen,\u00a0<\/strong>Lauren Kate<\/span><\/li>\n<li><span style=\"color: #4d2121\"><strong>El Alquimista,\u00a0<\/strong>Paulo Coehlo<\/span><\/li>\n<li><span style=\"color: #4d2121\"><b>La ladrona de libros<\/b>, de Markus Zusak.<\/span><\/li>\n<li><span style=\"color: #4d2121\"><b>Los juegos del hambre<\/b>, de Suzanne Collins.<\/span><\/li>\n<li><span style=\"color: #4d2121\"><b>En busca del tiempo perdido<\/b>, de Marcel Proust.<\/span><\/li>\n<li><span style=\"color: #4d2121\"><b>Don Quijote de la Mancha<\/b>, de Miguel de Cervantes.<\/span><\/li>\n<li><span style=\"color: #4d2121\"><b>La Iliada<\/b>, de Homero.<\/span><\/li>\n<li><span style=\"color: #4d2121\"><b>El retrato de Dorian Gray<\/b>, de Oscar Wilde.<\/span><\/li>\n<li><span style=\"color: #4d2121\"><b>El Principito<\/b>, de Antoine de Saint-Exup\u00e9ry.<\/span><\/li>\n<li><span style=\"color: #4d2121\"><b>El proceso<\/b>, de Franz Kafka.<\/span><\/li>\n<li><span style=\"color: #4d2121\"><strong>Divirgent, <\/strong>Veronica Roth<\/span><\/li>\n<li><span style=\"color: #4d2121\"><b>Hamlet<\/b>, de William Shakespeare<\/span><\/li>\n<li><span style=\"color: #4d2121\"><b>Lo que el viento se llev\u00f3<\/b>, de Margaret Mitchell.<\/span><\/li>\n<li><span style=\"color: #4d2121\"><strong>Bajo la misma estrella,\u00a0<\/strong>John Green<\/span><\/li>\n<li><span style=\"color: #4d2121\"><strong>50 Sombras de Grey,\u00a0<\/strong>E. L. James<\/span><\/li>\n<li><span style=\"color: #4d2121\"><b>La Odisea<\/b>, de Homero.<\/span><\/li>\n<li><span style=\"color: #4d2121\"><strong>The notebook,\u00a0<\/strong>Nicholas Sparks<\/span><\/li>\n<li><span style=\"color: #4d2121\"><b>Las uvas de la ira<\/b>, de John Steinbeck.<\/span><\/li>\n<li><span style=\"color: #4d2121\"><b>El guardi\u00e1n entre el centeno<\/b>, de J. D. Salinger.<\/span><\/li>\n<li><span style=\"color: #4d2121\"><b>El gran Gatsby<\/b>, de F. Scott Fitzgerald.<\/span><\/li>\n<li><span style=\"color: #4d2121\"><b>Mil soles espl\u00e9ndidos<\/b>, de Khaled Hosseini.<\/span><\/li>\n<li><span style=\"color: #4d2121\"><b>Alicia en el pa\u00eds de las maravillas<\/b>, de Lewis Carroll.<\/span><\/li>\n<li><span style=\"color: #4d2121\"><b>Rebeli\u00f3n en la granja<\/b>, de George Orwell.<\/span><\/li>\n<li><span style=\"color: #4d2121\"><b>Los pilares de la tierra<\/b>, de Ken Follett.<\/span><\/li>\n<li><span style=\"color: #4d2121\"><b>Guerra y paz<\/b>, de Le\u00f3n Tolst\u00f3i.<\/span><\/li>\n<li><span style=\"color: #4d2121\"><b>Frankenstein<\/b>, de Mary W. Shelley.<\/span><\/li>\n<li><span style=\"color: #4d2121\"><b>Los viajes de Gulliver<\/b>, de Jonathan Swift.<\/span><\/li>\n<li><span style=\"color: #4d2121\"><b>Matar a un ruise\u00f1or<\/b>, de Harper Lee.<\/span><\/li>\n<li><span style=\"color: #4d2121\"><b>El conde de Montecristo<\/b>, de Alejandro Dumas.<\/span><\/li>\n<li><span style=\"color: #4d2121\"><b>El se\u00f1or de las moscas<\/b>, de William Golding.<\/span><\/li>\n<li><span style=\"color: #4d2121\"><b>Moby Dick<\/b>, de Herman Melville.<\/span><\/li>\n<li><span style=\"color: #4d2121\"><b>Los miserables<\/b>, de Victor Hugo.<\/span><\/li>\n<li><span style=\"color: #4d2121\"><b>Las aventuras de Huckleberry Finn<\/b>, de Mark Twain.<\/span><\/li>\n<li><span style=\"color: #4d2121\"><b>Tristam Shandy<\/b>, de Laurence Sterne.<\/span><\/li>\n<li><span style=\"color: #4d2121\"><b>Dr\u00e1cula<\/b>, de Bram Stoker.<\/span><\/li>\n<li><span style=\"color: #4d2121\"><b>El nombre de la rosa<\/b>, de Umberto Eco.<\/span><\/li>\n<li><span style=\"color: #4d2121\"><b>Cometas en el cielo<\/b>, de Khaled Hosseini.<\/span><\/li>\n<li><span style=\"color: #4d2121\"><b>Ensayo sobre la ceguera<\/b>, de Jos\u00e9 Saramago.<\/span><\/li>\n<li><span style=\"color: #4d2121\"><strong>Adulterio,\u00a0<\/strong>Paulo Coelho<\/span><\/li>\n<li><span style=\"color: #4d2121\"><b>Las cr\u00f3nicas de Narnia<\/b>, de C. S. Lewis.<\/span><\/li>\n<li><span style=\"color: #4d2121\"><b>Los renglones torcidos de Dios<\/b>, de Torcuato Luca de Tena.<\/span><\/li>\n<li><span style=\"color: #4d2121\"><b>La sombra del viento<\/b>, de Carlos Ruiz Zaf\u00f3n.<\/span><\/li>\n<li><span style=\"color: #4d2121\"><b>Viaje al fin de la noche<\/b>, de Louis Ferdinand C\u00e9line.<\/span><\/li>\n<li><span style=\"color: #4d2121\"><b>Trampa 22<\/b>, de Joseph Heller.<\/span><\/li>\n<li><span style=\"color: #4d2121\"><b>Por qui\u00e9n doblan las campanas<\/b>, de Hernest Hemingway.<\/span><\/li>\n<li><span style=\"color: #4d2121\"><b>Dr. Jekyll y Mr. Hyde<\/b>, de Robert Louis Stevenson.<\/span><\/li>\n<li><span style=\"color: #4d2121\"><b>El m\u00e9dico<\/b>, de Noah Gordon.<\/span><\/li>\n<li><span style=\"color: #4d2121\"><b>La metamorfosis<\/b>, de Franz Kafka.<\/span><\/li>\n<li><span style=\"color: #4d2121\"><b>La telara\u00f1a de Carlota<\/b>, de E.B. White.<\/span><\/li>\n<li><span style=\"color: #4d2121\"><b>La divina comedia<\/b>, de Dante Alighieri.<\/span><\/li>\n<li><span style=\"color: #4d2121\"><b>La se\u00f1ora Dalloway<\/b>, de Virginia Woolf.<\/span><\/li>\n<li><span style=\"color: #4d2121\"><b>Crep\u00fasculo<\/b>, de Stephenie Meyer.<\/span><\/li>\n<li><span style=\"color: #4d2121\"><b>En el camino<\/b>, de Jack Kerouac.<\/span><\/li>\n<li><span style=\"color: #4d2121\"><b>Jane Eyre<\/b>, de Charlotte Bront\u00eb.<\/span><\/li>\n<li><span style=\"color: #4d2121\"><b>El retorno del Rey<\/b>, de J.R.R. Tolkien.<\/span><\/li>\n<li><span style=\"color: #4d2121\"><b>El perfume<\/b>, de Patrick S\u00fcskind.<\/span><\/li>\n<li><span style=\"color: #4d2121\"><b>Fahrenheit 451<\/b>, de Ray Bradbury.<\/span><\/li>\n<li><span style=\"color: #4d2121\"><b>Cr\u00f3nica de una muerte anunciada<\/b>, de Gabriel Garc\u00eda M\u00e1rquez.<\/span><\/li>\n<li><span style=\"color: #4d2121\"><b>La casa de los esp\u00edritus<\/b>, de Isabel Allende. \u00a01<\/span><\/li>\n<li><span style=\"color: #4d2121\"><b>Mientras agonizo<\/b>, de William Faulkner.<\/span><\/li>\n<li><span style=\"color: #4d2121\"><b>La isla del tesoro<\/b>, de Robert Louis Stevenson.<\/span><\/li>\n<li><span style=\"color: #4d2121\"><b>Todo se desmorona<\/b>, de Chinua Achebe.<\/span><\/li>\n<li><span style=\"color: #4d2121\"><b>Emma<\/b>, de Jane Austen.<\/span><\/li>\n<li><span style=\"color: #4d2121\"><b>Ficciones<\/b>, de Jorge Luis Borges.<\/span><\/li>\n<li><span style=\"color: #4d2121\"><b>A sangre fr\u00eda<\/b>, de Truman Capote.<\/span><\/li>\n<li><span style=\"color: #4d2121\"><b>El coraz\u00f3n es un cazador solitario<\/b>, de Carson Mccullers.<\/span><\/li>\n<li><span style=\"color: #4d2121\"><b>El Rey Lear<\/b>, de William Shakespeare.<\/span><\/li>\n<li><span style=\"color: #4d2121\"><b>Tormenta de espadas<\/b>, de George R.R. Martin.<\/span><\/li>\n<\/ol>\n","protected":false},"excerpt":{"rendered":"<p>La Biblia. Cien a\u00f1os de soledad, de Gabriel Garc\u00eda M\u00e1rquez. El se\u00f1or de los anillos (Trilog\u00eda), de J. R. R. Tolkien. Harry Potter (Saga)\u00a0de J.K. Rowling 1984, de George Orwell. El c\u00f3digo Da Vinci, de Dan Brown. Hush Hush,\u00a0Becca Fitzpatrick &hellip; <a href=\"https:\/\/blog.espol.edu.ec\/ddtorres\/mi-primer-hipervinculo\/\">Sigue leyendo <span class=\"meta-nav\">&rarr;<\/span><\/a><\/p>\n","protected":false},"author":9435,"featured_media":0,"parent":0,"menu_order":0,"comment_status":"open","ping_status":"open","template":"","meta":{"footnotes":""},"class_list":["post-15","page","type-page","status-publish","hentry"],"_links":{"self":[{"href":"https:\/\/blog.espol.edu.ec\/ddtorres\/wp-json\/wp\/v2\/pages\/15","targetHints":{"allow":["GET"]}}],"collection":[{"href":"https:\/\/blog.espol.edu.ec\/ddtorres\/wp-json\/wp\/v2\/pages"}],"about":[{"href":"https:\/\/blog.espol.edu.ec\/ddtorres\/wp-json\/wp\/v2\/types\/page"}],"author":[{"embeddable":true,"href":"https:\/\/blog.espol.edu.ec\/ddtorres\/wp-json\/wp\/v2\/users\/9435"}],"replies":[{"embeddable":true,"href":"https:\/\/blog.espol.edu.ec\/ddtorres\/wp-json\/wp\/v2\/comments?post=15"}],"version-history":[{"count":5,"href":"https:\/\/blog.espol.edu.ec\/ddtorres\/wp-json\/wp\/v2\/pages\/15\/revisions"}],"predecessor-version":[{"id":95,"href":"https:\/\/blog.espol.edu.ec\/ddtorres\/wp-json\/wp\/v2\/pages\/15\/revisions\/95"}],"wp:attachment":[{"href":"https:\/\/blog.espol.edu.ec\/ddtorres\/wp-json\/wp\/v2\/media?parent=15"}],"curies":[{"name":"wp","href":"https:\/\/api.w.org\/{rel}","templated":true}]}}