{"id":71,"date":"2014-11-08T04:19:15","date_gmt":"2014-11-08T04:19:15","guid":{"rendered":"http:\/\/blog.espol.edu.ec\/ddtorres\/?page_id=71"},"modified":"2014-11-09T04:36:30","modified_gmt":"2014-11-09T04:36:30","slug":"epoca-colonial-y-neoclasicismo","status":"publish","type":"page","link":"https:\/\/blog.espol.edu.ec\/ddtorres\/literatura-ecuatoriana\/epoca-colonial-y-neoclasicismo\/","title":{"rendered":"\u00c9poca colonial y neoclasicismo"},"content":{"rendered":"<ul>\n<li><a href=\"http:\/\/es.wikipedia.org\/wiki\/Eugenio_Espejo\">Eugenio Espejo<img decoding=\"async\" src=\"http:\/\/www.andes.info.ec\/sites\/default\/files\/styles\/large\/public\/field\/image\/eugenio_espejos.jpg?itok=Y5Wmxn-N\" alt=\"\" \/><\/a><\/li>\n<\/ul>\n<p style=\"text-align: justify\">De escritos antes de la llegada de los espa\u00f1oles, no se tiene ning\u00fan registro. Esto m\u00e1s que nada debido a que los <a href=\"http:\/\/es.wikipedia.org\/wiki\/Incas\">incas<\/a> no ten\u00edan un sistema de escritura establecido, por lo que sus leyendas y dem\u00e1s deb\u00edan ser pasadas de generaci\u00f3n en generaci\u00f3n. En la \u00e9poca colonial en cambio, existen varios escritos de ind\u00edgenas ecuatorianos en <a href=\"http:\/\/es.wikipedia.org\/wiki\/Quechua\">quechua<\/a>. El m\u00e1s famoso de ellos es la llamada <em><a href=\"http:\/\/es.wikisource.org\/wiki\/Eleg%C3%ADa_a_la_muerte_de_Atahualpa\">Eleg\u00eda a la muerte de Atahualpa<\/a><\/em>, atribuida a <a href=\"http:\/\/es.wikipedia.org\/wiki\/Jacinto_Collahuazo\">Jacinto Collahuazo<\/a>, un cacique nacido en las cercan\u00edas de la ciudad de <a href=\"http:\/\/es.wikipedia.org\/wiki\/Ibarra\">Ibarra<\/a>.<\/p>\n<p style=\"text-align: justify\">Hablando de poes\u00eda, el m\u00e1ximo representante en <a href=\"http:\/\/es.wikipedia.org\/wiki\/Ecuador\">Ecuador<\/a> para esta \u00e9poca es el padre <a href=\"http:\/\/es.wikipedia.org\/wiki\/Juan_Bautista_Aguirre\">Juan Bautista Aguirre<\/a> (1725-1786), nacido en <a href=\"http:\/\/es.wikipedia.org\/wiki\/Daule\">Daule<\/a>. Su poes\u00eda, al igual que la de la mayoria de poetas coloniales, est\u00e1 guiada por modelos espa\u00f1oles y es de tem\u00e1tica casi exclusivamente religiosa. Otros poetas coloniales ecuatorianos son <a href=\"http:\/\/es.wikipedia.org\/w\/index.php?title=Antonio_Bastidas&amp;action=edit&amp;redlink=1\">Antonio Bastidas<\/a> y <a href=\"http:\/\/es.wikipedia.org\/w\/index.php?title=Jacinto_de_Evia&amp;action=edit&amp;redlink=1\">Jacinto de Evia<\/a>.<\/p>\n<p style=\"text-align: justify\">El primer periodista ecuatoriano, <a href=\"http:\/\/es.wikipedia.org\/wiki\/Eugenio_Espejo\">Eugenio Espejo<\/a> (1747-1795), de origen mestizo, fue un gran impulsor de la equidad entre clases y razas. tambi\u00e9n fue un pol\u00edtico y escritor destacado. apoy\u00f3 siempre a la modernizaci\u00f3n de la medicina en el Ecuador. Pues \u00e9l mismo tuvo problemas cuando quiso estudiar, por ser hijo de una ind\u00edgena. Su obra, period\u00edstica en esencia, muestra un car\u00e1cter de gu\u00eda, aunque al mismo tiempo de rebeld\u00eda contra las pr\u00e1cticas coloniales espa\u00f1olas.<\/p>\n<p style=\"text-align: justify\">Llegando a la \u00e9poca de la independencia, sale a la luz el <a href=\"http:\/\/es.wikipedia.org\/wiki\/Guayaquil\">guayaquile\u00f1o<\/a> <a href=\"http:\/\/es.wikipedia.org\/wiki\/Jos%C3%A9_Joaqu%C3%ADn_de_Olmedo\">Jos\u00e9 Joaqu\u00edn de Olmedo<\/a> (1780-1847), poeta de las gestas libertarias de Ecuador y Am\u00e9rica. Fue un poeta netamente <a href=\"http:\/\/es.wikipedia.org\/wiki\/Neoclasicismo\">neocl\u00e1sico<\/a> y es autor de obras que has pasado a la posteridad, entre ellas el<em><a href=\"http:\/\/es.wikisource.org\/wiki\/Canto_a_Bol%C3%ADvar\">Canto a Bol\u00edvar<\/a><\/em> (que fue alabado enormemente por el propio libertador) y la <a href=\"http:\/\/es.wikisource.org\/wiki\/Himno_de_Guayaquil\">Canci\u00f3n del 9 de octubre<\/a> (que fue elegido como el himno de la ciudad de <a href=\"http:\/\/es.wikipedia.org\/wiki\/Guayaquil\">Guayaquil<\/a>).<\/p>\n<hr \/>\n<p style=\"text-align: center\"><strong>Romanticismo<\/strong><\/p>\n<ul>\n<li><a href=\"http:\/\/es.wikipedia.org\/wiki\/Juan_Montalvo\">Juan Montalvo<\/a><\/li>\n<\/ul>\n<p><img loading=\"lazy\" decoding=\"async\" class=\"aligncenter\" src=\"http:\/\/mpe-s2-p.mlstatic.com\/vida-de-don-juan-montalvo-por-bcheca-drouet-1933-531-MPE8574096_705-O.jpg\" alt=\"\" width=\"500\" height=\"374\" \/><\/p>\n<p style=\"text-align: justify\">El <a href=\"http:\/\/es.wikipedia.org\/wiki\/Romanticismo\">Romanticismo<\/a> nace en Ecuador de la mano de la poetisa <a href=\"http:\/\/es.wikipedia.org\/wiki\/Quito\">quite\u00f1a<\/a> <a href=\"http:\/\/es.wikipedia.org\/wiki\/Dolores_Veintimilla\">Dolores Veintimilla<\/a>(1830-1857), la que exalt\u00f3 el amor, la lucha contra los prejuicios y una tristeza por amores no correspondidos. Es c\u00e9lebre su poema <em><a href=\"http:\/\/es.wikisource.org\/wiki\/Quejas\">Quejas<\/a><\/em>, muestra de la gran melancol\u00eda que la atormentaba y que la llevar\u00eda en \u00faltima instancia a suicidarse en la ciudad de <a href=\"http:\/\/es.wikipedia.org\/wiki\/Cuenca_%28Ecuador%29\">Cuenca<\/a>, en<a href=\"http:\/\/es.wikipedia.org\/wiki\/1857\">1857<\/a>.<\/p>\n<p style=\"text-align: justify\">Otros poetas rom\u00e1nticos fueron el quite\u00f1o <a href=\"http:\/\/es.wikipedia.org\/w\/index.php?title=Julio_Zaldumbide&amp;action=edit&amp;redlink=1\">Julio Zaldumbide<\/a> (1833-1887) y el guayaquile\u00f1o <a href=\"http:\/\/es.wikipedia.org\/wiki\/Numa_Pompilio_Llona\">Numa Pompilio Llona<\/a> (1832-1907). \u00c9ste \u00faltimo goz\u00f3 de gran fama tanto en Ecuador como en Per\u00fa, donde se radic\u00f3 un tiempo. Fue diplom\u00e1tico en <a href=\"http:\/\/es.wikipedia.org\/wiki\/Espa%C3%B1a\">Espa\u00f1a<\/a>, <a href=\"http:\/\/es.wikipedia.org\/wiki\/Italia\">Italia<\/a>,<a href=\"http:\/\/es.wikipedia.org\/wiki\/Colombia\">Colombia<\/a> y <a href=\"http:\/\/es.wikipedia.org\/wiki\/Francia\">Francia<\/a>, donde lleg\u00f3 a conocer al mism\u00edsimo <a href=\"http:\/\/es.wikipedia.org\/wiki\/V%C3%ADctor_Hugo\">V\u00edctor Hugo<\/a>.<\/p>\n<p style=\"text-align: justify\">En cuanto a la narrativa rom\u00e1ntica, est\u00e1 el escritor <a href=\"http:\/\/es.wikipedia.org\/wiki\/Ambato\">ambate\u00f1o<\/a> <a href=\"http:\/\/es.wikipedia.org\/wiki\/Juan_Le%C3%B3n_Mera\">Juan Le\u00f3n Mera<\/a> (1832-1894), considerado adem\u00e1s un cl\u00e1sico en la literatura ecuatoriana e hispanohablante. Su obra maestra, <em><a href=\"http:\/\/es.wikipedia.org\/wiki\/Cumand%C3%A1\">Cumand\u00e1<\/a><\/em>, es tambi\u00e9n una de las primeras novelas ecuatorianas y un l\u00edmpido s\u00edmbolo de los ideales del romanticismo. Tambi\u00e9n escribi\u00f3 el <a href=\"http:\/\/es.wikisource.org\/wiki\/Himno_nacional_de_Ecuador\">Himno nacional del Ecuador<\/a>y un libro de cuentos, <em>Novelitas ecuatorianas<\/em>.<\/p>\n<p style=\"text-align: justify\">En el g\u00e9nero del <a href=\"http:\/\/es.wikipedia.org\/wiki\/Ensayo\">ensayo<\/a>, <a href=\"http:\/\/es.wikipedia.org\/wiki\/Juan_Montalvo\">Juan Montalvo<\/a> (1832-1889), es el mayor representante ecuatoriano de todos los tiempos. Sus obras, entre las que cuentan <em><a href=\"http:\/\/es.wikipedia.org\/wiki\/Las_Catilinarias\">Las Catilinarias<\/a><\/em>, <em><a href=\"http:\/\/es.wikipedia.org\/wiki\/Siete_tratados\">Siete tratados<\/a><\/em> y la novela <em><a href=\"http:\/\/es.wikipedia.org\/wiki\/Cap%C3%ADtulos_que_se_le_olvidaron_a_Cervantes\">Cap\u00edtulos que se le olvidaron a Cervantes<\/a><\/em>. Fue un ac\u00e9rrimo detractor de <a href=\"http:\/\/es.wikipedia.org\/wiki\/Gabriel_Garc%C3%ADa_Moreno\">Gabriel Garc\u00eda Moreno<\/a> y del dictador <a href=\"http:\/\/es.wikipedia.org\/wiki\/Ignacio_de_Veintimilla\">Ignacio de Veintimilla<\/a>. De hecho, Montalvo mismo ayud\u00f3 a sacarlos del poder con sus ensayos, en los que llamaba al pueblo a levantarse y a acabar con la dictadura. A esto se refiere una de sus frases c\u00e9lebres: <em>\"Mi pluma lo mat\u00f3.\"<\/em>, en relaci\u00f3n a Garc\u00eda Moreno, y a Ignacio de Veintimilla apod\u00f3 como \"Ignacio de la Cuchilla\".<\/p>\n<hr \/>\n<p style=\"text-align: center\"><strong>Modernismo<\/strong><\/p>\n<ul style=\"text-align: center\">\n<li style=\"text-align: left\"><a href=\"http:\/\/es.wikipedia.org\/wiki\/Medardo_%C3%81ngel_Silva\">Medardo \u00c1ngel Silva<\/a><\/li>\n<\/ul>\n<p style=\"text-align: center\"><img loading=\"lazy\" decoding=\"async\" class=\"aligncenter\" src=\"http:\/\/www.biografiasyvidas.com\/biografia\/s\/fotos\/silva_medardo.jpg\" alt=\"\" width=\"340\" height=\"300\" \/><\/p>\n<p style=\"text-align: center\">Art\u00edculo principal: <em><a href=\"http:\/\/es.wikipedia.org\/wiki\/Generaci%C3%B3n_decapitada\">Generaci\u00f3n decapitada<\/a><\/em>.<\/p>\n<p style=\"text-align: justify\">El <a href=\"http:\/\/es.wikipedia.org\/wiki\/Modernismo_%28literatura_en_espa%C3%B1ol%29\">Modernismo<\/a> lleg\u00f3 a Ecuador con considerable retraso respecto a los otros pa\u00edses. Razones para esto son las constantes guerras civiles a las que el pa\u00eds estaba sometido a causa de las disputas entre conservadores y liberales. Sin embargo, los exponentes del modernismo en Ecuador alcanzaron un nivel de prestigio muy alto en toda Am\u00e9rica y a\u00fan hoy siguen siendo incluidos en colecciones de poes\u00eda universal. Todos tienen como caracter\u00edstica haber le\u00eddo a <a href=\"http:\/\/es.wikipedia.org\/wiki\/Baudelaire\">Baudelaire<\/a> y a <a href=\"http:\/\/es.wikipedia.org\/wiki\/Paul_Verlaine\">Verlaine<\/a> en su lengua original, y sus poes\u00edas est\u00e1n llenas de evocaciones a la muerte y al misticismo.<\/p>\n<p style=\"text-align: justify\">Los cuatro integrantes del modernismo en Ecuador fueron los guayaquile\u00f1os <a href=\"http:\/\/es.wikipedia.org\/wiki\/Medardo_%C3%81ngel_Silva\">Medardo \u00c1ngel Silva<\/a> (1898-1919) y <a href=\"http:\/\/es.wikipedia.org\/wiki\/Ernesto_Noboa_Y_Caama%C3%B1o\">Ernesto Noboa Y Caama\u00f1o<\/a> (1891-1927); y los quite\u00f1os <a href=\"http:\/\/es.wikipedia.org\/wiki\/Arturo_Borja\">Arturo Borja<\/a> (1892-1912) y <a href=\"http:\/\/es.wikipedia.org\/wiki\/Humberto_Fierro\">Humberto Fierro<\/a> (1890-1929). Estos fueron llamados posteriormente la <a href=\"http:\/\/es.wikipedia.org\/wiki\/Generaci%C3%B3n_decapitada\">Generaci\u00f3n decapitada<\/a>, principalmente por que los cuatro se suicidaron y por las caracter\u00edsticas en com\u00fan que compart\u00edan sus poes\u00edas.<\/p>\n<p style=\"text-align: justify\">Medardo \u00c1ngel Silva fue el m\u00e1s alabado entre ellos, considerado por muchos el poeta m\u00e1s fino que ha tenido el Ecuador, aunque aun as\u00ed public\u00f3 en vida s\u00f3lo un libro de poes\u00edas, <em><a href=\"http:\/\/es.wikipedia.org\/wiki\/El_%C3%A1rbol_del_bien_y_del_mal\">El \u00e1rbol del bien y del mal<\/a><\/em>. Otros poetas ecuatorianos considerados tambi\u00e9n modernistas son el <a href=\"http:\/\/es.wikipedia.org\/wiki\/Cuenca_%28Ecuador%29\">cuencano<\/a> <a href=\"http:\/\/es.wikipedia.org\/w\/index.php?title=Alfonso_Moreno_Mora&amp;action=edit&amp;redlink=1\">Alfonso Moreno Mora<\/a> (1890-1940) y el <a href=\"http:\/\/es.wikipedia.org\/wiki\/Manab%C3%AD\">manabita<\/a> <a href=\"http:\/\/es.wikipedia.org\/wiki\/Jos%C3%A9_Mar%C3%ADa_Egas\">Jos\u00e9 Mar\u00eda Egas<\/a>. (1896-1982).<\/p>\n<p style=\"text-align: center\">\n","protected":false},"excerpt":{"rendered":"<p>Eugenio Espejo De escritos antes de la llegada de los espa\u00f1oles, no se tiene ning\u00fan registro. Esto m\u00e1s que nada debido a que los incas no ten\u00edan un sistema de escritura establecido, por lo que sus leyendas y dem\u00e1s deb\u00edan &hellip; <a href=\"https:\/\/blog.espol.edu.ec\/ddtorres\/literatura-ecuatoriana\/epoca-colonial-y-neoclasicismo\/\">Sigue leyendo <span class=\"meta-nav\">&rarr;<\/span><\/a><\/p>\n","protected":false},"author":9435,"featured_media":0,"parent":69,"menu_order":0,"comment_status":"open","ping_status":"open","template":"","meta":{"footnotes":""},"class_list":["post-71","page","type-page","status-publish","hentry"],"_links":{"self":[{"href":"https:\/\/blog.espol.edu.ec\/ddtorres\/wp-json\/wp\/v2\/pages\/71","targetHints":{"allow":["GET"]}}],"collection":[{"href":"https:\/\/blog.espol.edu.ec\/ddtorres\/wp-json\/wp\/v2\/pages"}],"about":[{"href":"https:\/\/blog.espol.edu.ec\/ddtorres\/wp-json\/wp\/v2\/types\/page"}],"author":[{"embeddable":true,"href":"https:\/\/blog.espol.edu.ec\/ddtorres\/wp-json\/wp\/v2\/users\/9435"}],"replies":[{"embeddable":true,"href":"https:\/\/blog.espol.edu.ec\/ddtorres\/wp-json\/wp\/v2\/comments?post=71"}],"version-history":[{"count":6,"href":"https:\/\/blog.espol.edu.ec\/ddtorres\/wp-json\/wp\/v2\/pages\/71\/revisions"}],"predecessor-version":[{"id":105,"href":"https:\/\/blog.espol.edu.ec\/ddtorres\/wp-json\/wp\/v2\/pages\/71\/revisions\/105"}],"up":[{"embeddable":true,"href":"https:\/\/blog.espol.edu.ec\/ddtorres\/wp-json\/wp\/v2\/pages\/69"}],"wp:attachment":[{"href":"https:\/\/blog.espol.edu.ec\/ddtorres\/wp-json\/wp\/v2\/media?parent=71"}],"curies":[{"name":"wp","href":"https:\/\/api.w.org\/{rel}","templated":true}]}}