{"id":116,"date":"2012-01-11T03:16:52","date_gmt":"2012-01-11T03:16:52","guid":{"rendered":"http:\/\/blog.espol.edu.ec\/decada\/?page_id=116"},"modified":"2012-01-11T04:21:17","modified_gmt":"2012-01-11T04:21:17","slug":"ganate-1-ipod-shuffle","status":"publish","type":"page","link":"https:\/\/blog.espol.edu.ec\/decada\/promociones\/ganate-1-ipod-shuffle\/","title":{"rendered":"G\u00e1nate 1 Ipod Shuffle"},"content":{"rendered":"<p>La D\u00e9cada de la Innovaci\u00f3n y Creatividad contin\u00faa premi\u00e1ndote.<br \/>\nLlena el crucigrama de la D\u00e9cada y depos\u00edtalo con tus datos en la \u00e1nfora ubicada en la Biblioteca Central de Ingenier\u00edas.<\/p>\n<h1><span style=\"color: #ff0000\">Podr\u00e1s ganarte 1 Ipod Shuffle y 5 pen drives.<\/span><\/h1>\n<p>El sorteo se realizar\u00e1 el d\u00eda mi\u00e9rcoles 25 de enero del 2012 a las 12:29 en el Auditorio de la Biblioteca Central de Ingenier\u00edas.<br \/>\nPuedes descargar de nuestro <a href=\"http:\/\/www.facebook.com\/DecadaESPOL\" target=\"_blank\">Facebook<\/a> o en este blog la imagen con el crucigrama, impr\u00edmela en tama\u00f1o A5, ll\u00e9nalo y depos\u00edtalo en las \u00e1nforas ubicadas en la Biblioteca Central de Ingenier\u00edas y ya estas participando!!..<\/p>\n<p><a href=\"http:\/\/blog.espol.edu.ec\/decada\/files\/2012\/01\/crucigramafrente.jpg\"><img loading=\"lazy\" decoding=\"async\" class=\"aligncenter size-full wp-image-118\" src=\"http:\/\/blog.espol.edu.ec\/decada\/files\/2012\/01\/crucigramafrente.jpg\" alt=\"\" width=\"585\" height=\"841\" srcset=\"https:\/\/blog.espol.edu.ec\/decada\/files\/2012\/01\/crucigramafrente.jpg 585w, https:\/\/blog.espol.edu.ec\/decada\/files\/2012\/01\/crucigramafrente-208x300.jpg 208w\" sizes=\"auto, (max-width: 585px) 100vw, 585px\" \/><\/a><\/p>\n<p>Tambi\u00e9n estaremos entregando volantes con el crucigrama por toda la ESPOL\u2026\u2026<\/p>\n<h2><span style=\"color: #0000ff\"><em>\u2026..Tienes que estar ATENTO!!..<\/em><\/span><\/h2>\n","protected":false},"excerpt":{"rendered":"<p>La D\u00e9cada de la Innovaci\u00f3n y Creatividad contin\u00faa premi\u00e1ndote. Llena el crucigrama de la D\u00e9cada y depos\u00edtalo con tus datos en la \u00e1nfora ubicada en la Biblioteca Central de Ingenier\u00edas. Podr\u00e1s ganarte 1 Ipod Shuffle y 5 pen drives. El sorteo se realizar\u00e1 el d\u00eda mi\u00e9rcoles 25 de enero del 2012 a las 12:29 en [&hellip;]<\/p>\n","protected":false},"author":6782,"featured_media":0,"parent":31,"menu_order":0,"comment_status":"open","ping_status":"open","template":"","meta":{"footnotes":""},"class_list":["post-116","page","type-page","status-publish","hentry"],"_links":{"self":[{"href":"https:\/\/blog.espol.edu.ec\/decada\/wp-json\/wp\/v2\/pages\/116","targetHints":{"allow":["GET"]}}],"collection":[{"href":"https:\/\/blog.espol.edu.ec\/decada\/wp-json\/wp\/v2\/pages"}],"about":[{"href":"https:\/\/blog.espol.edu.ec\/decada\/wp-json\/wp\/v2\/types\/page"}],"author":[{"embeddable":true,"href":"https:\/\/blog.espol.edu.ec\/decada\/wp-json\/wp\/v2\/users\/6782"}],"replies":[{"embeddable":true,"href":"https:\/\/blog.espol.edu.ec\/decada\/wp-json\/wp\/v2\/comments?post=116"}],"version-history":[{"count":4,"href":"https:\/\/blog.espol.edu.ec\/decada\/wp-json\/wp\/v2\/pages\/116\/revisions"}],"predecessor-version":[{"id":126,"href":"https:\/\/blog.espol.edu.ec\/decada\/wp-json\/wp\/v2\/pages\/116\/revisions\/126"}],"up":[{"embeddable":true,"href":"https:\/\/blog.espol.edu.ec\/decada\/wp-json\/wp\/v2\/pages\/31"}],"wp:attachment":[{"href":"https:\/\/blog.espol.edu.ec\/decada\/wp-json\/wp\/v2\/media?parent=116"}],"curies":[{"name":"wp","href":"https:\/\/api.w.org\/{rel}","templated":true}]}}