{"id":31,"date":"2011-09-29T02:04:09","date_gmt":"2011-09-29T02:04:09","guid":{"rendered":"http:\/\/blog.espol.edu.ec\/decada\/?page_id=31"},"modified":"2011-09-29T03:28:57","modified_gmt":"2011-09-29T03:28:57","slug":"promociones","status":"publish","type":"page","link":"https:\/\/blog.espol.edu.ec\/decada\/promociones\/","title":{"rendered":"Promociones"},"content":{"rendered":"<h3>Ent\u00e9rate aqu\u00ed de todo lo que puedas ganar siguiendo a la D\u00e9cada de la Innovaci\u00f3n y Creatividad.<a href=\"http:\/\/blog.espol.edu.ec\/decada\/files\/2011\/09\/hoja.jpg\"><img loading=\"lazy\" decoding=\"async\" class=\"aligncenter size-full wp-image-40\" title=\"hoja\" src=\"http:\/\/blog.espol.edu.ec\/decada\/files\/2011\/09\/hoja.jpg\" alt=\"\" width=\"520\" height=\"461\" srcset=\"https:\/\/blog.espol.edu.ec\/decada\/files\/2011\/09\/hoja.jpg 520w, https:\/\/blog.espol.edu.ec\/decada\/files\/2011\/09\/hoja-300x265.jpg 300w\" sizes=\"auto, (max-width: 520px) 100vw, 520px\" \/><\/a><\/h3>\n","protected":false},"excerpt":{"rendered":"<p>Ent\u00e9rate aqu\u00ed de todo lo que puedas ganar siguiendo a la D\u00e9cada de la Innovaci\u00f3n y Creatividad.<\/p>\n","protected":false},"author":866,"featured_media":0,"parent":0,"menu_order":2,"comment_status":"open","ping_status":"open","template":"","meta":{"footnotes":""},"class_list":["post-31","page","type-page","status-publish","hentry"],"_links":{"self":[{"href":"https:\/\/blog.espol.edu.ec\/decada\/wp-json\/wp\/v2\/pages\/31","targetHints":{"allow":["GET"]}}],"collection":[{"href":"https:\/\/blog.espol.edu.ec\/decada\/wp-json\/wp\/v2\/pages"}],"about":[{"href":"https:\/\/blog.espol.edu.ec\/decada\/wp-json\/wp\/v2\/types\/page"}],"author":[{"embeddable":true,"href":"https:\/\/blog.espol.edu.ec\/decada\/wp-json\/wp\/v2\/users\/866"}],"replies":[{"embeddable":true,"href":"https:\/\/blog.espol.edu.ec\/decada\/wp-json\/wp\/v2\/comments?post=31"}],"version-history":[{"count":4,"href":"https:\/\/blog.espol.edu.ec\/decada\/wp-json\/wp\/v2\/pages\/31\/revisions"}],"predecessor-version":[{"id":74,"href":"https:\/\/blog.espol.edu.ec\/decada\/wp-json\/wp\/v2\/pages\/31\/revisions\/74"}],"wp:attachment":[{"href":"https:\/\/blog.espol.edu.ec\/decada\/wp-json\/wp\/v2\/media?parent=31"}],"curies":[{"name":"wp","href":"https:\/\/api.w.org\/{rel}","templated":true}]}}