{"id":42,"date":"2011-09-27T02:13:08","date_gmt":"2011-09-27T02:13:08","guid":{"rendered":"http:\/\/blog.espol.edu.ec\/decada\/?page_id=42"},"modified":"2011-10-12T04:20:29","modified_gmt":"2011-10-12T04:20:29","slug":"%c2%bfque-es-la-dic","status":"publish","type":"page","link":"https:\/\/blog.espol.edu.ec\/decada\/%c2%bfque-es-la-dic\/","title":{"rendered":"D\u00e9cada de la Innovaci\u00f3n y Creatividad"},"content":{"rendered":"<h2><a href=\"http:\/\/blog.espol.edu.ec\/decada\/files\/2011\/09\/310701_217448131650367_208647819197065_565545_2082053676_n.jpg\"><img loading=\"lazy\" decoding=\"async\" class=\"alignright size-full wp-image-48\" title=\"310701_217448131650367_208647819197065_565545_2082053676_n\" src=\"http:\/\/blog.espol.edu.ec\/decada\/files\/2011\/09\/310701_217448131650367_208647819197065_565545_2082053676_n.jpg\" alt=\"\" width=\"264\" height=\"663\" srcset=\"https:\/\/blog.espol.edu.ec\/decada\/files\/2011\/09\/310701_217448131650367_208647819197065_565545_2082053676_n.jpg 264w, https:\/\/blog.espol.edu.ec\/decada\/files\/2011\/09\/310701_217448131650367_208647819197065_565545_2082053676_n-119x300.jpg 119w\" sizes=\"auto, (max-width: 264px) 100vw, 264px\" \/><\/a><span style=\"color: #ff0000\"> <\/span><\/h2>\n<h2><span style=\"color: #ff0000\">\u00bfQu\u00e9 es la DIC?<\/span><\/h2>\n<h4 style=\"text-align: justify\"><span style=\"color: #333399\">La D\u00e9cada de la Innovaci\u00f3n y Creatividad (DIC) \u00a0busca mejorar los procesos cotidianos dentro de la comunidad polit\u00e9cnica, siendo estos cambios promovidos por los mismos ciudadanos polit\u00e9cnicos, que son los PROFESORES, TRABAJADORES Y ESTUDIANTES, con el fin de que posteriormente se genere un ambiente que invite a la innovaci\u00f3n y creatividad en todos los procesos de ESPOL.<\/span><\/h4>\n<h3><span style=\"color: #333399\"><span style=\"color: #333399\">Esta iniciativa esta liderada por el Vicerrectorado General y el CICYT<\/span><br \/>\n<\/span><\/h3>\n<p><span style=\"color: #333399\"><br \/>\n<\/span><\/p>\n<h2><span style=\"color: #ff0000\">\u00bfQui\u00e9nes pueden participar de la DIC?<\/span><\/h2>\n<h3 style=\"text-align: justify\"><span style=\"color: #333399\">Son parte de la D\u00e9cada de la Innovaci\u00f3n y Creatividad todos los miembros de la comunidad polit\u00e9cnica, sean estos estudiantes, profesores o trabajadores y est\u00e1n todos invitados a contribuir con sus ideas para fortalecer el entorno creativo dentro de ESPOL.<\/span><\/h3>\n<p><span style=\"color: #333399\"><br \/>\n<\/span><\/p>\n<h2><span style=\"color: #ff0000\">\u00bfC\u00f3mo puedo participar de la DIC?<\/span><\/h2>\n<h3 style=\"text-align: justify\"><span style=\"color: #333399\">Hay tres formas de\u00a0 participar en al DIC:<\/span><\/h3>\n<p style=\"text-align: justify\"><span style=\"color: #333399\"> <\/span><\/p>\n<ol style=\"text-align: justify\">\n<li>\n<h3><span style=\"color: #333399\">Formando un grupo o participando con un grupo o asociaci\u00f3n ya existente sea este de estudiantes, trabajadores, profesores o mixtos que formule un proyecto, o un concurso, que conlleve a resolver un problema o mejorar un proceso existente en la ESPOL. <\/span><\/h3>\n<\/li>\n<li>\n<h3><span style=\"color: #333399\">Participando en los diferentes concursos existentes dentro de la DIC, que han sido creados por miembros de la comunidad polit\u00e9cnica quienes han querido ser parte de esta iniciativa.<\/span><\/h3>\n<\/li>\n<li>\n<h3 style=\"text-align: justify\"><span style=\"color: #333399\">Estando atentos a las novedades de la DIC y a sus logros que nos van a beneficiar a todos.<\/span><\/h3>\n<\/li>\n<\/ol>\n<h2 style=\"text-align: left\">Cualquier duda o sugerencia no dudes en comunicarte con nosotros a:<\/h2>\n<h2 style=\"text-align: left\"><a href=\"mailto:d%C3%A9cada@espol.edu.ec\">d\u00e9cada@espol.edu.ec<\/a><\/h2>\n<h2 style=\"text-align: left\">Adem\u00e1s est\u00e9n a atentos a las actividades de la DIC y s\u00edgannos en:<\/h2>\n<h2 style=\"text-align: left\"><span style=\"color: #3366ff\">BLOG: <a href=\"..\/..\/decada\">http:\/\/blog.espol.edu.ec\/decada<\/a><\/span><\/h2>\n<h2 style=\"text-align: left\"><span style=\"color: #3366ff\">Twitter: <a href=\"http:\/\/twitter.com\/#!\/DICESPOL\" target=\"_blank\">@DICESPOL<\/a><\/span><\/h2>\n<h2 style=\"text-align: left\"><span style=\"color: #3366ff\">Facebook: <a href=\"http:\/\/www.facebook.com\/DecadaESPOL\" target=\"_blank\">DecadaESPOL<\/a><\/span><\/h2>\n","protected":false},"excerpt":{"rendered":"<p>\u00bfQu\u00e9 es la DIC? La D\u00e9cada de la Innovaci\u00f3n y Creatividad (DIC) \u00a0busca mejorar los procesos cotidianos dentro de la comunidad polit\u00e9cnica, siendo estos cambios promovidos por los mismos ciudadanos polit\u00e9cnicos, que son los PROFESORES, TRABAJADORES Y ESTUDIANTES, con el fin de que posteriormente se genere un ambiente que invite a la innovaci\u00f3n y creatividad [&hellip;]<\/p>\n","protected":false},"author":866,"featured_media":0,"parent":0,"menu_order":0,"comment_status":"open","ping_status":"open","template":"page_fullwidth.php","meta":{"footnotes":""},"class_list":["post-42","page","type-page","status-publish","hentry"],"_links":{"self":[{"href":"https:\/\/blog.espol.edu.ec\/decada\/wp-json\/wp\/v2\/pages\/42","targetHints":{"allow":["GET"]}}],"collection":[{"href":"https:\/\/blog.espol.edu.ec\/decada\/wp-json\/wp\/v2\/pages"}],"about":[{"href":"https:\/\/blog.espol.edu.ec\/decada\/wp-json\/wp\/v2\/types\/page"}],"author":[{"embeddable":true,"href":"https:\/\/blog.espol.edu.ec\/decada\/wp-json\/wp\/v2\/users\/866"}],"replies":[{"embeddable":true,"href":"https:\/\/blog.espol.edu.ec\/decada\/wp-json\/wp\/v2\/comments?post=42"}],"version-history":[{"count":28,"href":"https:\/\/blog.espol.edu.ec\/decada\/wp-json\/wp\/v2\/pages\/42\/revisions"}],"predecessor-version":[{"id":49,"href":"https:\/\/blog.espol.edu.ec\/decada\/wp-json\/wp\/v2\/pages\/42\/revisions\/49"}],"wp:attachment":[{"href":"https:\/\/blog.espol.edu.ec\/decada\/wp-json\/wp\/v2\/media?parent=42"}],"curies":[{"name":"wp","href":"https:\/\/api.w.org\/{rel}","templated":true}]}}