{"id":69,"date":"2011-09-28T03:26:24","date_gmt":"2011-09-28T03:26:24","guid":{"rendered":"http:\/\/blog.espol.edu.ec\/decada\/?page_id=69"},"modified":"2011-09-29T03:28:28","modified_gmt":"2011-09-29T03:28:28","slug":"actividades","status":"publish","type":"page","link":"https:\/\/blog.espol.edu.ec\/decada\/actividades\/","title":{"rendered":"Actividades"},"content":{"rendered":"<h3>Ent\u00e9rate aqu\u00ed de las actividades que est\u00e1 realizando la DIC y c\u00f3mo puedes participar en ellas.<\/h3>\n<p><a href=\"http:\/\/blog.espol.edu.ec\/decada\/files\/2011\/09\/hoja.jpg\"><img loading=\"lazy\" decoding=\"async\" class=\"aligncenter size-full wp-image-40\" title=\"hoja\" src=\"http:\/\/blog.espol.edu.ec\/decada\/files\/2011\/09\/hoja.jpg\" alt=\"\" width=\"520\" height=\"461\" srcset=\"https:\/\/blog.espol.edu.ec\/decada\/files\/2011\/09\/hoja.jpg 520w, https:\/\/blog.espol.edu.ec\/decada\/files\/2011\/09\/hoja-300x265.jpg 300w\" sizes=\"auto, (max-width: 520px) 100vw, 520px\" \/><\/a><\/p>\n","protected":false},"excerpt":{"rendered":"<p>Ent\u00e9rate aqu\u00ed de las actividades que est\u00e1 realizando la DIC y c\u00f3mo puedes participar en ellas.<\/p>\n","protected":false},"author":866,"featured_media":0,"parent":0,"menu_order":1,"comment_status":"open","ping_status":"open","template":"","meta":{"footnotes":""},"class_list":["post-69","page","type-page","status-publish","hentry"],"_links":{"self":[{"href":"https:\/\/blog.espol.edu.ec\/decada\/wp-json\/wp\/v2\/pages\/69","targetHints":{"allow":["GET"]}}],"collection":[{"href":"https:\/\/blog.espol.edu.ec\/decada\/wp-json\/wp\/v2\/pages"}],"about":[{"href":"https:\/\/blog.espol.edu.ec\/decada\/wp-json\/wp\/v2\/types\/page"}],"author":[{"embeddable":true,"href":"https:\/\/blog.espol.edu.ec\/decada\/wp-json\/wp\/v2\/users\/866"}],"replies":[{"embeddable":true,"href":"https:\/\/blog.espol.edu.ec\/decada\/wp-json\/wp\/v2\/comments?post=69"}],"version-history":[{"count":4,"href":"https:\/\/blog.espol.edu.ec\/decada\/wp-json\/wp\/v2\/pages\/69\/revisions"}],"predecessor-version":[{"id":73,"href":"https:\/\/blog.espol.edu.ec\/decada\/wp-json\/wp\/v2\/pages\/69\/revisions\/73"}],"wp:attachment":[{"href":"https:\/\/blog.espol.edu.ec\/decada\/wp-json\/wp\/v2\/media?parent=69"}],"curies":[{"name":"wp","href":"https:\/\/api.w.org\/{rel}","templated":true}]}}