{"id":75,"date":"2011-09-29T03:29:55","date_gmt":"2011-09-29T03:29:55","guid":{"rendered":"http:\/\/blog.espol.edu.ec\/decada\/?page_id=75"},"modified":"2011-09-29T03:51:14","modified_gmt":"2011-09-29T03:51:14","slug":"libera-tu-curso","status":"publish","type":"page","link":"https:\/\/blog.espol.edu.ec\/decada\/actividades\/libera-tu-curso\/","title":{"rendered":"Libera tu Curso"},"content":{"rendered":"<h3 style=\"text-align: justify\"><span style=\"color: #333399\">Libera tu Curso es un concurso creado por el grupo de estudiantes KOKOA de la Facultad de Ingenier\u00eda El\u00e9ctrica y Computaci\u00f3n, promovido por la D\u00e9cada de la Innovaci\u00f3n y Creatividad dentro de las actividades propuestas para el primer a\u00f1o de la DIC.<\/span><\/h3>\n<p style=\"text-align: center\"><span style=\"color: #0000ff\"><a href=\"http:\/\/blog.espol.edu.ec\/decada\/files\/2011\/09\/libera-2.jpg\"><img loading=\"lazy\" decoding=\"async\" class=\"aligncenter size-full wp-image-78\" title=\"libera 2\" src=\"http:\/\/blog.espol.edu.ec\/decada\/files\/2011\/09\/libera-2.jpg\" alt=\"\" width=\"576\" height=\"354\" srcset=\"https:\/\/blog.espol.edu.ec\/decada\/files\/2011\/09\/libera-2.jpg 720w, https:\/\/blog.espol.edu.ec\/decada\/files\/2011\/09\/libera-2-300x184.jpg 300w\" sizes=\"auto, (max-width: 576px) 100vw, 576px\" \/><\/a><\/span><\/p>\n<p style=\"text-align: center\">\n<h3><span style=\"color: #0000ff\">Ent\u00e9rate de c\u00f3mo participar en este concurso en:<\/span><\/h3>\n<h3><span style=\"color: #000000\">Blog: <a href=\"http:\/\/blog.espol.edu.ec\/liberacurso\" target=\"_blank\">http:\/\/blog.espol.edu.ec\/liberacurso<\/a><\/span><\/h3>\n<h3><span style=\"color: #000000\">Twitter: <a href=\"http:\/\/twitter.com\/#!\/liberatucurso\" target=\"_blank\">@liberatucurso<\/a><br \/>\n<\/span><\/h3>\n<h3><span style=\"color: #0000ff\"><span style=\"color: #000000\">Facebook: <a href=\"http:\/\/www.facebook.com\/liberatucursoespol\" target=\"_blank\">Libera tu curso<\/a><\/span><br \/>\n<\/span><\/h3>\n","protected":false},"excerpt":{"rendered":"<p>Libera tu Curso es un concurso creado por el grupo de estudiantes KOKOA de la Facultad de Ingenier\u00eda El\u00e9ctrica y Computaci\u00f3n, promovido por la D\u00e9cada de la Innovaci\u00f3n y Creatividad dentro de las actividades propuestas para el primer a\u00f1o de la DIC. Ent\u00e9rate de c\u00f3mo participar en este concurso en: Blog: http:\/\/blog.espol.edu.ec\/liberacurso Twitter: @liberatucurso Facebook: [&hellip;]<\/p>\n","protected":false},"author":866,"featured_media":0,"parent":69,"menu_order":1,"comment_status":"open","ping_status":"open","template":"page_fullwidth.php","meta":{"footnotes":""},"class_list":["post-75","page","type-page","status-publish","hentry"],"_links":{"self":[{"href":"https:\/\/blog.espol.edu.ec\/decada\/wp-json\/wp\/v2\/pages\/75","targetHints":{"allow":["GET"]}}],"collection":[{"href":"https:\/\/blog.espol.edu.ec\/decada\/wp-json\/wp\/v2\/pages"}],"about":[{"href":"https:\/\/blog.espol.edu.ec\/decada\/wp-json\/wp\/v2\/types\/page"}],"author":[{"embeddable":true,"href":"https:\/\/blog.espol.edu.ec\/decada\/wp-json\/wp\/v2\/users\/866"}],"replies":[{"embeddable":true,"href":"https:\/\/blog.espol.edu.ec\/decada\/wp-json\/wp\/v2\/comments?post=75"}],"version-history":[{"count":7,"href":"https:\/\/blog.espol.edu.ec\/decada\/wp-json\/wp\/v2\/pages\/75\/revisions"}],"predecessor-version":[{"id":77,"href":"https:\/\/blog.espol.edu.ec\/decada\/wp-json\/wp\/v2\/pages\/75\/revisions\/77"}],"up":[{"embeddable":true,"href":"https:\/\/blog.espol.edu.ec\/decada\/wp-json\/wp\/v2\/pages\/69"}],"wp:attachment":[{"href":"https:\/\/blog.espol.edu.ec\/decada\/wp-json\/wp\/v2\/media?parent=75"}],"curies":[{"name":"wp","href":"https:\/\/api.w.org\/{rel}","templated":true}]}}