{"id":84,"date":"2011-09-29T03:54:52","date_gmt":"2011-09-29T03:54:52","guid":{"rendered":"http:\/\/blog.espol.edu.ec\/decada\/?page_id=84"},"modified":"2011-09-29T03:54:52","modified_gmt":"2011-09-29T03:54:52","slug":"espol-en-accion","status":"publish","type":"page","link":"https:\/\/blog.espol.edu.ec\/decada\/actividades\/espol-en-accion\/","title":{"rendered":"ESPOL en acci\u00f3n"},"content":{"rendered":"<h3 style=\"text-align: justify\"><span style=\"color: #333399\">\u00bfTienes una idea creativa e innovadora que te gustar\u00eda sea  implementada en la ESPOL con miras a mejorar la eficiencia y la calidad  laboral? Es tu oportunidad de presentarlo y ejecutarlo.<\/span><\/h3>\n<h3><\/h3>\n<h3><span style=\"color: #333399\"><a href=\"http:\/\/blog.espol.edu.ec\/decada\/files\/2011\/09\/accion.jpg\"><img loading=\"lazy\" decoding=\"async\" class=\"aligncenter size-full wp-image-85\" title=\"accion\" src=\"http:\/\/blog.espol.edu.ec\/decada\/files\/2011\/09\/accion.jpg\" alt=\"\" width=\"516\" height=\"638\" srcset=\"https:\/\/blog.espol.edu.ec\/decada\/files\/2011\/09\/accion.jpg 516w, https:\/\/blog.espol.edu.ec\/decada\/files\/2011\/09\/accion-242x300.jpg 242w\" sizes=\"auto, (max-width: 516px) 100vw, 516px\" \/><\/a><\/span><\/h3>\n<h3 style=\"text-align: justify\"><span style=\"color: #333399\">Pueden participar el personal administrativo y de servicios de la  ESPOL, y adem\u00e1s todos los miembros de los otros estamentos de nuestra  Instituci\u00f3n. La participaci\u00f3n puede ser individual o grupal, el n\u00famero  de participantes por proyectos no exceder\u00e1 de cuatro personas. Una misma  persona solo puede pertenecer a un grupo, pero a nivel individual no  hay l\u00edmite para presentar propuestas.<\/span><\/h3>\n<h3><\/h3>\n<h3><span style=\"color: #333399\">Mayor informaci\u00f3n en:<\/span><\/h3>\n<h3><\/h3>\n<h3><span style=\"color: #333399\">acci\u00f3n@espol.edu.ec<\/span><\/h3>\n","protected":false},"excerpt":{"rendered":"<p>\u00bfTienes una idea creativa e innovadora que te gustar\u00eda sea implementada en la ESPOL con miras a mejorar la eficiencia y la calidad laboral? Es tu oportunidad de presentarlo y ejecutarlo. Pueden participar el personal administrativo y de servicios de la ESPOL, y adem\u00e1s todos los miembros de los otros estamentos de nuestra Instituci\u00f3n. La [&hellip;]<\/p>\n","protected":false},"author":866,"featured_media":0,"parent":69,"menu_order":2,"comment_status":"open","ping_status":"open","template":"page_fullwidth.php","meta":{"footnotes":""},"class_list":["post-84","page","type-page","status-publish","hentry"],"_links":{"self":[{"href":"https:\/\/blog.espol.edu.ec\/decada\/wp-json\/wp\/v2\/pages\/84","targetHints":{"allow":["GET"]}}],"collection":[{"href":"https:\/\/blog.espol.edu.ec\/decada\/wp-json\/wp\/v2\/pages"}],"about":[{"href":"https:\/\/blog.espol.edu.ec\/decada\/wp-json\/wp\/v2\/types\/page"}],"author":[{"embeddable":true,"href":"https:\/\/blog.espol.edu.ec\/decada\/wp-json\/wp\/v2\/users\/866"}],"replies":[{"embeddable":true,"href":"https:\/\/blog.espol.edu.ec\/decada\/wp-json\/wp\/v2\/comments?post=84"}],"version-history":[{"count":2,"href":"https:\/\/blog.espol.edu.ec\/decada\/wp-json\/wp\/v2\/pages\/84\/revisions"}],"predecessor-version":[{"id":87,"href":"https:\/\/blog.espol.edu.ec\/decada\/wp-json\/wp\/v2\/pages\/84\/revisions\/87"}],"up":[{"embeddable":true,"href":"https:\/\/blog.espol.edu.ec\/decada\/wp-json\/wp\/v2\/pages\/69"}],"wp:attachment":[{"href":"https:\/\/blog.espol.edu.ec\/decada\/wp-json\/wp\/v2\/media?parent=84"}],"curies":[{"name":"wp","href":"https:\/\/api.w.org\/{rel}","templated":true}]}}