{"id":57,"date":"2009-08-09T07:04:09","date_gmt":"2009-08-09T01:04:09","guid":{"rendered":"http:\/\/blog.espol.edu.ec\/decastan\/?page_id=57"},"modified":"2009-08-11T02:25:05","modified_gmt":"2009-08-10T20:25:05","slug":"autor","status":"publish","type":"page","link":"https:\/\/blog.espol.edu.ec\/decastan\/autor\/","title":{"rendered":"Autor"},"content":{"rendered":"<p style=\"text-align: center\"><img decoding=\"async\" class=\"aligncenter\" src=\"http:\/\/i223.photobucket.com\/albums\/dd234\/DaniellitaEstefania\/ggg.jpg\" alt=\"\" \/>\u00a0<\/p>\n<p style=\"text-align: center\"><span style=\"font-size: 11pt;font-family: 'Futura Bk'\"><span style=\"color: #ffff00\">Nombre:<br \/>\n<\/span>Daniel Eduardo Castaneda Briones<br \/>\n<\/span><\/p>\n<p style=\"text-align: center\"><span style=\"font-size: 11pt;font-family: 'Futura Bk'\"><span style=\"color: #ffff00\">Fecha de Nacimiento:<br \/>\n<\/span>06 de noviembre de 1990<\/span><\/p>\n<p style=\"text-align: center\"><span style=\"font-size: 11pt;font-family: 'Futura Bk'\"><span style=\"color: #ffff00\">Ideolog\u00eda pol\u00edtica:<br \/>\n<\/span>anti-correista<\/span><\/p>\n<p style=\"text-align: center\"><span style=\"font-size: 11pt;font-family: 'Futura Bk'\"><span style=\"color: #ffff00\">Situaci\u00f3n sentimental:<\/span><br \/>\nSoltero<\/span><\/p>\n<p style=\"text-align: center\"><span style=\"font-size: 11pt;font-family: 'Futura Bk'\"><span style=\"color: #ffff00\">Estudios Primarios y Secundarios:<\/span><br \/>\nUnidad Educativa Academia Naval Almirante Illingworth <\/span><\/p>\n<p style=\"text-align: center\"><span style=\"font-size: 11pt;font-family: 'Futura Bk'\"><span style=\"color: #ffff00\">Estudios Universitarios:<\/span><br \/>\nEscuela Superior Politecnica del Litoral Institut\u03c3 de Ciencias Matematicas ICM<\/span><\/p>\n<p style=\"text-align: center\"><span style=\"font-size: 11pt;font-family: 'Futura Bk'\"><span style=\"color: #ffff00\">Carrera:<\/span>Ing. en Auditoria y Contraduria Publica Autorizada<\/span><\/p>\n","protected":false},"excerpt":{"rendered":"<p>\u00a0 Nombre: Daniel Eduardo Castaneda Briones Fecha de Nacimiento: 06 de noviembre de 1990 Ideolog\u00eda pol\u00edtica: anti-correista Situaci\u00f3n sentimental: Soltero Estudios Primarios y Secundarios: Unidad Educativa Academia Naval Almirante Illingworth Estudios Universitarios: Escuela Superior Politecnica del Litoral Institut\u03c3 de Ciencias Matematicas ICM Carrera:Ing. en Auditoria y Contraduria Publica Autorizada<\/p>\n","protected":false},"author":1826,"featured_media":0,"parent":0,"menu_order":0,"comment_status":"open","ping_status":"open","template":"","meta":{"footnotes":""},"class_list":["post-57","page","type-page","status-publish","hentry"],"_links":{"self":[{"href":"https:\/\/blog.espol.edu.ec\/decastan\/wp-json\/wp\/v2\/pages\/57","targetHints":{"allow":["GET"]}}],"collection":[{"href":"https:\/\/blog.espol.edu.ec\/decastan\/wp-json\/wp\/v2\/pages"}],"about":[{"href":"https:\/\/blog.espol.edu.ec\/decastan\/wp-json\/wp\/v2\/types\/page"}],"author":[{"embeddable":true,"href":"https:\/\/blog.espol.edu.ec\/decastan\/wp-json\/wp\/v2\/users\/1826"}],"replies":[{"embeddable":true,"href":"https:\/\/blog.espol.edu.ec\/decastan\/wp-json\/wp\/v2\/comments?post=57"}],"version-history":[{"count":23,"href":"https:\/\/blog.espol.edu.ec\/decastan\/wp-json\/wp\/v2\/pages\/57\/revisions"}],"predecessor-version":[{"id":96,"href":"https:\/\/blog.espol.edu.ec\/decastan\/wp-json\/wp\/v2\/pages\/57\/revisions\/96"}],"wp:attachment":[{"href":"https:\/\/blog.espol.edu.ec\/decastan\/wp-json\/wp\/v2\/media?parent=57"}],"curies":[{"name":"wp","href":"https:\/\/api.w.org\/{rel}","templated":true}]}}