{"id":2,"date":"2011-06-16T17:05:10","date_gmt":"2011-06-16T17:05:10","guid":{"rendered":""},"modified":"2011-07-03T21:25:08","modified_gmt":"2011-07-03T21:25:08","slug":"about","status":"publish","type":"page","link":"https:\/\/blog.espol.edu.ec\/defanara\/about\/","title":{"rendered":"DENICHA NARANJO"},"content":{"rendered":"<p>HOLA SOY DENISSE \u00a0TENGO 22 A\u00d1OS Y ACTUALMENTE ESTOY ESTUDIANDO MI \u00daLTIMO SEMESTRE DE INGENIERIA EN ALIMENTOS EN LA ESPOL.<\/p>\n<p style=\"text-align: center\">\ufeff\ufeff<a href=\"http:\/\/blog.espol.edu.ec\/defanara\/files\/2011\/06\/12.png\"><img loading=\"lazy\" decoding=\"async\" class=\"aligncenter size-medium wp-image-35\" src=\"http:\/\/blog.espol.edu.ec\/defanara\/files\/2011\/06\/12-300x241.png\" alt=\"\" width=\"300\" height=\"241\" srcset=\"https:\/\/blog.espol.edu.ec\/defanara\/files\/2011\/06\/12-300x241.png 300w, https:\/\/blog.espol.edu.ec\/defanara\/files\/2011\/06\/12.png 461w\" sizes=\"auto, (max-width: 300px) 100vw, 300px\" \/><\/a><\/p>\n<p>ME GUSTA MUCHO MI CARRERA Y EN MIS TIEMPOS LIBRES ME ENCANTA PASAR CON MIS AMIGOS IR AL CINE O VER UNA PELICULA EN ALGUNA CASA,\u00a0TAMBI\u00c9N SALIR A \u00a0COMER .<\/p>\n<p>SIEMPRE QUE SE PUEDA TAMBI\u00c9N VIAJO CON MI FAMILIA O AMIGOS, MI LUGAR FAVORITO LA PLAYA \ud83d\ude09<\/p>\n<p>\ufeff\ufeff<\/p>\n<p>EN CUANTO A DEPORTES ES POCO LO QUE HAGO, MUY DE REPENTE PRACTICO BASKET O SALIR A TROTAR.<\/p>\n<p>SOY LA SEGUNDA DE 4 HERMANOS : 3 MUJERES Y 1 HOMBRE, \u00a0ADEM\u00c1S DE ELLOS TENGO 3 PERRITO: 2 SALCHICHITAS Y UN LOBO<\/p>\n<p>MIS OBJETIVOS EN ESTOS MOMENTOS SON TERMINAR MI CARRERA, Y PODER TRABAJAR UN A\u00d1O PARA DESPU\u00c9S IRME AL EXTERIOR A ESTUDIAR UNA MAESTR\u00cdA. \ud83d\ude42 \ud83d\ude42<\/p>\n<p style=\"text-align: center\"><a href=\"http:\/\/blog.espol.edu.ec\/defanara\/files\/2011\/06\/13341_177868273115_509093115_2787785_5224455_n.jpg\"><img loading=\"lazy\" decoding=\"async\" class=\"size-medium wp-image-36 aligncenter\" title=\"13341_177868273115_509093115_2787785_5224455_n\" src=\"http:\/\/blog.espol.edu.ec\/defanara\/files\/2011\/06\/13341_177868273115_509093115_2787785_5224455_n-300x225.jpg\" alt=\"\" width=\"300\" height=\"225\" srcset=\"https:\/\/blog.espol.edu.ec\/defanara\/files\/2011\/06\/13341_177868273115_509093115_2787785_5224455_n-300x225.jpg 300w, https:\/\/blog.espol.edu.ec\/defanara\/files\/2011\/06\/13341_177868273115_509093115_2787785_5224455_n.jpg 604w\" sizes=\"auto, (max-width: 300px) 100vw, 300px\" \/><\/a><\/p>\n","protected":false},"excerpt":{"rendered":"<p>HOLA SOY DENISSE \u00a0TENGO 22 A\u00d1OS Y ACTUALMENTE ESTOY ESTUDIANDO MI \u00daLTIMO SEMESTRE DE INGENIERIA EN ALIMENTOS EN LA ESPOL. \ufeff\ufeff ME GUSTA MUCHO MI CARRERA Y EN MIS TIEMPOS LIBRES ME ENCANTA PASAR CON MIS AMIGOS IR AL CINE O VER UNA PELICULA EN ALGUNA CASA,\u00a0TAMBI\u00c9N SALIR A \u00a0COMER . SIEMPRE QUE SE PUEDA [&hellip;]<\/p>\n","protected":false},"author":6424,"featured_media":0,"parent":0,"menu_order":0,"comment_status":"open","ping_status":"open","template":"","meta":{"footnotes":""},"class_list":["post-2","page","type-page","status-publish","hentry"],"_links":{"self":[{"href":"https:\/\/blog.espol.edu.ec\/defanara\/wp-json\/wp\/v2\/pages\/2","targetHints":{"allow":["GET"]}}],"collection":[{"href":"https:\/\/blog.espol.edu.ec\/defanara\/wp-json\/wp\/v2\/pages"}],"about":[{"href":"https:\/\/blog.espol.edu.ec\/defanara\/wp-json\/wp\/v2\/types\/page"}],"author":[{"embeddable":true,"href":"https:\/\/blog.espol.edu.ec\/defanara\/wp-json\/wp\/v2\/users\/6424"}],"replies":[{"embeddable":true,"href":"https:\/\/blog.espol.edu.ec\/defanara\/wp-json\/wp\/v2\/comments?post=2"}],"version-history":[{"count":4,"href":"https:\/\/blog.espol.edu.ec\/defanara\/wp-json\/wp\/v2\/pages\/2\/revisions"}],"predecessor-version":[{"id":112,"href":"https:\/\/blog.espol.edu.ec\/defanara\/wp-json\/wp\/v2\/pages\/2\/revisions\/112"}],"wp:attachment":[{"href":"https:\/\/blog.espol.edu.ec\/defanara\/wp-json\/wp\/v2\/media?parent=2"}],"curies":[{"name":"wp","href":"https:\/\/api.w.org\/{rel}","templated":true}]}}