{"id":22,"date":"2011-06-02T21:09:25","date_gmt":"2011-06-02T21:09:25","guid":{"rendered":"http:\/\/blog.espol.edu.ec\/deivisgalarza\/?page_id=22"},"modified":"2011-06-02T21:09:29","modified_gmt":"2011-06-02T21:09:29","slug":"sobre-mi","status":"publish","type":"page","link":"https:\/\/blog.espol.edu.ec\/deivisgalarza\/sobre-mi\/","title":{"rendered":"Sobre Mi"},"content":{"rendered":"<p>Estudiante de la Escuela Superior Politecnica del litoral, del ICM, Estudio Ingenier\u00eca en Auditoria y Contadur\u00eca Publica Autorizada, mi correo hotmail: deiviagp@hotmail.com, Twitter:@deivialexi, espere un a\u00f1o para ingresar a ESPOL, mi meta aprovechar al m\u00e0ximo el tiempo, aprender mucho de mis profesores....<\/p>\n","protected":false},"excerpt":{"rendered":"<p>Estudiante de la Escuela Superior Politecnica del litoral, del ICM, Estudio Ingenier\u00eca en Auditoria y Contadur\u00eca Publica Autorizada, mi correo hotmail: deiviagp@hotmail.com, Twitter:@deivialexi, espere un a\u00f1o para ingresar a ESPOL, mi meta aprovechar al m\u00e0ximo el tiempo, aprender mucho de mis profesores....<\/p>\n","protected":false},"author":5889,"featured_media":0,"parent":0,"menu_order":0,"comment_status":"open","ping_status":"open","template":"","meta":{"footnotes":""},"class_list":["post-22","page","type-page","status-publish","hentry"],"_links":{"self":[{"href":"https:\/\/blog.espol.edu.ec\/deivisgalarza\/wp-json\/wp\/v2\/pages\/22","targetHints":{"allow":["GET"]}}],"collection":[{"href":"https:\/\/blog.espol.edu.ec\/deivisgalarza\/wp-json\/wp\/v2\/pages"}],"about":[{"href":"https:\/\/blog.espol.edu.ec\/deivisgalarza\/wp-json\/wp\/v2\/types\/page"}],"author":[{"embeddable":true,"href":"https:\/\/blog.espol.edu.ec\/deivisgalarza\/wp-json\/wp\/v2\/users\/5889"}],"replies":[{"embeddable":true,"href":"https:\/\/blog.espol.edu.ec\/deivisgalarza\/wp-json\/wp\/v2\/comments?post=22"}],"version-history":[{"count":2,"href":"https:\/\/blog.espol.edu.ec\/deivisgalarza\/wp-json\/wp\/v2\/pages\/22\/revisions"}],"predecessor-version":[{"id":24,"href":"https:\/\/blog.espol.edu.ec\/deivisgalarza\/wp-json\/wp\/v2\/pages\/22\/revisions\/24"}],"wp:attachment":[{"href":"https:\/\/blog.espol.edu.ec\/deivisgalarza\/wp-json\/wp\/v2\/media?parent=22"}],"curies":[{"name":"wp","href":"https:\/\/api.w.org\/{rel}","templated":true}]}}