{"id":53,"date":"2010-09-07T05:10:42","date_gmt":"2010-09-07T05:10:42","guid":{"rendered":"http:\/\/blog.espol.edu.ec\/denilogr\/?page_id=53"},"modified":"2010-09-07T05:10:42","modified_gmt":"2010-09-07T05:10:42","slug":"costa","status":"publish","type":"page","link":"https:\/\/blog.espol.edu.ec\/denilogr\/costa\/","title":{"rendered":"Costa"},"content":{"rendered":"<p><span style=\"font-family: Arial\"><a href=\"http:\/\/blog.espol.edu.ec\/denilogr\/files\/2010\/09\/1134386058.jpg\"><img loading=\"lazy\" decoding=\"async\" class=\"alignleft size-medium wp-image-54\" title=\"1134386058\" src=\"http:\/\/blog.espol.edu.ec\/denilogr\/files\/2010\/09\/1134386058-300x199.jpg\" alt=\"\" width=\"169\" height=\"106\" \/><\/a>La Regi\u00f3n litoral o Costa esta conformada por 6 provincias, cada una de ellas representada por su variedad de riquezas naturales y tur\u00edsticas. El clima es variado seg\u00fan los meses del a\u00f1o. Puede ser h\u00famedo, caluroso, seco, lluvioso, frio, esto <span style=\"font-family: Arial\">permite que el turismo visite por temporadas especificas. La costa se caracteriza por sus amplias y hermosas playas. Adem\u00e1s\u00a0 de la producci\u00f3n de la tierra y el turismo, esta regi\u00f3n es la puerta de entrada del mundo a trav\u00e9s de sus puertos.\u00a0 Otro de sus atractivos es el desfile que realizan la ballenas por las playas de Puerto L\u00f3pez. La infraestructura hotelera esta capacitada para recibir gran cantidad de visitantes, as\u00ed tambi\u00e9n como los hostales y hoster\u00edas que se encuentran mas enfocadas al turismo ecol\u00f3gico.<\/span><\/span><\/p>\n<p><span style=\"font-family: Arial\"><a href=\"http:\/\/blog.espol.edu.ec\/denilogr\/files\/2010\/09\/delfin-acrobata.jpg\"><\/a><\/span>\u00a0<\/p>\n<p><span style=\"color: #996633\">En la regi\u00f3n costa los atractivos que encontramos son sus playas, la arquitectura de sus ciudades, s<a href=\"http:\/\/blog.espol.edu.ec\/denilogr\/files\/2010\/09\/delfin-acrobata.jpg\"><img loading=\"lazy\" decoding=\"async\" class=\"size-medium wp-image-56 alignright\" title=\"delfin-acrobata\" src=\"http:\/\/blog.espol.edu.ec\/denilogr\/files\/2010\/09\/delfin-acrobata-300x180.jpg\" alt=\"\" width=\"300\" height=\"180\" srcset=\"https:\/\/blog.espol.edu.ec\/denilogr\/files\/2010\/09\/delfin-acrobata-300x180.jpg 300w, https:\/\/blog.espol.edu.ec\/denilogr\/files\/2010\/09\/delfin-acrobata.jpg 440w\" sizes=\"auto, (max-width: 300px) 100vw, 300px\" \/><\/a>us bellos paisajes, la producci\u00f3n agr\u00edcola, la producci\u00f3n pesquera, el turismo de aventura. La diversidad del clima varia si es en ciudades o en el campo o en las playas, pero lo que no cambia es la calidez de su gente.<\/span><\/p>\n<p><span style=\"color: #996633\">Los Amantes de Sumpa,\u00a0 es un hallazgo arqueol\u00f3gico que muestra a una pareja abrazados justo en el momento de su muerte. La pareja tiene mas de 7000 a\u00f1os de antig\u00fcedad. <\/span><\/p>\n<p><span style=\"color: #996633\">En las dem\u00e1s provincias de la costa se caracteriza por ser grandes productores de Banano, Cacao, Arroz,\u00a0 Pi\u00f1as y\u00a0 Mango. Pueblos junto a los r\u00edos y \u00e1reas de mucha vegetaci\u00f3n, ideal para el turismo Ecol\u00f3gico.<\/span><\/p>\n<p><span style=\"color: #996633\"><a href=\"http:\/\/blog.espol.edu.ec\/denilogr\/files\/2010\/09\/costa_03.jpg\"><img loading=\"lazy\" decoding=\"async\" class=\"alignleft size-full wp-image-57\" title=\"costa_03\" src=\"http:\/\/blog.espol.edu.ec\/denilogr\/files\/2010\/09\/costa_03.jpg\" alt=\"\" width=\"178\" height=\"238\" \/><\/a><\/span><\/p>\n<p>La regi\u00f3n costera del Ecuador, a la cual le llamamos simplemente \"La Costa\", es la franja de tierras bajas que se encuentra entre la costa del Pac\u00edfico y los Andes. Esta franja, que se extiende de norte a sur a todo lo largo del Ecuador y con un ancho aproximado de 300 km, es escenario de una gran variedad de paisajes, ecosistemas y gente.<\/p>\n<p>Playas para todos los gustos, desde las m\u00e1s concurridas, llenas de lindas chicas en bikini y actividades deportivas como el surfing con sus excelentes olas, hasta las escondidas y protegidas, donde podr\u00e1 maravillarse por su extraordinaria belleza.<\/p>\n<p>En la costa tenemos \u00e1reas naturales protegidas que guardan una variedad de ecosistemas, como la Reserva Ecol\u00f3gica Cayapas - Mataje, que contiene grandes bosques de mangle, entre ellos los manglares de Majagual, considerado el mas alto del mundo en su tipo, con \u00e1rboles de m\u00e1s de 100 a\u00f1os de edad y hasta 60 metros de altura. La Reserva Ecol\u00f3gica Mache - Chindul, contiene los \u00faltimos remanentes de bosque muy h\u00famedo tropical, con una gran biodiversidad y con muy altos niveles de endemismo. La zona baja de la Reserva Ecol\u00f3gica Cotacahi - Cayapas, caracterizada por una selva monta\u00f1osa de muy dif\u00edcil acceso y cruzada por r\u00edos torrentosos. Selvas con una gran variedad de \u00e1rboles de finas maderas y las m\u00e1s raras especies de orqu\u00eddeas, helechos y bromelias, son tambi\u00e9n el refugio de muchas especies de animales que hallan protecci\u00f3n por la dificultad de acceso al lugar. Estas reservas son tambi\u00e9n hogar de comunidades ind\u00edgenas Chachi y Afroecuatorianas.<\/p>\n<p>Hacia el centro tenemos el Parque Nacional Machalilla, donde la cordillera costera Chong\u00f3n - Colonche da forma a un conjunto de acantilados y playas ocultas y que, junto a la presencia del la corriente de Humboldt provocan una variedad de microclimas \u00fanicos y muy distintos al resto de la costa. El tipo de vegetaci\u00f3n predominante en las partes bajas es el bosque seco tropical, considerado el \u00fanico en Am\u00e9rica del Sur. En las partes altas predomina el bosque h\u00famedo tropical, que sirve de refugio a mam\u00edferos como el mono aullador negro y una gran variedad de aves. La zona marina es muy interesante por la presencia de arrecifes rocosos y de coral, ideales para la pr\u00e1ctica del snorkeling y el buceo y, sobre todo, la Isla de la Plata, muy similar al archipi\u00e9lago de Gal\u00e1pagos por su avifauna. Entre los meses de Julio y Septiembre, una de las actividades preferidas es la observaci\u00f3n de ballenas jorobadas que vienen en esta \u00e9poca desde la Ant\u00e1rtica para aparearse y dar a luz a sus cr\u00edas.<\/p>\n<p>Al sur tenemos el Golfo de Guayaquil, rodeado de extensas \u00e1reas de mangle y donde se ha guardado la Reserva<a href=\"http:\/\/blog.espol.edu.ec\/denilogr\/files\/2010\/09\/catedral-guayaquil1.jpg\"><img loading=\"lazy\" decoding=\"async\" class=\"alignright size-medium wp-image-59\" title=\"catedral-guayaquil\" src=\"http:\/\/blog.espol.edu.ec\/denilogr\/files\/2010\/09\/catedral-guayaquil1-225x300.jpg\" alt=\"\" width=\"225\" height=\"370\" \/><\/a> Ecol\u00f3gica Manglares Churute para proteger estos humedales de la actividad expansiva del hombre. Adem\u00e1s de estas reservas del Sistema Nacional de Areas Protegidas, en la regi\u00f3n de la Costa tenemos una variedad de \u00e1reas protegidas privadas que guardan una gran riqueza y demuestran la variedad de ecosistemas y paisajes maravillosos de esta regi\u00f3n.<\/p>\n<p>Pero no todo es naturaleza en La Costa. Ciudades como Guayaquil, Manta, Salinas y otras le esperan para disfrutar de su linda gente, su cultura y muchas formas de diversi\u00f3n.<\/p>\n","protected":false},"excerpt":{"rendered":"<p>La Regi\u00f3n litoral o Costa esta conformada por 6 provincias, cada una de ellas representada por su variedad de riquezas naturales y tur\u00edsticas. El clima es variado seg\u00fan los meses del a\u00f1o. Puede ser h\u00famedo, caluroso, seco, lluvioso, frio, esto permite que el turismo visite por temporadas especificas. La costa se caracteriza por sus amplias [&hellip;]<\/p>\n","protected":false},"author":4896,"featured_media":0,"parent":0,"menu_order":0,"comment_status":"open","ping_status":"open","template":"","meta":{"footnotes":""},"class_list":["post-53","page","type-page","status-publish","hentry"],"_links":{"self":[{"href":"https:\/\/blog.espol.edu.ec\/denilogr\/wp-json\/wp\/v2\/pages\/53","targetHints":{"allow":["GET"]}}],"collection":[{"href":"https:\/\/blog.espol.edu.ec\/denilogr\/wp-json\/wp\/v2\/pages"}],"about":[{"href":"https:\/\/blog.espol.edu.ec\/denilogr\/wp-json\/wp\/v2\/types\/page"}],"author":[{"embeddable":true,"href":"https:\/\/blog.espol.edu.ec\/denilogr\/wp-json\/wp\/v2\/users\/4896"}],"replies":[{"embeddable":true,"href":"https:\/\/blog.espol.edu.ec\/denilogr\/wp-json\/wp\/v2\/comments?post=53"}],"version-history":[{"count":1,"href":"https:\/\/blog.espol.edu.ec\/denilogr\/wp-json\/wp\/v2\/pages\/53\/revisions"}],"predecessor-version":[{"id":60,"href":"https:\/\/blog.espol.edu.ec\/denilogr\/wp-json\/wp\/v2\/pages\/53\/revisions\/60"}],"wp:attachment":[{"href":"https:\/\/blog.espol.edu.ec\/denilogr\/wp-json\/wp\/v2\/media?parent=53"}],"curies":[{"name":"wp","href":"https:\/\/api.w.org\/{rel}","templated":true}]}}