{"id":61,"date":"2010-09-07T05:22:07","date_gmt":"2010-09-07T05:22:07","guid":{"rendered":"http:\/\/blog.espol.edu.ec\/denilogr\/?page_id=61"},"modified":"2010-09-07T05:22:07","modified_gmt":"2010-09-07T05:22:07","slug":"sierra","status":"publish","type":"page","link":"https:\/\/blog.espol.edu.ec\/denilogr\/sierra\/","title":{"rendered":"Sierra"},"content":{"rendered":"<p><a href=\"http:\/\/blog.espol.edu.ec\/denilogr\/files\/2010\/09\/cotopaxi.jpg\"><img loading=\"lazy\" decoding=\"async\" class=\"size-medium wp-image-62 alignleft\" title=\"cotopaxi\" src=\"http:\/\/blog.espol.edu.ec\/denilogr\/files\/2010\/09\/cotopaxi-300x206.jpg\" alt=\"\" width=\"300\" height=\"206\" srcset=\"https:\/\/blog.espol.edu.ec\/denilogr\/files\/2010\/09\/cotopaxi-300x206.jpg 300w, https:\/\/blog.espol.edu.ec\/denilogr\/files\/2010\/09\/cotopaxi.jpg 450w\" sizes=\"auto, (max-width: 300px) 100vw, 300px\" \/><\/a>Region sierra del EcuadorEl sierra consiste en dos cadenas importantes de monta\u00f1as de los Andes, conocidas como la Cordillera occidental (cadena occidental) y Cordillera Oriental (cadena del este), y la meseta entre monta\u00f1as. Varios est\u00edmulos transversales de la monta\u00f1a, conocidos como nudos, corte a trav\u00e9s de la meseta. El Nudo del Azuay, en 4.500 metros el m\u00e1s alto de estos est\u00edmulos transversales, divide la sierra en dos subregiones el \u00e1rea del volcanismo moderno al norte y el \u00e1rea del volcanismo antiguo al sur. El \u00e1rea anterior consiste en monta\u00f1as m\u00e1s nuevas, m\u00e1s altas que los en la secci\u00f3n antigua del volcanismo, que con tiempo han erosionado a niveles m\u00e1s bajos.<\/p>\n<p>La estaci\u00f3n de lluvias en esta \u00e1rea dura a partir de octubre a mayo, con una gama de temperaturas anual media de 11.5\u00b0 a 18\u00b0 C. La variaci\u00f3n diaria, sin embargo, puede ser extrema con d\u00edas muy calientes y noches absolutamente fr\u00edas. Las condiciones clim\u00e1ticas de la sierra, as\u00ed como actividad volc\u00e1nica reciente, han producido las formaciones peculiares e interesantes de la plantas que distinguen los paisajes hermosos del \u00e1rea llamados el paramo. Un d\u00e9cimo (2'500.000 H.) de la tierra de Ecuadorian el \u00e1rea se cubre con paramos o la vegetaci\u00f3n seca de la alta altitud. Situado entre m. 3.500 y 4.500 sobre nivel del mar, esto es un habitat ideal para los condors, los caracaras, los ciervos, las llam<a href=\"http:\/\/blog.espol.edu.ec\/denilogr\/files\/2010\/09\/1129883416.jpg\"><img loading=\"lazy\" decoding=\"async\" class=\"alignright size-medium wp-image-63\" title=\"1129883416\" src=\"http:\/\/blog.espol.edu.ec\/denilogr\/files\/2010\/09\/1129883416-300x225.jpg\" alt=\"\" width=\"300\" height=\"225\" srcset=\"https:\/\/blog.espol.edu.ec\/denilogr\/files\/2010\/09\/1129883416-300x225.jpg 300w, https:\/\/blog.espol.edu.ec\/denilogr\/files\/2010\/09\/1129883416.jpg 600w\" sizes=\"auto, (max-width: 300px) 100vw, 300px\" \/><\/a>as, los vicu\u00f1as, las flores multicoloras y los colibr\u00eds. La regi\u00f3n de Ecuador de los Andes consiste en sobre 30 conos volc\u00e1nicos, muchos sobre 5.000 metros y casi un tercero a\u00fan activo. Uno de \u00e9stos el Cotopaxi nieve-capsulado es el volc\u00e1n activo m\u00e1s alto del mundo. Los parques nacionales numerosos y las \u00e1reas protegidas del yermo ofrecen una amplia gama de microclimas y del bio-diversidad enorme, haciendo la sierra un para\u00edso<br \/>\nQuito<\/p>\n<p>Quito es la Capital del EcuadorQuito, es la capital de Ecuador, es una ciudad vibrante, moderna con las ra\u00edces en el imperio incan y una Espa\u00f1a colonial. El pa\u00eds es caracterizado por la diversidad de la gente, y del ambiente. Localizado en la gama de las monta\u00f1a de los Andes 2.800 metros sobre nivel del mar, Quito ocupa una meseta de 12.000 kil\u00f3metros cuadrados. Su temperatura ambiental oscila entre 50 a 77 grados los grados cent\u00edgrados de Fahrenheit (10 a 25). Los contrastes clim\u00e1ticos que se presentan durante el curso de un d\u00eda, permiten que uno goce de las cuatro estaciones del a\u00f1o alrededor del reloj - como si teniendo resorte eterno.<br \/>\nCuenca<\/p>\n<p>La Catedral de la ciudad de Cuenca EcuadorFundado por los espa\u00f1oles en 1557, Cuenca es la <a href=\"http:\/\/blog.espol.edu.ec\/denilogr\/files\/2010\/09\/33.jpg\"><img loading=\"lazy\" decoding=\"async\" class=\"alignleft size-medium wp-image-64\" title=\"33\" src=\"http:\/\/blog.espol.edu.ec\/denilogr\/files\/2010\/09\/33-200x300.jpg\" alt=\"\" width=\"200\" height=\"300\" srcset=\"https:\/\/blog.espol.edu.ec\/denilogr\/files\/2010\/09\/33-200x300.jpg 200w, https:\/\/blog.espol.edu.ec\/denilogr\/files\/2010\/09\/33.jpg 400w\" sizes=\"auto, (max-width: 200px) 100vw, 200px\" \/><\/a>ciudad tercero-ma's grande de Ecuador y de una de las m\u00e1s bonita. Se sabe que es la capital de la cultura y de los artes y sus edificios son hermosos que est\u00e1n muy bien preservados. El viejo centro tiene iglesias del d\u00e9cimosexto y 17mo siglo, y de calles del cobblestone. Es tambi\u00e9n creador del sombrero famoso de Panam\u00e1 y las viejas telas pueden ser todav\u00eda encontradas. Las aldeas circundantes es tambi\u00e9n digno de visitar y famoso por sus artesan\u00edas, la joyer\u00eda y sus mercados tradicionales. El campo es bonito. Cincuenta kil\u00f3metros de del norte son la fortaleza del inca de Ingapirca, la mejor ruina pre-colonial preservada de Ecuador.<br \/>\nOtavalo<\/p>\n<p>Artesan\u00edas de la ciudad de Otavalo EcuadorOtavalo, est\u00e1 situado dos horas al norte de Quito en las monta\u00f1as andinas de Ecuador. Cerca de 50.000 personas residen en la ciudad de donde el mercado famoso tom\u00f3 su nombre. Rodeado por los volcanes, el mercado est\u00e1 en un ajuste hermoso. La gente de todo sobre el mundo viene ver el mercado famoso, donde una abundancia de artesan\u00edas puede ser encontrada.<\/p>\n","protected":false},"excerpt":{"rendered":"<p>Region sierra del EcuadorEl sierra consiste en dos cadenas importantes de monta\u00f1as de los Andes, conocidas como la Cordillera occidental (cadena occidental) y Cordillera Oriental (cadena del este), y la meseta entre monta\u00f1as. Varios est\u00edmulos transversales de la monta\u00f1a, conocidos como nudos, corte a trav\u00e9s de la meseta. El Nudo del Azuay, en 4.500 metros [&hellip;]<\/p>\n","protected":false},"author":4896,"featured_media":0,"parent":0,"menu_order":0,"comment_status":"open","ping_status":"open","template":"","meta":{"footnotes":""},"class_list":["post-61","page","type-page","status-publish","hentry"],"_links":{"self":[{"href":"https:\/\/blog.espol.edu.ec\/denilogr\/wp-json\/wp\/v2\/pages\/61","targetHints":{"allow":["GET"]}}],"collection":[{"href":"https:\/\/blog.espol.edu.ec\/denilogr\/wp-json\/wp\/v2\/pages"}],"about":[{"href":"https:\/\/blog.espol.edu.ec\/denilogr\/wp-json\/wp\/v2\/types\/page"}],"author":[{"embeddable":true,"href":"https:\/\/blog.espol.edu.ec\/denilogr\/wp-json\/wp\/v2\/users\/4896"}],"replies":[{"embeddable":true,"href":"https:\/\/blog.espol.edu.ec\/denilogr\/wp-json\/wp\/v2\/comments?post=61"}],"version-history":[{"count":2,"href":"https:\/\/blog.espol.edu.ec\/denilogr\/wp-json\/wp\/v2\/pages\/61\/revisions"}],"predecessor-version":[{"id":66,"href":"https:\/\/blog.espol.edu.ec\/denilogr\/wp-json\/wp\/v2\/pages\/61\/revisions\/66"}],"wp:attachment":[{"href":"https:\/\/blog.espol.edu.ec\/denilogr\/wp-json\/wp\/v2\/media?parent=61"}],"curies":[{"name":"wp","href":"https:\/\/api.w.org\/{rel}","templated":true}]}}