{"id":67,"date":"2010-09-07T05:32:21","date_gmt":"2010-09-07T05:32:21","guid":{"rendered":"http:\/\/blog.espol.edu.ec\/denilogr\/?page_id=67"},"modified":"2010-09-07T05:32:21","modified_gmt":"2010-09-07T05:32:21","slug":"oriente","status":"publish","type":"page","link":"https:\/\/blog.espol.edu.ec\/denilogr\/oriente\/","title":{"rendered":"Oriente"},"content":{"rendered":"<p><span style=\"font-family: Arial\"><a href=\"http:\/\/blog.espol.edu.ec\/denilogr\/files\/2010\/09\/tn_quito-ecuador-amazon.jpg\"><img loading=\"lazy\" decoding=\"async\" class=\"alignleft size-full wp-image-68\" title=\"tn_quito-ecuador-amazon\" src=\"http:\/\/blog.espol.edu.ec\/denilogr\/files\/2010\/09\/tn_quito-ecuador-amazon.jpg\" alt=\"\" width=\"200\" height=\"150\" \/><\/a>La Regi\u00f3n Amaz\u00f3nica esta formada por 7 provincias. Presenta una variedad de flora y fauna \u00fanica en su especie. La mayor actividad de la zona es la explotaci\u00f3n de los campos de petr\u00f3leo del Ecuador, su clima\u00a0 es tropical\u00a0 h\u00famedo\u00a0 lluvioso.<\/span><\/p>\n<p><span style=\"font-family: Arial\">Con amplia riqueza natural en la que se destacan r\u00edos, \u00e1rboles de cedro, caoba, canel\u00f3n y laurel, encontramos tribus milenarias en su habitad natural, las cuales aun conservan sus costumbres ancestrales. Sus pueblos son productores de vasijas de barro, tejidos y muchas artesan\u00edas que son muy valoradas por los turistas. La regi\u00f3n Oriental del Ecuador es ideal y se recomienda por sus lugares llenos de aventura para el turismo extremo y de aventura. <\/span><\/p>\n<p><span style=\"color: #996633\">La Fauna del la selva ecuatoriana es \u00fanica en su clase, Sus aves presentan plumajes ex\u00f3ticos, como por ejemplo los Guacamayos que llevan en sus plumas el tricolor patrio Amarillo Azul y Rojo.\u00a0 <a href=\"http:\/\/blog.espol.edu.ec\/denilogr\/files\/2010\/09\/ecu3.jpg\"><img loading=\"lazy\" decoding=\"async\" class=\"alignright size-medium wp-image-69\" title=\"ecu3\" src=\"http:\/\/blog.espol.edu.ec\/denilogr\/files\/2010\/09\/ecu3-300x200.jpg\" alt=\"\" width=\"300\" height=\"200\" srcset=\"https:\/\/blog.espol.edu.ec\/denilogr\/files\/2010\/09\/ecu3-300x200.jpg 300w, https:\/\/blog.espol.edu.ec\/denilogr\/files\/2010\/09\/ecu3.jpg 468w\" sizes=\"auto, (max-width: 300px) 100vw, 300px\" \/><\/a><\/span><\/p>\n<p><span style=\"color: #996633\">Vivir una experiencia junto a la naturaleza es lo que nos brinda la diversidad de hoteles y hoster\u00edas de la regi\u00f3n. <\/span><\/p>\n<p><span style=\"color: #996633\">Cascadas, r\u00edos, y selva\u00a0 son el hogar de tribus como los Waorani. Esta regi\u00f3n guarda muchos misterios en sus selvas, El turismo en la regi\u00f3n se inclina mas por la experiencia de vivir al contacto con la naturaleza, esta regi\u00f3n es considerada para el turismo de Aventura.<\/span><\/p>\n<p><span style=\"color: #996633\">Visita la Amazon\u00eda del Ecuador y vive una experiencia inolvidable.<\/span><\/p>\n","protected":false},"excerpt":{"rendered":"<p>La Regi\u00f3n Amaz\u00f3nica esta formada por 7 provincias. Presenta una variedad de flora y fauna \u00fanica en su especie. La mayor actividad de la zona es la explotaci\u00f3n de los campos de petr\u00f3leo del Ecuador, su clima\u00a0 es tropical\u00a0 h\u00famedo\u00a0 lluvioso. Con amplia riqueza natural en la que se destacan r\u00edos, \u00e1rboles de cedro, caoba, [&hellip;]<\/p>\n","protected":false},"author":4896,"featured_media":0,"parent":0,"menu_order":0,"comment_status":"open","ping_status":"open","template":"","meta":{"footnotes":""},"class_list":["post-67","page","type-page","status-publish","hentry"],"_links":{"self":[{"href":"https:\/\/blog.espol.edu.ec\/denilogr\/wp-json\/wp\/v2\/pages\/67","targetHints":{"allow":["GET"]}}],"collection":[{"href":"https:\/\/blog.espol.edu.ec\/denilogr\/wp-json\/wp\/v2\/pages"}],"about":[{"href":"https:\/\/blog.espol.edu.ec\/denilogr\/wp-json\/wp\/v2\/types\/page"}],"author":[{"embeddable":true,"href":"https:\/\/blog.espol.edu.ec\/denilogr\/wp-json\/wp\/v2\/users\/4896"}],"replies":[{"embeddable":true,"href":"https:\/\/blog.espol.edu.ec\/denilogr\/wp-json\/wp\/v2\/comments?post=67"}],"version-history":[{"count":1,"href":"https:\/\/blog.espol.edu.ec\/denilogr\/wp-json\/wp\/v2\/pages\/67\/revisions"}],"predecessor-version":[{"id":70,"href":"https:\/\/blog.espol.edu.ec\/denilogr\/wp-json\/wp\/v2\/pages\/67\/revisions\/70"}],"wp:attachment":[{"href":"https:\/\/blog.espol.edu.ec\/denilogr\/wp-json\/wp\/v2\/media?parent=67"}],"curies":[{"name":"wp","href":"https:\/\/api.w.org\/{rel}","templated":true}]}}