{"id":71,"date":"2010-09-07T05:45:30","date_gmt":"2010-09-07T05:45:30","guid":{"rendered":"http:\/\/blog.espol.edu.ec\/denilogr\/?page_id=71"},"modified":"2010-09-07T05:45:30","modified_gmt":"2010-09-07T05:45:30","slug":"insular","status":"publish","type":"page","link":"https:\/\/blog.espol.edu.ec\/denilogr\/insular\/","title":{"rendered":"Insular"},"content":{"rendered":"<p><a href=\"http:\/\/blog.espol.edu.ec\/denilogr\/files\/2010\/09\/3640630159_968367a721.jpg\"><img loading=\"lazy\" decoding=\"async\" class=\"alignleft size-medium wp-image-72\" title=\"3640630159_968367a721\" src=\"http:\/\/blog.espol.edu.ec\/denilogr\/files\/2010\/09\/3640630159_968367a721-300x169.jpg\" alt=\"\" width=\"268\" height=\"148\" \/><\/a>El archipi\u00e9lago de las Islas Gal\u00e1pagos es una herencia \u00fanica del mundo. Situado en el Ecuador unas 600 millas de la costa de Suram\u00e9rica, este archipi\u00e9lago volc\u00e1nico alejado hace mill\u00f3nes de a\u00f1os. Sobre el curso de siglos, la fauna y flora de las islas de Am\u00e9ricas alcanz\u00f3 un desarroll\u00f3 gradualmente en nuevas formas. Muchas de sus especies que no se encuentran ninguna otra parte de la tierra. Cada una de las islas del archipi\u00e9lago tiene su propio car\u00e1cter y calidades \u00fanicas. Por ejemplo, Santa Cruz la Isla apoya una de las poblaciones humanas m\u00e1s grandes de las cinco islas. Aproximadamente 4,000 residentes son distribuidos entre las comunidades de ganado en las tierras altas lozanas y la ciudad costera de Puerto Ayora. Aqu\u00ed usted puede visitar la Estaci\u00f3n de Investigaci\u00f3n de Carlos Darwin para ver las tortugas de tierra, o Galapagos, que una vez el saludo de Darwin tan pl\u00e1cidamente.<\/p>\n<p>La Espa\u00f1ola es una de las m\u00e1s viejas de las islas. Es peque\u00f1a y plana, sin cr\u00e1ter volc\u00e1nico. La bah\u00eda de Gardner este ofrece la mayor\u00eda<a href=\"http:\/\/blog.espol.edu.ec\/denilogr\/files\/2010\/09\/galapagos.jpg\"><img loading=\"lazy\" decoding=\"async\" class=\"alignright size-medium wp-image-73\" title=\"galapagos\" src=\"http:\/\/blog.espol.edu.ec\/denilogr\/files\/2010\/09\/galapagos-300x214.jpg\" alt=\"\" width=\"300\" height=\"214\" srcset=\"https:\/\/blog.espol.edu.ec\/denilogr\/files\/2010\/09\/galapagos-300x214.jpg 300w, https:\/\/blog.espol.edu.ec\/denilogr\/files\/2010\/09\/galapagos.jpg 450w\" sizes=\"auto, (max-width: 300px) 100vw, 300px\" \/><\/a> de la playa magn\u00edfica. Es utilizada por una colonia transitoria de los leones de mar, y es un sitio de nesting importante para las tortugas marinas.<\/p>\n<p><strong>Geograf\u00eda<\/strong><\/p>\n<p>Las islas est\u00e1n en el Oc\u00e9ano Pac\u00edfico aproximadamente 1,000 kil\u00f3metros de la costa sudamericana. Hay 13 islas grandes, 6 m\u00e1s peque\u00f1os y 107 islotes y rocas, con un \u00e1rea de tierra total de aproximadamente 8,000 kil\u00f3metros cuadrados. Las islas son volc\u00e1nicas en el origen y varios volcanes en el oeste del archipi\u00e9lago son todav\u00eda muy activos. Galapagos es una provincia de la Rep\u00fablica de Ecuador y cinco de las islas son habitadas, con una poblaci\u00f3n total de alrededor de 18,000 personas. La capital es Puerto Baquerizo Moreno en la isla del San Cristobal, aunque la ciudad m\u00e1s grande es Puerto Ayora en Santa Cruz.<\/p>\n<p><strong>Vida de animal<\/strong><\/p>\n<p><a href=\"http:\/\/blog.espol.edu.ec\/denilogr\/files\/2010\/09\/ecu2.jpg\"><img loading=\"lazy\" decoding=\"async\" class=\"alignleft size-medium wp-image-74\" title=\"ecu2\" src=\"http:\/\/blog.espol.edu.ec\/denilogr\/files\/2010\/09\/ecu2-300x200.jpg\" alt=\"\" width=\"300\" height=\"200\" srcset=\"https:\/\/blog.espol.edu.ec\/denilogr\/files\/2010\/09\/ecu2-300x200.jpg 300w, https:\/\/blog.espol.edu.ec\/denilogr\/files\/2010\/09\/ecu2.jpg 468w\" sizes=\"auto, (max-width: 300px) 100vw, 300px\" \/><\/a>Galapagos es de casa para muchos animales \u00fanicos, end\u00e9micos, la mayor parte de cual son intr\u00e9pidos debido a la carencia de depredadores naturales. Uno de los mas conocido es, la tortuga gigantesca, se ha desarrollado en catorce formas distintas a las islas diferentes del archipi\u00e9lago. Otros reptiles incluyen la iguana mar\u00edtima que roza sobre el alga, iguanas de tierra, lagartos de lava, salamanquesas y serpientes. Los \u00fanicos mam\u00edferos terrestres son ratas de arroz y dos especie de murci\u00e9lago. La 13 especie de pinzones peque\u00f1os, parduscos es adaptada a una gama de productos de alimentaci\u00f3n diferentes y se conoce en conjunto como los pinzones de Darwin. Ellos han sido importantes para los cient\u00edficos que tratan de entender como ocurre la evoluci\u00f3n , e incluir el pinz\u00f3n de pico que usa instrumento. Otro end\u00e9mico son los p\u00e1jaros de tierra incluyen un halc\u00f3n, se zambull\u00f3, el papamoscas, el carril.<\/p>\n<p><strong>Flora<a href=\"http:\/\/blog.espol.edu.ec\/denilogr\/files\/2010\/09\/galapagos1.jpg\"><img loading=\"lazy\" decoding=\"async\" class=\"alignright size-full wp-image-75\" title=\"galapagos1\" src=\"http:\/\/blog.espol.edu.ec\/denilogr\/files\/2010\/09\/galapagos1.jpg\" alt=\"\" width=\"299\" height=\"219\" \/><\/a><\/strong><\/p>\n<p><a href=\"http:\/\/www.in-quito.com\/uio-kito-qito-kyto-qyto\/spanish-uio\/fotos\/orquidea.htm\"><\/a>Las plantas de las Islas Gal\u00e1pagos son igualmente fascinadoras. En las monta\u00f1as est\u00e1n muchas especies de Scalesia end\u00e9mico (' margaritas del \u00e1rbol) as\u00ed como ferns, bromeliads y orqu\u00eddeas del \u00e1rbol. Alrededor de las costas est\u00e1 la pera espinosa gigante y los cactos de los candelabros mientras que los cactos min\u00fasculos de Brachycereus crecen en la lava est\u00e9ril . En las orillas pueden estar las glorias de ma\u00f1ana vivas encontradas y las esteras del sesuvium rojo brillante. Las Islas Gal\u00e1pagos tambi\u00e9n poseen, especie end\u00e9mica del algod\u00f3n, tomate, pimienta, guayaba y flor de la pasi\u00f3n. Muchas clases de plantas, particularmente \u00e9sas que pertenec\u00edan a la familia de la margarita, se han desarrollado en las diversas islas en los \u00f3rdenes enteros de especies end\u00e9micas, proveiendo de cient\u00edficos ejemplos cl\u00e1sicos de qu\u00e9 se conoce como ' radiaci\u00f3n adaptante '.<\/p>\n","protected":false},"excerpt":{"rendered":"<p>El archipi\u00e9lago de las Islas Gal\u00e1pagos es una herencia \u00fanica del mundo. Situado en el Ecuador unas 600 millas de la costa de Suram\u00e9rica, este archipi\u00e9lago volc\u00e1nico alejado hace mill\u00f3nes de a\u00f1os. Sobre el curso de siglos, la fauna y flora de las islas de Am\u00e9ricas alcanz\u00f3 un desarroll\u00f3 gradualmente en nuevas formas. Muchas de [&hellip;]<\/p>\n","protected":false},"author":4896,"featured_media":0,"parent":0,"menu_order":0,"comment_status":"open","ping_status":"open","template":"","meta":{"footnotes":""},"class_list":["post-71","page","type-page","status-publish","hentry"],"_links":{"self":[{"href":"https:\/\/blog.espol.edu.ec\/denilogr\/wp-json\/wp\/v2\/pages\/71","targetHints":{"allow":["GET"]}}],"collection":[{"href":"https:\/\/blog.espol.edu.ec\/denilogr\/wp-json\/wp\/v2\/pages"}],"about":[{"href":"https:\/\/blog.espol.edu.ec\/denilogr\/wp-json\/wp\/v2\/types\/page"}],"author":[{"embeddable":true,"href":"https:\/\/blog.espol.edu.ec\/denilogr\/wp-json\/wp\/v2\/users\/4896"}],"replies":[{"embeddable":true,"href":"https:\/\/blog.espol.edu.ec\/denilogr\/wp-json\/wp\/v2\/comments?post=71"}],"version-history":[{"count":1,"href":"https:\/\/blog.espol.edu.ec\/denilogr\/wp-json\/wp\/v2\/pages\/71\/revisions"}],"predecessor-version":[{"id":76,"href":"https:\/\/blog.espol.edu.ec\/denilogr\/wp-json\/wp\/v2\/pages\/71\/revisions\/76"}],"wp:attachment":[{"href":"https:\/\/blog.espol.edu.ec\/denilogr\/wp-json\/wp\/v2\/media?parent=71"}],"curies":[{"name":"wp","href":"https:\/\/api.w.org\/{rel}","templated":true}]}}