{"id":217,"date":"2009-08-28T22:08:08","date_gmt":"2009-08-29T02:08:08","guid":{"rendered":"http:\/\/blog.espol.edu.ec\/denyproa\/?page_id=217"},"modified":"2009-08-28T22:41:43","modified_gmt":"2009-08-29T02:41:43","slug":"el-%c2%bfporque-de-este-blog","status":"publish","type":"page","link":"https:\/\/blog.espol.edu.ec\/denyproa\/el-%c2%bfporque-de-este-blog\/","title":{"rendered":"El \u00bfPorqu\u00e9 de este blog?"},"content":{"rendered":"<p>La verdad la idea de escoger este tema que para algunos les ha de parecer un poco extra\u00f1o es por motivo que tal vez por no estar informados de lo que pasa a nuestro alrededor ignoramos las graves situaciones que pasan algunas personas que por diferentes situaciones sufren enfermedades que para la ciencia son inesplicables a\u00fan.<\/p>\n<p>Por medio de este blog intento motivar al lector a que no se queden con solo esa peque\u00f1a rese\u00f1a sino motivarlos a \u00a0que\u00a0se informen mejor sobre los diferentes males que existen en este mundo .<\/p>\n<p>Debido a los avances tecnol\u00f3gicos,\u00a0 el internet se ha vuelto el medio de comunicaci\u00f3n m\u00e1s r\u00e1pido y eficaz para informar\u00a0he usado este recurso para\u00a0 publicar mi blog y espero que les guste.<\/p>\n","protected":false},"excerpt":{"rendered":"<p>La verdad la idea de escoger este tema que para algunos les ha de parecer un poco extra\u00f1o es por motivo que tal vez por no estar informados de lo que pasa a nuestro alrededor ignoramos las graves situaciones que pasan algunas personas que por diferentes situaciones sufren enfermedades que para la ciencia son inesplicables [&hellip;]<\/p>\n","protected":false},"author":1700,"featured_media":0,"parent":0,"menu_order":0,"comment_status":"open","ping_status":"open","template":"","meta":{"footnotes":""},"class_list":["post-217","page","type-page","status-publish","hentry"],"_links":{"self":[{"href":"https:\/\/blog.espol.edu.ec\/denyproa\/wp-json\/wp\/v2\/pages\/217","targetHints":{"allow":["GET"]}}],"collection":[{"href":"https:\/\/blog.espol.edu.ec\/denyproa\/wp-json\/wp\/v2\/pages"}],"about":[{"href":"https:\/\/blog.espol.edu.ec\/denyproa\/wp-json\/wp\/v2\/types\/page"}],"author":[{"embeddable":true,"href":"https:\/\/blog.espol.edu.ec\/denyproa\/wp-json\/wp\/v2\/users\/1700"}],"replies":[{"embeddable":true,"href":"https:\/\/blog.espol.edu.ec\/denyproa\/wp-json\/wp\/v2\/comments?post=217"}],"version-history":[{"count":8,"href":"https:\/\/blog.espol.edu.ec\/denyproa\/wp-json\/wp\/v2\/pages\/217\/revisions"}],"predecessor-version":[{"id":225,"href":"https:\/\/blog.espol.edu.ec\/denyproa\/wp-json\/wp\/v2\/pages\/217\/revisions\/225"}],"wp:attachment":[{"href":"https:\/\/blog.espol.edu.ec\/denyproa\/wp-json\/wp\/v2\/media?parent=217"}],"curies":[{"name":"wp","href":"https:\/\/api.w.org\/{rel}","templated":true}]}}