{"id":73,"date":"2009-06-10T17:34:30","date_gmt":"2009-06-10T21:34:30","guid":{"rendered":"http:\/\/blog.espol.edu.ec\/denyproa\/?page_id=73"},"modified":"2009-08-28T13:47:50","modified_gmt":"2009-08-28T17:47:50","slug":"sobre-mi","status":"publish","type":"page","link":"https:\/\/blog.espol.edu.ec\/denyproa\/sobre-mi\/","title":{"rendered":"Yop"},"content":{"rendered":"<p><a href=\"http:\/\/blog.espol.edu.ec\/denyproa\/files\/2009\/06\/yos_edited.jpg\"><img loading=\"lazy\" decoding=\"async\" class=\"alignleft size-thumbnail wp-image-99\" src=\"http:\/\/blog.espol.edu.ec\/denyproa\/files\/2009\/06\/yos_edited-150x150.jpg\" alt=\"yos_edited\" width=\"150\" height=\"150\" \/><\/a><\/p>\n<p><a href=\"http:\/\/blog.espol.edu.ec\/denyproa\/files\/2009\/06\/yos.jpg\"><\/a><\/p>\n<p style=\"text-align: left\">\n<p class=\"MsoNormal\" style=\"text-align: left\">\u00a0<\/p>\n<p class=\"MsoNormal\" style=\"text-align: left\"><strong><em><span style=\"color: #000000\">Mi nombre es Deniss Yosthing Proa\u00f1o Acosta nacida en Ecuador en la ciudad de Guayaquil el 16 de Agosto de 1991 ; mis estudios primarios los realice en la escuela fiscal mixta \u201cCarlos Julio Arosemena Tola\u201d y en la escuela \u201cVicente Rocafuerte\u201d soy la intermedia de cinco hermanos y vivo con mi madre y mi padre , a la edad de 12 a\u00f1os ingrese al colegio \u201cInstituto Tecnol\u00f3gico Superior Guayaquil\u201d dicho colegio en el cual pas\u00e9 las mejores momentos de mi ni\u00f1ez, ah\u00ed aprend\u00ed muchas cosas valiosas que me ayudaran tanto en mi presente como en mi futuro , hice maravillosas amistades que siempre estar\u00e1n en mi coraz\u00f3n , hoy en d\u00eda estudio en la \"Escuela Superior Polit\u00e9cnica del Litoral\" en la carrera Ingenier\u00eda en Auditoria y Contadur\u00eda P\u00fablica Autorizada en el Instituto de Ciencias Matem\u00e1ticas (ICM) , mis hobbies favoritos son escuchar m\u00fasica , chatear por internet y ver pel\u00edculas .<\/span><\/em><\/strong><\/p>\n<p class=\"MsoNormal\" style=\"text-align: left\"><strong><em><span style=\"color: #000000\">Mi meta principal es terminar mi carrera y obtener mi t\u00edtulo aunque me cueste mucho sacrificio; pero tarde o temprano ese sacrificio ser\u00e1 bien recompensado. <\/span><\/em><\/strong><\/p>\n","protected":false},"excerpt":{"rendered":"<p>\u00a0 Mi nombre es Deniss Yosthing Proa\u00f1o Acosta nacida en Ecuador en la ciudad de Guayaquil el 16 de Agosto de 1991 ; mis estudios primarios los realice en la escuela fiscal mixta \u201cCarlos Julio Arosemena Tola\u201d y en la escuela \u201cVicente Rocafuerte\u201d soy la intermedia de cinco hermanos y vivo con mi madre y [&hellip;]<\/p>\n","protected":false},"author":1700,"featured_media":0,"parent":0,"menu_order":0,"comment_status":"open","ping_status":"open","template":"","meta":{"footnotes":""},"class_list":["post-73","page","type-page","status-publish","hentry"],"_links":{"self":[{"href":"https:\/\/blog.espol.edu.ec\/denyproa\/wp-json\/wp\/v2\/pages\/73","targetHints":{"allow":["GET"]}}],"collection":[{"href":"https:\/\/blog.espol.edu.ec\/denyproa\/wp-json\/wp\/v2\/pages"}],"about":[{"href":"https:\/\/blog.espol.edu.ec\/denyproa\/wp-json\/wp\/v2\/types\/page"}],"author":[{"embeddable":true,"href":"https:\/\/blog.espol.edu.ec\/denyproa\/wp-json\/wp\/v2\/users\/1700"}],"replies":[{"embeddable":true,"href":"https:\/\/blog.espol.edu.ec\/denyproa\/wp-json\/wp\/v2\/comments?post=73"}],"version-history":[{"count":9,"href":"https:\/\/blog.espol.edu.ec\/denyproa\/wp-json\/wp\/v2\/pages\/73\/revisions"}],"predecessor-version":[{"id":96,"href":"https:\/\/blog.espol.edu.ec\/denyproa\/wp-json\/wp\/v2\/pages\/73\/revisions\/96"}],"wp:attachment":[{"href":"https:\/\/blog.espol.edu.ec\/denyproa\/wp-json\/wp\/v2\/media?parent=73"}],"curies":[{"name":"wp","href":"https:\/\/api.w.org\/{rel}","templated":true}]}}