{"id":80,"date":"2010-08-03T23:30:44","date_gmt":"2010-08-03T23:30:44","guid":{"rendered":"http:\/\/blog.espol.edu.ec\/desireechalen\/?page_id=80"},"modified":"2010-08-07T13:16:27","modified_gmt":"2010-08-07T13:16:27","slug":"mis-gustos","status":"publish","type":"page","link":"https:\/\/blog.espol.edu.ec\/desireechalen\/mis-gustos\/","title":{"rendered":"MIS GUSTOS"},"content":{"rendered":"<h1 style=\"text-align: center\"><span style=\"text-decoration: underline\"><span style=\"color: #ffffff\">MY FAVORITE SINGER<\/span><\/span><\/h1>\n<p><object classid=\"clsid:d27cdb6e-ae6d-11cf-96b8-444553540000\" width=\"580\" height=\"360\"><param name=\"allowFullScreen\" value=\"true\" \/><param name=\"allowscriptaccess\" value=\"always\" \/><param name=\"src\" value=\"http:\/\/www.youtube.com\/v\/dgFgGrljh1I&amp;hl=es_ES&amp;fs=1?color1=0xcc2550&amp;color2=0xe87a9f&amp;border=1\" \/><param name=\"allowfullscreen\" value=\"true\" \/><embed type=\"application\/x-shockwave-flash\" width=\"580\" height=\"360\" src=\"http:\/\/www.youtube.com\/v\/dgFgGrljh1I&amp;hl=es_ES&amp;fs=1?color1=0xcc2550&amp;color2=0xe87a9f&amp;border=1\" allowfullscreen=\"true\" allowscriptaccess=\"always\"><\/embed><\/object><\/p>\n<p style=\"text-align: center\"><a href=\"http:\/\/blog.espol.edu.ec\/desireechalen\/files\/2010\/08\/luis-fonsi6976.jpg\"><img loading=\"lazy\" decoding=\"async\" class=\"aligncenter size-thumbnail wp-image-75\" title=\"luis-fonsi6976\" src=\"http:\/\/blog.espol.edu.ec\/desireechalen\/files\/2010\/08\/luis-fonsi6976-150x150.jpg\" alt=\"I\" width=\"150\" height=\"150\" \/><\/a><a href=\"http:\/\/blog.espol.edu.ec\/desireechalen\/files\/2010\/08\/Fonsi_0518061.jpg\"><img loading=\"lazy\" decoding=\"async\" class=\"aligncenter size-thumbnail wp-image-73\" title=\"Fonsi_051806\" src=\"http:\/\/blog.espol.edu.ec\/desireechalen\/files\/2010\/08\/Fonsi_0518061-150x150.jpg\" alt=\"C\" width=\"150\" height=\"150\" \/><\/a><a href=\"http:\/\/blog.espol.edu.ec\/desireechalen\/files\/2010\/08\/luis-fonsi-0211.jpg\"><img loading=\"lazy\" decoding=\"async\" class=\"aligncenter size-thumbnail wp-image-69\" title=\"luis-fonsi-021\" src=\"http:\/\/blog.espol.edu.ec\/desireechalen\/files\/2010\/08\/luis-fonsi-0211-150x150.jpg\" alt=\"R\" width=\"150\" height=\"150\" \/><\/a><a href=\"http:\/\/blog.espol.edu.ec\/desireechalen\/files\/2010\/08\/luis-fonsi1.png\"><img loading=\"lazy\" decoding=\"async\" class=\"aligncenter size-thumbnail wp-image-68\" title=\"luis-fonsi\" src=\"http:\/\/blog.espol.edu.ec\/desireechalen\/files\/2010\/08\/luis-fonsi1-150x150.png\" alt=\"O\" width=\"150\" height=\"150\" srcset=\"https:\/\/blog.espol.edu.ec\/desireechalen\/files\/2010\/08\/luis-fonsi1-150x150.png 150w, https:\/\/blog.espol.edu.ec\/desireechalen\/files\/2010\/08\/luis-fonsi1-300x300.png 300w, https:\/\/blog.espol.edu.ec\/desireechalen\/files\/2010\/08\/luis-fonsi1.png 450w\" sizes=\"auto, (max-width: 150px) 100vw, 150px\" \/><\/a><a href=\"http:\/\/blog.espol.edu.ec\/desireechalen\/files\/2010\/08\/images21.jpg\"><img loading=\"lazy\" decoding=\"async\" class=\"aligncenter size-full wp-image-67\" title=\"images2\" src=\"http:\/\/blog.espol.edu.ec\/desireechalen\/files\/2010\/08\/images21.jpg\" alt=\"M\" width=\"93\" height=\"124\" \/><\/a><a href=\"http:\/\/blog.espol.edu.ec\/desireechalen\/files\/2010\/08\/FONSI5.jpg\"><img loading=\"lazy\" decoding=\"async\" class=\"aligncenter size-thumbnail wp-image-66\" title=\"FONSI5\" src=\"http:\/\/blog.espol.edu.ec\/desireechalen\/files\/2010\/08\/FONSI5-150x150.jpg\" alt=\"A\" width=\"150\" height=\"150\" \/><\/a><br \/>\n<span style=\"color: #ff6600\">LUIS FONSI ES MI CANTANTE FAVORITO YA QUE CANTA CANCIONES MUY ROMANTICAS QUE LLEGAN AL CORAZON.<\/span><\/p>\n<p><strong>\u00a0<\/strong><strong>\u00a0<\/strong><\/p>\n<h1 style=\"text-align: center\"><span style=\"color: #800080\"><span style=\"text-decoration: underline\"><span style=\"color: #ff0000\">BIOGRAFIA DE LUIS FONSI<\/span><\/span><\/span><\/h1>\n<p><span style=\"color: #800080\">Luis Alfonso Rodr\u00edguez L\u00f3pez-Cepero naci\u00f3 el 15 de abril de 1978 en San Juan, Puerto Rico. Tiene dos hermanos: \"Jean y Tatiana\". De peque\u00f1o, Luis Fonsi ya daba se\u00f1as de que la m\u00fasica iba a guiar su vida. Con 3 a\u00f1os imitaba a las estrellas del popular grupo Menudo, y a su corta edad ingres\u00f3 en el Coro de Ni\u00f1os de San Juan. Con apenas 10 a\u00f1os se mud\u00f3 con toda su familia desde Puerto Rico a Orlando (Florida). All\u00ed ingres\u00f3 en la escuela Dr. Phillips High School, donde form\u00f3 un grupo de m\u00fasica con compa\u00f1eros del instituto, como el famoso miembro del grupo 'N Sync, Joey Fatone. La m\u00fasica ya era pieza importante y vital en la vida de Fonsi. Tanto fue as\u00ed que estudi\u00f3 m\u00fasica en la Universidad Estatal de Florida y se prepar\u00f3 a conciencia: estudi\u00f3 teor\u00eda, solfeo, apreciaci\u00f3n musical, canto y composici\u00f3n.<\/span><\/p>\n<p><span style=\"text-decoration: underline\"><strong>\u00a0<\/strong><strong>\u00a0<\/strong><\/span><\/p>\n<h2 style=\"text-align: center\"><span style=\"color: #ffff00\"><span style=\"text-decoration: underline\">VIDA PROFESIONAL<\/span><\/span><\/h2>\n<p><span style=\"color: #00ffff\">En 1998, Luis Fonsi empieza su carrera con su primer disco llamado <em>Comenzar\u00e9<\/em> fueron \u00e9xitos canciones como <em>Amor de una noche<\/em>, <em>Si t\u00fa quisieras<\/em> y <em>Perd\u00f3name<\/em>. Es un gran \u00e9xito y su \u00e1lbum alcanza del <em>top<\/em> de ventas sobre todo en los pa\u00edses latinoamericanos. Despu\u00e9s de ese \u00e9xito se le regala un primer premio (disco de oro). <em>Eterno<\/em>, estren\u00f3 en 2001, encuentra el mismo \u00e9xito sobre todo gracias a la canci\u00f3n m\u00e1s famosa de \u00e9ste disco <em>Imag\u00edname sin ti<\/em>. Este fue su segundo disco de oro. Fonsi sigue trabajando sobre nuevos discos pero tambi\u00e9n act\u00faa en televisi\u00f3n y giraba a trav\u00e9s todo el mundo.<\/span><\/p>\n<p><span style=\"color: #00ffff\">En 1998 lanz\u00f3 su primer disco <em>Comenzar\u00e9<\/em> que tuvo un gran reconocimiento por la revista Billboard. Eso lo empuj\u00f3 a la grabaci\u00f3n de su segundo disco <em>Eterno<\/em> que se lanz\u00f3 internacionalmente gracias a la gran consolidaci\u00f3n en Puerto Rico y EE.\u00a0UU. y lleg\u00f3 a Espa\u00f1a con el single <em>Imag\u00edname Sin Ti<\/em>.<\/span><\/p>\n<p><span style=\"color: #00ffff\">Adem\u00e1s en el a\u00f1o 2000 Fonsi particip\u00f3 en el Jubileo 2000 donde cant\u00f3 ante el papa cat\u00f3lico Juan Pablo II. En ese mismo a\u00f1o Ednita Nazario se llevaba un Grammy Latino por una canci\u00f3n compuesta por Fonsi y tambi\u00e9n colabor\u00f3 en el homenaje de las v\u00edctimas del 11 de septiembre en la Casa Blanca junto a otros artistas.<\/span><\/p>\n<p><span style=\"color: #00ffff\">En el 2002 sorprendi\u00f3 con el disco <em>^Amor secreto<\/em>. Acerca de este \u00e1lbum y de su madurez art\u00edstica, Fonsi afirm\u00f3: \"Yo veo todo esto como crecimiento. Uno va madurando y evolucionando. Es demasiado importante darle algo nuevo al p\u00fablico, y creo que lo logramos\". M\u00e1s tarde, \"Amor secreto\" se lanz\u00f3 versionado en ingl\u00e9s con el t\u00edtulo de <em>Fight the Feeling<\/em> en EE.\u00a0UU. donde tuvo un gran \u00e9xito.<\/span><\/p>\n<p><span style=\"color: #00ffff\">A finales de 2003 se lanz\u00f3 el disco de <em>Abrazar la vida<\/em> donde se mostraba una faceta de Fonsi m\u00e1s latina por sus ritmos y letras.<\/span><\/p>\n<p><span style=\"color: #00ffff\">Despu\u00e9s de este disco apareci\u00f3 <em>Paso a paso<\/em>, un \u00e1lbum mucho m\u00e1s maduro donde se muestra un Fonsi m\u00e1s aferrado a la vida que nunca y sobre todo, influenciado por la enfermedad de su esposa Adamari L\u00f3pez a quien le dedica el tema de <em>Paso a Paso<\/em>, canci\u00f3n que da nombre al disco y con el que consigue disco de oro en Espa\u00f1a.<\/span><\/p>\n<p><span style=\"color: #00ffff\">Fonsi fue seleccionado en el 2001 como una de las bellezas latinas de la revista <em>People en Espa\u00f1ol<\/em>. Adem\u00e1s, tuvo el honor de participar en un evento hist\u00f3rico: el tributo a las v\u00edctimas del 11 de septiembre, <em>El \u00faltimo adi\u00f3s<\/em>, en la Casa Blanca. Volvi\u00f3 con <em>Amor secreto<\/em> del que se destaca la canci\u00f3n <em>Quisiera poder olvidarme de ti<\/em> y <em>Te vas<\/em>, entre otras. Este \u00e1lbum era diferente de los dem\u00e1s puesto que Fonsi incorpor\u00f3 ritmos nuevos como el R&amp;B. Su pr\u00f3ximo disco se llama <em>Abrazar la vida<\/em>. El primer tema <em>\u00bfQui\u00e9n te dijo eso?<\/em> fue una de las canciones m\u00e1s escuchadas durante el a\u00f1o 2003.<\/span><\/p>\n<p><span style=\"color: #00ffff\"><em>Nada es para siempre<\/em>, primera canci\u00f3n del disco, <em>Paso a paso<\/em> estren\u00f3 en el 2005. Es uno de los discos m\u00e1s \u00edntimos de Fonsi, porque en este mismo a\u00f1o se le diagnostic\u00f3 c\u00e1ncer de mama a su esposa, la actriz Adamari L\u00f3pez. Se inspira de ese evento para componer mayor parte de las canciones que forman el \u00e1lbum. Adem\u00e1s, ha participado en televisi\u00f3n como actor en series televisivas como <em>Ta\u00edna<\/em> o en telenovelas como <em>Corazones al l\u00edmite<\/em> junto a Sara Maldonado.<\/span><\/p>\n<p><span style=\"color: #00ffff\">Finalmente culmina el a\u00f1o 2006 lanzando a la venta su primer disco de \u00e9xitos: <em>\u00c9xitos 1998-2006<\/em> donde recopila los \u00e9xitos m\u00e1s sonados en todas las radios internacionales, consiguiendo que el primer single de este disco <em>Tu amor<\/em> consiga el primer puesto de la revista <em>Billboard<\/em>.<\/span><\/p>\n<p><span style=\"color: #00ffff\">Su \u00faltimo disco llamado <em>Palabras del silencio<\/em> se lanz\u00f3 el d\u00eda 26 de agosto de 2008 a nivel internacional y ha estado n\u00famero uno de ventas en muchos pa\u00edses. Como primer sencillo est\u00e1 <em>No me doy por vencido<\/em> que fue n\u00famero uno en las principales radios de EE.\u00a0UU., Espa\u00f1a y Latinoam\u00e9rica, adem\u00e1s de en Billboard Latino y en iTunes en el 2008. Este disco, por lo dem\u00e1s, ha traido mucha satisfacci\u00f3n para Fonsi, ya que la gira <em>Palabras del Silencio<\/em> ha recorrido gran parte de Latinoam\u00e9rica y Espa\u00f1a. Llev\u00e1ndolo en su inicio al Festival de Vi\u00f1a del Mar por segunda vez en su carrera art\u00edstica, fue premiado nuevamente con la Antorcha de Plata, Oro y Gaviota de Plata (anteriormente tambi\u00e9n gan\u00f3 Gaviota de Oro, pero ese premio ya no existe). La gira, que este 29 de Enero lo llevar\u00e1 a su tierra natal, Puerto Rico, finalizar\u00e1 con un show lleno de sorpresas como el artista ya lo adelant\u00f3.<\/span><\/p>\n<p><span style=\"color: #00ffff\">En agosto de 2008 sali\u00f3 a la luz su nueva producci\u00f3n discogr\u00e1fica: <em>Palabras del silencio<\/em> la cual actualmente ha gozado de mucho \u00e9xito, sobre todo, gracias a sus primeros dos singles: <em>No me doy por vencido<\/em> y <em>Aqu\u00ed estoy yo<\/em>, canci\u00f3n en la que el cantautor colabora con David Bisbal, Noel Schajris y Aleks Syntek, y en cuyo video participa la actriz Ludwika Paleta. Enseguida, fue lanzado el tercer sencillo: \"Llueve por dentro\" con su correspondiente video, el cual fue grabado en vivo. El 3 de febrero de 2010 lanza oficialmente el video de su cuarto single \"Aunque est\u00e9s con \u00e9l\".<\/span><\/p>\n<p><span style=\"color: #00ffff\">En 2010, compuso la canci\u00f3n Llena de amor en la que es utilizada en la telenovela del mismo nombre.<\/span><\/p>\n<h1 style=\"text-align: center\"><span style=\"text-decoration: underline\"><span style=\"color: #ffff00\">MY FAVORITE VIDEO<\/span><\/span><\/h1>\n<p>\u00a0<\/p>\n<h1 style=\"text-align: center\">\n<object classid=\"clsid:d27cdb6e-ae6d-11cf-96b8-444553540000\" width=\"445\" height=\"364\"><param name=\"allowFullScreen\" value=\"true\" \/><param name=\"allowscriptaccess\" value=\"always\" \/><param name=\"src\" value=\"http:\/\/www.youtube.com\/v\/Oh6JTD6-5_Y&amp;hl=es_ES&amp;fs=1?color1=0xcc2550&amp;color2=0xe87a9f&amp;border=1\" \/><param name=\"allowfullscreen\" value=\"true\" \/><embed type=\"application\/x-shockwave-flash\" width=\"445\" height=\"364\" src=\"http:\/\/www.youtube.com\/v\/Oh6JTD6-5_Y&amp;hl=es_ES&amp;fs=1?color1=0xcc2550&amp;color2=0xe87a9f&amp;border=1\" allowfullscreen=\"true\" allowscriptaccess=\"always\"><\/embed><\/object><\/h1>\n<p style=\"text-align: center\"><span style=\"color: #ff6600\">ESTE ES OTRO DE MIS VIDEOS FAVORITOS YA QUE ESTE GRUPO A LLAMADO LA ATENCION DE MUCHAS PERSONAS, POR EL CONTENIDO DE SUS MUSICAS QUE SON MUY ROMANTICAS.<\/span><\/p>\n<h1 style=\"text-align: center\"><span style=\"color: #ff6600\"><span style=\"text-decoration: underline\"><span style=\"color: #ff0000\">MY FAVORITE ACTOR<\/span><\/span><\/span><\/h1>\n<h2 style=\"text-align: center\"><span style=\"color: #ff0000\">WILLIAM LEVY<\/span><\/h2>\n<p><span style=\"color: #ff9900\">William Guti\u00e9rrez Levy naci\u00f3 en La Habana, Cuba el 29 de agosto de 1980, poco antes de cumplir quince a\u00f1os emigr\u00f3 legalmente a Estados Unidos debido a que su padrastro obtuvo asilo pol\u00edtico y pudo sacar a su familia de Cuba. Mientras estudiaba en la escuela secundaria destac\u00f3 en la pr\u00e1ctica del b\u00e9isbol, lo que le permiti\u00f3 conseguir una beca para asistir a la universidad. Empez\u00f3 su estudios en administraci\u00f3n de empresas, pero despu\u00e9s de dos a\u00f1os los interrumpi\u00f3 para incursionar en la industria del entretenimiento;<span style=\"text-decoration: underline\"><sup>[]<\/sup><\/span> fue contratado como modelo por la agencia <em>Next Models<\/em>, posteriormente particip\u00f3 en dos realities de televisi\u00f3n transmitidos por Telemundo: <em>Isla de la tentaci\u00f3n<\/em> y <em>Protagonistas de novela 2<\/em>. En \u00e9ste \u00faltimo conoci\u00f3 a la actriz mexicana-estadounidense Elizabeth Guti\u00e9rrez, ambos tienen un hijo, llamado Christopher Alexander naci\u00f3 en marzo de 2006 y una hija nacida en marzo de 2010. <\/span><\/p>\n<p style=\"text-align: center\"><span style=\"color: #ff9900\"><a href=\"http:\/\/blog.espol.edu.ec\/desireechalen\/files\/2010\/08\/images1.jpg\"><img loading=\"lazy\" decoding=\"async\" class=\"size-full wp-image-153  aligncenter\" title=\"images1\" src=\"http:\/\/blog.espol.edu.ec\/desireechalen\/files\/2010\/08\/images1.jpg\" alt=\"\" width=\"93\" height=\"124\" \/><\/a><\/span><\/p>\n<p>\u00a0<\/p>\n<p><span style=\"color: #ff9900\">Decidido a continuar en el medio art\u00edstico estudi\u00f3 actuaci\u00f3n en Miami, Los \u00c1ngeles, y M\u00e9xico.<\/span><\/p>\n<h2 style=\"text-align: center\">\u00a0<span style=\"color: #0000ff\"><span style=\"text-decoration: underline\">VIDA PROFESIONAL<\/span><\/span><\/h2>\n<p><span style=\"color: #ff00ff\">Inici\u00f3 su carrera como actor de telenovelas en Miami, trabajando en producciones de Venevisi\u00f3n Internacional que se transmitieron originalmente en Estados Unidos por la cadena hispana Univision, debut\u00f3 en <em>Olvidarte jam\u00e1s<\/em> protagonizada por Sonya Smith; posteriormente en <em>Mi vida eres t\u00fa<\/em> con Scarlet Ortiz y Jorge Aravena; despu\u00e9s actu\u00f3 al lado de Mariana Torres en <em>Acorralada<\/em> interpretando a \"Larry Irazabal\" hermano de \"Maximiliano Irazabal\" (David Zepeda).<\/span><span style=\"color: #ff00ff\">\u00a0<\/span><span style=\"color: #ff00ff\">Hizo teatro en el Centro de Bellas Artes de San Juan, Puerto Rico en 2005 con la obra <em>La nena tiene tumbao<\/em>. <\/span><\/p>\n<p style=\"text-align: center\"><span style=\"color: #ff00ff\"><a href=\"http:\/\/blog.espol.edu.ec\/desireechalen\/files\/2010\/08\/willheader.jpg\"><img loading=\"lazy\" decoding=\"async\" class=\"size-thumbnail wp-image-154  aligncenter\" title=\"willheader\" src=\"http:\/\/blog.espol.edu.ec\/desireechalen\/files\/2010\/08\/willheader-150x150.jpg\" alt=\"\" width=\"150\" height=\"150\" \/><\/a><\/span><\/p>\n<p><span style=\"color: #ff00ff\">\u00a0<\/span><span style=\"color: #ff00ff\">La productora Carla Estrada le dio la oportunidad de incursionar en la televisi\u00f3n mexicana con el melodrama de Televisa ambientado en la \u00e9poca de piratas <em>Pasi\u00f3n<\/em>, protagonizado por Susana Gonz\u00e1lez y Fernando Colunga. Su actuaci\u00f3n como \"Vasco\" fue tan convincente que la televisora le ofreci\u00f3 su primer protag\u00f3nico al lado de Maite Perroni en la telenovela <em>Cuidado con el \u00e1ngel<\/em>; de acuerdo a la revista estadounidense Entertainment Weekly la misma rompi\u00f3 r\u00e9cords de audiencia en Estados Unidos donde se transmiti\u00f3 por Univisi\u00f3n.<\/span><\/p>\n<p style=\"text-align: center\"><span style=\"color: #ff00ff\"><a href=\"http:\/\/blog.espol.edu.ec\/desireechalen\/files\/2010\/08\/WilliamLevy.jpg\"><img loading=\"lazy\" decoding=\"async\" class=\"size-thumbnail wp-image-155  aligncenter\" title=\"WilliamLevy\" src=\"http:\/\/blog.espol.edu.ec\/desireechalen\/files\/2010\/08\/WilliamLevy-150x150.jpg\" alt=\"\" width=\"150\" height=\"150\" \/><\/a><\/span><\/p>\n<p><span style=\"color: #ff00ff\">En 2008, hizo su debut en cine con la pel\u00edcula <em>Retazos de vida<\/em> de la directora ecuatoriana Viviana Cordero, junto a Erika V\u00e9lez, Giovanna Andrade, Christian Bach y Mar\u00eda Teresa Guerrero. La pel\u00edcula fue filmada en Guayaquil, Ecuador.<\/span><\/p>\n<p><span style=\"color: #ff00ff\">En el 2009 protagoniz\u00f3 junto a Jaqueline Bracamontes la telenovela <em>Sortilegio<\/em>, una nueva versi\u00f3n de la telenovela <em>T\u00fa o nadie<\/em> que en 1985 protagonizaron Luc\u00eda M\u00e9ndez y Andr\u00e9s Garc\u00eda, ahora bajo la producci\u00f3n de Carla Estrada.<\/span>\u00a0<\/p>\n<p><span style=\"color: #ff00ff\">En 2009 incursiona en el doblaje de pel\u00edculas prestando su voz en la pel\u00edcula animada <em>Planet 51<\/em> al personaje del astronauta \"Capit\u00e1n Charles `Chuck` Baker\" (que originalmente hace Dwayne \"The Rock\" Johnson), la misma se estrenada el 27 de noviembre en M\u00e9xico.<\/span>\u00a0<\/p>\n<p><span style=\"color: #ff00ff\">El 17 de noviembre de 2009 en Morelia, M\u00e9xico se estren\u00f3 la obra de teatro <em>Un amante a la medida<\/em> la cual protagoniza y co-produce y con la que recorre varias ciudades de la Rep\u00fablica mexicana, la misma ha cambiado de nombre a <em>Una amante perfecto<\/em>. <\/span><span style=\"color: #ff00ff\">\u00a0<\/span><span style=\"color: #ff00ff\">\u00a0<\/span><span style=\"color: #ff00ff\">En 2010 protagonizar\u00e1 la nueva versi\u00f3n de <em>Cuna de lobos<\/em> que tiene por nombre tentativo <em>Derecho de sangre<\/em> junto a Danna Garc\u00eda bajo la producci\u00f3n de Salvador Mej\u00eda. En el mismo a\u00f1o volver\u00e1 a trabajar con el mismo productor en el proyecto <em>Triunfo del amor<\/em> al lado de Victoria Ruffo.<span style=\"text-decoration: underline\"><sup>[]<\/sup><\/span> Igualmente se ha confirmado por parte del productor Pedro Torres su participaci\u00f3n en la tercera temporada de <em>Mujeres asesinas<\/em>. <\/span><\/p>\n<p style=\"text-align: center\"><span style=\"color: #ff00ff\"><a href=\"http:\/\/blog.espol.edu.ec\/desireechalen\/files\/2010\/08\/WilliamL300X400.jpg\"><img loading=\"lazy\" decoding=\"async\" class=\"size-thumbnail wp-image-156  aligncenter\" title=\"WilliamL300X400\" src=\"http:\/\/blog.espol.edu.ec\/desireechalen\/files\/2010\/08\/WilliamL300X400-150x150.jpg\" alt=\"\" width=\"150\" height=\"150\" \/><\/a><\/span><\/p>\n","protected":false},"excerpt":{"rendered":"<p>MY FAVORITE SINGER LUIS FONSI ES MI CANTANTE FAVORITO YA QUE CANTA CANCIONES MUY ROMANTICAS QUE LLEGAN AL CORAZON. \u00a0\u00a0 BIOGRAFIA DE LUIS FONSI Luis Alfonso Rodr\u00edguez L\u00f3pez-Cepero naci\u00f3 el 15 de abril de 1978 en San Juan, Puerto Rico. Tiene dos hermanos: \"Jean y Tatiana\". De peque\u00f1o, Luis Fonsi ya daba se\u00f1as de que [&hellip;]<\/p>\n","protected":false},"author":3972,"featured_media":0,"parent":0,"menu_order":0,"comment_status":"open","ping_status":"open","template":"","meta":{"footnotes":""},"class_list":["post-80","page","type-page","status-publish","hentry"],"_links":{"self":[{"href":"https:\/\/blog.espol.edu.ec\/desireechalen\/wp-json\/wp\/v2\/pages\/80","targetHints":{"allow":["GET"]}}],"collection":[{"href":"https:\/\/blog.espol.edu.ec\/desireechalen\/wp-json\/wp\/v2\/pages"}],"about":[{"href":"https:\/\/blog.espol.edu.ec\/desireechalen\/wp-json\/wp\/v2\/types\/page"}],"author":[{"embeddable":true,"href":"https:\/\/blog.espol.edu.ec\/desireechalen\/wp-json\/wp\/v2\/users\/3972"}],"replies":[{"embeddable":true,"href":"https:\/\/blog.espol.edu.ec\/desireechalen\/wp-json\/wp\/v2\/comments?post=80"}],"version-history":[{"count":6,"href":"https:\/\/blog.espol.edu.ec\/desireechalen\/wp-json\/wp\/v2\/pages\/80\/revisions"}],"predecessor-version":[{"id":82,"href":"https:\/\/blog.espol.edu.ec\/desireechalen\/wp-json\/wp\/v2\/pages\/80\/revisions\/82"}],"wp:attachment":[{"href":"https:\/\/blog.espol.edu.ec\/desireechalen\/wp-json\/wp\/v2\/media?parent=80"}],"curies":[{"name":"wp","href":"https:\/\/api.w.org\/{rel}","templated":true}]}}