{"id":16,"date":"2016-11-08T21:27:55","date_gmt":"2016-11-08T21:27:55","guid":{"rendered":"http:\/\/blog.espol.edu.ec\/dfiallos\/?page_id=16"},"modified":"2016-11-15T15:35:28","modified_gmt":"2016-11-15T15:35:28","slug":"lo-mas-exitosos","status":"publish","type":"page","link":"https:\/\/blog.espol.edu.ec\/dfiallos\/lo-mas-exitosos\/","title":{"rendered":"Lo m\u00e1s exitosos"},"content":{"rendered":"<p>En esta p\u00e1gina publicar\u00e9 canciones de los artistas m\u00e1s exitosos del g\u00e9nero.<\/p>\n<p><a href=\"http:\/\/www.youtube.com\/watch?v=IibXYWSBpZw\">http:\/\/www.youtube.com\/watch?v=IibXYWSBpZw<\/a><\/p>\n<blockquote><p><strong>Y de aquel amor de m\u00fasica ligera nada nos libra ,nada m\u00e1s queda.\"<\/strong> -Sencillamente, una de las mejores canciones que pudo escribir Gustavo Cerati junto a su banda \"Soda Stereo\", fue un \u00e9xito del \u00e1lbum \"Canci\u00f3n animal\".<\/p><\/blockquote>\n<p><iframe loading=\"lazy\" title=\"V\u00eda L\u00e1ctea - Zo\u00e9\" width=\"610\" height=\"458\" src=\"https:\/\/www.youtube.com\/embed\/mk0CkOoq0uE?feature=oembed\" frameborder=\"0\" allow=\"accelerometer; autoplay; clipboard-write; encrypted-media; gyroscope; picture-in-picture; web-share\" referrerpolicy=\"strict-origin-when-cross-origin\" allowfullscreen><\/iframe><\/p>\n<blockquote><p>.............................................................................................<\/p><\/blockquote>\n<p><iframe loading=\"lazy\" title=\"Enanitos Verdes - Tu C\u00e1rcel\" width=\"610\" height=\"458\" src=\"https:\/\/www.youtube.com\/embed\/0Z7zPJGK_gA?feature=oembed\" frameborder=\"0\" allow=\"accelerometer; autoplay; clipboard-write; encrypted-media; gyroscope; picture-in-picture; web-share\" referrerpolicy=\"strict-origin-when-cross-origin\" allowfullscreen><\/iframe><\/p>\n<blockquote><p><strong>\"Pero recuerda nadie es perfecto y t\u00fa lo ver\u00e1s, mas de mil cosas mejores tendras pero cari\u00f1o sincero jam\u00e1s!\"<\/strong>. - Hay frases que llegan al alma, y luego viene esta. Enanitos verdes nos da una lecci\u00f3n de romanticismo con esta sonad\u00edsima canci\u00f3n. S\u00e9 sincero, hasta tu abuelita se la sabe \ud83d\ude00<\/p><\/blockquote>\n<p>&nbsp;<\/p>\n<p><iframe loading=\"lazy\" title=\"Man\u00e1 - Oye Mi Amor\" width=\"610\" height=\"458\" src=\"https:\/\/www.youtube.com\/embed\/DcnNeGQHwDc?feature=oembed\" frameborder=\"0\" allow=\"accelerometer; autoplay; clipboard-write; encrypted-media; gyroscope; picture-in-picture; web-share\" referrerpolicy=\"strict-origin-when-cross-origin\" allowfullscreen><\/iframe><\/p>\n<blockquote><p><strong>\"Oye mi amor no me digas que no, vivamos juntando las manos\"<\/strong>. -Un cl\u00e1sico del Rock!!, se dice que ninguna chica se negaba al o\u00edr esta canci\u00f3n.<\/p><\/blockquote>\n<p><a href=\"https:\/\/www.youtube.com\/watch?v=4iJJCaSyoSw\">https:\/\/www.youtube.com\/watch?v=4iJJCaSyoSw<\/a><\/p>\n<blockquote><p>\u00a0\u00a0\u00a0 <strong>\"Sufre ma***, devu\u00e9lveme a mi chica! o te retorcer\u00e1s entre polvo pica pica\"<\/strong>.- Es para vos...Si t\u00fa el que est\u00e1 leyendo.<\/p><\/blockquote>\n<p><iframe loading=\"lazy\" title=\"La Mosca Tse-Tse - Para No Verte Mas\" width=\"610\" height=\"458\" src=\"https:\/\/www.youtube.com\/embed\/4MULjbUhIz4?feature=oembed\" frameborder=\"0\" allow=\"accelerometer; autoplay; clipboard-write; encrypted-media; gyroscope; picture-in-picture; web-share\" referrerpolicy=\"strict-origin-when-cross-origin\" allowfullscreen><\/iframe><\/p>\n<blockquote><p><strong>\"Yo romper\u00e9 tu fotos, Yo romper\u00e9 tus cartas para no verte m\u00e1s...\"<\/strong>. -Quieres olvidarte de alguien? o solo quieres estar peor?<\/p>\n<p>&nbsp;<\/p>\n<p>&nbsp;<\/p>\n<p><iframe loading=\"lazy\" title=\"Bacilos - Caraluna\" width=\"610\" height=\"458\" src=\"https:\/\/www.youtube.com\/embed\/5Jyc16LxZqA?feature=oembed\" frameborder=\"0\" allow=\"accelerometer; autoplay; clipboard-write; encrypted-media; gyroscope; picture-in-picture; web-share\" referrerpolicy=\"strict-origin-when-cross-origin\" allowfullscreen><\/iframe><\/p>\n<p>&nbsp;<\/p>\n<p><strong>\"Tu huella el mar se la llevo, pero la luna sigue ah\u00ed\"<\/strong>. -Bacilos, su estilo \u00fanico fu\u00e9 muy sonado en latinoam\u00e9rica, a\u00fan recuerdo cuando la cantaba.<\/p><\/blockquote>\n<p>&nbsp;<\/p>\n<p><iframe loading=\"lazy\" title=\"Mana - Labios Compartidos (Video Oficial)\" width=\"610\" height=\"343\" src=\"https:\/\/www.youtube.com\/embed\/5KlN9ujUw0s?feature=oembed\" frameborder=\"0\" allow=\"accelerometer; autoplay; clipboard-write; encrypted-media; gyroscope; picture-in-picture; web-share\" referrerpolicy=\"strict-origin-when-cross-origin\" allowfullscreen><\/iframe><\/p>\n<blockquote><p><strong>Labios Compartidos, labios divididos mi amor. Ya no puedo compartir tus labios\".<\/strong>-Jaja Ay...Si una chica tiene novio y a le sigues el juego...sencillamente no te valoras!. Hay muchos peces en el mar y mejores, claro! a menos de que te gusten las sobras de los dem\u00e1s...<\/p><\/blockquote>\n<p>&nbsp;<\/p>\n<p><iframe loading=\"lazy\" title=\"Andr\u00e9s Calamaro - Flaca (Karaoke) | CantoYo\" width=\"610\" height=\"458\" src=\"https:\/\/www.youtube.com\/embed\/PmiP8fthXUk?feature=oembed\" frameborder=\"0\" allow=\"accelerometer; autoplay; clipboard-write; encrypted-media; gyroscope; picture-in-picture; web-share\" referrerpolicy=\"strict-origin-when-cross-origin\" allowfullscreen><\/iframe><\/p>\n<blockquote><p><strong>\"Flaca, no me claves tu pu\u00f1ales por la espalda. No me duelen, no me hacen mal\"<\/strong>. -Un single de Andr\u00e9s Calamaro como solista.<\/p><\/blockquote>\n<p>&nbsp;<\/p>\n","protected":false},"excerpt":{"rendered":"<p>En esta p\u00e1gina publicar\u00e9 canciones de los artistas m\u00e1s exitosos del g\u00e9nero. Y de aquel amor de m\u00fasica ligera nada nos libra ,nada m\u00e1s queda.\" -Sencillamente, una de las mejores canciones que pudo escribir Gustavo Cerati junto a su banda \"Soda Stereo\", fue un \u00e9xito del \u00e1lbum \"Canci\u00f3n animal\". ............................................................................................. \"Pero recuerda nadie es perfecto [&hellip;]<\/p>\n","protected":false},"author":10720,"featured_media":0,"parent":0,"menu_order":0,"comment_status":"closed","ping_status":"closed","template":"","meta":{"footnotes":""},"class_list":["post-16","page","type-page","status-publish","hentry"],"_links":{"self":[{"href":"https:\/\/blog.espol.edu.ec\/dfiallos\/wp-json\/wp\/v2\/pages\/16","targetHints":{"allow":["GET"]}}],"collection":[{"href":"https:\/\/blog.espol.edu.ec\/dfiallos\/wp-json\/wp\/v2\/pages"}],"about":[{"href":"https:\/\/blog.espol.edu.ec\/dfiallos\/wp-json\/wp\/v2\/types\/page"}],"author":[{"embeddable":true,"href":"https:\/\/blog.espol.edu.ec\/dfiallos\/wp-json\/wp\/v2\/users\/10720"}],"replies":[{"embeddable":true,"href":"https:\/\/blog.espol.edu.ec\/dfiallos\/wp-json\/wp\/v2\/comments?post=16"}],"version-history":[{"count":4,"href":"https:\/\/blog.espol.edu.ec\/dfiallos\/wp-json\/wp\/v2\/pages\/16\/revisions"}],"predecessor-version":[{"id":46,"href":"https:\/\/blog.espol.edu.ec\/dfiallos\/wp-json\/wp\/v2\/pages\/16\/revisions\/46"}],"wp:attachment":[{"href":"https:\/\/blog.espol.edu.ec\/dfiallos\/wp-json\/wp\/v2\/media?parent=16"}],"curies":[{"name":"wp","href":"https:\/\/api.w.org\/{rel}","templated":true}]}}