{"id":29,"date":"2010-08-01T19:25:31","date_gmt":"2010-08-01T19:25:31","guid":{"rendered":"http:\/\/blog.espol.edu.ec\/dgchoez\/?page_id=29"},"modified":"2010-08-10T02:59:02","modified_gmt":"2010-08-10T02:59:02","slug":"la-juventud-ahora-o-la-juventud-del-futuro","status":"publish","type":"page","link":"https:\/\/blog.espol.edu.ec\/dgchoez\/la-juventud-ahora-o-la-juventud-del-futuro\/","title":{"rendered":"la juventud se prepara para el futuro"},"content":{"rendered":"<p style=\"text-align: center\"><span style=\"color: #808000\">se puede decir que aquellos ni\u00f1os llamados futuro de la patria hoy son jovenes del presente y que\u00a0 se prepara para el futuro para el\u00a0 desarrollo de un\u00a0 pa\u00eds.\u00a0 Muchos dicen, que la juventud debe actuar en el presente para cambiar el futuro en base de esfuerzo\u00a0 y\u00a0 lucha\u00a0 . Tambi\u00e9n hay que ser claro y admitir que otra parte de la juventud\u00a0 esta perdida en el Internet,\u00a0 la rumba, la falta de inter\u00e9s en los problemas sociales, la econom\u00eda y la pol\u00edtica, la promiscuidad, que la juventud no LEE, y no le interesa el esfuerzo sino lo f\u00e1cil y otras tantas cosas que se puede\u00a0 debatir\u00a0 ya que cada\u00a0 persona tiene su forma pensar o de ver las cosas y abrir un tema de inter\u00e9s que nos haga reflexionar a todos, no solo la juventud sino tambi\u00e9n a los adultos contempor\u00e1neos o juventud acumulada, porque nosotros somos los encargado de construir un futuro prospero\u00a0 y\u00a0 llenos de exitos<br \/>\n<\/span><\/p>\n<p style=\"text-align: justify\"><span style=\"color: #808000\"> <a href=\"http:\/\/blog.espol.edu.ec\/dgchoez\/files\/2010\/08\/20134_1215660548782_1146886503_30603372_3325991_n1.jpg\"><img loading=\"lazy\" decoding=\"async\" class=\"alignleft size-medium wp-image-36\" title=\"20134_1215660548782_1146886503_30603372_3325991_n\" src=\"http:\/\/blog.espol.edu.ec\/dgchoez\/files\/2010\/08\/20134_1215660548782_1146886503_30603372_3325991_n1-300x225.jpg\" alt=\"\" width=\"300\" height=\"225\" srcset=\"https:\/\/blog.espol.edu.ec\/dgchoez\/files\/2010\/08\/20134_1215660548782_1146886503_30603372_3325991_n1-300x225.jpg 300w, https:\/\/blog.espol.edu.ec\/dgchoez\/files\/2010\/08\/20134_1215660548782_1146886503_30603372_3325991_n1.jpg 604w\" sizes=\"auto, (max-width: 300px) 100vw, 300px\" \/><\/a><\/span><\/p>\n<p style=\"text-align: justify\"><span style=\"color: #808000\"><br \/>\n<\/span><\/p>\n<p style=\"text-align: justify\"><span style=\"color: #808000\">si la juventud esta hoy d\u00eda en Internet yo dir\u00eda que si lee, porque chateando o sea lo que hagan van a tener que leer y escribir, se puede decir que ni\u00f1os alrededor de unos 5 a 8\u00a0 a\u00f1os saben manejar una computadora y con que facilidad, entran a Internet descargan juegos, los instalan y bueno muchas cosas m\u00e1s. Lo que me impacto el otro dia fue ver un ni\u00f1o de 4 a\u00f1os andando en la computadora, y se supone que a esa edad uno no sabe leer peor aun escribir, pero en la computadora lee y escribe, tiene claves para sus cuentas, entra a p\u00e1ginas web y chatea; esto nos demuestra que la educaci\u00f3n tiene que redise\u00f1ar muchas cosas para utilizar la tecnolog\u00eda en pro del aprendizaje... pero volviendo al tema\u00a0 la juventud de hoy d\u00eda esta en rumbas con sus amigos, tomando, manejando, ocasionando accidentes, pero lo hacen porque sus padres cumplen sus caprichos o tal vez no tienen claro los valores o principio que se cuentran presente en una sociedad dia a dia, o tal vez porque quieren llamar la atenci\u00f3n o porque dicen llamarse rebeldes\u00a0 , los padres deben conversar con estos j\u00f3venes para que ellos se hagan responsables de sus actos...<\/span><\/p>\n<p style=\"text-align: justify\"><span style=\"color: #808000\">No piensan en los problemas sociales,\u00a0 simplemente\u00a0 porque algunos est\u00e1n cansados del diario, encienden la televisi\u00f3n y es crisis por todos lados, el pa\u00eds seg\u00fan algunos medios se esta derrumbando, y esto nos hace sentir que las cosas no sirven, pero tambi\u00e9n hay muchos que se dedican a labores sociales o otras actividades, a los cuales felicito. <img decoding=\"async\" title=\"nod\" src=\"http:\/\/www.barinas.net.ve\/images\/smileys\/7.%20nod.gif\" alt=\"nod\" \/> y por favor sentemos unos momentos a meditar y pensar sobre este tema que es muy importante<br \/>\n<\/span><\/p>\n<p style=\"text-align: left\"><strong> <\/strong><\/p>\n<p style=\"text-align: center\"><a href=\"http:\/\/blog.espol.edu.ec\/dgchoez\/files\/2010\/08\/30003_1431576191373_1291923573_1198854_1510940_n1.jpg\"><img loading=\"lazy\" decoding=\"async\" class=\"size-medium wp-image-37 aligncenter\" title=\"30003_1431576191373_1291923573_1198854_1510940_n\" src=\"http:\/\/blog.espol.edu.ec\/dgchoez\/files\/2010\/08\/30003_1431576191373_1291923573_1198854_1510940_n1-300x225.jpg\" alt=\"\" width=\"300\" height=\"225\" srcset=\"https:\/\/blog.espol.edu.ec\/dgchoez\/files\/2010\/08\/30003_1431576191373_1291923573_1198854_1510940_n1-300x225.jpg 300w, https:\/\/blog.espol.edu.ec\/dgchoez\/files\/2010\/08\/30003_1431576191373_1291923573_1198854_1510940_n1.jpg 720w\" sizes=\"auto, (max-width: 300px) 100vw, 300px\" \/><\/a><\/p>\n<p style=\"text-align: center\"><span style=\"color: #000080\"><strong><em><span style=\"text-decoration: underline\">VALORES EN LOS JOVENES EN LA ACTUALIDAD<\/span><\/em><\/strong><\/span><\/p>\n<p style=\"text-align: justify\"><span style=\"color: #808000\">En nuestra \u00e9poca nosotros los j\u00f3venes se producen muchos cambios. En algunos se notan m\u00e1s y en otros menos, pero todos cambian, tanto f\u00edsica como mentalmente. Modifican sus puntos de vista, su personalidad, su car\u00e1cter ante los amigos y ante la familia, los estudios y en otros \u00e1mbitos de la sociedad.<\/span><\/p>\n<p style=\"text-align: justify\"><span style=\"color: #808000\">Yo creo que los principales problemas actuales de la adolescencia son:<\/span><\/p>\n<p style=\"text-align: justify\"><span style=\"color: #808000\">1)\u00a0\u00a0\u00a0\u00a0 Faltan valores.<\/span><\/p>\n<p style=\"text-align: justify\"><span style=\"color: #808000\">2)\u00a0\u00a0\u00a0\u00a0 Faltan ideales.<\/span><\/p>\n<p style=\"text-align: justify\"><span style=\"color: #808000\">3)\u00a0\u00a0\u00a0\u00a0 Faltan modelos a seguir.<\/span><\/p>\n<p style=\"text-align: justify\"><span style=\"color: #808000\">5)\u00a0\u00a0\u00a0\u00a0 Falta inter\u00e9s en los problemas del pa\u00eds.<\/span><\/p>\n<p style=\"text-align: justify\"><span style=\"color: #808000\">6)\u00a0\u00a0\u00a0\u00a0 Falta inter\u00e9s en las soluciones a dichos problemas.<\/span><\/p>\n<p style=\"text-align: justify\"><span style=\"color: #808000\">En nosotros los j\u00f3venes son muchos los valores que est\u00e1n presentes. Pero hay que admitir que \u00a0a veces hay\u00a0\u00a0 j\u00f3venes\u00a0 que no tienen presente los valores sabiendo aun que existen.\u00a0 Sera acaso la influencia de los amigos o de la sociedad en la que muchos de nosotros nos desenvolvemos que impide que tengamos presente todos los valores. O ser\u00e1 por ignorancia o falta de educaci\u00f3n o\u00a0 tal vez tengamos\u00a0 conceptos err\u00f3neos sobre valores como la amistad o el amor\u2026<\/span><\/p>\n<p style=\"text-align: justify\"><span style=\"color: #808000\">Estos valores \u00a0que son destacables en las relaciones entre\u00a0 nosotros los adolescentes como el amor, la amistad, el compa\u00f1erismo\u2026<\/span><\/p>\n<p style=\"text-align: justify\"><span style=\"color: #808000\">Yo creo que conociendo estos valores son los que nos llevan a otros valores como la libertad, paz, justicia\u2026 pero tambi\u00e9n podemos\u00a0 tener presente m\u00e1s valores como la independencia, autoestima, educaci\u00f3n, identidad\u2026<\/span><\/p>\n<p style=\"text-align: justify\"><span style=\"color: #808000\">Se puede decir que muchos de nosotros en la adolescencia la relaci\u00f3n con nuestros padres torna a \u00a0empeorarse, algunos comenzamos a distanciarnos de ellos en esta etapa hasta tal punto que podemos avergonzarnos \u00a0de ellos y no querer reconocer en presencia ajena ning\u00fan parecido con ellos.<\/span><\/p>\n<p style=\"text-align: center\"><span style=\"color: #000080\"><strong><em><span style=\"text-decoration: underline\">RELACIONES ENTRE ADOLESCENTES<\/span><\/em><\/strong><\/span><\/p>\n<p style=\"text-align: justify\"><span style=\"color: #808000\">Los valores m\u00e1s comunes entre nosotros, dicho anteriormente, son el amor, amistad, compa\u00f1erismo...<\/span><\/p>\n<ul style=\"text-align: justify\">\n<li><span style=\"color: #808000\"><span style=\"text-decoration: underline\"><span style=\"color: #000080\">La amistad<\/span>:<\/span> Es el primero de los valores. De poco sirven otros como el coraje, la compasi\u00f3n, el apoyo mutuo si no hay un cierto grado de amistad. De la amistad, o de la necesidad de la misma, nacen pr\u00e1cticamente todos los valores que se manifiestan en una relaci\u00f3n, y la coincidencia de un n\u00famero mayor o menor de valores y sus correspondencias puede ser utilizada para determinar cual es el grado de amistad. En un grado m\u00ednimo podemos encontrar la amistad que se basa \u00fanicamente en compartir alg\u00fan momento de ocio, y en un grado m\u00e1ximo, el que significa compartir todo, cuando la amistad se transforma en amor.<\/span><\/li>\n<\/ul>\n<ul style=\"text-align: justify\">\n<li><span style=\"color: #808000\"><span style=\"color: #003366\"><span style=\"text-decoration: underline\">El amor:<\/span><\/span> Se podr\u00eda definir como el grado m\u00e1ximo de la amistad, sin embargo este sentimiento o valor no se\u00a0 puede definir con facilidad ya que el \u00a0amor significa mucho m\u00e1s. No s\u00f3lo implica compartir, sino tambi\u00e9n sacrificio a favor del otro, previsi\u00f3n en nuestras acciones de una manera m\u00e1s cautelosa, \u00a0fidelidad y lealtad estricta.<\/span><\/li>\n<\/ul>\n<ul style=\"text-align: justify\">\n<li><span style=\"color: #808000\"><span style=\"text-decoration: underline\"><span style=\"color: #003366\">El compa\u00f1erismo<\/span>:<\/span> Consiste en aplicar valores positivos a una relaci\u00f3n con los compa\u00f1eros, que viene dada por la cercan\u00eda impuesta por actividades realizadas con ellos(as). Se manifiesta normalmente en la ayuda espont\u00e1nea y desinteresada.<\/span><\/li>\n<\/ul>\n<ul style=\"text-align: justify\">\n<li><span style=\"color: #808000\"><span style=\"text-decoration: underline\"><span style=\"color: #003366\">La solidaridad<\/span>:<\/span> es la relaci\u00f3n entre nosotros, se manifiesta como una forma m\u00e1s amplia del compa\u00f1erismo, normalmente cuando se act\u00faa de forma desinteresada defendiendo intereses de otros j\u00f3venes con los que realmente no tenemos otra relaci\u00f3n que la de adolescentes. Por ejemplo, la reacci\u00f3n de la juventud ante los malos tratos y abusos a menores. En otras palabras , la solidaridad se aplica a colectivos sociales tambi\u00e9n m\u00e1s amplios, por ejemplo, solidaridad \u00a0que tuvieron\u00a0 los pa\u00edses al momento que chile sufri\u00f3 un terremoto<\/span><\/li>\n<\/ul>\n<ul style=\"text-align: justify\">\n<li><span style=\"color: #808000\"><span style=\"color: #003366\"><span style=\"text-decoration: underline\">El trabajo en com\u00fan:<\/span><\/span> El trabajo en com\u00fan es una relaci\u00f3n muy importante para el nuestro desarrollo. De hecho comparten las tareas y las obligaciones, pero si adem\u00e1s ese trabajo se comparte, no solo se hace m\u00e1s llevadero y f\u00e1cil sino que refuerza las relaciones de compa\u00f1erismo, amistad, y sociales.<\/span><\/li>\n<\/ul>\n<ul style=\"text-align: justify\">\n<li><span style=\"color: #808000\"><span style=\"color: #003366\"><span style=\"text-decoration: underline\">La ayuda mutua:<\/span><\/span> Este valor es al momento que implican dos o m\u00e1s adolescentes y podr\u00eda definirse como un trueque. Por ejemplo, cuando alguien ayuda a un amigo o conocido en algo y recibe a cambio ayuda en otra forma o tiempo. Implica una deuda de ayuda por parte del que fue ayudado en primer lugar.<\/span><\/li>\n<\/ul>\n<h2 style=\"text-align: center\"><span style=\"color: #000080\"><em><span style=\"text-decoration: underline\">Los antivalores en los j\u00f3venes<\/span><\/em><\/span><\/h2>\n<p style=\"text-align: justify\"><span style=\"color: #808000\">En las relaciones entre adolescentes tambi\u00e9n se presentan los llamados antivalores, que podemos calificar como negativos, desgraciadamente el odio, la violencia, la envidia, el abuso, el ego\u00edsmo, el desinter\u00e9s, etc\u00e9tera, tambi\u00e9n se manifiestan en las relaciones entre adolescentes.<\/span><\/p>\n<ul style=\"text-align: justify\">\n<li><span style=\"color: #808000\"><span style=\"color: #003366\"><span style=\"text-decoration: underline\">La envidia:<\/span><\/span> Es un sentimiento de deseo de las virtudes o bienes ajenos. La envidia no implica necesariamente una necesidad, sino simplemente un ansia de ser o poseer algo ajeno.<\/span><\/li>\n<\/ul>\n<ul style=\"text-align: justify\">\n<li><span style=\"color: #808000\"><span style=\"color: #003366\"><span style=\"text-decoration: underline\">El odio:<\/span><\/span> Es un sentimiento exagerado de intolerancia. Implica un deseo de hacer da\u00f1o a alguien. Es contrario al amor y la amistad. Puede estar motivado por la envidia, el despecho, los celos, etc.<\/span><\/li>\n<\/ul>\n<ul style=\"text-align: justify\">\n<li><span style=\"color: #808000\"><span style=\"color: #003366\"><span style=\"text-decoration: underline\">El abuso:<\/span><\/span> Es una de apropiaci\u00f3n, violenta o no, de los bienes, derechos o recursos de otros j\u00f3venes. Exige una amenaza impl\u00edcita, de forma que la v\u00edctima de abuso hace concesiones involuntarias.<\/span><\/li>\n<\/ul>\n<ul style=\"text-align: justify\">\n<li><span style=\"color: #808000\"><span style=\"color: #003366\"><span style=\"text-decoration: underline\">La violencia:<\/span><\/span> la violencia entre nosotros se puede producir \u00a0por distintos factores, entre ellos el instintivo de afirmaci\u00f3n de autoridad y liderazgo, y tambi\u00e9n por vanidad o como manifestaci\u00f3n de otros valores negativos como el odio, por fallos graves en la comunicaci\u00f3n e, incluso como resoluci\u00f3n final de otros como el abuso. <\/span><\/li>\n<\/ul>\n<ul style=\"text-align: justify\">\n<li><span style=\"color: #808000\"><span style=\"color: #003366\"><span style=\"text-decoration: underline\">El ego\u00edsmo:<\/span><\/span> Se puede producir cuando hay un deterioro en las relaciones o el nivel de valores es muy bajo. El ego\u00edsta no ve la necesidad de ofrecer a los dem\u00e1s nada de lo suyo, cree que los dem\u00e1s deben tenerlo en cuenta de otra forma y est\u00e1n obligados a atenderlo. No le importan las necesidades de los dem\u00e1s y ni de lejos tratar\u00e1 de hacer ning\u00fan esfuerzo por satisfacerlas, sino mas bien todo lo contrario. <\/span><\/li>\n<\/ul>\n<p><em><span style=\"text-decoration: underline\"> <\/span><\/em><\/p>\n<p style=\"text-align: center\"><span style=\"color: #000080\"><em><span style=\"text-decoration: underline\">VALORES EN LAS RELACIONES CON LOS PADRES<\/span><\/em><\/span><\/p>\n<p style=\"text-align: justify\"><span style=\"color: #808000\">Nosotros en nuestra adolescencia nos enfrentamos a la vida desde una nueva perspectiva, en la que necesitamos \u00a0una mayor libertad e independencia, as\u00ed como mantener un grado alto de autoestima y poder ir afirmando su personalidad.<\/span><\/p>\n<p style=\"text-align: justify\"><span style=\"color: #808000\">Los valores que se presentan en la relaci\u00f3n con nuestros padres no siempre son de manera positiva o negativa, dado que esta calidad del valor vendr\u00e1 determinada por el punto de vista del adolescente:<\/span><\/p>\n<ul style=\"text-align: justify\">\n<li><span style=\"color: #808000\"><span style=\"text-decoration: underline\">La libertad:<\/span> nosotros tenemos la necesidad de actuar libremente, sin embargo a veces esta libertad se utiliza de forma err\u00f3nea, pensando que sus acciones son correctas de antemano y no implican obligaciones ni responsabilidades.<\/span><\/li>\n<li><span style=\"color: #808000\"><span style=\"text-decoration: underline\">Autosuficiencia:<\/span> El adolescente debe convertirse en una persona autosuficiente, cuando llegue el momento. El error m\u00e1s com\u00fan es que se considera autosuficiente, o intenta sentirse autosuficiente, antes de serlo. Esto conduce a situaciones complicadas que no se hubieran producido en el caso de pedir ayuda o consejo en el momento oportuno.<\/span><\/li>\n<li><span style=\"color: #808000\"><span style=\"text-decoration: underline\">La vanidad:<\/span> Es bien sabido que el alumno debe aventajar al maestro en su momento, pues es la \u00fanica forma de progresar. Una de las formas de la vanidad consiste en sentirse mejor que los padres, tanto en inteligencia, como en informaci\u00f3n, experiencia, etc. La vanidad puede llegar a desencadenar un sentimiento de superioridad, e incluso de verg\u00fcenza por la procedencia en las relaciones con los dem\u00e1s.<\/span><\/li>\n<li><span style=\"color: #808000\"><span style=\"text-decoration: underline\">El respeto:<\/span> Es un valor que todos los j\u00f3venes deben mantener, no ya por la dependencia de sus padres, sino por agradecimiento a todo el entorno que ellos le han facilitado, a sus sacrificios, desvelos y satisfacciones que les han proporcionado.<\/span><\/li>\n<li><span style=\"color: #808000\"><span style=\"text-decoration: underline\">El amor filial: <\/span>Es un mayor grado de respeto, y no tiene por que basarse en una reciprocidad, sino en el sentimiento de cari\u00f1o y entrega hacia las personas que lo hicieron nacer. Como cualquier sentimiento de amor, no necesita ser razonado ni justificado.<\/span><\/li>\n<\/ul>\n<p style=\"text-align: center\"><span style=\"color: #000080\"><strong><em><span style=\"text-decoration: underline\">VALORES PROPIOS DEL ADOLESCENTE<\/span><\/em><\/strong><\/span><\/p>\n<p style=\"text-align: justify\"><span style=\"color: #808000\">En nosotros debemos mantener los valores, aparte de otros valores que manifiestan en sus relaciones con los dem\u00e1s, bien sea la sociedad, los compa\u00f1eros, o sus padres, disfruta o padece otros valores que le son propios, como la ignorancia, la evasi\u00f3n, la educaci\u00f3n, el af\u00e1n de superaci\u00f3n, la identidad y la cultura.<\/span><\/p>\n<ul style=\"text-align: justify\">\n<li><span style=\"color: #808000\"><span style=\"color: #000080\"><span style=\"text-decoration: underline\">La ignorancia:<\/span><\/span> es un valor negativo o antivalor, fruto del desinter\u00e9s por el entorno, las necesidades futuras, el sentimiento de autosuficiencia sin fundamento u otros factores. Dificulta el desarrollo de otros valores como el af\u00e1n de superaci\u00f3n.<\/span><\/li>\n<li><span style=\"color: #808000\"><span style=\"color: #000080\"><span style=\"text-decoration: underline\">La educaci\u00f3n:<\/span><\/span> Dependiendo de su calidad, contribuir\u00e1 o dificultar\u00e1 la formaci\u00f3n y desarrollo de nosotros. Hay muchos tipos de educaci\u00f3n, no solo la que implica las relaciones con los dem\u00e1s, sino tambi\u00e9n la referente a uno mismo, pues es f\u00e1cil sentir necesidad de mayor educaci\u00f3n o tambi\u00e9n en alg\u00fan momento pensar que la educaci\u00f3n recibida obliga a consentir alg\u00fan tipo de abuso. El sentimiento de verg\u00fcenza ajena es una muestra de c\u00f3mo la falta de educaci\u00f3n de otro puede afectar a una persona.<\/span><\/li>\n<li><span style=\"color: #808000\"><span style=\"color: #000080\"><span style=\"text-decoration: underline\">El af\u00e1n de superaci\u00f3n:<\/span><\/span> Es la necesidad que se siente de ser mejor, independientemente de en qu\u00e9. Implica un reto consigo mismo y no con los dem\u00e1s.<\/span><\/li>\n<li><span style=\"color: #808000\"><span style=\"color: #000080\"><span style=\"text-decoration: underline\">La identidad:<\/span><\/span> Es la necesidad y cualidad de ser y sentirse distinto a los dem\u00e1s. El grado de identidad puede ser mayor o menor seg\u00fan el contexto. Todos somos iguales, pero diferentes, y aunque haya muchas cosas que nos iguales, siempre habr\u00e1 alguna que nos diferencie.<\/span><\/li>\n<li><span style=\"color: #000080\"><span style=\"text-decoration: underline\">La cultura:<\/span><\/span> <span style=\"color: #808000\">Tambi\u00e9n es un valor que se puede medir tanto objetiva como subjetivamente. Podemos entender por cultura el saber que permanece en el adolescente tras haber cursado sus estudios, pero tambi\u00e9n podemos entenderla como la forma de actuar, ser y entender.<\/span><\/li>\n<\/ul>\n<p style=\"text-align: justify\"><img decoding=\"async\" src=\"\/DOCUME%7E1\/ADMINI%7E1\/CONFIG%7E1\/Temp\/moz-screenshot.png\" alt=\"\" \/><\/p>\n","protected":false},"excerpt":{"rendered":"<p>se puede decir que aquellos ni\u00f1os llamados futuro de la patria hoy son jovenes del presente y que\u00a0 se prepara para el futuro para el\u00a0 desarrollo de un\u00a0 pa\u00eds.\u00a0 Muchos dicen, que la juventud debe actuar en el presente para cambiar el futuro en base de esfuerzo\u00a0 y\u00a0 lucha\u00a0 . Tambi\u00e9n hay que ser claro [&hellip;]<\/p>\n","protected":false},"author":3985,"featured_media":0,"parent":0,"menu_order":0,"comment_status":"open","ping_status":"open","template":"","meta":{"footnotes":""},"class_list":["post-29","page","type-page","status-publish","hentry"],"_links":{"self":[{"href":"https:\/\/blog.espol.edu.ec\/dgchoez\/wp-json\/wp\/v2\/pages\/29","targetHints":{"allow":["GET"]}}],"collection":[{"href":"https:\/\/blog.espol.edu.ec\/dgchoez\/wp-json\/wp\/v2\/pages"}],"about":[{"href":"https:\/\/blog.espol.edu.ec\/dgchoez\/wp-json\/wp\/v2\/types\/page"}],"author":[{"embeddable":true,"href":"https:\/\/blog.espol.edu.ec\/dgchoez\/wp-json\/wp\/v2\/users\/3985"}],"replies":[{"embeddable":true,"href":"https:\/\/blog.espol.edu.ec\/dgchoez\/wp-json\/wp\/v2\/comments?post=29"}],"version-history":[{"count":21,"href":"https:\/\/blog.espol.edu.ec\/dgchoez\/wp-json\/wp\/v2\/pages\/29\/revisions"}],"predecessor-version":[{"id":31,"href":"https:\/\/blog.espol.edu.ec\/dgchoez\/wp-json\/wp\/v2\/pages\/29\/revisions\/31"}],"wp:attachment":[{"href":"https:\/\/blog.espol.edu.ec\/dgchoez\/wp-json\/wp\/v2\/media?parent=29"}],"curies":[{"name":"wp","href":"https:\/\/api.w.org\/{rel}","templated":true}]}}